{"id":3387,"date":"2019-01-22T01:12:00","date_gmt":"2019-01-22T03:12:00","guid":{"rendered":"https:\/\/www.toursbahia.com.br\/\/produto\/unkategorisiert\/chapada-diamantina-destino\/"},"modified":"2025-05-31T14:09:11","modified_gmt":"2025-05-31T17:09:11","slug":"chapada-diamantina-reiseziele","status":"publish","type":"product","link":"https:\/\/www.toursbahia.com.br\/de\/loja\/reiseziele\/chapada-diamantina-reiseziele\/","title":{"rendered":"Chapada Diamantina &#8211; Reiseziele"},"content":{"rendered":"","protected":false},"excerpt":{"rendered":"<p>Die schroffe Canyon-Landschaft der Chapada Diamantina ist eines der beliebtesten Reiseziele des Bundesstaates. In luftiger H\u00f6he f\u00fchren Wanderwege \u00fcber Millionen Jahre alten Meeresboden zu steilen Klippen mit Ausblicken auf rauschende Wasserf\u00e4lle. Nat\u00fcrliche Schwimmbecken in der N\u00e4he des St\u00e4dtchens Lencois laden zum Baden ein. Die H\u00f6hlen und Fl\u00fcsse, B\u00e4che und Felsen, Kakteen und Bromelien bilden eine Landschaft, die jeden Besucher den Alltag vergessen l\u00e4sst.<\/p>\n","protected":false},"featured_media":2675,"comment_status":"open","ping_status":"closed","template":"","meta":[],"product_cat":[656,658],"product_tag":[],"yoast_head":"<!-- This site is optimized with the Yoast SEO plugin v19.3 - https:\/\/yoast.com\/wordpress\/plugins\/seo\/ -->\n<title>Chapada Diamantina - Reiseziele - Tours Bahia<\/title>\n<meta name=\"robots\" content=\"index, follow, max-snippet:-1, max-image-preview:large, max-video-preview:-1\" \/>\n<link rel=\"canonical\" href=\"https:\/\/www.toursbahia.com.br\/de\/loja\/reiseziele\/chapada-diamantina-reiseziele\/\" \/>\n<meta property=\"og:locale\" content=\"de_DE\" \/>\n<meta property=\"og:type\" content=\"article\" \/>\n<meta property=\"og:title\" content=\"Chapada Diamantina - Reiseziele - Tours Bahia\" \/>\n<meta property=\"og:description\" content=\"Die schroffe Canyon-Landschaft der Chapada Diamantina ist eines der beliebtesten Reiseziele des Bundesstaates. In luftiger H\u00f6he f\u00fchren Wanderwege \u00fcber Millionen Jahre alten Meeresboden zu steilen Klippen mit Ausblicken auf rauschende Wasserf\u00e4lle. Nat\u00fcrliche Schwimmbecken in der N\u00e4he des St\u00e4dtchens Lencois laden zum Baden ein. Die H\u00f6hlen und Fl\u00fcsse, B\u00e4che und Felsen, Kakteen und Bromelien bilden eine Landschaft, die jeden Besucher den Alltag vergessen l\u00e4sst.\" \/>\n<meta property=\"og:url\" content=\"https:\/\/www.toursbahia.com.br\/de\/loja\/reiseziele\/chapada-diamantina-reiseziele\/\" \/>\n<meta property=\"og:site_name\" content=\"Tours Bahia\" \/>\n<meta property=\"article:publisher\" content=\"https:\/\/www.facebook.com\/toursbahiainternational\" \/>\n<meta property=\"article:modified_time\" content=\"2025-05-31T17:09:11+00:00\" \/>\n<meta property=\"og:image\" content=\"https:\/\/www.toursbahia.com.br\/wp-content\/uploads\/2018\/12\/Chapada-Diamantina-Foto-01.jpg\" \/>\n\t<meta property=\"og:image:width\" content=\"900\" \/>\n\t<meta property=\"og:image:height\" content=\"550\" \/>\n\t<meta property=\"og:image:type\" content=\"image\/jpeg\" \/>\n<meta name=\"twitter:card\" content=\"summary_large_image\" \/>\n<script type=\"application\/ld+json\" class=\"yoast-schema-graph\">{\"@context\":\"https:\/\/schema.org\",\"@graph\":[{\"@type\":\"WebSite\",\"@id\":\"https:\/\/www.toursbahia.com.br\/#website\",\"url\":\"https:\/\/www.toursbahia.com.br\/\",\"name\":\"Tours Bahia\",\"description\":\"\",\"potentialAction\":[{\"@type\":\"SearchAction\",\"target\":{\"@type\":\"EntryPoint\",\"urlTemplate\":\"https:\/\/www.toursbahia.com.br\/?s={search_term_string}\"},\"query-input\":\"required name=search_term_string\"}],\"inLanguage\":\"de-DE\"},{\"@type\":\"ImageObject\",\"inLanguage\":\"de-DE\",\"@id\":\"https:\/\/www.toursbahia.com.br\/de\/loja\/reiseziele\/chapada-diamantina-reiseziele\/#primaryimage\",\"url\":\"https:\/\/www.toursbahia.com.br\/wp-content\/uploads\/2018\/12\/Chapada-Diamantina-Foto-01.jpg\",\"contentUrl\":\"https:\/\/www.toursbahia.com.br\/wp-content\/uploads\/2018\/12\/Chapada-Diamantina-Foto-01.jpg\",\"width\":900,\"height\":550},{\"@type\":\"WebPage\",\"@id\":\"https:\/\/www.toursbahia.com.br\/de\/loja\/reiseziele\/chapada-diamantina-reiseziele\/\",\"url\":\"https:\/\/www.toursbahia.com.br\/de\/loja\/reiseziele\/chapada-diamantina-reiseziele\/\",\"name\":\"Chapada Diamantina - Reiseziele - Tours Bahia\",\"isPartOf\":{\"@id\":\"https:\/\/www.toursbahia.com.br\/#website\"},\"primaryImageOfPage\":{\"@id\":\"https:\/\/www.toursbahia.com.br\/de\/loja\/reiseziele\/chapada-diamantina-reiseziele\/#primaryimage\"},\"datePublished\":\"2019-01-22T03:12:00+00:00\",\"dateModified\":\"2025-05-31T17:09:11+00:00\",\"breadcrumb\":{\"@id\":\"https:\/\/www.toursbahia.com.br\/de\/loja\/reiseziele\/chapada-diamantina-reiseziele\/#breadcrumb\"},\"inLanguage\":\"de-DE\",\"potentialAction\":[{\"@type\":\"ReadAction\",\"target\":[\"https:\/\/www.toursbahia.com.br\/de\/loja\/reiseziele\/chapada-diamantina-reiseziele\/\"]}]},{\"@type\":\"BreadcrumbList\",\"@id\":\"https:\/\/www.toursbahia.com.br\/de\/loja\/reiseziele\/chapada-diamantina-reiseziele\/#breadcrumb\",\"itemListElement\":[{\"@type\":\"ListItem\",\"position\":1,\"name\":\"In\u00edcio\",\"item\":\"https:\/\/www.toursbahia.com.br\/de\/\"},{\"@type\":\"ListItem\",\"position\":2,\"name\":\"Store\",\"item\":\"https:\/\/www.toursbahia.com.br\/de\/store-tours-bahia-internacional\/\"},{\"@type\":\"ListItem\",\"position\":3,\"name\":\"Chapada Diamantina &#8211; Reiseziele\"}]}]}<\/script>\n<!-- \/ Yoast SEO plugin. -->","yoast_head_json":{"title":"Chapada Diamantina - Reiseziele - Tours Bahia","robots":{"index":"index","follow":"follow","max-snippet":"max-snippet:-1","max-image-preview":"max-image-preview:large","max-video-preview":"max-video-preview:-1"},"canonical":"https:\/\/www.toursbahia.com.br\/de\/loja\/reiseziele\/chapada-diamantina-reiseziele\/","og_locale":"de_DE","og_type":"article","og_title":"Chapada Diamantina - Reiseziele - Tours Bahia","og_description":"Die schroffe Canyon-Landschaft der Chapada Diamantina ist eines der beliebtesten Reiseziele des Bundesstaates. In luftiger H\u00f6he f\u00fchren Wanderwege \u00fcber Millionen Jahre alten Meeresboden zu steilen Klippen mit Ausblicken auf rauschende Wasserf\u00e4lle. Nat\u00fcrliche Schwimmbecken in der N\u00e4he des St\u00e4dtchens Lencois laden zum Baden ein. Die H\u00f6hlen und Fl\u00fcsse, B\u00e4che und Felsen, Kakteen und Bromelien bilden eine Landschaft, die jeden Besucher den Alltag vergessen l\u00e4sst.","og_url":"https:\/\/www.toursbahia.com.br\/de\/loja\/reiseziele\/chapada-diamantina-reiseziele\/","og_site_name":"Tours Bahia","article_publisher":"https:\/\/www.facebook.com\/toursbahiainternational","article_modified_time":"2025-05-31T17:09:11+00:00","og_image":[{"width":900,"height":550,"url":"https:\/\/www.toursbahia.com.br\/wp-content\/uploads\/2018\/12\/Chapada-Diamantina-Foto-01.jpg","type":"image\/jpeg"}],"twitter_card":"summary_large_image","schema":{"@context":"https:\/\/schema.org","@graph":[{"@type":"WebSite","@id":"https:\/\/www.toursbahia.com.br\/#website","url":"https:\/\/www.toursbahia.com.br\/","name":"Tours Bahia","description":"","potentialAction":[{"@type":"SearchAction","target":{"@type":"EntryPoint","urlTemplate":"https:\/\/www.toursbahia.com.br\/?s={search_term_string}"},"query-input":"required name=search_term_string"}],"inLanguage":"de-DE"},{"@type":"ImageObject","inLanguage":"de-DE","@id":"https:\/\/www.toursbahia.com.br\/de\/loja\/reiseziele\/chapada-diamantina-reiseziele\/#primaryimage","url":"https:\/\/www.toursbahia.com.br\/wp-content\/uploads\/2018\/12\/Chapada-Diamantina-Foto-01.jpg","contentUrl":"https:\/\/www.toursbahia.com.br\/wp-content\/uploads\/2018\/12\/Chapada-Diamantina-Foto-01.jpg","width":900,"height":550},{"@type":"WebPage","@id":"https:\/\/www.toursbahia.com.br\/de\/loja\/reiseziele\/chapada-diamantina-reiseziele\/","url":"https:\/\/www.toursbahia.com.br\/de\/loja\/reiseziele\/chapada-diamantina-reiseziele\/","name":"Chapada Diamantina - Reiseziele - Tours Bahia","isPartOf":{"@id":"https:\/\/www.toursbahia.com.br\/#website"},"primaryImageOfPage":{"@id":"https:\/\/www.toursbahia.com.br\/de\/loja\/reiseziele\/chapada-diamantina-reiseziele\/#primaryimage"},"datePublished":"2019-01-22T03:12:00+00:00","dateModified":"2025-05-31T17:09:11+00:00","breadcrumb":{"@id":"https:\/\/www.toursbahia.com.br\/de\/loja\/reiseziele\/chapada-diamantina-reiseziele\/#breadcrumb"},"inLanguage":"de-DE","potentialAction":[{"@type":"ReadAction","target":["https:\/\/www.toursbahia.com.br\/de\/loja\/reiseziele\/chapada-diamantina-reiseziele\/"]}]},{"@type":"BreadcrumbList","@id":"https:\/\/www.toursbahia.com.br\/de\/loja\/reiseziele\/chapada-diamantina-reiseziele\/#breadcrumb","itemListElement":[{"@type":"ListItem","position":1,"name":"In\u00edcio","item":"https:\/\/www.toursbahia.com.br\/de\/"},{"@type":"ListItem","position":2,"name":"Store","item":"https:\/\/www.toursbahia.com.br\/de\/store-tours-bahia-internacional\/"},{"@type":"ListItem","position":3,"name":"Chapada Diamantina &#8211; Reiseziele"}]}]}},"_links":{"self":[{"href":"https:\/\/www.toursbahia.com.br\/de\/wp-json\/wp\/v2\/product\/3387"}],"collection":[{"href":"https:\/\/www.toursbahia.com.br\/de\/wp-json\/wp\/v2\/product"}],"about":[{"href":"https:\/\/www.toursbahia.com.br\/de\/wp-json\/wp\/v2\/types\/product"}],"replies":[{"embeddable":true,"href":"https:\/\/www.toursbahia.com.br\/de\/wp-json\/wp\/v2\/comments?post=3387"}],"wp:featuredmedia":[{"embeddable":true,"href":"https:\/\/www.toursbahia.com.br\/de\/wp-json\/wp\/v2\/media\/2675"}],"wp:attachment":[{"href":"https:\/\/www.toursbahia.com.br\/de\/wp-json\/wp\/v2\/media?parent=3387"}],"wp:term":[{"taxonomy":"product_cat","embeddable":true,"href":"https:\/\/www.toursbahia.com.br\/de\/wp-json\/wp\/v2\/product_cat?post=3387"},{"taxonomy":"product_tag","embeddable":true,"href":"https:\/\/www.toursbahia.com.br\/de\/wp-json\/wp\/v2\/product_tag?post=3387"}],"curies":[{"name":"wp","href":"https:\/\/api.w.org\/{rel}","templated":true}]}}