{"id":3389,"date":"2019-01-18T21:50:48","date_gmt":"2019-01-18T23:50:48","guid":{"rendered":"https:\/\/www.toursbahia.com.br\/\/produto\/unkategorisiert\/abrolhos-destino\/"},"modified":"2019-02-05T20:40:56","modified_gmt":"2019-02-05T22:40:56","slug":"abrolhos-reiseziele","status":"publish","type":"product","link":"https:\/\/www.toursbahia.com.br\/de\/loja\/reiseziele\/abrolhos-reiseziele\/","title":{"rendered":"Abrolhos &#8211; Reiseziele"},"content":{"rendered":"","protected":false},"excerpt":{"rendered":"<p>Im S\u00fcden von Bahia und rund 70 km von der K\u00fcste entfernt, befindet sich der Meeresnationalpark von Abrolhos, der zu den besten Tauchgebieten der Welt z\u00e4hlt. Kristallklares Wasser und verschiedene Arten von Korallen bilden eine einzigartige und erstaunliche Unterwasserwelt.<\/p>\n<p>Der Park besteht aus f\u00fcnf Inseln: Santa Barbara, Sueste, Redonda, Siriba und Guarita \u2013 neben dem Parcel de Abrolhos und den Timbebas-Riffen. Besucher k\u00f6nnen nur auf der Insel Siriba an Land gehen, ausschliesslich in Begleitung von Parkw\u00e4chtern des IBAMA (Braslilianisches Umweltinstitut). In den nat\u00fcrlichen Schwimmbecken ist es m\u00f6glich, inmitten von Schildkr\u00f6ten, Barrakudas, Mur\u00e4nen, Barschen, Seepferden und vielen anderen Fischarten zu schwimmen. In den Monaten Juli bis Oktober sind Buckelwale die Attraktion dieser Region. Sie pr\u00e4sentieren eine \u201cShow \u201cmit Spr\u00fcngen und Pirouetten, die das Publikum begeistert zur\u00fcckl\u00e4sst. Wer Abrolhos besichtigen m\u00f6chte, nimmt an einem der ganzt\u00e4gigen Bootsausfl\u00fcge teil, die von der Stadt Caravelas, dem Tor zum Nationalpark, losfahren. F\u00fcr die Hochsaison ist es ratsam, Unterk\u00fcnfte und Dienstleistungen fr\u00fchzeitig zu buchen. Sicherlich wird dies eine einzigartige und unvergessliche Reise.<\/p>\n","protected":false},"featured_media":1932,"comment_status":"open","ping_status":"closed","template":"","meta":[],"product_cat":[656,657],"product_tag":[],"yoast_head":"<!-- This site is optimized with the Yoast SEO plugin v19.3 - https:\/\/yoast.com\/wordpress\/plugins\/seo\/ -->\n<title>Abrolhos - Reiseziele - Tours Bahia<\/title>\n<meta name=\"robots\" content=\"index, follow, max-snippet:-1, max-image-preview:large, max-video-preview:-1\" \/>\n<link rel=\"canonical\" href=\"https:\/\/www.toursbahia.com.br\/de\/loja\/reiseziele\/abrolhos-reiseziele\/\" \/>\n<meta property=\"og:locale\" content=\"de_DE\" \/>\n<meta property=\"og:type\" content=\"article\" \/>\n<meta property=\"og:title\" content=\"Abrolhos - Reiseziele - Tours Bahia\" \/>\n<meta property=\"og:description\" content=\"Im S\u00fcden von Bahia und rund 70 km von der K\u00fcste entfernt, befindet sich der Meeresnationalpark von Abrolhos, der zu den besten Tauchgebieten der Welt z\u00e4hlt. Kristallklares Wasser und verschiedene Arten von Korallen bilden eine einzigartige und erstaunliche Unterwasserwelt.  Der Park besteht aus f\u00fcnf Inseln: Santa Barbara, Sueste, Redonda, Siriba und Guarita \u2013 neben dem Parcel de Abrolhos und den Timbebas-Riffen. Besucher k\u00f6nnen nur auf der Insel Siriba an Land gehen, ausschliesslich in Begleitung von Parkw\u00e4chtern des IBAMA (Braslilianisches Umweltinstitut). In den nat\u00fcrlichen Schwimmbecken ist es m\u00f6glich, inmitten von Schildkr\u00f6ten, Barrakudas, Mur\u00e4nen, Barschen, Seepferden und vielen anderen Fischarten zu schwimmen. In den Monaten Juli bis Oktober sind Buckelwale die Attraktion dieser Region. Sie pr\u00e4sentieren eine \u201cShow \u201cmit Spr\u00fcngen und Pirouetten, die das Publikum begeistert zur\u00fcckl\u00e4sst. Wer Abrolhos besichtigen m\u00f6chte, nimmt an einem der ganzt\u00e4gigen Bootsausfl\u00fcge teil, die von der Stadt Caravelas, dem Tor zum Nationalpark, losfahren. F\u00fcr die Hochsaison ist es ratsam, Unterk\u00fcnfte und Dienstleistungen fr\u00fchzeitig zu buchen. Sicherlich wird dies eine einzigartige und unvergessliche Reise.\" \/>\n<meta property=\"og:url\" content=\"https:\/\/www.toursbahia.com.br\/de\/loja\/reiseziele\/abrolhos-reiseziele\/\" \/>\n<meta property=\"og:site_name\" content=\"Tours Bahia\" \/>\n<meta property=\"article:publisher\" content=\"https:\/\/www.facebook.com\/toursbahiainternational\" \/>\n<meta property=\"article:modified_time\" content=\"2019-02-05T22:40:56+00:00\" \/>\n<meta property=\"og:image\" content=\"https:\/\/www.toursbahia.com.br\/wp-content\/uploads\/2019\/01\/Abrolhos-Foto-05.jpg\" \/>\n\t<meta property=\"og:image:width\" content=\"900\" \/>\n\t<meta property=\"og:image:height\" content=\"550\" \/>\n\t<meta property=\"og:image:type\" content=\"image\/jpeg\" \/>\n<meta name=\"twitter:card\" content=\"summary_large_image\" \/>\n<script type=\"application\/ld+json\" class=\"yoast-schema-graph\">{\"@context\":\"https:\/\/schema.org\",\"@graph\":[{\"@type\":\"WebSite\",\"@id\":\"https:\/\/www.toursbahia.com.br\/#website\",\"url\":\"https:\/\/www.toursbahia.com.br\/\",\"name\":\"Tours Bahia\",\"description\":\"\",\"potentialAction\":[{\"@type\":\"SearchAction\",\"target\":{\"@type\":\"EntryPoint\",\"urlTemplate\":\"https:\/\/www.toursbahia.com.br\/?s={search_term_string}\"},\"query-input\":\"required name=search_term_string\"}],\"inLanguage\":\"de-DE\"},{\"@type\":\"ImageObject\",\"inLanguage\":\"de-DE\",\"@id\":\"https:\/\/www.toursbahia.com.br\/de\/loja\/reiseziele\/abrolhos-reiseziele\/#primaryimage\",\"url\":\"https:\/\/www.toursbahia.com.br\/wp-content\/uploads\/2019\/01\/Abrolhos-Foto-05.jpg\",\"contentUrl\":\"https:\/\/www.toursbahia.com.br\/wp-content\/uploads\/2019\/01\/Abrolhos-Foto-05.jpg\",\"width\":900,\"height\":550},{\"@type\":\"WebPage\",\"@id\":\"https:\/\/www.toursbahia.com.br\/de\/loja\/reiseziele\/abrolhos-reiseziele\/\",\"url\":\"https:\/\/www.toursbahia.com.br\/de\/loja\/reiseziele\/abrolhos-reiseziele\/\",\"name\":\"Abrolhos - Reiseziele - Tours Bahia\",\"isPartOf\":{\"@id\":\"https:\/\/www.toursbahia.com.br\/#website\"},\"primaryImageOfPage\":{\"@id\":\"https:\/\/www.toursbahia.com.br\/de\/loja\/reiseziele\/abrolhos-reiseziele\/#primaryimage\"},\"datePublished\":\"2019-01-18T23:50:48+00:00\",\"dateModified\":\"2019-02-05T22:40:56+00:00\",\"breadcrumb\":{\"@id\":\"https:\/\/www.toursbahia.com.br\/de\/loja\/reiseziele\/abrolhos-reiseziele\/#breadcrumb\"},\"inLanguage\":\"de-DE\",\"potentialAction\":[{\"@type\":\"ReadAction\",\"target\":[\"https:\/\/www.toursbahia.com.br\/de\/loja\/reiseziele\/abrolhos-reiseziele\/\"]}]},{\"@type\":\"BreadcrumbList\",\"@id\":\"https:\/\/www.toursbahia.com.br\/de\/loja\/reiseziele\/abrolhos-reiseziele\/#breadcrumb\",\"itemListElement\":[{\"@type\":\"ListItem\",\"position\":1,\"name\":\"In\u00edcio\",\"item\":\"https:\/\/www.toursbahia.com.br\/de\/\"},{\"@type\":\"ListItem\",\"position\":2,\"name\":\"Store\",\"item\":\"https:\/\/www.toursbahia.com.br\/de\/store-tours-bahia-internacional\/\"},{\"@type\":\"ListItem\",\"position\":3,\"name\":\"Abrolhos &#8211; Reiseziele\"}]}]}<\/script>\n<!-- \/ Yoast SEO plugin. -->","yoast_head_json":{"title":"Abrolhos - Reiseziele - Tours Bahia","robots":{"index":"index","follow":"follow","max-snippet":"max-snippet:-1","max-image-preview":"max-image-preview:large","max-video-preview":"max-video-preview:-1"},"canonical":"https:\/\/www.toursbahia.com.br\/de\/loja\/reiseziele\/abrolhos-reiseziele\/","og_locale":"de_DE","og_type":"article","og_title":"Abrolhos - Reiseziele - Tours Bahia","og_description":"Im S\u00fcden von Bahia und rund 70 km von der K\u00fcste entfernt, befindet sich der Meeresnationalpark von Abrolhos, der zu den besten Tauchgebieten der Welt z\u00e4hlt. Kristallklares Wasser und verschiedene Arten von Korallen bilden eine einzigartige und erstaunliche Unterwasserwelt.  Der Park besteht aus f\u00fcnf Inseln: Santa Barbara, Sueste, Redonda, Siriba und Guarita \u2013 neben dem Parcel de Abrolhos und den Timbebas-Riffen. Besucher k\u00f6nnen nur auf der Insel Siriba an Land gehen, ausschliesslich in Begleitung von Parkw\u00e4chtern des IBAMA (Braslilianisches Umweltinstitut). In den nat\u00fcrlichen Schwimmbecken ist es m\u00f6glich, inmitten von Schildkr\u00f6ten, Barrakudas, Mur\u00e4nen, Barschen, Seepferden und vielen anderen Fischarten zu schwimmen. In den Monaten Juli bis Oktober sind Buckelwale die Attraktion dieser Region. Sie pr\u00e4sentieren eine \u201cShow \u201cmit Spr\u00fcngen und Pirouetten, die das Publikum begeistert zur\u00fcckl\u00e4sst. Wer Abrolhos besichtigen m\u00f6chte, nimmt an einem der ganzt\u00e4gigen Bootsausfl\u00fcge teil, die von der Stadt Caravelas, dem Tor zum Nationalpark, losfahren. F\u00fcr die Hochsaison ist es ratsam, Unterk\u00fcnfte und Dienstleistungen fr\u00fchzeitig zu buchen. Sicherlich wird dies eine einzigartige und unvergessliche Reise.","og_url":"https:\/\/www.toursbahia.com.br\/de\/loja\/reiseziele\/abrolhos-reiseziele\/","og_site_name":"Tours Bahia","article_publisher":"https:\/\/www.facebook.com\/toursbahiainternational","article_modified_time":"2019-02-05T22:40:56+00:00","og_image":[{"width":900,"height":550,"url":"https:\/\/www.toursbahia.com.br\/wp-content\/uploads\/2019\/01\/Abrolhos-Foto-05.jpg","type":"image\/jpeg"}],"twitter_card":"summary_large_image","schema":{"@context":"https:\/\/schema.org","@graph":[{"@type":"WebSite","@id":"https:\/\/www.toursbahia.com.br\/#website","url":"https:\/\/www.toursbahia.com.br\/","name":"Tours Bahia","description":"","potentialAction":[{"@type":"SearchAction","target":{"@type":"EntryPoint","urlTemplate":"https:\/\/www.toursbahia.com.br\/?s={search_term_string}"},"query-input":"required name=search_term_string"}],"inLanguage":"de-DE"},{"@type":"ImageObject","inLanguage":"de-DE","@id":"https:\/\/www.toursbahia.com.br\/de\/loja\/reiseziele\/abrolhos-reiseziele\/#primaryimage","url":"https:\/\/www.toursbahia.com.br\/wp-content\/uploads\/2019\/01\/Abrolhos-Foto-05.jpg","contentUrl":"https:\/\/www.toursbahia.com.br\/wp-content\/uploads\/2019\/01\/Abrolhos-Foto-05.jpg","width":900,"height":550},{"@type":"WebPage","@id":"https:\/\/www.toursbahia.com.br\/de\/loja\/reiseziele\/abrolhos-reiseziele\/","url":"https:\/\/www.toursbahia.com.br\/de\/loja\/reiseziele\/abrolhos-reiseziele\/","name":"Abrolhos - Reiseziele - Tours Bahia","isPartOf":{"@id":"https:\/\/www.toursbahia.com.br\/#website"},"primaryImageOfPage":{"@id":"https:\/\/www.toursbahia.com.br\/de\/loja\/reiseziele\/abrolhos-reiseziele\/#primaryimage"},"datePublished":"2019-01-18T23:50:48+00:00","dateModified":"2019-02-05T22:40:56+00:00","breadcrumb":{"@id":"https:\/\/www.toursbahia.com.br\/de\/loja\/reiseziele\/abrolhos-reiseziele\/#breadcrumb"},"inLanguage":"de-DE","potentialAction":[{"@type":"ReadAction","target":["https:\/\/www.toursbahia.com.br\/de\/loja\/reiseziele\/abrolhos-reiseziele\/"]}]},{"@type":"BreadcrumbList","@id":"https:\/\/www.toursbahia.com.br\/de\/loja\/reiseziele\/abrolhos-reiseziele\/#breadcrumb","itemListElement":[{"@type":"ListItem","position":1,"name":"In\u00edcio","item":"https:\/\/www.toursbahia.com.br\/de\/"},{"@type":"ListItem","position":2,"name":"Store","item":"https:\/\/www.toursbahia.com.br\/de\/store-tours-bahia-internacional\/"},{"@type":"ListItem","position":3,"name":"Abrolhos &#8211; Reiseziele"}]}]}},"_links":{"self":[{"href":"https:\/\/www.toursbahia.com.br\/de\/wp-json\/wp\/v2\/product\/3389"}],"collection":[{"href":"https:\/\/www.toursbahia.com.br\/de\/wp-json\/wp\/v2\/product"}],"about":[{"href":"https:\/\/www.toursbahia.com.br\/de\/wp-json\/wp\/v2\/types\/product"}],"replies":[{"embeddable":true,"href":"https:\/\/www.toursbahia.com.br\/de\/wp-json\/wp\/v2\/comments?post=3389"}],"wp:featuredmedia":[{"embeddable":true,"href":"https:\/\/www.toursbahia.com.br\/de\/wp-json\/wp\/v2\/media\/1932"}],"wp:attachment":[{"href":"https:\/\/www.toursbahia.com.br\/de\/wp-json\/wp\/v2\/media?parent=3389"}],"wp:term":[{"taxonomy":"product_cat","embeddable":true,"href":"https:\/\/www.toursbahia.com.br\/de\/wp-json\/wp\/v2\/product_cat?post=3389"},{"taxonomy":"product_tag","embeddable":true,"href":"https:\/\/www.toursbahia.com.br\/de\/wp-json\/wp\/v2\/product_tag?post=3389"}],"curies":[{"name":"wp","href":"https:\/\/api.w.org\/{rel}","templated":true}]}}