{"id":3393,"date":"2019-01-18T21:48:27","date_gmt":"2019-01-18T23:48:27","guid":{"rendered":"https:\/\/www.toursbahia.com.br\/\/produto\/unkategorisiert\/paulo-afonso-destino\/"},"modified":"2025-05-30T04:19:42","modified_gmt":"2025-05-30T07:19:42","slug":"paulo-afonso-reiseziele","status":"publish","type":"product","link":"https:\/\/www.toursbahia.com.br\/de\/loja\/reiseziele\/paulo-afonso-reiseziele\/","title":{"rendered":"Paulo Afonso &#8211; Reiseziele"},"content":{"rendered":"","protected":false},"excerpt":{"rendered":"<p>Die Stadt Paulo Afonos liegt am Fluss S\u00e3o Francisco und besitzt eine Serie an Wasserf\u00e4llen mit einer H\u00f6he bis zu 80 m, die das ortsans\u00e4ssige Wasserkraftwerk speisen. Was Touristen nach Paulo Afonso zieht, ist die faszinierende Landschaft und die Gelegenheit f\u00fcr Abenteuer-Tourismus. Das \u00f6kologische Reservat von Raso da Catarina, die Gebirgskette Serra do Umbuzeiro und die Schlucht von S\u00e3o Francisco sind die beliebtesten Orte f\u00fcr diese Abenteurer. Viele Wanderwege der Gegend wurden in der Vergangenheit vom Banditen Lampi\u00e3o und seiner R\u00e4uberbande benutzt. Einen Besuch wert ist das Haus, in dem Maria Bonita geboren wurde, die Ehefrau von Lampi\u00e3o, besser bekannt als K\u00f6nigin von Cangaceiro.<\/p>\n<p>An Bord eines Katamarans k\u00f6nnen Sie eine faszinierende Fahrt durch die Schluchten des Rio S\u00e3o Francisco unternehmen und dabei die ganze Pracht der farbenfrohen und rund 110 m hohen Granitw\u00e4nde bewundern. Die Region eignet sich auch sehr f\u00fcr Abseilen, Seilrutschen (Zipline, Tyrolienne) und andere Abenteuersportarten. Das lokalen Handwerk bewahrt als weitere Attraktion eine alte Tradition: die Kunst des Webens mit Hand-Webst\u00fchlen. Auf rustikalen Webst\u00fchlen produzieren ganze Familien Teppiche, Netze, Steppdecken, Kissen und vieles mehr.<\/p>\n","protected":false},"featured_media":3394,"comment_status":"open","ping_status":"closed","template":"","meta":[],"product_cat":[656,669],"product_tag":[],"yoast_head":"<!-- This site is optimized with the Yoast SEO plugin v19.3 - https:\/\/yoast.com\/wordpress\/plugins\/seo\/ -->\n<title>Paulo Afonso - Reiseziele - Tours Bahia<\/title>\n<meta name=\"robots\" content=\"index, follow, max-snippet:-1, max-image-preview:large, max-video-preview:-1\" \/>\n<link rel=\"canonical\" href=\"https:\/\/www.toursbahia.com.br\/de\/loja\/reiseziele\/paulo-afonso-reiseziele\/\" \/>\n<meta property=\"og:locale\" content=\"de_DE\" \/>\n<meta property=\"og:type\" content=\"article\" \/>\n<meta property=\"og:title\" content=\"Paulo Afonso - Reiseziele - Tours Bahia\" \/>\n<meta property=\"og:description\" content=\"Die Stadt Paulo Afonos liegt am Fluss S\u00e3o Francisco und besitzt eine Serie an Wasserf\u00e4llen mit einer H\u00f6he bis zu 80 m, die das ortsans\u00e4ssige Wasserkraftwerk speisen. Was Touristen nach Paulo Afonso zieht, ist die faszinierende Landschaft und die Gelegenheit f\u00fcr Abenteuer-Tourismus. Das \u00f6kologische Reservat von Raso da Catarina, die Gebirgskette Serra do Umbuzeiro und die Schlucht von S\u00e3o Francisco sind die beliebtesten Orte f\u00fcr diese Abenteurer. Viele Wanderwege der Gegend wurden in der Vergangenheit vom Banditen Lampi\u00e3o und seiner R\u00e4uberbande benutzt. Einen Besuch wert ist das Haus, in dem Maria Bonita geboren wurde, die Ehefrau von Lampi\u00e3o, besser bekannt als K\u00f6nigin von Cangaceiro.  An Bord eines Katamarans k\u00f6nnen Sie eine faszinierende Fahrt durch die Schluchten des Rio S\u00e3o Francisco unternehmen und dabei die ganze Pracht der farbenfrohen und rund 110 m hohen Granitw\u00e4nde bewundern. Die Region eignet sich auch sehr f\u00fcr Abseilen, Seilrutschen (Zipline, Tyrolienne) und andere Abenteuersportarten. Das lokalen Handwerk bewahrt als weitere Attraktion eine alte Tradition: die Kunst des Webens mit Hand-Webst\u00fchlen. Auf rustikalen Webst\u00fchlen produzieren ganze Familien Teppiche, Netze, Steppdecken, Kissen und vieles mehr.\" \/>\n<meta property=\"og:url\" content=\"https:\/\/www.toursbahia.com.br\/de\/loja\/reiseziele\/paulo-afonso-reiseziele\/\" \/>\n<meta property=\"og:site_name\" content=\"Tours Bahia\" \/>\n<meta property=\"article:publisher\" content=\"https:\/\/www.facebook.com\/toursbahiainternational\" \/>\n<meta property=\"article:modified_time\" content=\"2025-05-30T07:19:42+00:00\" \/>\n<meta property=\"og:image\" content=\"https:\/\/www.toursbahia.com.br\/wp-content\/uploads\/2019\/01\/Paulo-Afonso-Foto-04.jpg\" \/>\n\t<meta property=\"og:image:width\" content=\"900\" \/>\n\t<meta property=\"og:image:height\" content=\"550\" \/>\n\t<meta property=\"og:image:type\" content=\"image\/jpeg\" \/>\n<meta name=\"twitter:card\" content=\"summary_large_image\" \/>\n<script type=\"application\/ld+json\" class=\"yoast-schema-graph\">{\"@context\":\"https:\/\/schema.org\",\"@graph\":[{\"@type\":\"WebSite\",\"@id\":\"https:\/\/www.toursbahia.com.br\/#website\",\"url\":\"https:\/\/www.toursbahia.com.br\/\",\"name\":\"Tours Bahia\",\"description\":\"\",\"potentialAction\":[{\"@type\":\"SearchAction\",\"target\":{\"@type\":\"EntryPoint\",\"urlTemplate\":\"https:\/\/www.toursbahia.com.br\/?s={search_term_string}\"},\"query-input\":\"required name=search_term_string\"}],\"inLanguage\":\"de-DE\"},{\"@type\":\"ImageObject\",\"inLanguage\":\"de-DE\",\"@id\":\"https:\/\/www.toursbahia.com.br\/de\/loja\/reiseziele\/paulo-afonso-reiseziele\/#primaryimage\",\"url\":\"https:\/\/www.toursbahia.com.br\/wp-content\/uploads\/2019\/01\/Paulo-Afonso-Foto-04.jpg\",\"contentUrl\":\"https:\/\/www.toursbahia.com.br\/wp-content\/uploads\/2019\/01\/Paulo-Afonso-Foto-04.jpg\",\"width\":900,\"height\":550},{\"@type\":\"WebPage\",\"@id\":\"https:\/\/www.toursbahia.com.br\/de\/loja\/reiseziele\/paulo-afonso-reiseziele\/\",\"url\":\"https:\/\/www.toursbahia.com.br\/de\/loja\/reiseziele\/paulo-afonso-reiseziele\/\",\"name\":\"Paulo Afonso - Reiseziele - Tours Bahia\",\"isPartOf\":{\"@id\":\"https:\/\/www.toursbahia.com.br\/#website\"},\"primaryImageOfPage\":{\"@id\":\"https:\/\/www.toursbahia.com.br\/de\/loja\/reiseziele\/paulo-afonso-reiseziele\/#primaryimage\"},\"datePublished\":\"2019-01-18T23:48:27+00:00\",\"dateModified\":\"2025-05-30T07:19:42+00:00\",\"breadcrumb\":{\"@id\":\"https:\/\/www.toursbahia.com.br\/de\/loja\/reiseziele\/paulo-afonso-reiseziele\/#breadcrumb\"},\"inLanguage\":\"de-DE\",\"potentialAction\":[{\"@type\":\"ReadAction\",\"target\":[\"https:\/\/www.toursbahia.com.br\/de\/loja\/reiseziele\/paulo-afonso-reiseziele\/\"]}]},{\"@type\":\"BreadcrumbList\",\"@id\":\"https:\/\/www.toursbahia.com.br\/de\/loja\/reiseziele\/paulo-afonso-reiseziele\/#breadcrumb\",\"itemListElement\":[{\"@type\":\"ListItem\",\"position\":1,\"name\":\"In\u00edcio\",\"item\":\"https:\/\/www.toursbahia.com.br\/de\/\"},{\"@type\":\"ListItem\",\"position\":2,\"name\":\"Store\",\"item\":\"https:\/\/www.toursbahia.com.br\/de\/store-tours-bahia-internacional\/\"},{\"@type\":\"ListItem\",\"position\":3,\"name\":\"Paulo Afonso &#8211; Reiseziele\"}]}]}<\/script>\n<!-- \/ Yoast SEO plugin. -->","yoast_head_json":{"title":"Paulo Afonso - Reiseziele - Tours Bahia","robots":{"index":"index","follow":"follow","max-snippet":"max-snippet:-1","max-image-preview":"max-image-preview:large","max-video-preview":"max-video-preview:-1"},"canonical":"https:\/\/www.toursbahia.com.br\/de\/loja\/reiseziele\/paulo-afonso-reiseziele\/","og_locale":"de_DE","og_type":"article","og_title":"Paulo Afonso - Reiseziele - Tours Bahia","og_description":"Die Stadt Paulo Afonos liegt am Fluss S\u00e3o Francisco und besitzt eine Serie an Wasserf\u00e4llen mit einer H\u00f6he bis zu 80 m, die das ortsans\u00e4ssige Wasserkraftwerk speisen. Was Touristen nach Paulo Afonso zieht, ist die faszinierende Landschaft und die Gelegenheit f\u00fcr Abenteuer-Tourismus. Das \u00f6kologische Reservat von Raso da Catarina, die Gebirgskette Serra do Umbuzeiro und die Schlucht von S\u00e3o Francisco sind die beliebtesten Orte f\u00fcr diese Abenteurer. Viele Wanderwege der Gegend wurden in der Vergangenheit vom Banditen Lampi\u00e3o und seiner R\u00e4uberbande benutzt. Einen Besuch wert ist das Haus, in dem Maria Bonita geboren wurde, die Ehefrau von Lampi\u00e3o, besser bekannt als K\u00f6nigin von Cangaceiro.  An Bord eines Katamarans k\u00f6nnen Sie eine faszinierende Fahrt durch die Schluchten des Rio S\u00e3o Francisco unternehmen und dabei die ganze Pracht der farbenfrohen und rund 110 m hohen Granitw\u00e4nde bewundern. Die Region eignet sich auch sehr f\u00fcr Abseilen, Seilrutschen (Zipline, Tyrolienne) und andere Abenteuersportarten. Das lokalen Handwerk bewahrt als weitere Attraktion eine alte Tradition: die Kunst des Webens mit Hand-Webst\u00fchlen. Auf rustikalen Webst\u00fchlen produzieren ganze Familien Teppiche, Netze, Steppdecken, Kissen und vieles mehr.","og_url":"https:\/\/www.toursbahia.com.br\/de\/loja\/reiseziele\/paulo-afonso-reiseziele\/","og_site_name":"Tours Bahia","article_publisher":"https:\/\/www.facebook.com\/toursbahiainternational","article_modified_time":"2025-05-30T07:19:42+00:00","og_image":[{"width":900,"height":550,"url":"https:\/\/www.toursbahia.com.br\/wp-content\/uploads\/2019\/01\/Paulo-Afonso-Foto-04.jpg","type":"image\/jpeg"}],"twitter_card":"summary_large_image","schema":{"@context":"https:\/\/schema.org","@graph":[{"@type":"WebSite","@id":"https:\/\/www.toursbahia.com.br\/#website","url":"https:\/\/www.toursbahia.com.br\/","name":"Tours Bahia","description":"","potentialAction":[{"@type":"SearchAction","target":{"@type":"EntryPoint","urlTemplate":"https:\/\/www.toursbahia.com.br\/?s={search_term_string}"},"query-input":"required name=search_term_string"}],"inLanguage":"de-DE"},{"@type":"ImageObject","inLanguage":"de-DE","@id":"https:\/\/www.toursbahia.com.br\/de\/loja\/reiseziele\/paulo-afonso-reiseziele\/#primaryimage","url":"https:\/\/www.toursbahia.com.br\/wp-content\/uploads\/2019\/01\/Paulo-Afonso-Foto-04.jpg","contentUrl":"https:\/\/www.toursbahia.com.br\/wp-content\/uploads\/2019\/01\/Paulo-Afonso-Foto-04.jpg","width":900,"height":550},{"@type":"WebPage","@id":"https:\/\/www.toursbahia.com.br\/de\/loja\/reiseziele\/paulo-afonso-reiseziele\/","url":"https:\/\/www.toursbahia.com.br\/de\/loja\/reiseziele\/paulo-afonso-reiseziele\/","name":"Paulo Afonso - Reiseziele - Tours Bahia","isPartOf":{"@id":"https:\/\/www.toursbahia.com.br\/#website"},"primaryImageOfPage":{"@id":"https:\/\/www.toursbahia.com.br\/de\/loja\/reiseziele\/paulo-afonso-reiseziele\/#primaryimage"},"datePublished":"2019-01-18T23:48:27+00:00","dateModified":"2025-05-30T07:19:42+00:00","breadcrumb":{"@id":"https:\/\/www.toursbahia.com.br\/de\/loja\/reiseziele\/paulo-afonso-reiseziele\/#breadcrumb"},"inLanguage":"de-DE","potentialAction":[{"@type":"ReadAction","target":["https:\/\/www.toursbahia.com.br\/de\/loja\/reiseziele\/paulo-afonso-reiseziele\/"]}]},{"@type":"BreadcrumbList","@id":"https:\/\/www.toursbahia.com.br\/de\/loja\/reiseziele\/paulo-afonso-reiseziele\/#breadcrumb","itemListElement":[{"@type":"ListItem","position":1,"name":"In\u00edcio","item":"https:\/\/www.toursbahia.com.br\/de\/"},{"@type":"ListItem","position":2,"name":"Store","item":"https:\/\/www.toursbahia.com.br\/de\/store-tours-bahia-internacional\/"},{"@type":"ListItem","position":3,"name":"Paulo Afonso &#8211; Reiseziele"}]}]}},"_links":{"self":[{"href":"https:\/\/www.toursbahia.com.br\/de\/wp-json\/wp\/v2\/product\/3393"}],"collection":[{"href":"https:\/\/www.toursbahia.com.br\/de\/wp-json\/wp\/v2\/product"}],"about":[{"href":"https:\/\/www.toursbahia.com.br\/de\/wp-json\/wp\/v2\/types\/product"}],"replies":[{"embeddable":true,"href":"https:\/\/www.toursbahia.com.br\/de\/wp-json\/wp\/v2\/comments?post=3393"}],"wp:featuredmedia":[{"embeddable":true,"href":"https:\/\/www.toursbahia.com.br\/de\/wp-json\/wp\/v2\/media\/3394"}],"wp:attachment":[{"href":"https:\/\/www.toursbahia.com.br\/de\/wp-json\/wp\/v2\/media?parent=3393"}],"wp:term":[{"taxonomy":"product_cat","embeddable":true,"href":"https:\/\/www.toursbahia.com.br\/de\/wp-json\/wp\/v2\/product_cat?post=3393"},{"taxonomy":"product_tag","embeddable":true,"href":"https:\/\/www.toursbahia.com.br\/de\/wp-json\/wp\/v2\/product_tag?post=3393"}],"curies":[{"name":"wp","href":"https:\/\/api.w.org\/{rel}","templated":true}]}}