{"id":3398,"date":"2019-01-18T21:44:23","date_gmt":"2019-01-18T23:44:23","guid":{"rendered":"https:\/\/www.toursbahia.com.br\/\/produto\/unkategorisiert\/boipeba-destino\/"},"modified":"2019-02-05T20:46:56","modified_gmt":"2019-02-05T22:46:56","slug":"boipeba-reiseziele","status":"publish","type":"product","link":"https:\/\/www.toursbahia.com.br\/de\/loja\/reiseziele\/boipeba-reiseziele\/","title":{"rendered":"Boipeba &#8211; Reiseziele"},"content":{"rendered":"","protected":false},"excerpt":{"rendered":"<p>Wer Ruhe und Natursch\u00f6nheit sucht, sollte sich f\u00fcr einen Aufenthalt in Boipeba entscheiden. Das Meer ist hier ruhig und klar, Fauna und Flora sind von au\u00dfergew\u00f6hnlicher Vielfalt. Im Schatten der Kokospalmen in der frischen Meeresbrise l\u00e4sst sich herrliche Ruhe finden. Ausserdem bietet Boipeba einen der gr\u00f6\u00dften gesch\u00fctzten Mangrovenw\u00e4lder Brasiliens und wundersch\u00f6ne Tauchgebiete an den Korallenriffen.<\/p>\n","protected":false},"featured_media":2814,"comment_status":"open","ping_status":"closed","template":"","meta":[],"product_cat":[656],"product_tag":[],"yoast_head":"<!-- This site is optimized with the Yoast SEO plugin v19.3 - https:\/\/yoast.com\/wordpress\/plugins\/seo\/ -->\n<title>Boipeba - Reiseziele - Tours Bahia<\/title>\n<meta name=\"robots\" content=\"index, follow, max-snippet:-1, max-image-preview:large, max-video-preview:-1\" \/>\n<link rel=\"canonical\" href=\"https:\/\/www.toursbahia.com.br\/de\/loja\/reiseziele\/boipeba-reiseziele\/\" \/>\n<meta property=\"og:locale\" content=\"de_DE\" \/>\n<meta property=\"og:type\" content=\"article\" \/>\n<meta property=\"og:title\" content=\"Boipeba - Reiseziele - Tours Bahia\" \/>\n<meta property=\"og:description\" content=\"Wer Ruhe und Natursch\u00f6nheit sucht, sollte sich f\u00fcr einen Aufenthalt in Boipeba entscheiden. Das Meer ist hier ruhig und klar, Fauna und Flora sind von au\u00dfergew\u00f6hnlicher Vielfalt. Im Schatten der Kokospalmen in der frischen Meeresbrise l\u00e4sst sich herrliche Ruhe finden. Ausserdem bietet Boipeba einen der gr\u00f6\u00dften gesch\u00fctzten Mangrovenw\u00e4lder Brasiliens und wundersch\u00f6ne Tauchgebiete an den Korallenriffen.\" \/>\n<meta property=\"og:url\" content=\"https:\/\/www.toursbahia.com.br\/de\/loja\/reiseziele\/boipeba-reiseziele\/\" \/>\n<meta property=\"og:site_name\" content=\"Tours Bahia\" \/>\n<meta property=\"article:publisher\" content=\"https:\/\/www.facebook.com\/toursbahiainternational\" \/>\n<meta property=\"article:modified_time\" content=\"2019-02-05T22:46:56+00:00\" \/>\n<meta property=\"og:image\" content=\"https:\/\/www.toursbahia.com.br\/wp-content\/uploads\/2018\/12\/Volta-\u00e0-Ilha-de-Tinhar\u00e9-Boipeba-Foto-06.jpg\" \/>\n\t<meta property=\"og:image:width\" content=\"900\" \/>\n\t<meta property=\"og:image:height\" content=\"550\" \/>\n\t<meta property=\"og:image:type\" content=\"image\/jpeg\" \/>\n<meta name=\"twitter:card\" content=\"summary_large_image\" \/>\n<script type=\"application\/ld+json\" class=\"yoast-schema-graph\">{\"@context\":\"https:\/\/schema.org\",\"@graph\":[{\"@type\":\"WebSite\",\"@id\":\"https:\/\/www.toursbahia.com.br\/#website\",\"url\":\"https:\/\/www.toursbahia.com.br\/\",\"name\":\"Tours Bahia\",\"description\":\"\",\"potentialAction\":[{\"@type\":\"SearchAction\",\"target\":{\"@type\":\"EntryPoint\",\"urlTemplate\":\"https:\/\/www.toursbahia.com.br\/?s={search_term_string}\"},\"query-input\":\"required name=search_term_string\"}],\"inLanguage\":\"de-DE\"},{\"@type\":\"ImageObject\",\"inLanguage\":\"de-DE\",\"@id\":\"https:\/\/www.toursbahia.com.br\/de\/loja\/reiseziele\/boipeba-reiseziele\/#primaryimage\",\"url\":\"https:\/\/www.toursbahia.com.br\/wp-content\/uploads\/2018\/12\/Volta-\u00e0-Ilha-de-Tinhar\u00e9-Boipeba-Foto-06.jpg\",\"contentUrl\":\"https:\/\/www.toursbahia.com.br\/wp-content\/uploads\/2018\/12\/Volta-\u00e0-Ilha-de-Tinhar\u00e9-Boipeba-Foto-06.jpg\",\"width\":900,\"height\":550},{\"@type\":\"WebPage\",\"@id\":\"https:\/\/www.toursbahia.com.br\/de\/loja\/reiseziele\/boipeba-reiseziele\/\",\"url\":\"https:\/\/www.toursbahia.com.br\/de\/loja\/reiseziele\/boipeba-reiseziele\/\",\"name\":\"Boipeba - Reiseziele - Tours Bahia\",\"isPartOf\":{\"@id\":\"https:\/\/www.toursbahia.com.br\/#website\"},\"primaryImageOfPage\":{\"@id\":\"https:\/\/www.toursbahia.com.br\/de\/loja\/reiseziele\/boipeba-reiseziele\/#primaryimage\"},\"datePublished\":\"2019-01-18T23:44:23+00:00\",\"dateModified\":\"2019-02-05T22:46:56+00:00\",\"breadcrumb\":{\"@id\":\"https:\/\/www.toursbahia.com.br\/de\/loja\/reiseziele\/boipeba-reiseziele\/#breadcrumb\"},\"inLanguage\":\"de-DE\",\"potentialAction\":[{\"@type\":\"ReadAction\",\"target\":[\"https:\/\/www.toursbahia.com.br\/de\/loja\/reiseziele\/boipeba-reiseziele\/\"]}]},{\"@type\":\"BreadcrumbList\",\"@id\":\"https:\/\/www.toursbahia.com.br\/de\/loja\/reiseziele\/boipeba-reiseziele\/#breadcrumb\",\"itemListElement\":[{\"@type\":\"ListItem\",\"position\":1,\"name\":\"In\u00edcio\",\"item\":\"https:\/\/www.toursbahia.com.br\/de\/\"},{\"@type\":\"ListItem\",\"position\":2,\"name\":\"Store\",\"item\":\"https:\/\/www.toursbahia.com.br\/de\/store-tours-bahia-internacional\/\"},{\"@type\":\"ListItem\",\"position\":3,\"name\":\"Boipeba &#8211; Reiseziele\"}]}]}<\/script>\n<!-- \/ Yoast SEO plugin. -->","yoast_head_json":{"title":"Boipeba - Reiseziele - Tours Bahia","robots":{"index":"index","follow":"follow","max-snippet":"max-snippet:-1","max-image-preview":"max-image-preview:large","max-video-preview":"max-video-preview:-1"},"canonical":"https:\/\/www.toursbahia.com.br\/de\/loja\/reiseziele\/boipeba-reiseziele\/","og_locale":"de_DE","og_type":"article","og_title":"Boipeba - Reiseziele - Tours Bahia","og_description":"Wer Ruhe und Natursch\u00f6nheit sucht, sollte sich f\u00fcr einen Aufenthalt in Boipeba entscheiden. Das Meer ist hier ruhig und klar, Fauna und Flora sind von au\u00dfergew\u00f6hnlicher Vielfalt. Im Schatten der Kokospalmen in der frischen Meeresbrise l\u00e4sst sich herrliche Ruhe finden. Ausserdem bietet Boipeba einen der gr\u00f6\u00dften gesch\u00fctzten Mangrovenw\u00e4lder Brasiliens und wundersch\u00f6ne Tauchgebiete an den Korallenriffen.","og_url":"https:\/\/www.toursbahia.com.br\/de\/loja\/reiseziele\/boipeba-reiseziele\/","og_site_name":"Tours Bahia","article_publisher":"https:\/\/www.facebook.com\/toursbahiainternational","article_modified_time":"2019-02-05T22:46:56+00:00","og_image":[{"width":900,"height":550,"url":"https:\/\/www.toursbahia.com.br\/wp-content\/uploads\/2018\/12\/Volta-\u00e0-Ilha-de-Tinhar\u00e9-Boipeba-Foto-06.jpg","type":"image\/jpeg"}],"twitter_card":"summary_large_image","schema":{"@context":"https:\/\/schema.org","@graph":[{"@type":"WebSite","@id":"https:\/\/www.toursbahia.com.br\/#website","url":"https:\/\/www.toursbahia.com.br\/","name":"Tours Bahia","description":"","potentialAction":[{"@type":"SearchAction","target":{"@type":"EntryPoint","urlTemplate":"https:\/\/www.toursbahia.com.br\/?s={search_term_string}"},"query-input":"required name=search_term_string"}],"inLanguage":"de-DE"},{"@type":"ImageObject","inLanguage":"de-DE","@id":"https:\/\/www.toursbahia.com.br\/de\/loja\/reiseziele\/boipeba-reiseziele\/#primaryimage","url":"https:\/\/www.toursbahia.com.br\/wp-content\/uploads\/2018\/12\/Volta-\u00e0-Ilha-de-Tinhar\u00e9-Boipeba-Foto-06.jpg","contentUrl":"https:\/\/www.toursbahia.com.br\/wp-content\/uploads\/2018\/12\/Volta-\u00e0-Ilha-de-Tinhar\u00e9-Boipeba-Foto-06.jpg","width":900,"height":550},{"@type":"WebPage","@id":"https:\/\/www.toursbahia.com.br\/de\/loja\/reiseziele\/boipeba-reiseziele\/","url":"https:\/\/www.toursbahia.com.br\/de\/loja\/reiseziele\/boipeba-reiseziele\/","name":"Boipeba - Reiseziele - Tours Bahia","isPartOf":{"@id":"https:\/\/www.toursbahia.com.br\/#website"},"primaryImageOfPage":{"@id":"https:\/\/www.toursbahia.com.br\/de\/loja\/reiseziele\/boipeba-reiseziele\/#primaryimage"},"datePublished":"2019-01-18T23:44:23+00:00","dateModified":"2019-02-05T22:46:56+00:00","breadcrumb":{"@id":"https:\/\/www.toursbahia.com.br\/de\/loja\/reiseziele\/boipeba-reiseziele\/#breadcrumb"},"inLanguage":"de-DE","potentialAction":[{"@type":"ReadAction","target":["https:\/\/www.toursbahia.com.br\/de\/loja\/reiseziele\/boipeba-reiseziele\/"]}]},{"@type":"BreadcrumbList","@id":"https:\/\/www.toursbahia.com.br\/de\/loja\/reiseziele\/boipeba-reiseziele\/#breadcrumb","itemListElement":[{"@type":"ListItem","position":1,"name":"In\u00edcio","item":"https:\/\/www.toursbahia.com.br\/de\/"},{"@type":"ListItem","position":2,"name":"Store","item":"https:\/\/www.toursbahia.com.br\/de\/store-tours-bahia-internacional\/"},{"@type":"ListItem","position":3,"name":"Boipeba &#8211; Reiseziele"}]}]}},"_links":{"self":[{"href":"https:\/\/www.toursbahia.com.br\/de\/wp-json\/wp\/v2\/product\/3398"}],"collection":[{"href":"https:\/\/www.toursbahia.com.br\/de\/wp-json\/wp\/v2\/product"}],"about":[{"href":"https:\/\/www.toursbahia.com.br\/de\/wp-json\/wp\/v2\/types\/product"}],"replies":[{"embeddable":true,"href":"https:\/\/www.toursbahia.com.br\/de\/wp-json\/wp\/v2\/comments?post=3398"}],"wp:featuredmedia":[{"embeddable":true,"href":"https:\/\/www.toursbahia.com.br\/de\/wp-json\/wp\/v2\/media\/2814"}],"wp:attachment":[{"href":"https:\/\/www.toursbahia.com.br\/de\/wp-json\/wp\/v2\/media?parent=3398"}],"wp:term":[{"taxonomy":"product_cat","embeddable":true,"href":"https:\/\/www.toursbahia.com.br\/de\/wp-json\/wp\/v2\/product_cat?post=3398"},{"taxonomy":"product_tag","embeddable":true,"href":"https:\/\/www.toursbahia.com.br\/de\/wp-json\/wp\/v2\/product_tag?post=3398"}],"curies":[{"name":"wp","href":"https:\/\/api.w.org\/{rel}","templated":true}]}}