{"id":3401,"date":"2019-01-18T21:36:13","date_gmt":"2019-01-18T23:36:13","guid":{"rendered":"https:\/\/www.toursbahia.com.br\/\/produto\/unkategorisiert\/mangue-seco-destino\/"},"modified":"2025-06-06T01:43:50","modified_gmt":"2025-06-06T04:43:50","slug":"mangue-seco-reiseziele","status":"publish","type":"product","link":"https:\/\/www.toursbahia.com.br\/de\/loja\/reiseziele\/mangue-seco-reiseziele\/","title":{"rendered":"Mangue Seco &#8211; Reiseziele"},"content":{"rendered":"","protected":false},"excerpt":{"rendered":"<p>Suchen Sie einen Ort, an dem Sie fern gr\u00f6\u00dferer St\u00e4dte entspannen k\u00f6nnen? Dann liegen Sie mit Mangue Seco goldrichtig!<\/p>\n<p>Im Grunde wird die Ruhe des kleinen Fischerorts schon durch die nur per Boot m\u00f6gliche Anreise garantiert. Nur manchmal, bei Ebbe, kann man Mangue Seco auch mit einem Gel\u00e4ndefahrzeug erreichen. Der besondere Reiz des Dorfs mit den rustikalen Stra\u00dfen liegt in seiner abgeschiedenen Ruhe. Die landschaftliche Sch\u00f6nheit der wei\u00dfen Sandd\u00fcnen von Mangue Seco hat schon Bahias Schriftsteller Jorge Amado in mehreren seiner Romane inspiriert.<\/p>\n<p>Lassen auch Sie sich von Mangue Seco inspirieren!<\/p>\n","protected":false},"featured_media":1917,"comment_status":"open","ping_status":"closed","template":"","meta":[],"product_cat":[656,666],"product_tag":[],"yoast_head":"<!-- This site is optimized with the Yoast SEO plugin v19.3 - https:\/\/yoast.com\/wordpress\/plugins\/seo\/ -->\n<title>Mangue Seco - Reiseziele - Tours Bahia<\/title>\n<meta name=\"robots\" content=\"index, follow, max-snippet:-1, max-image-preview:large, max-video-preview:-1\" \/>\n<link rel=\"canonical\" href=\"https:\/\/www.toursbahia.com.br\/de\/loja\/reiseziele\/mangue-seco-reiseziele\/\" \/>\n<meta property=\"og:locale\" content=\"de_DE\" \/>\n<meta property=\"og:type\" content=\"article\" \/>\n<meta property=\"og:title\" content=\"Mangue Seco - Reiseziele - Tours Bahia\" \/>\n<meta property=\"og:description\" content=\"Suchen Sie einen Ort, an dem Sie fern gr\u00f6\u00dferer St\u00e4dte entspannen k\u00f6nnen? Dann liegen Sie mit Mangue Seco goldrichtig!  Im Grunde wird die Ruhe des kleinen Fischerorts schon durch die nur per Boot m\u00f6gliche Anreise garantiert. Nur manchmal, bei Ebbe, kann man Mangue Seco auch mit einem Gel\u00e4ndefahrzeug erreichen. Der besondere Reiz des Dorfs mit den rustikalen Stra\u00dfen liegt in seiner abgeschiedenen Ruhe. Die landschaftliche Sch\u00f6nheit der wei\u00dfen Sandd\u00fcnen von Mangue Seco hat schon Bahias Schriftsteller Jorge Amado in mehreren seiner Romane inspiriert.  Lassen auch Sie sich von Mangue Seco inspirieren!\" \/>\n<meta property=\"og:url\" content=\"https:\/\/www.toursbahia.com.br\/de\/loja\/reiseziele\/mangue-seco-reiseziele\/\" \/>\n<meta property=\"og:site_name\" content=\"Tours Bahia\" \/>\n<meta property=\"article:publisher\" content=\"https:\/\/www.facebook.com\/toursbahiainternational\" \/>\n<meta property=\"article:modified_time\" content=\"2025-06-06T04:43:50+00:00\" \/>\n<meta property=\"og:image\" content=\"https:\/\/www.toursbahia.com.br\/wp-content\/uploads\/2019\/01\/Mangue-Seco-Foto-05.jpg\" \/>\n\t<meta property=\"og:image:width\" content=\"900\" \/>\n\t<meta property=\"og:image:height\" content=\"550\" \/>\n\t<meta property=\"og:image:type\" content=\"image\/jpeg\" \/>\n<meta name=\"twitter:card\" content=\"summary_large_image\" \/>\n<script type=\"application\/ld+json\" class=\"yoast-schema-graph\">{\"@context\":\"https:\/\/schema.org\",\"@graph\":[{\"@type\":\"WebSite\",\"@id\":\"https:\/\/www.toursbahia.com.br\/#website\",\"url\":\"https:\/\/www.toursbahia.com.br\/\",\"name\":\"Tours Bahia\",\"description\":\"\",\"potentialAction\":[{\"@type\":\"SearchAction\",\"target\":{\"@type\":\"EntryPoint\",\"urlTemplate\":\"https:\/\/www.toursbahia.com.br\/?s={search_term_string}\"},\"query-input\":\"required name=search_term_string\"}],\"inLanguage\":\"de-DE\"},{\"@type\":\"ImageObject\",\"inLanguage\":\"de-DE\",\"@id\":\"https:\/\/www.toursbahia.com.br\/de\/loja\/reiseziele\/mangue-seco-reiseziele\/#primaryimage\",\"url\":\"https:\/\/www.toursbahia.com.br\/wp-content\/uploads\/2019\/01\/Mangue-Seco-Foto-05.jpg\",\"contentUrl\":\"https:\/\/www.toursbahia.com.br\/wp-content\/uploads\/2019\/01\/Mangue-Seco-Foto-05.jpg\",\"width\":900,\"height\":550},{\"@type\":\"WebPage\",\"@id\":\"https:\/\/www.toursbahia.com.br\/de\/loja\/reiseziele\/mangue-seco-reiseziele\/\",\"url\":\"https:\/\/www.toursbahia.com.br\/de\/loja\/reiseziele\/mangue-seco-reiseziele\/\",\"name\":\"Mangue Seco - Reiseziele - Tours Bahia\",\"isPartOf\":{\"@id\":\"https:\/\/www.toursbahia.com.br\/#website\"},\"primaryImageOfPage\":{\"@id\":\"https:\/\/www.toursbahia.com.br\/de\/loja\/reiseziele\/mangue-seco-reiseziele\/#primaryimage\"},\"datePublished\":\"2019-01-18T23:36:13+00:00\",\"dateModified\":\"2025-06-06T04:43:50+00:00\",\"breadcrumb\":{\"@id\":\"https:\/\/www.toursbahia.com.br\/de\/loja\/reiseziele\/mangue-seco-reiseziele\/#breadcrumb\"},\"inLanguage\":\"de-DE\",\"potentialAction\":[{\"@type\":\"ReadAction\",\"target\":[\"https:\/\/www.toursbahia.com.br\/de\/loja\/reiseziele\/mangue-seco-reiseziele\/\"]}]},{\"@type\":\"BreadcrumbList\",\"@id\":\"https:\/\/www.toursbahia.com.br\/de\/loja\/reiseziele\/mangue-seco-reiseziele\/#breadcrumb\",\"itemListElement\":[{\"@type\":\"ListItem\",\"position\":1,\"name\":\"In\u00edcio\",\"item\":\"https:\/\/www.toursbahia.com.br\/de\/\"},{\"@type\":\"ListItem\",\"position\":2,\"name\":\"Store\",\"item\":\"https:\/\/www.toursbahia.com.br\/de\/store-tours-bahia-internacional\/\"},{\"@type\":\"ListItem\",\"position\":3,\"name\":\"Mangue Seco &#8211; Reiseziele\"}]}]}<\/script>\n<!-- \/ Yoast SEO plugin. -->","yoast_head_json":{"title":"Mangue Seco - Reiseziele - Tours Bahia","robots":{"index":"index","follow":"follow","max-snippet":"max-snippet:-1","max-image-preview":"max-image-preview:large","max-video-preview":"max-video-preview:-1"},"canonical":"https:\/\/www.toursbahia.com.br\/de\/loja\/reiseziele\/mangue-seco-reiseziele\/","og_locale":"de_DE","og_type":"article","og_title":"Mangue Seco - Reiseziele - Tours Bahia","og_description":"Suchen Sie einen Ort, an dem Sie fern gr\u00f6\u00dferer St\u00e4dte entspannen k\u00f6nnen? Dann liegen Sie mit Mangue Seco goldrichtig!  Im Grunde wird die Ruhe des kleinen Fischerorts schon durch die nur per Boot m\u00f6gliche Anreise garantiert. Nur manchmal, bei Ebbe, kann man Mangue Seco auch mit einem Gel\u00e4ndefahrzeug erreichen. Der besondere Reiz des Dorfs mit den rustikalen Stra\u00dfen liegt in seiner abgeschiedenen Ruhe. Die landschaftliche Sch\u00f6nheit der wei\u00dfen Sandd\u00fcnen von Mangue Seco hat schon Bahias Schriftsteller Jorge Amado in mehreren seiner Romane inspiriert.  Lassen auch Sie sich von Mangue Seco inspirieren!","og_url":"https:\/\/www.toursbahia.com.br\/de\/loja\/reiseziele\/mangue-seco-reiseziele\/","og_site_name":"Tours Bahia","article_publisher":"https:\/\/www.facebook.com\/toursbahiainternational","article_modified_time":"2025-06-06T04:43:50+00:00","og_image":[{"width":900,"height":550,"url":"https:\/\/www.toursbahia.com.br\/wp-content\/uploads\/2019\/01\/Mangue-Seco-Foto-05.jpg","type":"image\/jpeg"}],"twitter_card":"summary_large_image","schema":{"@context":"https:\/\/schema.org","@graph":[{"@type":"WebSite","@id":"https:\/\/www.toursbahia.com.br\/#website","url":"https:\/\/www.toursbahia.com.br\/","name":"Tours Bahia","description":"","potentialAction":[{"@type":"SearchAction","target":{"@type":"EntryPoint","urlTemplate":"https:\/\/www.toursbahia.com.br\/?s={search_term_string}"},"query-input":"required name=search_term_string"}],"inLanguage":"de-DE"},{"@type":"ImageObject","inLanguage":"de-DE","@id":"https:\/\/www.toursbahia.com.br\/de\/loja\/reiseziele\/mangue-seco-reiseziele\/#primaryimage","url":"https:\/\/www.toursbahia.com.br\/wp-content\/uploads\/2019\/01\/Mangue-Seco-Foto-05.jpg","contentUrl":"https:\/\/www.toursbahia.com.br\/wp-content\/uploads\/2019\/01\/Mangue-Seco-Foto-05.jpg","width":900,"height":550},{"@type":"WebPage","@id":"https:\/\/www.toursbahia.com.br\/de\/loja\/reiseziele\/mangue-seco-reiseziele\/","url":"https:\/\/www.toursbahia.com.br\/de\/loja\/reiseziele\/mangue-seco-reiseziele\/","name":"Mangue Seco - Reiseziele - Tours Bahia","isPartOf":{"@id":"https:\/\/www.toursbahia.com.br\/#website"},"primaryImageOfPage":{"@id":"https:\/\/www.toursbahia.com.br\/de\/loja\/reiseziele\/mangue-seco-reiseziele\/#primaryimage"},"datePublished":"2019-01-18T23:36:13+00:00","dateModified":"2025-06-06T04:43:50+00:00","breadcrumb":{"@id":"https:\/\/www.toursbahia.com.br\/de\/loja\/reiseziele\/mangue-seco-reiseziele\/#breadcrumb"},"inLanguage":"de-DE","potentialAction":[{"@type":"ReadAction","target":["https:\/\/www.toursbahia.com.br\/de\/loja\/reiseziele\/mangue-seco-reiseziele\/"]}]},{"@type":"BreadcrumbList","@id":"https:\/\/www.toursbahia.com.br\/de\/loja\/reiseziele\/mangue-seco-reiseziele\/#breadcrumb","itemListElement":[{"@type":"ListItem","position":1,"name":"In\u00edcio","item":"https:\/\/www.toursbahia.com.br\/de\/"},{"@type":"ListItem","position":2,"name":"Store","item":"https:\/\/www.toursbahia.com.br\/de\/store-tours-bahia-internacional\/"},{"@type":"ListItem","position":3,"name":"Mangue Seco &#8211; Reiseziele"}]}]}},"_links":{"self":[{"href":"https:\/\/www.toursbahia.com.br\/de\/wp-json\/wp\/v2\/product\/3401"}],"collection":[{"href":"https:\/\/www.toursbahia.com.br\/de\/wp-json\/wp\/v2\/product"}],"about":[{"href":"https:\/\/www.toursbahia.com.br\/de\/wp-json\/wp\/v2\/types\/product"}],"replies":[{"embeddable":true,"href":"https:\/\/www.toursbahia.com.br\/de\/wp-json\/wp\/v2\/comments?post=3401"}],"wp:featuredmedia":[{"embeddable":true,"href":"https:\/\/www.toursbahia.com.br\/de\/wp-json\/wp\/v2\/media\/1917"}],"wp:attachment":[{"href":"https:\/\/www.toursbahia.com.br\/de\/wp-json\/wp\/v2\/media?parent=3401"}],"wp:term":[{"taxonomy":"product_cat","embeddable":true,"href":"https:\/\/www.toursbahia.com.br\/de\/wp-json\/wp\/v2\/product_cat?post=3401"},{"taxonomy":"product_tag","embeddable":true,"href":"https:\/\/www.toursbahia.com.br\/de\/wp-json\/wp\/v2\/product_tag?post=3401"}],"curies":[{"name":"wp","href":"https:\/\/api.w.org\/{rel}","templated":true}]}}