{"id":3406,"date":"2019-01-18T21:36:12","date_gmt":"2019-01-18T23:36:12","guid":{"rendered":"https:\/\/www.toursbahia.com.br\/\/produto\/unkategorisiert\/itacare-ilheus-destino\/"},"modified":"2019-02-05T20:52:51","modified_gmt":"2019-02-05T22:52:51","slug":"itacare-ilheus-reiseziele","status":"publish","type":"product","link":"https:\/\/www.toursbahia.com.br\/de\/loja\/reiseziele\/itacare-ilheus-reiseziele\/","title":{"rendered":"Itacar\u00e9 \/ Ilh\u00e9us &#8211; Reiseziele"},"content":{"rendered":"","protected":false},"excerpt":{"rendered":"<p>Die Kombination aus atlantischem Regenwald und Traumstr\u00e4nden macht Itacar\u00e9 zu einem der Stars unter den K\u00fcstenorten Bahias. Kleine muschelf\u00f6rmige Buchten, Naturschutzgebiete, Mangrovenw\u00e4lder und Wasserf\u00e4lle sind nur ein kleiner Teil der Natursch\u00f6nheiten der Region. Wegen den hohen Wellen ist Itacar\u00e9 vor allem auch unter den Surfern sehr beliebt.<\/p>\n","protected":false},"featured_media":2245,"comment_status":"open","ping_status":"closed","template":"","meta":[],"product_cat":[656,659],"product_tag":[],"yoast_head":"<!-- This site is optimized with the Yoast SEO plugin v19.3 - https:\/\/yoast.com\/wordpress\/plugins\/seo\/ -->\n<title>Itacar\u00e9 \/ Ilh\u00e9us - Reiseziele - Tours Bahia<\/title>\n<meta name=\"robots\" content=\"index, follow, max-snippet:-1, max-image-preview:large, max-video-preview:-1\" \/>\n<link rel=\"canonical\" href=\"https:\/\/www.toursbahia.com.br\/de\/loja\/reiseziele\/itacare-ilheus-reiseziele\/\" \/>\n<meta property=\"og:locale\" content=\"de_DE\" \/>\n<meta property=\"og:type\" content=\"article\" \/>\n<meta property=\"og:title\" content=\"Itacar\u00e9 \/ Ilh\u00e9us - Reiseziele - Tours Bahia\" \/>\n<meta property=\"og:description\" content=\"Die Kombination aus atlantischem Regenwald und Traumstr\u00e4nden macht Itacar\u00e9 zu einem der Stars unter den K\u00fcstenorten Bahias. Kleine muschelf\u00f6rmige Buchten, Naturschutzgebiete, Mangrovenw\u00e4lder und Wasserf\u00e4lle sind nur ein kleiner Teil der Natursch\u00f6nheiten der Region. Wegen den hohen Wellen ist Itacar\u00e9 vor allem auch unter den Surfern sehr beliebt.\" \/>\n<meta property=\"og:url\" content=\"https:\/\/www.toursbahia.com.br\/de\/loja\/reiseziele\/itacare-ilheus-reiseziele\/\" \/>\n<meta property=\"og:site_name\" content=\"Tours Bahia\" \/>\n<meta property=\"article:publisher\" content=\"https:\/\/www.facebook.com\/toursbahiainternational\" \/>\n<meta property=\"article:modified_time\" content=\"2019-02-05T22:52:51+00:00\" \/>\n<meta property=\"og:image\" content=\"https:\/\/www.toursbahia.com.br\/wp-content\/uploads\/2018\/12\/Trekking-pelas-quatro-praias-mais-lindas-de-Itacar\u00e9-Foto-06.jpg\" \/>\n\t<meta property=\"og:image:width\" content=\"900\" \/>\n\t<meta property=\"og:image:height\" content=\"550\" \/>\n\t<meta property=\"og:image:type\" content=\"image\/jpeg\" \/>\n<meta name=\"twitter:card\" content=\"summary_large_image\" \/>\n<script type=\"application\/ld+json\" class=\"yoast-schema-graph\">{\"@context\":\"https:\/\/schema.org\",\"@graph\":[{\"@type\":\"WebSite\",\"@id\":\"https:\/\/www.toursbahia.com.br\/#website\",\"url\":\"https:\/\/www.toursbahia.com.br\/\",\"name\":\"Tours Bahia\",\"description\":\"\",\"potentialAction\":[{\"@type\":\"SearchAction\",\"target\":{\"@type\":\"EntryPoint\",\"urlTemplate\":\"https:\/\/www.toursbahia.com.br\/?s={search_term_string}\"},\"query-input\":\"required name=search_term_string\"}],\"inLanguage\":\"de-DE\"},{\"@type\":\"ImageObject\",\"inLanguage\":\"de-DE\",\"@id\":\"https:\/\/www.toursbahia.com.br\/de\/loja\/reiseziele\/itacare-ilheus-reiseziele\/#primaryimage\",\"url\":\"https:\/\/www.toursbahia.com.br\/wp-content\/uploads\/2018\/12\/Trekking-pelas-quatro-praias-mais-lindas-de-Itacar\u00e9-Foto-06.jpg\",\"contentUrl\":\"https:\/\/www.toursbahia.com.br\/wp-content\/uploads\/2018\/12\/Trekking-pelas-quatro-praias-mais-lindas-de-Itacar\u00e9-Foto-06.jpg\",\"width\":900,\"height\":550},{\"@type\":\"WebPage\",\"@id\":\"https:\/\/www.toursbahia.com.br\/de\/loja\/reiseziele\/itacare-ilheus-reiseziele\/\",\"url\":\"https:\/\/www.toursbahia.com.br\/de\/loja\/reiseziele\/itacare-ilheus-reiseziele\/\",\"name\":\"Itacar\u00e9 \/ Ilh\u00e9us - Reiseziele - Tours Bahia\",\"isPartOf\":{\"@id\":\"https:\/\/www.toursbahia.com.br\/#website\"},\"primaryImageOfPage\":{\"@id\":\"https:\/\/www.toursbahia.com.br\/de\/loja\/reiseziele\/itacare-ilheus-reiseziele\/#primaryimage\"},\"datePublished\":\"2019-01-18T23:36:12+00:00\",\"dateModified\":\"2019-02-05T22:52:51+00:00\",\"breadcrumb\":{\"@id\":\"https:\/\/www.toursbahia.com.br\/de\/loja\/reiseziele\/itacare-ilheus-reiseziele\/#breadcrumb\"},\"inLanguage\":\"de-DE\",\"potentialAction\":[{\"@type\":\"ReadAction\",\"target\":[\"https:\/\/www.toursbahia.com.br\/de\/loja\/reiseziele\/itacare-ilheus-reiseziele\/\"]}]},{\"@type\":\"BreadcrumbList\",\"@id\":\"https:\/\/www.toursbahia.com.br\/de\/loja\/reiseziele\/itacare-ilheus-reiseziele\/#breadcrumb\",\"itemListElement\":[{\"@type\":\"ListItem\",\"position\":1,\"name\":\"In\u00edcio\",\"item\":\"https:\/\/www.toursbahia.com.br\/de\/\"},{\"@type\":\"ListItem\",\"position\":2,\"name\":\"Store\",\"item\":\"https:\/\/www.toursbahia.com.br\/de\/store-tours-bahia-internacional\/\"},{\"@type\":\"ListItem\",\"position\":3,\"name\":\"Itacar\u00e9 \/ Ilh\u00e9us &#8211; Reiseziele\"}]}]}<\/script>\n<!-- \/ Yoast SEO plugin. -->","yoast_head_json":{"title":"Itacar\u00e9 \/ Ilh\u00e9us - Reiseziele - Tours Bahia","robots":{"index":"index","follow":"follow","max-snippet":"max-snippet:-1","max-image-preview":"max-image-preview:large","max-video-preview":"max-video-preview:-1"},"canonical":"https:\/\/www.toursbahia.com.br\/de\/loja\/reiseziele\/itacare-ilheus-reiseziele\/","og_locale":"de_DE","og_type":"article","og_title":"Itacar\u00e9 \/ Ilh\u00e9us - Reiseziele - Tours Bahia","og_description":"Die Kombination aus atlantischem Regenwald und Traumstr\u00e4nden macht Itacar\u00e9 zu einem der Stars unter den K\u00fcstenorten Bahias. Kleine muschelf\u00f6rmige Buchten, Naturschutzgebiete, Mangrovenw\u00e4lder und Wasserf\u00e4lle sind nur ein kleiner Teil der Natursch\u00f6nheiten der Region. Wegen den hohen Wellen ist Itacar\u00e9 vor allem auch unter den Surfern sehr beliebt.","og_url":"https:\/\/www.toursbahia.com.br\/de\/loja\/reiseziele\/itacare-ilheus-reiseziele\/","og_site_name":"Tours Bahia","article_publisher":"https:\/\/www.facebook.com\/toursbahiainternational","article_modified_time":"2019-02-05T22:52:51+00:00","og_image":[{"width":900,"height":550,"url":"https:\/\/www.toursbahia.com.br\/wp-content\/uploads\/2018\/12\/Trekking-pelas-quatro-praias-mais-lindas-de-Itacar\u00e9-Foto-06.jpg","type":"image\/jpeg"}],"twitter_card":"summary_large_image","schema":{"@context":"https:\/\/schema.org","@graph":[{"@type":"WebSite","@id":"https:\/\/www.toursbahia.com.br\/#website","url":"https:\/\/www.toursbahia.com.br\/","name":"Tours Bahia","description":"","potentialAction":[{"@type":"SearchAction","target":{"@type":"EntryPoint","urlTemplate":"https:\/\/www.toursbahia.com.br\/?s={search_term_string}"},"query-input":"required name=search_term_string"}],"inLanguage":"de-DE"},{"@type":"ImageObject","inLanguage":"de-DE","@id":"https:\/\/www.toursbahia.com.br\/de\/loja\/reiseziele\/itacare-ilheus-reiseziele\/#primaryimage","url":"https:\/\/www.toursbahia.com.br\/wp-content\/uploads\/2018\/12\/Trekking-pelas-quatro-praias-mais-lindas-de-Itacar\u00e9-Foto-06.jpg","contentUrl":"https:\/\/www.toursbahia.com.br\/wp-content\/uploads\/2018\/12\/Trekking-pelas-quatro-praias-mais-lindas-de-Itacar\u00e9-Foto-06.jpg","width":900,"height":550},{"@type":"WebPage","@id":"https:\/\/www.toursbahia.com.br\/de\/loja\/reiseziele\/itacare-ilheus-reiseziele\/","url":"https:\/\/www.toursbahia.com.br\/de\/loja\/reiseziele\/itacare-ilheus-reiseziele\/","name":"Itacar\u00e9 \/ Ilh\u00e9us - Reiseziele - Tours Bahia","isPartOf":{"@id":"https:\/\/www.toursbahia.com.br\/#website"},"primaryImageOfPage":{"@id":"https:\/\/www.toursbahia.com.br\/de\/loja\/reiseziele\/itacare-ilheus-reiseziele\/#primaryimage"},"datePublished":"2019-01-18T23:36:12+00:00","dateModified":"2019-02-05T22:52:51+00:00","breadcrumb":{"@id":"https:\/\/www.toursbahia.com.br\/de\/loja\/reiseziele\/itacare-ilheus-reiseziele\/#breadcrumb"},"inLanguage":"de-DE","potentialAction":[{"@type":"ReadAction","target":["https:\/\/www.toursbahia.com.br\/de\/loja\/reiseziele\/itacare-ilheus-reiseziele\/"]}]},{"@type":"BreadcrumbList","@id":"https:\/\/www.toursbahia.com.br\/de\/loja\/reiseziele\/itacare-ilheus-reiseziele\/#breadcrumb","itemListElement":[{"@type":"ListItem","position":1,"name":"In\u00edcio","item":"https:\/\/www.toursbahia.com.br\/de\/"},{"@type":"ListItem","position":2,"name":"Store","item":"https:\/\/www.toursbahia.com.br\/de\/store-tours-bahia-internacional\/"},{"@type":"ListItem","position":3,"name":"Itacar\u00e9 \/ Ilh\u00e9us &#8211; Reiseziele"}]}]}},"_links":{"self":[{"href":"https:\/\/www.toursbahia.com.br\/de\/wp-json\/wp\/v2\/product\/3406"}],"collection":[{"href":"https:\/\/www.toursbahia.com.br\/de\/wp-json\/wp\/v2\/product"}],"about":[{"href":"https:\/\/www.toursbahia.com.br\/de\/wp-json\/wp\/v2\/types\/product"}],"replies":[{"embeddable":true,"href":"https:\/\/www.toursbahia.com.br\/de\/wp-json\/wp\/v2\/comments?post=3406"}],"wp:featuredmedia":[{"embeddable":true,"href":"https:\/\/www.toursbahia.com.br\/de\/wp-json\/wp\/v2\/media\/2245"}],"wp:attachment":[{"href":"https:\/\/www.toursbahia.com.br\/de\/wp-json\/wp\/v2\/media?parent=3406"}],"wp:term":[{"taxonomy":"product_cat","embeddable":true,"href":"https:\/\/www.toursbahia.com.br\/de\/wp-json\/wp\/v2\/product_cat?post=3406"},{"taxonomy":"product_tag","embeddable":true,"href":"https:\/\/www.toursbahia.com.br\/de\/wp-json\/wp\/v2\/product_tag?post=3406"}],"curies":[{"name":"wp","href":"https:\/\/api.w.org\/{rel}","templated":true}]}}