{"id":3409,"date":"2019-01-18T21:31:43","date_gmt":"2019-01-18T23:31:43","guid":{"rendered":"https:\/\/www.toursbahia.com.br\/\/produto\/unkategorisiert\/marau-destino\/"},"modified":"2019-02-05T20:56:07","modified_gmt":"2019-02-05T22:56:07","slug":"marau-reiseziele","status":"publish","type":"product","link":"https:\/\/www.toursbahia.com.br\/de\/loja\/reiseziele\/marau-reiseziele\/","title":{"rendered":"Mara\u00fa &#8211; Reiseziele"},"content":{"rendered":"","protected":false},"excerpt":{"rendered":"<p>Auf einer von atlantischem Regenwald und Kokospalmen bedeckten Halbinsel versteckt sich eines der spektakul\u00e4rsten Naturszenarien Bahias: Mara\u00fa. Die Wellen s\u00e4useln leise in dem klaren Wasser, und der Sonnenuntergang hier soll einer der sch\u00f6nsten \u00fcberhaupt sein. Mit seiner leichten Brise vom Meer, dem Gesang wilder V\u00f6gel und den stillen Seen ist Mara\u00fa f\u00fcr Romantiker wie geschaffen.<\/p>\n","protected":false},"featured_media":1923,"comment_status":"open","ping_status":"closed","template":"","meta":[],"product_cat":[656,667],"product_tag":[],"yoast_head":"<!-- This site is optimized with the Yoast SEO plugin v19.3 - https:\/\/yoast.com\/wordpress\/plugins\/seo\/ -->\n<title>Mara\u00fa - Reiseziele - Tours Bahia<\/title>\n<meta name=\"robots\" content=\"index, follow, max-snippet:-1, max-image-preview:large, max-video-preview:-1\" \/>\n<link rel=\"canonical\" href=\"https:\/\/www.toursbahia.com.br\/de\/loja\/reiseziele\/marau-reiseziele\/\" \/>\n<meta property=\"og:locale\" content=\"de_DE\" \/>\n<meta property=\"og:type\" content=\"article\" \/>\n<meta property=\"og:title\" content=\"Mara\u00fa - Reiseziele - Tours Bahia\" \/>\n<meta property=\"og:description\" content=\"Auf einer von atlantischem Regenwald und Kokospalmen bedeckten Halbinsel versteckt sich eines der spektakul\u00e4rsten Naturszenarien Bahias: Mara\u00fa. Die Wellen s\u00e4useln leise in dem klaren Wasser, und der Sonnenuntergang hier soll einer der sch\u00f6nsten \u00fcberhaupt sein. Mit seiner leichten Brise vom Meer, dem Gesang wilder V\u00f6gel und den stillen Seen ist Mara\u00fa f\u00fcr Romantiker wie geschaffen.\" \/>\n<meta property=\"og:url\" content=\"https:\/\/www.toursbahia.com.br\/de\/loja\/reiseziele\/marau-reiseziele\/\" \/>\n<meta property=\"og:site_name\" content=\"Tours Bahia\" \/>\n<meta property=\"article:publisher\" content=\"https:\/\/www.facebook.com\/toursbahiainternational\" \/>\n<meta property=\"article:modified_time\" content=\"2019-02-05T22:56:07+00:00\" \/>\n<meta property=\"og:image\" content=\"https:\/\/www.toursbahia.com.br\/wp-content\/uploads\/2019\/01\/Peninsula-de-Mara\u00fa-Foto-05.jpg\" \/>\n\t<meta property=\"og:image:width\" content=\"900\" \/>\n\t<meta property=\"og:image:height\" content=\"550\" \/>\n\t<meta property=\"og:image:type\" content=\"image\/jpeg\" \/>\n<meta name=\"twitter:card\" content=\"summary_large_image\" \/>\n<script type=\"application\/ld+json\" class=\"yoast-schema-graph\">{\"@context\":\"https:\/\/schema.org\",\"@graph\":[{\"@type\":\"WebSite\",\"@id\":\"https:\/\/www.toursbahia.com.br\/#website\",\"url\":\"https:\/\/www.toursbahia.com.br\/\",\"name\":\"Tours Bahia\",\"description\":\"\",\"potentialAction\":[{\"@type\":\"SearchAction\",\"target\":{\"@type\":\"EntryPoint\",\"urlTemplate\":\"https:\/\/www.toursbahia.com.br\/?s={search_term_string}\"},\"query-input\":\"required name=search_term_string\"}],\"inLanguage\":\"de-DE\"},{\"@type\":\"ImageObject\",\"inLanguage\":\"de-DE\",\"@id\":\"https:\/\/www.toursbahia.com.br\/de\/loja\/reiseziele\/marau-reiseziele\/#primaryimage\",\"url\":\"https:\/\/www.toursbahia.com.br\/wp-content\/uploads\/2019\/01\/Peninsula-de-Mara\u00fa-Foto-05.jpg\",\"contentUrl\":\"https:\/\/www.toursbahia.com.br\/wp-content\/uploads\/2019\/01\/Peninsula-de-Mara\u00fa-Foto-05.jpg\",\"width\":900,\"height\":550},{\"@type\":\"WebPage\",\"@id\":\"https:\/\/www.toursbahia.com.br\/de\/loja\/reiseziele\/marau-reiseziele\/\",\"url\":\"https:\/\/www.toursbahia.com.br\/de\/loja\/reiseziele\/marau-reiseziele\/\",\"name\":\"Mara\u00fa - Reiseziele - Tours Bahia\",\"isPartOf\":{\"@id\":\"https:\/\/www.toursbahia.com.br\/#website\"},\"primaryImageOfPage\":{\"@id\":\"https:\/\/www.toursbahia.com.br\/de\/loja\/reiseziele\/marau-reiseziele\/#primaryimage\"},\"datePublished\":\"2019-01-18T23:31:43+00:00\",\"dateModified\":\"2019-02-05T22:56:07+00:00\",\"breadcrumb\":{\"@id\":\"https:\/\/www.toursbahia.com.br\/de\/loja\/reiseziele\/marau-reiseziele\/#breadcrumb\"},\"inLanguage\":\"de-DE\",\"potentialAction\":[{\"@type\":\"ReadAction\",\"target\":[\"https:\/\/www.toursbahia.com.br\/de\/loja\/reiseziele\/marau-reiseziele\/\"]}]},{\"@type\":\"BreadcrumbList\",\"@id\":\"https:\/\/www.toursbahia.com.br\/de\/loja\/reiseziele\/marau-reiseziele\/#breadcrumb\",\"itemListElement\":[{\"@type\":\"ListItem\",\"position\":1,\"name\":\"In\u00edcio\",\"item\":\"https:\/\/www.toursbahia.com.br\/de\/\"},{\"@type\":\"ListItem\",\"position\":2,\"name\":\"Store\",\"item\":\"https:\/\/www.toursbahia.com.br\/de\/store-tours-bahia-internacional\/\"},{\"@type\":\"ListItem\",\"position\":3,\"name\":\"Mara\u00fa &#8211; Reiseziele\"}]}]}<\/script>\n<!-- \/ Yoast SEO plugin. -->","yoast_head_json":{"title":"Mara\u00fa - Reiseziele - Tours Bahia","robots":{"index":"index","follow":"follow","max-snippet":"max-snippet:-1","max-image-preview":"max-image-preview:large","max-video-preview":"max-video-preview:-1"},"canonical":"https:\/\/www.toursbahia.com.br\/de\/loja\/reiseziele\/marau-reiseziele\/","og_locale":"de_DE","og_type":"article","og_title":"Mara\u00fa - Reiseziele - Tours Bahia","og_description":"Auf einer von atlantischem Regenwald und Kokospalmen bedeckten Halbinsel versteckt sich eines der spektakul\u00e4rsten Naturszenarien Bahias: Mara\u00fa. Die Wellen s\u00e4useln leise in dem klaren Wasser, und der Sonnenuntergang hier soll einer der sch\u00f6nsten \u00fcberhaupt sein. Mit seiner leichten Brise vom Meer, dem Gesang wilder V\u00f6gel und den stillen Seen ist Mara\u00fa f\u00fcr Romantiker wie geschaffen.","og_url":"https:\/\/www.toursbahia.com.br\/de\/loja\/reiseziele\/marau-reiseziele\/","og_site_name":"Tours Bahia","article_publisher":"https:\/\/www.facebook.com\/toursbahiainternational","article_modified_time":"2019-02-05T22:56:07+00:00","og_image":[{"width":900,"height":550,"url":"https:\/\/www.toursbahia.com.br\/wp-content\/uploads\/2019\/01\/Peninsula-de-Mara\u00fa-Foto-05.jpg","type":"image\/jpeg"}],"twitter_card":"summary_large_image","schema":{"@context":"https:\/\/schema.org","@graph":[{"@type":"WebSite","@id":"https:\/\/www.toursbahia.com.br\/#website","url":"https:\/\/www.toursbahia.com.br\/","name":"Tours Bahia","description":"","potentialAction":[{"@type":"SearchAction","target":{"@type":"EntryPoint","urlTemplate":"https:\/\/www.toursbahia.com.br\/?s={search_term_string}"},"query-input":"required name=search_term_string"}],"inLanguage":"de-DE"},{"@type":"ImageObject","inLanguage":"de-DE","@id":"https:\/\/www.toursbahia.com.br\/de\/loja\/reiseziele\/marau-reiseziele\/#primaryimage","url":"https:\/\/www.toursbahia.com.br\/wp-content\/uploads\/2019\/01\/Peninsula-de-Mara\u00fa-Foto-05.jpg","contentUrl":"https:\/\/www.toursbahia.com.br\/wp-content\/uploads\/2019\/01\/Peninsula-de-Mara\u00fa-Foto-05.jpg","width":900,"height":550},{"@type":"WebPage","@id":"https:\/\/www.toursbahia.com.br\/de\/loja\/reiseziele\/marau-reiseziele\/","url":"https:\/\/www.toursbahia.com.br\/de\/loja\/reiseziele\/marau-reiseziele\/","name":"Mara\u00fa - Reiseziele - Tours Bahia","isPartOf":{"@id":"https:\/\/www.toursbahia.com.br\/#website"},"primaryImageOfPage":{"@id":"https:\/\/www.toursbahia.com.br\/de\/loja\/reiseziele\/marau-reiseziele\/#primaryimage"},"datePublished":"2019-01-18T23:31:43+00:00","dateModified":"2019-02-05T22:56:07+00:00","breadcrumb":{"@id":"https:\/\/www.toursbahia.com.br\/de\/loja\/reiseziele\/marau-reiseziele\/#breadcrumb"},"inLanguage":"de-DE","potentialAction":[{"@type":"ReadAction","target":["https:\/\/www.toursbahia.com.br\/de\/loja\/reiseziele\/marau-reiseziele\/"]}]},{"@type":"BreadcrumbList","@id":"https:\/\/www.toursbahia.com.br\/de\/loja\/reiseziele\/marau-reiseziele\/#breadcrumb","itemListElement":[{"@type":"ListItem","position":1,"name":"In\u00edcio","item":"https:\/\/www.toursbahia.com.br\/de\/"},{"@type":"ListItem","position":2,"name":"Store","item":"https:\/\/www.toursbahia.com.br\/de\/store-tours-bahia-internacional\/"},{"@type":"ListItem","position":3,"name":"Mara\u00fa &#8211; Reiseziele"}]}]}},"_links":{"self":[{"href":"https:\/\/www.toursbahia.com.br\/de\/wp-json\/wp\/v2\/product\/3409"}],"collection":[{"href":"https:\/\/www.toursbahia.com.br\/de\/wp-json\/wp\/v2\/product"}],"about":[{"href":"https:\/\/www.toursbahia.com.br\/de\/wp-json\/wp\/v2\/types\/product"}],"replies":[{"embeddable":true,"href":"https:\/\/www.toursbahia.com.br\/de\/wp-json\/wp\/v2\/comments?post=3409"}],"wp:featuredmedia":[{"embeddable":true,"href":"https:\/\/www.toursbahia.com.br\/de\/wp-json\/wp\/v2\/media\/1923"}],"wp:attachment":[{"href":"https:\/\/www.toursbahia.com.br\/de\/wp-json\/wp\/v2\/media?parent=3409"}],"wp:term":[{"taxonomy":"product_cat","embeddable":true,"href":"https:\/\/www.toursbahia.com.br\/de\/wp-json\/wp\/v2\/product_cat?post=3409"},{"taxonomy":"product_tag","embeddable":true,"href":"https:\/\/www.toursbahia.com.br\/de\/wp-json\/wp\/v2\/product_tag?post=3409"}],"curies":[{"name":"wp","href":"https:\/\/api.w.org\/{rel}","templated":true}]}}