{"id":3412,"date":"2019-01-18T21:29:18","date_gmt":"2019-01-18T23:29:18","guid":{"rendered":"https:\/\/www.toursbahia.com.br\/\/produto\/unkategorisiert\/porto-seguro-destino\/"},"modified":"2019-02-05T20:59:12","modified_gmt":"2019-02-05T22:59:12","slug":"porto-seguro-reiseziele","status":"publish","type":"product","link":"https:\/\/www.toursbahia.com.br\/de\/loja\/reiseziele\/porto-seguro-reiseziele\/","title":{"rendered":"Porto Seguro &#8211; Reiseziele"},"content":{"rendered":"","protected":false},"excerpt":{"rendered":"<p>Ein Besuch an der \u201eCosta do Descobrimento\u201c lohnt immer!<\/p>\n<p>Die S\u00fcdk\u00fcste von Bahia wird auch \u201eCosta do Descobrimento\u201c (dt. \u201eK\u00fcste der Entdecker\u201c) genannt, denn hier hat Cabral mit seinen Truppen erstmals das brasilianische Festland betreten und somit Brasilien entdeckt. Der K\u00fcstenabschnitt bietet Sandstr\u00e4nde, die auf einer L\u00e4nge von gut 90 Kilometern von Korallenriffen vor allzu heftiger Brandung des Atlantiks gesch\u00fctzt werden. Neben den Str\u00e4nden bestimmen Palmenhaine ehemaliger Kokosplantagen und der K\u00fcstenregenwald \u201eMata Atl\u00e2ntica\u201c, B\u00e4che und ins Meer m\u00fcndende Flussl\u00e4ufe das Landschaftsbild entlang der \u201eCosta do Descobrimento\u201c.<\/p>\n<p>Porto Seguro und die angrenzenden D\u00f6rfer Trancoso und Arraial D\u00b4Ajuda sind schon wegen ihres umtriebigen Nachtlebens und der gro\u00dfen Auswahl an Bars und Restaurants \u00e4u\u00dferst reizvoll.<\/p>\n<p>Sie sehen, es gibt viele Gr\u00fcnde, um dieser Region einen Besuch abzustatten!<\/p>\n","protected":false},"featured_media":2658,"comment_status":"open","ping_status":"closed","template":"","meta":[],"product_cat":[656,670],"product_tag":[],"yoast_head":"<!-- This site is optimized with the Yoast SEO plugin v19.3 - https:\/\/yoast.com\/wordpress\/plugins\/seo\/ -->\n<title>Porto Seguro - Reiseziele - Tours Bahia<\/title>\n<meta name=\"robots\" content=\"index, follow, max-snippet:-1, max-image-preview:large, max-video-preview:-1\" \/>\n<link rel=\"canonical\" href=\"https:\/\/www.toursbahia.com.br\/de\/loja\/reiseziele\/porto-seguro-reiseziele\/\" \/>\n<meta property=\"og:locale\" content=\"de_DE\" \/>\n<meta property=\"og:type\" content=\"article\" \/>\n<meta property=\"og:title\" content=\"Porto Seguro - Reiseziele - Tours Bahia\" \/>\n<meta property=\"og:description\" content=\"Ein Besuch an der \u201eCosta do Descobrimento\u201c lohnt immer!  Die S\u00fcdk\u00fcste von Bahia wird auch \u201eCosta do Descobrimento\u201c (dt. \u201eK\u00fcste der Entdecker\u201c) genannt, denn hier hat Cabral mit seinen Truppen erstmals das brasilianische Festland betreten und somit Brasilien entdeckt. Der K\u00fcstenabschnitt bietet Sandstr\u00e4nde, die auf einer L\u00e4nge von gut 90 Kilometern von Korallenriffen vor allzu heftiger Brandung des Atlantiks gesch\u00fctzt werden. Neben den Str\u00e4nden bestimmen Palmenhaine ehemaliger Kokosplantagen und der K\u00fcstenregenwald \u201eMata Atl\u00e2ntica\u201c, B\u00e4che und ins Meer m\u00fcndende Flussl\u00e4ufe das Landschaftsbild entlang der \u201eCosta do Descobrimento\u201c.  Porto Seguro und die angrenzenden D\u00f6rfer Trancoso und Arraial D\u00b4Ajuda sind schon wegen ihres umtriebigen Nachtlebens und der gro\u00dfen Auswahl an Bars und Restaurants \u00e4u\u00dferst reizvoll.  Sie sehen, es gibt viele Gr\u00fcnde, um dieser Region einen Besuch abzustatten!\" \/>\n<meta property=\"og:url\" content=\"https:\/\/www.toursbahia.com.br\/de\/loja\/reiseziele\/porto-seguro-reiseziele\/\" \/>\n<meta property=\"og:site_name\" content=\"Tours Bahia\" \/>\n<meta property=\"article:publisher\" content=\"https:\/\/www.facebook.com\/toursbahiainternational\" \/>\n<meta property=\"article:modified_time\" content=\"2019-02-05T22:59:12+00:00\" \/>\n<meta property=\"og:image\" content=\"https:\/\/www.toursbahia.com.br\/wp-content\/uploads\/2018\/12\/foto-03-porto-seguro-tours-bahia.jpg\" \/>\n\t<meta property=\"og:image:width\" content=\"900\" \/>\n\t<meta property=\"og:image:height\" content=\"550\" \/>\n\t<meta property=\"og:image:type\" content=\"image\/jpeg\" \/>\n<meta name=\"twitter:card\" content=\"summary_large_image\" \/>\n<script type=\"application\/ld+json\" class=\"yoast-schema-graph\">{\"@context\":\"https:\/\/schema.org\",\"@graph\":[{\"@type\":\"WebSite\",\"@id\":\"https:\/\/www.toursbahia.com.br\/#website\",\"url\":\"https:\/\/www.toursbahia.com.br\/\",\"name\":\"Tours Bahia\",\"description\":\"\",\"potentialAction\":[{\"@type\":\"SearchAction\",\"target\":{\"@type\":\"EntryPoint\",\"urlTemplate\":\"https:\/\/www.toursbahia.com.br\/?s={search_term_string}\"},\"query-input\":\"required name=search_term_string\"}],\"inLanguage\":\"de-DE\"},{\"@type\":\"ImageObject\",\"inLanguage\":\"de-DE\",\"@id\":\"https:\/\/www.toursbahia.com.br\/de\/loja\/reiseziele\/porto-seguro-reiseziele\/#primaryimage\",\"url\":\"https:\/\/www.toursbahia.com.br\/wp-content\/uploads\/2018\/12\/foto-03-porto-seguro-tours-bahia.jpg\",\"contentUrl\":\"https:\/\/www.toursbahia.com.br\/wp-content\/uploads\/2018\/12\/foto-03-porto-seguro-tours-bahia.jpg\",\"width\":900,\"height\":550},{\"@type\":\"WebPage\",\"@id\":\"https:\/\/www.toursbahia.com.br\/de\/loja\/reiseziele\/porto-seguro-reiseziele\/\",\"url\":\"https:\/\/www.toursbahia.com.br\/de\/loja\/reiseziele\/porto-seguro-reiseziele\/\",\"name\":\"Porto Seguro - Reiseziele - Tours Bahia\",\"isPartOf\":{\"@id\":\"https:\/\/www.toursbahia.com.br\/#website\"},\"primaryImageOfPage\":{\"@id\":\"https:\/\/www.toursbahia.com.br\/de\/loja\/reiseziele\/porto-seguro-reiseziele\/#primaryimage\"},\"datePublished\":\"2019-01-18T23:29:18+00:00\",\"dateModified\":\"2019-02-05T22:59:12+00:00\",\"breadcrumb\":{\"@id\":\"https:\/\/www.toursbahia.com.br\/de\/loja\/reiseziele\/porto-seguro-reiseziele\/#breadcrumb\"},\"inLanguage\":\"de-DE\",\"potentialAction\":[{\"@type\":\"ReadAction\",\"target\":[\"https:\/\/www.toursbahia.com.br\/de\/loja\/reiseziele\/porto-seguro-reiseziele\/\"]}]},{\"@type\":\"BreadcrumbList\",\"@id\":\"https:\/\/www.toursbahia.com.br\/de\/loja\/reiseziele\/porto-seguro-reiseziele\/#breadcrumb\",\"itemListElement\":[{\"@type\":\"ListItem\",\"position\":1,\"name\":\"In\u00edcio\",\"item\":\"https:\/\/www.toursbahia.com.br\/de\/\"},{\"@type\":\"ListItem\",\"position\":2,\"name\":\"Store\",\"item\":\"https:\/\/www.toursbahia.com.br\/de\/store-tours-bahia-internacional\/\"},{\"@type\":\"ListItem\",\"position\":3,\"name\":\"Porto Seguro &#8211; Reiseziele\"}]}]}<\/script>\n<!-- \/ Yoast SEO plugin. -->","yoast_head_json":{"title":"Porto Seguro - Reiseziele - Tours Bahia","robots":{"index":"index","follow":"follow","max-snippet":"max-snippet:-1","max-image-preview":"max-image-preview:large","max-video-preview":"max-video-preview:-1"},"canonical":"https:\/\/www.toursbahia.com.br\/de\/loja\/reiseziele\/porto-seguro-reiseziele\/","og_locale":"de_DE","og_type":"article","og_title":"Porto Seguro - Reiseziele - Tours Bahia","og_description":"Ein Besuch an der \u201eCosta do Descobrimento\u201c lohnt immer!  Die S\u00fcdk\u00fcste von Bahia wird auch \u201eCosta do Descobrimento\u201c (dt. \u201eK\u00fcste der Entdecker\u201c) genannt, denn hier hat Cabral mit seinen Truppen erstmals das brasilianische Festland betreten und somit Brasilien entdeckt. Der K\u00fcstenabschnitt bietet Sandstr\u00e4nde, die auf einer L\u00e4nge von gut 90 Kilometern von Korallenriffen vor allzu heftiger Brandung des Atlantiks gesch\u00fctzt werden. Neben den Str\u00e4nden bestimmen Palmenhaine ehemaliger Kokosplantagen und der K\u00fcstenregenwald \u201eMata Atl\u00e2ntica\u201c, B\u00e4che und ins Meer m\u00fcndende Flussl\u00e4ufe das Landschaftsbild entlang der \u201eCosta do Descobrimento\u201c.  Porto Seguro und die angrenzenden D\u00f6rfer Trancoso und Arraial D\u00b4Ajuda sind schon wegen ihres umtriebigen Nachtlebens und der gro\u00dfen Auswahl an Bars und Restaurants \u00e4u\u00dferst reizvoll.  Sie sehen, es gibt viele Gr\u00fcnde, um dieser Region einen Besuch abzustatten!","og_url":"https:\/\/www.toursbahia.com.br\/de\/loja\/reiseziele\/porto-seguro-reiseziele\/","og_site_name":"Tours Bahia","article_publisher":"https:\/\/www.facebook.com\/toursbahiainternational","article_modified_time":"2019-02-05T22:59:12+00:00","og_image":[{"width":900,"height":550,"url":"https:\/\/www.toursbahia.com.br\/wp-content\/uploads\/2018\/12\/foto-03-porto-seguro-tours-bahia.jpg","type":"image\/jpeg"}],"twitter_card":"summary_large_image","schema":{"@context":"https:\/\/schema.org","@graph":[{"@type":"WebSite","@id":"https:\/\/www.toursbahia.com.br\/#website","url":"https:\/\/www.toursbahia.com.br\/","name":"Tours Bahia","description":"","potentialAction":[{"@type":"SearchAction","target":{"@type":"EntryPoint","urlTemplate":"https:\/\/www.toursbahia.com.br\/?s={search_term_string}"},"query-input":"required name=search_term_string"}],"inLanguage":"de-DE"},{"@type":"ImageObject","inLanguage":"de-DE","@id":"https:\/\/www.toursbahia.com.br\/de\/loja\/reiseziele\/porto-seguro-reiseziele\/#primaryimage","url":"https:\/\/www.toursbahia.com.br\/wp-content\/uploads\/2018\/12\/foto-03-porto-seguro-tours-bahia.jpg","contentUrl":"https:\/\/www.toursbahia.com.br\/wp-content\/uploads\/2018\/12\/foto-03-porto-seguro-tours-bahia.jpg","width":900,"height":550},{"@type":"WebPage","@id":"https:\/\/www.toursbahia.com.br\/de\/loja\/reiseziele\/porto-seguro-reiseziele\/","url":"https:\/\/www.toursbahia.com.br\/de\/loja\/reiseziele\/porto-seguro-reiseziele\/","name":"Porto Seguro - Reiseziele - Tours Bahia","isPartOf":{"@id":"https:\/\/www.toursbahia.com.br\/#website"},"primaryImageOfPage":{"@id":"https:\/\/www.toursbahia.com.br\/de\/loja\/reiseziele\/porto-seguro-reiseziele\/#primaryimage"},"datePublished":"2019-01-18T23:29:18+00:00","dateModified":"2019-02-05T22:59:12+00:00","breadcrumb":{"@id":"https:\/\/www.toursbahia.com.br\/de\/loja\/reiseziele\/porto-seguro-reiseziele\/#breadcrumb"},"inLanguage":"de-DE","potentialAction":[{"@type":"ReadAction","target":["https:\/\/www.toursbahia.com.br\/de\/loja\/reiseziele\/porto-seguro-reiseziele\/"]}]},{"@type":"BreadcrumbList","@id":"https:\/\/www.toursbahia.com.br\/de\/loja\/reiseziele\/porto-seguro-reiseziele\/#breadcrumb","itemListElement":[{"@type":"ListItem","position":1,"name":"In\u00edcio","item":"https:\/\/www.toursbahia.com.br\/de\/"},{"@type":"ListItem","position":2,"name":"Store","item":"https:\/\/www.toursbahia.com.br\/de\/store-tours-bahia-internacional\/"},{"@type":"ListItem","position":3,"name":"Porto Seguro &#8211; Reiseziele"}]}]}},"_links":{"self":[{"href":"https:\/\/www.toursbahia.com.br\/de\/wp-json\/wp\/v2\/product\/3412"}],"collection":[{"href":"https:\/\/www.toursbahia.com.br\/de\/wp-json\/wp\/v2\/product"}],"about":[{"href":"https:\/\/www.toursbahia.com.br\/de\/wp-json\/wp\/v2\/types\/product"}],"replies":[{"embeddable":true,"href":"https:\/\/www.toursbahia.com.br\/de\/wp-json\/wp\/v2\/comments?post=3412"}],"wp:featuredmedia":[{"embeddable":true,"href":"https:\/\/www.toursbahia.com.br\/de\/wp-json\/wp\/v2\/media\/2658"}],"wp:attachment":[{"href":"https:\/\/www.toursbahia.com.br\/de\/wp-json\/wp\/v2\/media?parent=3412"}],"wp:term":[{"taxonomy":"product_cat","embeddable":true,"href":"https:\/\/www.toursbahia.com.br\/de\/wp-json\/wp\/v2\/product_cat?post=3412"},{"taxonomy":"product_tag","embeddable":true,"href":"https:\/\/www.toursbahia.com.br\/de\/wp-json\/wp\/v2\/product_tag?post=3412"}],"curies":[{"name":"wp","href":"https:\/\/api.w.org\/{rel}","templated":true}]}}