{"id":3415,"date":"2019-01-18T21:25:10","date_gmt":"2019-01-18T23:25:10","guid":{"rendered":"https:\/\/www.toursbahia.com.br\/\/produto\/unkategorisiert\/imbassai-destino\/"},"modified":"2019-02-05T21:01:58","modified_gmt":"2019-02-05T23:01:58","slug":"imbassai-reiseziele","status":"publish","type":"product","link":"https:\/\/www.toursbahia.com.br\/de\/loja\/reiseziele\/imbassai-reiseziele\/","title":{"rendered":"Imbassa\u00ed &#8211; Reiseziele"},"content":{"rendered":"","protected":false},"excerpt":{"rendered":"<p>Imbassai hat bis heute seine typisch bahianische Atmosph\u00e4re aus Frieden und Ruhe erhalten. Das rustikale Dorf verf\u00fcgt \u00fcber St\u00e4nde umgeben von Kokospalmen, D\u00fcnen und herrlichen Fl\u00fcssen, die sich f\u00fcr ein erfrischendes Bad im S\u00fcsswasser eignen. Um an den Strand von Imbassa\u00ed zu gelangen, m\u00fcssen Sie eine Holzbr\u00fccke \u00fcberqueren oder bei Flut mit einem Floss hin\u00fcberfahren. Rustikale Strandh\u00fctten breiten ihre Tische und St\u00fchle in der N\u00e4he des Flusses und am Meer aus. Der Kunde kann w\u00e4hlen, wo er sich niederlassen will und ob er eines der typischen Gerichte der Region geniessen m\u00f6chte. Einer der sch\u00f6nsten Str\u00e4nde in der Umgebung ist San Antonio. Um diesen zu besuchen, m\u00fcssen Sie in das benachbarte Dorf gehen und eine Strecke von ca. 1,5 km zu Fuss zur\u00fccklegen. In diesem Fischerdorf lernen Sie die Sch\u00f6nheit des lokalen Kunsthandwerks kennen: farbenfrohe Taschen aus Stroh, die in alle Welt exportiert werden.<\/p>\n","protected":false},"featured_media":1973,"comment_status":"open","ping_status":"closed","template":"","meta":[],"product_cat":[656,663,660],"product_tag":[],"yoast_head":"<!-- This site is optimized with the Yoast SEO plugin v19.3 - https:\/\/yoast.com\/wordpress\/plugins\/seo\/ -->\n<title>Imbassa\u00ed - Reiseziele - Tours Bahia<\/title>\n<meta name=\"robots\" content=\"index, follow, max-snippet:-1, max-image-preview:large, max-video-preview:-1\" \/>\n<link rel=\"canonical\" href=\"https:\/\/www.toursbahia.com.br\/de\/loja\/reiseziele\/imbassai-reiseziele\/\" \/>\n<meta property=\"og:locale\" content=\"de_DE\" \/>\n<meta property=\"og:type\" content=\"article\" \/>\n<meta property=\"og:title\" content=\"Imbassa\u00ed - Reiseziele - Tours Bahia\" \/>\n<meta property=\"og:description\" content=\"Imbassai hat bis heute seine typisch bahianische Atmosph\u00e4re aus Frieden und Ruhe erhalten. Das rustikale Dorf verf\u00fcgt \u00fcber St\u00e4nde umgeben von Kokospalmen, D\u00fcnen und herrlichen Fl\u00fcssen, die sich f\u00fcr ein erfrischendes Bad im S\u00fcsswasser eignen. Um an den Strand von Imbassa\u00ed zu gelangen, m\u00fcssen Sie eine Holzbr\u00fccke \u00fcberqueren oder bei Flut mit einem Floss hin\u00fcberfahren. Rustikale Strandh\u00fctten breiten ihre Tische und St\u00fchle in der N\u00e4he des Flusses und am Meer aus. Der Kunde kann w\u00e4hlen, wo er sich niederlassen will und ob er eines der typischen Gerichte der Region geniessen m\u00f6chte. Einer der sch\u00f6nsten Str\u00e4nde in der Umgebung ist San Antonio. Um diesen zu besuchen, m\u00fcssen Sie in das benachbarte Dorf gehen und eine Strecke von ca. 1,5 km zu Fuss zur\u00fccklegen. In diesem Fischerdorf lernen Sie die Sch\u00f6nheit des lokalen Kunsthandwerks kennen: farbenfrohe Taschen aus Stroh, die in alle Welt exportiert werden.\" \/>\n<meta property=\"og:url\" content=\"https:\/\/www.toursbahia.com.br\/de\/loja\/reiseziele\/imbassai-reiseziele\/\" \/>\n<meta property=\"og:site_name\" content=\"Tours Bahia\" \/>\n<meta property=\"article:publisher\" content=\"https:\/\/www.facebook.com\/toursbahiainternational\" \/>\n<meta property=\"article:modified_time\" content=\"2019-02-05T23:01:58+00:00\" \/>\n<meta property=\"og:image\" content=\"https:\/\/www.toursbahia.com.br\/wp-content\/uploads\/2019\/01\/Imbassa\u00ed-Foto-05.jpg\" \/>\n\t<meta property=\"og:image:width\" content=\"900\" \/>\n\t<meta property=\"og:image:height\" content=\"550\" \/>\n\t<meta property=\"og:image:type\" content=\"image\/jpeg\" \/>\n<meta name=\"twitter:card\" content=\"summary_large_image\" \/>\n<script type=\"application\/ld+json\" class=\"yoast-schema-graph\">{\"@context\":\"https:\/\/schema.org\",\"@graph\":[{\"@type\":\"WebSite\",\"@id\":\"https:\/\/www.toursbahia.com.br\/#website\",\"url\":\"https:\/\/www.toursbahia.com.br\/\",\"name\":\"Tours Bahia\",\"description\":\"\",\"potentialAction\":[{\"@type\":\"SearchAction\",\"target\":{\"@type\":\"EntryPoint\",\"urlTemplate\":\"https:\/\/www.toursbahia.com.br\/?s={search_term_string}\"},\"query-input\":\"required name=search_term_string\"}],\"inLanguage\":\"de-DE\"},{\"@type\":\"ImageObject\",\"inLanguage\":\"de-DE\",\"@id\":\"https:\/\/www.toursbahia.com.br\/de\/loja\/reiseziele\/imbassai-reiseziele\/#primaryimage\",\"url\":\"https:\/\/www.toursbahia.com.br\/wp-content\/uploads\/2019\/01\/Imbassa\u00ed-Foto-05.jpg\",\"contentUrl\":\"https:\/\/www.toursbahia.com.br\/wp-content\/uploads\/2019\/01\/Imbassa\u00ed-Foto-05.jpg\",\"width\":900,\"height\":550},{\"@type\":\"WebPage\",\"@id\":\"https:\/\/www.toursbahia.com.br\/de\/loja\/reiseziele\/imbassai-reiseziele\/\",\"url\":\"https:\/\/www.toursbahia.com.br\/de\/loja\/reiseziele\/imbassai-reiseziele\/\",\"name\":\"Imbassa\u00ed - Reiseziele - Tours Bahia\",\"isPartOf\":{\"@id\":\"https:\/\/www.toursbahia.com.br\/#website\"},\"primaryImageOfPage\":{\"@id\":\"https:\/\/www.toursbahia.com.br\/de\/loja\/reiseziele\/imbassai-reiseziele\/#primaryimage\"},\"datePublished\":\"2019-01-18T23:25:10+00:00\",\"dateModified\":\"2019-02-05T23:01:58+00:00\",\"breadcrumb\":{\"@id\":\"https:\/\/www.toursbahia.com.br\/de\/loja\/reiseziele\/imbassai-reiseziele\/#breadcrumb\"},\"inLanguage\":\"de-DE\",\"potentialAction\":[{\"@type\":\"ReadAction\",\"target\":[\"https:\/\/www.toursbahia.com.br\/de\/loja\/reiseziele\/imbassai-reiseziele\/\"]}]},{\"@type\":\"BreadcrumbList\",\"@id\":\"https:\/\/www.toursbahia.com.br\/de\/loja\/reiseziele\/imbassai-reiseziele\/#breadcrumb\",\"itemListElement\":[{\"@type\":\"ListItem\",\"position\":1,\"name\":\"In\u00edcio\",\"item\":\"https:\/\/www.toursbahia.com.br\/de\/\"},{\"@type\":\"ListItem\",\"position\":2,\"name\":\"Store\",\"item\":\"https:\/\/www.toursbahia.com.br\/de\/store-tours-bahia-internacional\/\"},{\"@type\":\"ListItem\",\"position\":3,\"name\":\"Imbassa\u00ed &#8211; Reiseziele\"}]}]}<\/script>\n<!-- \/ Yoast SEO plugin. -->","yoast_head_json":{"title":"Imbassa\u00ed - Reiseziele - Tours Bahia","robots":{"index":"index","follow":"follow","max-snippet":"max-snippet:-1","max-image-preview":"max-image-preview:large","max-video-preview":"max-video-preview:-1"},"canonical":"https:\/\/www.toursbahia.com.br\/de\/loja\/reiseziele\/imbassai-reiseziele\/","og_locale":"de_DE","og_type":"article","og_title":"Imbassa\u00ed - Reiseziele - Tours Bahia","og_description":"Imbassai hat bis heute seine typisch bahianische Atmosph\u00e4re aus Frieden und Ruhe erhalten. Das rustikale Dorf verf\u00fcgt \u00fcber St\u00e4nde umgeben von Kokospalmen, D\u00fcnen und herrlichen Fl\u00fcssen, die sich f\u00fcr ein erfrischendes Bad im S\u00fcsswasser eignen. Um an den Strand von Imbassa\u00ed zu gelangen, m\u00fcssen Sie eine Holzbr\u00fccke \u00fcberqueren oder bei Flut mit einem Floss hin\u00fcberfahren. Rustikale Strandh\u00fctten breiten ihre Tische und St\u00fchle in der N\u00e4he des Flusses und am Meer aus. Der Kunde kann w\u00e4hlen, wo er sich niederlassen will und ob er eines der typischen Gerichte der Region geniessen m\u00f6chte. Einer der sch\u00f6nsten Str\u00e4nde in der Umgebung ist San Antonio. Um diesen zu besuchen, m\u00fcssen Sie in das benachbarte Dorf gehen und eine Strecke von ca. 1,5 km zu Fuss zur\u00fccklegen. In diesem Fischerdorf lernen Sie die Sch\u00f6nheit des lokalen Kunsthandwerks kennen: farbenfrohe Taschen aus Stroh, die in alle Welt exportiert werden.","og_url":"https:\/\/www.toursbahia.com.br\/de\/loja\/reiseziele\/imbassai-reiseziele\/","og_site_name":"Tours Bahia","article_publisher":"https:\/\/www.facebook.com\/toursbahiainternational","article_modified_time":"2019-02-05T23:01:58+00:00","og_image":[{"width":900,"height":550,"url":"https:\/\/www.toursbahia.com.br\/wp-content\/uploads\/2019\/01\/Imbassa\u00ed-Foto-05.jpg","type":"image\/jpeg"}],"twitter_card":"summary_large_image","schema":{"@context":"https:\/\/schema.org","@graph":[{"@type":"WebSite","@id":"https:\/\/www.toursbahia.com.br\/#website","url":"https:\/\/www.toursbahia.com.br\/","name":"Tours Bahia","description":"","potentialAction":[{"@type":"SearchAction","target":{"@type":"EntryPoint","urlTemplate":"https:\/\/www.toursbahia.com.br\/?s={search_term_string}"},"query-input":"required name=search_term_string"}],"inLanguage":"de-DE"},{"@type":"ImageObject","inLanguage":"de-DE","@id":"https:\/\/www.toursbahia.com.br\/de\/loja\/reiseziele\/imbassai-reiseziele\/#primaryimage","url":"https:\/\/www.toursbahia.com.br\/wp-content\/uploads\/2019\/01\/Imbassa\u00ed-Foto-05.jpg","contentUrl":"https:\/\/www.toursbahia.com.br\/wp-content\/uploads\/2019\/01\/Imbassa\u00ed-Foto-05.jpg","width":900,"height":550},{"@type":"WebPage","@id":"https:\/\/www.toursbahia.com.br\/de\/loja\/reiseziele\/imbassai-reiseziele\/","url":"https:\/\/www.toursbahia.com.br\/de\/loja\/reiseziele\/imbassai-reiseziele\/","name":"Imbassa\u00ed - Reiseziele - Tours Bahia","isPartOf":{"@id":"https:\/\/www.toursbahia.com.br\/#website"},"primaryImageOfPage":{"@id":"https:\/\/www.toursbahia.com.br\/de\/loja\/reiseziele\/imbassai-reiseziele\/#primaryimage"},"datePublished":"2019-01-18T23:25:10+00:00","dateModified":"2019-02-05T23:01:58+00:00","breadcrumb":{"@id":"https:\/\/www.toursbahia.com.br\/de\/loja\/reiseziele\/imbassai-reiseziele\/#breadcrumb"},"inLanguage":"de-DE","potentialAction":[{"@type":"ReadAction","target":["https:\/\/www.toursbahia.com.br\/de\/loja\/reiseziele\/imbassai-reiseziele\/"]}]},{"@type":"BreadcrumbList","@id":"https:\/\/www.toursbahia.com.br\/de\/loja\/reiseziele\/imbassai-reiseziele\/#breadcrumb","itemListElement":[{"@type":"ListItem","position":1,"name":"In\u00edcio","item":"https:\/\/www.toursbahia.com.br\/de\/"},{"@type":"ListItem","position":2,"name":"Store","item":"https:\/\/www.toursbahia.com.br\/de\/store-tours-bahia-internacional\/"},{"@type":"ListItem","position":3,"name":"Imbassa\u00ed &#8211; Reiseziele"}]}]}},"_links":{"self":[{"href":"https:\/\/www.toursbahia.com.br\/de\/wp-json\/wp\/v2\/product\/3415"}],"collection":[{"href":"https:\/\/www.toursbahia.com.br\/de\/wp-json\/wp\/v2\/product"}],"about":[{"href":"https:\/\/www.toursbahia.com.br\/de\/wp-json\/wp\/v2\/types\/product"}],"replies":[{"embeddable":true,"href":"https:\/\/www.toursbahia.com.br\/de\/wp-json\/wp\/v2\/comments?post=3415"}],"wp:featuredmedia":[{"embeddable":true,"href":"https:\/\/www.toursbahia.com.br\/de\/wp-json\/wp\/v2\/media\/1973"}],"wp:attachment":[{"href":"https:\/\/www.toursbahia.com.br\/de\/wp-json\/wp\/v2\/media?parent=3415"}],"wp:term":[{"taxonomy":"product_cat","embeddable":true,"href":"https:\/\/www.toursbahia.com.br\/de\/wp-json\/wp\/v2\/product_cat?post=3415"},{"taxonomy":"product_tag","embeddable":true,"href":"https:\/\/www.toursbahia.com.br\/de\/wp-json\/wp\/v2\/product_tag?post=3415"}],"curies":[{"name":"wp","href":"https:\/\/api.w.org\/{rel}","templated":true}]}}