{"id":3418,"date":"2019-01-18T21:20:00","date_gmt":"2019-01-18T23:20:00","guid":{"rendered":"https:\/\/www.toursbahia.com.br\/\/produto\/unkategorisiert\/guarajuba-destino\/"},"modified":"2019-02-05T21:05:26","modified_gmt":"2019-02-05T23:05:26","slug":"guarajuba-reiseziele","status":"publish","type":"product","link":"https:\/\/www.toursbahia.com.br\/de\/loja\/reiseziele\/guarajuba-reiseziele\/","title":{"rendered":"Guarajuba &#8211; Reiseziele"},"content":{"rendered":"","protected":false},"excerpt":{"rendered":"<p>Guarajuba z\u00e4hlt zu den beliebtesten Str\u00e4nden an der Nordk\u00fcste von Bahia, vor allem f\u00fcr Familien, die ihre Ferien an einem ruhigen Ort verbringen m\u00f6chten. Das Dorf verf\u00fcgt \u00fcber Ferienh\u00e4user in ruhigen Wohnanlagen, einfache Pousadas und luxuri\u00f6se Resorts. Rund um die Uferpromenade gibt es Pl\u00e4tze und von B\u00e4umen ges\u00e4umte Strassen, die ideal zum Radfahren, Joggen und Spazierengehen sind. Die Str\u00e4nde werden von Korallenriffen gesch\u00fctzt und eignen sich bestens f\u00fcrs Baden sowie herrliche und entspannte Schnorchelg\u00e4nge. Im offenen Meer wiederum bilden sich perfekte Wellen, die die Aufmerksamkeit der Surfer aus ganz Brasilien auf sich gezogen haben. Im Sommer \u00fcberbieten sich die Strandh\u00fctten mit interessanten Tages- und Nachtprogrammen und begeistern damit sowohl Einheimische als auch Touristen von den umliegenden Str\u00e4nden.<\/p>\n","protected":false},"featured_media":1979,"comment_status":"open","ping_status":"closed","template":"","meta":[],"product_cat":[656,662,660],"product_tag":[],"yoast_head":"<!-- This site is optimized with the Yoast SEO plugin v19.3 - https:\/\/yoast.com\/wordpress\/plugins\/seo\/ -->\n<title>Guarajuba - Reiseziele - Tours Bahia<\/title>\n<meta name=\"robots\" content=\"index, follow, max-snippet:-1, max-image-preview:large, max-video-preview:-1\" \/>\n<link rel=\"canonical\" href=\"https:\/\/www.toursbahia.com.br\/de\/loja\/reiseziele\/guarajuba-reiseziele\/\" \/>\n<meta property=\"og:locale\" content=\"de_DE\" \/>\n<meta property=\"og:type\" content=\"article\" \/>\n<meta property=\"og:title\" content=\"Guarajuba - Reiseziele - Tours Bahia\" \/>\n<meta property=\"og:description\" content=\"Guarajuba z\u00e4hlt zu den beliebtesten Str\u00e4nden an der Nordk\u00fcste von Bahia, vor allem f\u00fcr Familien, die ihre Ferien an einem ruhigen Ort verbringen m\u00f6chten. Das Dorf verf\u00fcgt \u00fcber Ferienh\u00e4user in ruhigen Wohnanlagen, einfache Pousadas und luxuri\u00f6se Resorts. Rund um die Uferpromenade gibt es Pl\u00e4tze und von B\u00e4umen ges\u00e4umte Strassen, die ideal zum Radfahren, Joggen und Spazierengehen sind. Die Str\u00e4nde werden von Korallenriffen gesch\u00fctzt und eignen sich bestens f\u00fcrs Baden sowie herrliche und entspannte Schnorchelg\u00e4nge. Im offenen Meer wiederum bilden sich perfekte Wellen, die die Aufmerksamkeit der Surfer aus ganz Brasilien auf sich gezogen haben. Im Sommer \u00fcberbieten sich die Strandh\u00fctten mit interessanten Tages- und Nachtprogrammen und begeistern damit sowohl Einheimische als auch Touristen von den umliegenden Str\u00e4nden.\" \/>\n<meta property=\"og:url\" content=\"https:\/\/www.toursbahia.com.br\/de\/loja\/reiseziele\/guarajuba-reiseziele\/\" \/>\n<meta property=\"og:site_name\" content=\"Tours Bahia\" \/>\n<meta property=\"article:publisher\" content=\"https:\/\/www.facebook.com\/toursbahiainternational\" \/>\n<meta property=\"article:modified_time\" content=\"2019-02-05T23:05:26+00:00\" \/>\n<meta property=\"og:image\" content=\"https:\/\/www.toursbahia.com.br\/wp-content\/uploads\/2019\/01\/Guarajuba-Foto-05.jpg\" \/>\n\t<meta property=\"og:image:width\" content=\"900\" \/>\n\t<meta property=\"og:image:height\" content=\"550\" \/>\n\t<meta property=\"og:image:type\" content=\"image\/jpeg\" \/>\n<meta name=\"twitter:card\" content=\"summary_large_image\" \/>\n<script type=\"application\/ld+json\" class=\"yoast-schema-graph\">{\"@context\":\"https:\/\/schema.org\",\"@graph\":[{\"@type\":\"WebSite\",\"@id\":\"https:\/\/www.toursbahia.com.br\/#website\",\"url\":\"https:\/\/www.toursbahia.com.br\/\",\"name\":\"Tours Bahia\",\"description\":\"\",\"potentialAction\":[{\"@type\":\"SearchAction\",\"target\":{\"@type\":\"EntryPoint\",\"urlTemplate\":\"https:\/\/www.toursbahia.com.br\/?s={search_term_string}\"},\"query-input\":\"required name=search_term_string\"}],\"inLanguage\":\"de-DE\"},{\"@type\":\"ImageObject\",\"inLanguage\":\"de-DE\",\"@id\":\"https:\/\/www.toursbahia.com.br\/de\/loja\/reiseziele\/guarajuba-reiseziele\/#primaryimage\",\"url\":\"https:\/\/www.toursbahia.com.br\/wp-content\/uploads\/2019\/01\/Guarajuba-Foto-05.jpg\",\"contentUrl\":\"https:\/\/www.toursbahia.com.br\/wp-content\/uploads\/2019\/01\/Guarajuba-Foto-05.jpg\",\"width\":900,\"height\":550},{\"@type\":\"WebPage\",\"@id\":\"https:\/\/www.toursbahia.com.br\/de\/loja\/reiseziele\/guarajuba-reiseziele\/\",\"url\":\"https:\/\/www.toursbahia.com.br\/de\/loja\/reiseziele\/guarajuba-reiseziele\/\",\"name\":\"Guarajuba - Reiseziele - Tours Bahia\",\"isPartOf\":{\"@id\":\"https:\/\/www.toursbahia.com.br\/#website\"},\"primaryImageOfPage\":{\"@id\":\"https:\/\/www.toursbahia.com.br\/de\/loja\/reiseziele\/guarajuba-reiseziele\/#primaryimage\"},\"datePublished\":\"2019-01-18T23:20:00+00:00\",\"dateModified\":\"2019-02-05T23:05:26+00:00\",\"breadcrumb\":{\"@id\":\"https:\/\/www.toursbahia.com.br\/de\/loja\/reiseziele\/guarajuba-reiseziele\/#breadcrumb\"},\"inLanguage\":\"de-DE\",\"potentialAction\":[{\"@type\":\"ReadAction\",\"target\":[\"https:\/\/www.toursbahia.com.br\/de\/loja\/reiseziele\/guarajuba-reiseziele\/\"]}]},{\"@type\":\"BreadcrumbList\",\"@id\":\"https:\/\/www.toursbahia.com.br\/de\/loja\/reiseziele\/guarajuba-reiseziele\/#breadcrumb\",\"itemListElement\":[{\"@type\":\"ListItem\",\"position\":1,\"name\":\"In\u00edcio\",\"item\":\"https:\/\/www.toursbahia.com.br\/de\/\"},{\"@type\":\"ListItem\",\"position\":2,\"name\":\"Store\",\"item\":\"https:\/\/www.toursbahia.com.br\/de\/store-tours-bahia-internacional\/\"},{\"@type\":\"ListItem\",\"position\":3,\"name\":\"Guarajuba &#8211; Reiseziele\"}]}]}<\/script>\n<!-- \/ Yoast SEO plugin. -->","yoast_head_json":{"title":"Guarajuba - Reiseziele - Tours Bahia","robots":{"index":"index","follow":"follow","max-snippet":"max-snippet:-1","max-image-preview":"max-image-preview:large","max-video-preview":"max-video-preview:-1"},"canonical":"https:\/\/www.toursbahia.com.br\/de\/loja\/reiseziele\/guarajuba-reiseziele\/","og_locale":"de_DE","og_type":"article","og_title":"Guarajuba - Reiseziele - Tours Bahia","og_description":"Guarajuba z\u00e4hlt zu den beliebtesten Str\u00e4nden an der Nordk\u00fcste von Bahia, vor allem f\u00fcr Familien, die ihre Ferien an einem ruhigen Ort verbringen m\u00f6chten. Das Dorf verf\u00fcgt \u00fcber Ferienh\u00e4user in ruhigen Wohnanlagen, einfache Pousadas und luxuri\u00f6se Resorts. Rund um die Uferpromenade gibt es Pl\u00e4tze und von B\u00e4umen ges\u00e4umte Strassen, die ideal zum Radfahren, Joggen und Spazierengehen sind. Die Str\u00e4nde werden von Korallenriffen gesch\u00fctzt und eignen sich bestens f\u00fcrs Baden sowie herrliche und entspannte Schnorchelg\u00e4nge. Im offenen Meer wiederum bilden sich perfekte Wellen, die die Aufmerksamkeit der Surfer aus ganz Brasilien auf sich gezogen haben. Im Sommer \u00fcberbieten sich die Strandh\u00fctten mit interessanten Tages- und Nachtprogrammen und begeistern damit sowohl Einheimische als auch Touristen von den umliegenden Str\u00e4nden.","og_url":"https:\/\/www.toursbahia.com.br\/de\/loja\/reiseziele\/guarajuba-reiseziele\/","og_site_name":"Tours Bahia","article_publisher":"https:\/\/www.facebook.com\/toursbahiainternational","article_modified_time":"2019-02-05T23:05:26+00:00","og_image":[{"width":900,"height":550,"url":"https:\/\/www.toursbahia.com.br\/wp-content\/uploads\/2019\/01\/Guarajuba-Foto-05.jpg","type":"image\/jpeg"}],"twitter_card":"summary_large_image","schema":{"@context":"https:\/\/schema.org","@graph":[{"@type":"WebSite","@id":"https:\/\/www.toursbahia.com.br\/#website","url":"https:\/\/www.toursbahia.com.br\/","name":"Tours Bahia","description":"","potentialAction":[{"@type":"SearchAction","target":{"@type":"EntryPoint","urlTemplate":"https:\/\/www.toursbahia.com.br\/?s={search_term_string}"},"query-input":"required name=search_term_string"}],"inLanguage":"de-DE"},{"@type":"ImageObject","inLanguage":"de-DE","@id":"https:\/\/www.toursbahia.com.br\/de\/loja\/reiseziele\/guarajuba-reiseziele\/#primaryimage","url":"https:\/\/www.toursbahia.com.br\/wp-content\/uploads\/2019\/01\/Guarajuba-Foto-05.jpg","contentUrl":"https:\/\/www.toursbahia.com.br\/wp-content\/uploads\/2019\/01\/Guarajuba-Foto-05.jpg","width":900,"height":550},{"@type":"WebPage","@id":"https:\/\/www.toursbahia.com.br\/de\/loja\/reiseziele\/guarajuba-reiseziele\/","url":"https:\/\/www.toursbahia.com.br\/de\/loja\/reiseziele\/guarajuba-reiseziele\/","name":"Guarajuba - Reiseziele - Tours Bahia","isPartOf":{"@id":"https:\/\/www.toursbahia.com.br\/#website"},"primaryImageOfPage":{"@id":"https:\/\/www.toursbahia.com.br\/de\/loja\/reiseziele\/guarajuba-reiseziele\/#primaryimage"},"datePublished":"2019-01-18T23:20:00+00:00","dateModified":"2019-02-05T23:05:26+00:00","breadcrumb":{"@id":"https:\/\/www.toursbahia.com.br\/de\/loja\/reiseziele\/guarajuba-reiseziele\/#breadcrumb"},"inLanguage":"de-DE","potentialAction":[{"@type":"ReadAction","target":["https:\/\/www.toursbahia.com.br\/de\/loja\/reiseziele\/guarajuba-reiseziele\/"]}]},{"@type":"BreadcrumbList","@id":"https:\/\/www.toursbahia.com.br\/de\/loja\/reiseziele\/guarajuba-reiseziele\/#breadcrumb","itemListElement":[{"@type":"ListItem","position":1,"name":"In\u00edcio","item":"https:\/\/www.toursbahia.com.br\/de\/"},{"@type":"ListItem","position":2,"name":"Store","item":"https:\/\/www.toursbahia.com.br\/de\/store-tours-bahia-internacional\/"},{"@type":"ListItem","position":3,"name":"Guarajuba &#8211; Reiseziele"}]}]}},"_links":{"self":[{"href":"https:\/\/www.toursbahia.com.br\/de\/wp-json\/wp\/v2\/product\/3418"}],"collection":[{"href":"https:\/\/www.toursbahia.com.br\/de\/wp-json\/wp\/v2\/product"}],"about":[{"href":"https:\/\/www.toursbahia.com.br\/de\/wp-json\/wp\/v2\/types\/product"}],"replies":[{"embeddable":true,"href":"https:\/\/www.toursbahia.com.br\/de\/wp-json\/wp\/v2\/comments?post=3418"}],"wp:featuredmedia":[{"embeddable":true,"href":"https:\/\/www.toursbahia.com.br\/de\/wp-json\/wp\/v2\/media\/1979"}],"wp:attachment":[{"href":"https:\/\/www.toursbahia.com.br\/de\/wp-json\/wp\/v2\/media?parent=3418"}],"wp:term":[{"taxonomy":"product_cat","embeddable":true,"href":"https:\/\/www.toursbahia.com.br\/de\/wp-json\/wp\/v2\/product_cat?post=3418"},{"taxonomy":"product_tag","embeddable":true,"href":"https:\/\/www.toursbahia.com.br\/de\/wp-json\/wp\/v2\/product_tag?post=3418"}],"curies":[{"name":"wp","href":"https:\/\/api.w.org\/{rel}","templated":true}]}}