{"id":3421,"date":"2019-01-18T21:17:26","date_gmt":"2019-01-18T23:17:26","guid":{"rendered":"https:\/\/www.toursbahia.com.br\/\/produto\/unkategorisiert\/arembepe-destino\/"},"modified":"2022-02-09T02:02:58","modified_gmt":"2022-02-09T05:02:58","slug":"arembepe-reiseziele","status":"publish","type":"product","link":"https:\/\/www.toursbahia.com.br\/de\/loja\/reiseziele\/arembepe-reiseziele\/","title":{"rendered":"Arembepe &#8211; Reiseziele"},"content":{"rendered":"","protected":false},"excerpt":{"rendered":"<p>Arembepe besitzt traumhafte Str\u00e4nde, doch tats\u00e4chlich bemerkenswert ist das hier bestehende Hippie-Dorf. Ein Ort voller Frieden und Liebe, der seinen Besuchern eine Form des einfachen und alternativen \u00dcberlebens inmitten einer fast unber\u00fchrten Landschaft zeigt. Die Dorfbewohner leben noch immer in H\u00fctten aus Lehm und Stroh, ohne Strom. Das bisschen Geld, das sie zum Leben brauchen, verdienen sie mit dem Verkauf von Kunsthandwerk und Maniok. Arembepe empfing auch schon einige ber\u00fchmte Besucher wie Mick Jagger, Keith Richards und Janis Joplin in den 1960er- und 70er-Jahren. Die Landschaft besteht aus Kokospalmen, Riffen, nat\u00fcrlichen Schwimmbecken und kristallklaren Lagunen. Ausserdem gibt es hier einen Sitz des Tamar-Projekts zum Schutz von Meeresschildkr\u00f6ten. Ein Besuch lohnt sich, Sie werden sich in dieses Paradies verlieben.<\/p>\n","protected":false},"featured_media":3422,"comment_status":"open","ping_status":"closed","template":"","meta":[],"product_cat":[656,661,660],"product_tag":[],"yoast_head":"<!-- This site is optimized with the Yoast SEO plugin v19.3 - https:\/\/yoast.com\/wordpress\/plugins\/seo\/ -->\n<title>Arembepe - Reiseziele - Tours Bahia<\/title>\n<meta name=\"robots\" content=\"index, follow, max-snippet:-1, max-image-preview:large, max-video-preview:-1\" \/>\n<link rel=\"canonical\" href=\"https:\/\/www.toursbahia.com.br\/de\/loja\/reiseziele\/arembepe-reiseziele\/\" \/>\n<meta property=\"og:locale\" content=\"de_DE\" \/>\n<meta property=\"og:type\" content=\"article\" \/>\n<meta property=\"og:title\" content=\"Arembepe - Reiseziele - Tours Bahia\" \/>\n<meta property=\"og:description\" content=\"Arembepe besitzt traumhafte Str\u00e4nde, doch tats\u00e4chlich bemerkenswert ist das hier bestehende Hippie-Dorf. Ein Ort voller Frieden und Liebe, der seinen Besuchern eine Form des einfachen und alternativen \u00dcberlebens inmitten einer fast unber\u00fchrten Landschaft zeigt. Die Dorfbewohner leben noch immer in H\u00fctten aus Lehm und Stroh, ohne Strom. Das bisschen Geld, das sie zum Leben brauchen, verdienen sie mit dem Verkauf von Kunsthandwerk und Maniok. Arembepe empfing auch schon einige ber\u00fchmte Besucher wie Mick Jagger, Keith Richards und Janis Joplin in den 1960er- und 70er-Jahren. Die Landschaft besteht aus Kokospalmen, Riffen, nat\u00fcrlichen Schwimmbecken und kristallklaren Lagunen. Ausserdem gibt es hier einen Sitz des Tamar-Projekts zum Schutz von Meeresschildkr\u00f6ten. Ein Besuch lohnt sich, Sie werden sich in dieses Paradies verlieben.\" \/>\n<meta property=\"og:url\" content=\"https:\/\/www.toursbahia.com.br\/de\/loja\/reiseziele\/arembepe-reiseziele\/\" \/>\n<meta property=\"og:site_name\" content=\"Tours Bahia\" \/>\n<meta property=\"article:publisher\" content=\"https:\/\/www.facebook.com\/toursbahiainternational\" \/>\n<meta property=\"article:modified_time\" content=\"2022-02-09T05:02:58+00:00\" \/>\n<meta property=\"og:image\" content=\"https:\/\/www.toursbahia.com.br\/wp-content\/uploads\/2019\/01\/Arembepe-Foto-08.jpg\" \/>\n\t<meta property=\"og:image:width\" content=\"900\" \/>\n\t<meta property=\"og:image:height\" content=\"550\" \/>\n\t<meta property=\"og:image:type\" content=\"image\/jpeg\" \/>\n<meta name=\"twitter:card\" content=\"summary_large_image\" \/>\n<script type=\"application\/ld+json\" class=\"yoast-schema-graph\">{\"@context\":\"https:\/\/schema.org\",\"@graph\":[{\"@type\":\"WebSite\",\"@id\":\"https:\/\/www.toursbahia.com.br\/#website\",\"url\":\"https:\/\/www.toursbahia.com.br\/\",\"name\":\"Tours Bahia\",\"description\":\"\",\"potentialAction\":[{\"@type\":\"SearchAction\",\"target\":{\"@type\":\"EntryPoint\",\"urlTemplate\":\"https:\/\/www.toursbahia.com.br\/?s={search_term_string}\"},\"query-input\":\"required name=search_term_string\"}],\"inLanguage\":\"de-DE\"},{\"@type\":\"ImageObject\",\"inLanguage\":\"de-DE\",\"@id\":\"https:\/\/www.toursbahia.com.br\/de\/loja\/reiseziele\/arembepe-reiseziele\/#primaryimage\",\"url\":\"https:\/\/www.toursbahia.com.br\/wp-content\/uploads\/2019\/01\/Arembepe-Foto-08.jpg\",\"contentUrl\":\"https:\/\/www.toursbahia.com.br\/wp-content\/uploads\/2019\/01\/Arembepe-Foto-08.jpg\",\"width\":900,\"height\":550},{\"@type\":\"WebPage\",\"@id\":\"https:\/\/www.toursbahia.com.br\/de\/loja\/reiseziele\/arembepe-reiseziele\/\",\"url\":\"https:\/\/www.toursbahia.com.br\/de\/loja\/reiseziele\/arembepe-reiseziele\/\",\"name\":\"Arembepe - Reiseziele - Tours Bahia\",\"isPartOf\":{\"@id\":\"https:\/\/www.toursbahia.com.br\/#website\"},\"primaryImageOfPage\":{\"@id\":\"https:\/\/www.toursbahia.com.br\/de\/loja\/reiseziele\/arembepe-reiseziele\/#primaryimage\"},\"datePublished\":\"2019-01-18T23:17:26+00:00\",\"dateModified\":\"2022-02-09T05:02:58+00:00\",\"breadcrumb\":{\"@id\":\"https:\/\/www.toursbahia.com.br\/de\/loja\/reiseziele\/arembepe-reiseziele\/#breadcrumb\"},\"inLanguage\":\"de-DE\",\"potentialAction\":[{\"@type\":\"ReadAction\",\"target\":[\"https:\/\/www.toursbahia.com.br\/de\/loja\/reiseziele\/arembepe-reiseziele\/\"]}]},{\"@type\":\"BreadcrumbList\",\"@id\":\"https:\/\/www.toursbahia.com.br\/de\/loja\/reiseziele\/arembepe-reiseziele\/#breadcrumb\",\"itemListElement\":[{\"@type\":\"ListItem\",\"position\":1,\"name\":\"In\u00edcio\",\"item\":\"https:\/\/www.toursbahia.com.br\/de\/\"},{\"@type\":\"ListItem\",\"position\":2,\"name\":\"Store\",\"item\":\"https:\/\/www.toursbahia.com.br\/de\/store-tours-bahia-internacional\/\"},{\"@type\":\"ListItem\",\"position\":3,\"name\":\"Arembepe &#8211; Reiseziele\"}]}]}<\/script>\n<!-- \/ Yoast SEO plugin. -->","yoast_head_json":{"title":"Arembepe - Reiseziele - Tours Bahia","robots":{"index":"index","follow":"follow","max-snippet":"max-snippet:-1","max-image-preview":"max-image-preview:large","max-video-preview":"max-video-preview:-1"},"canonical":"https:\/\/www.toursbahia.com.br\/de\/loja\/reiseziele\/arembepe-reiseziele\/","og_locale":"de_DE","og_type":"article","og_title":"Arembepe - Reiseziele - Tours Bahia","og_description":"Arembepe besitzt traumhafte Str\u00e4nde, doch tats\u00e4chlich bemerkenswert ist das hier bestehende Hippie-Dorf. Ein Ort voller Frieden und Liebe, der seinen Besuchern eine Form des einfachen und alternativen \u00dcberlebens inmitten einer fast unber\u00fchrten Landschaft zeigt. Die Dorfbewohner leben noch immer in H\u00fctten aus Lehm und Stroh, ohne Strom. Das bisschen Geld, das sie zum Leben brauchen, verdienen sie mit dem Verkauf von Kunsthandwerk und Maniok. Arembepe empfing auch schon einige ber\u00fchmte Besucher wie Mick Jagger, Keith Richards und Janis Joplin in den 1960er- und 70er-Jahren. Die Landschaft besteht aus Kokospalmen, Riffen, nat\u00fcrlichen Schwimmbecken und kristallklaren Lagunen. Ausserdem gibt es hier einen Sitz des Tamar-Projekts zum Schutz von Meeresschildkr\u00f6ten. Ein Besuch lohnt sich, Sie werden sich in dieses Paradies verlieben.","og_url":"https:\/\/www.toursbahia.com.br\/de\/loja\/reiseziele\/arembepe-reiseziele\/","og_site_name":"Tours Bahia","article_publisher":"https:\/\/www.facebook.com\/toursbahiainternational","article_modified_time":"2022-02-09T05:02:58+00:00","og_image":[{"width":900,"height":550,"url":"https:\/\/www.toursbahia.com.br\/wp-content\/uploads\/2019\/01\/Arembepe-Foto-08.jpg","type":"image\/jpeg"}],"twitter_card":"summary_large_image","schema":{"@context":"https:\/\/schema.org","@graph":[{"@type":"WebSite","@id":"https:\/\/www.toursbahia.com.br\/#website","url":"https:\/\/www.toursbahia.com.br\/","name":"Tours Bahia","description":"","potentialAction":[{"@type":"SearchAction","target":{"@type":"EntryPoint","urlTemplate":"https:\/\/www.toursbahia.com.br\/?s={search_term_string}"},"query-input":"required name=search_term_string"}],"inLanguage":"de-DE"},{"@type":"ImageObject","inLanguage":"de-DE","@id":"https:\/\/www.toursbahia.com.br\/de\/loja\/reiseziele\/arembepe-reiseziele\/#primaryimage","url":"https:\/\/www.toursbahia.com.br\/wp-content\/uploads\/2019\/01\/Arembepe-Foto-08.jpg","contentUrl":"https:\/\/www.toursbahia.com.br\/wp-content\/uploads\/2019\/01\/Arembepe-Foto-08.jpg","width":900,"height":550},{"@type":"WebPage","@id":"https:\/\/www.toursbahia.com.br\/de\/loja\/reiseziele\/arembepe-reiseziele\/","url":"https:\/\/www.toursbahia.com.br\/de\/loja\/reiseziele\/arembepe-reiseziele\/","name":"Arembepe - Reiseziele - Tours Bahia","isPartOf":{"@id":"https:\/\/www.toursbahia.com.br\/#website"},"primaryImageOfPage":{"@id":"https:\/\/www.toursbahia.com.br\/de\/loja\/reiseziele\/arembepe-reiseziele\/#primaryimage"},"datePublished":"2019-01-18T23:17:26+00:00","dateModified":"2022-02-09T05:02:58+00:00","breadcrumb":{"@id":"https:\/\/www.toursbahia.com.br\/de\/loja\/reiseziele\/arembepe-reiseziele\/#breadcrumb"},"inLanguage":"de-DE","potentialAction":[{"@type":"ReadAction","target":["https:\/\/www.toursbahia.com.br\/de\/loja\/reiseziele\/arembepe-reiseziele\/"]}]},{"@type":"BreadcrumbList","@id":"https:\/\/www.toursbahia.com.br\/de\/loja\/reiseziele\/arembepe-reiseziele\/#breadcrumb","itemListElement":[{"@type":"ListItem","position":1,"name":"In\u00edcio","item":"https:\/\/www.toursbahia.com.br\/de\/"},{"@type":"ListItem","position":2,"name":"Store","item":"https:\/\/www.toursbahia.com.br\/de\/store-tours-bahia-internacional\/"},{"@type":"ListItem","position":3,"name":"Arembepe &#8211; Reiseziele"}]}]}},"_links":{"self":[{"href":"https:\/\/www.toursbahia.com.br\/de\/wp-json\/wp\/v2\/product\/3421"}],"collection":[{"href":"https:\/\/www.toursbahia.com.br\/de\/wp-json\/wp\/v2\/product"}],"about":[{"href":"https:\/\/www.toursbahia.com.br\/de\/wp-json\/wp\/v2\/types\/product"}],"replies":[{"embeddable":true,"href":"https:\/\/www.toursbahia.com.br\/de\/wp-json\/wp\/v2\/comments?post=3421"}],"wp:featuredmedia":[{"embeddable":true,"href":"https:\/\/www.toursbahia.com.br\/de\/wp-json\/wp\/v2\/media\/3422"}],"wp:attachment":[{"href":"https:\/\/www.toursbahia.com.br\/de\/wp-json\/wp\/v2\/media?parent=3421"}],"wp:term":[{"taxonomy":"product_cat","embeddable":true,"href":"https:\/\/www.toursbahia.com.br\/de\/wp-json\/wp\/v2\/product_cat?post=3421"},{"taxonomy":"product_tag","embeddable":true,"href":"https:\/\/www.toursbahia.com.br\/de\/wp-json\/wp\/v2\/product_tag?post=3421"}],"curies":[{"name":"wp","href":"https:\/\/api.w.org\/{rel}","templated":true}]}}