{"id":3428,"date":"2019-01-18T15:17:17","date_gmt":"2019-01-18T17:17:17","guid":{"rendered":"https:\/\/www.toursbahia.com.br\/\/produto\/unkategorisiert\/praia-do-forte-destino\/"},"modified":"2025-06-05T09:10:38","modified_gmt":"2025-06-05T12:10:38","slug":"praia-do-forte-reiseziele","status":"publish","type":"product","link":"https:\/\/www.toursbahia.com.br\/de\/loja\/reiseziele\/praia-do-forte-reiseziele\/","title":{"rendered":"Praia do Forte &#8211; Reiseziele"},"content":{"rendered":"","protected":false},"excerpt":{"rendered":"<p>Entspannen Sie sich bei einem Besuch der sch\u00f6nsten Str\u00e4nde an Bahias Nordk\u00fcste!<\/p>\n<p>Die Nordk\u00fcste von Bahia ist auch unter dem Namen \u201eCosta dos Coqueiros\u201c (dt. \u201eK\u00fcste der Kokospalmen\u201c) bekannt. Sie lockt mit herrlichen Badestr\u00e4nden, guten Hotels und einer breit gef\u00e4cherten Palette von Bars und Restaurants. Arembepe, Guarajuba, Imbassa\u00ed und Itacimirim sind nur einige der sch\u00f6nsten Badebuchten der Region. Der meistger\u00fchmte Strand ist der von \u201ePraia do Forte\u201c, er ist auch als \u201ebrasilianisches Polynesien\u201c bekannt. Der gleichnamige Fischerort konnte seine rustikale Atmosph\u00e4re und seinen Charme bewahren, es ist ein Muss.<\/p>\n<p>Ein Besuch lohnt sich auf jeden Fall!<\/p>\n","protected":false},"featured_media":3429,"comment_status":"open","ping_status":"closed","template":"","meta":[],"product_cat":[656,660,665],"product_tag":[],"yoast_head":"<!-- This site is optimized with the Yoast SEO plugin v19.3 - https:\/\/yoast.com\/wordpress\/plugins\/seo\/ -->\n<title>Praia do Forte - Reiseziele - Tours Bahia<\/title>\n<meta name=\"robots\" content=\"index, follow, max-snippet:-1, max-image-preview:large, max-video-preview:-1\" \/>\n<link rel=\"canonical\" href=\"https:\/\/www.toursbahia.com.br\/de\/loja\/reiseziele\/praia-do-forte-reiseziele\/\" \/>\n<meta property=\"og:locale\" content=\"de_DE\" \/>\n<meta property=\"og:type\" content=\"article\" \/>\n<meta property=\"og:title\" content=\"Praia do Forte - Reiseziele - Tours Bahia\" \/>\n<meta property=\"og:description\" content=\"Entspannen Sie sich bei einem Besuch der sch\u00f6nsten Str\u00e4nde an Bahias Nordk\u00fcste!  Die Nordk\u00fcste von Bahia ist auch unter dem Namen \u201eCosta dos Coqueiros\u201c (dt. \u201eK\u00fcste der Kokospalmen\u201c) bekannt. Sie lockt mit herrlichen Badestr\u00e4nden, guten Hotels und einer breit gef\u00e4cherten Palette von Bars und Restaurants. Arembepe, Guarajuba, Imbassa\u00ed und Itacimirim sind nur einige der sch\u00f6nsten Badebuchten der Region. Der meistger\u00fchmte Strand ist der von \u201ePraia do Forte\u201c, er ist auch als \u201ebrasilianisches Polynesien\u201c bekannt. Der gleichnamige Fischerort konnte seine rustikale Atmosph\u00e4re und seinen Charme bewahren, es ist ein Muss.  Ein Besuch lohnt sich auf jeden Fall!\" \/>\n<meta property=\"og:url\" content=\"https:\/\/www.toursbahia.com.br\/de\/loja\/reiseziele\/praia-do-forte-reiseziele\/\" \/>\n<meta property=\"og:site_name\" content=\"Tours Bahia\" \/>\n<meta property=\"article:publisher\" content=\"https:\/\/www.facebook.com\/toursbahiainternational\" \/>\n<meta property=\"article:modified_time\" content=\"2025-06-05T12:10:38+00:00\" \/>\n<meta property=\"og:image\" content=\"https:\/\/www.toursbahia.com.br\/wp-content\/uploads\/2019\/01\/Praia-do-Forte-Foto-03.jpg\" \/>\n\t<meta property=\"og:image:width\" content=\"900\" \/>\n\t<meta property=\"og:image:height\" content=\"550\" \/>\n\t<meta property=\"og:image:type\" content=\"image\/jpeg\" \/>\n<meta name=\"twitter:card\" content=\"summary_large_image\" \/>\n<script type=\"application\/ld+json\" class=\"yoast-schema-graph\">{\"@context\":\"https:\/\/schema.org\",\"@graph\":[{\"@type\":\"WebSite\",\"@id\":\"https:\/\/www.toursbahia.com.br\/#website\",\"url\":\"https:\/\/www.toursbahia.com.br\/\",\"name\":\"Tours Bahia\",\"description\":\"\",\"potentialAction\":[{\"@type\":\"SearchAction\",\"target\":{\"@type\":\"EntryPoint\",\"urlTemplate\":\"https:\/\/www.toursbahia.com.br\/?s={search_term_string}\"},\"query-input\":\"required name=search_term_string\"}],\"inLanguage\":\"de-DE\"},{\"@type\":\"ImageObject\",\"inLanguage\":\"de-DE\",\"@id\":\"https:\/\/www.toursbahia.com.br\/de\/loja\/reiseziele\/praia-do-forte-reiseziele\/#primaryimage\",\"url\":\"https:\/\/www.toursbahia.com.br\/wp-content\/uploads\/2019\/01\/Praia-do-Forte-Foto-03.jpg\",\"contentUrl\":\"https:\/\/www.toursbahia.com.br\/wp-content\/uploads\/2019\/01\/Praia-do-Forte-Foto-03.jpg\",\"width\":900,\"height\":550},{\"@type\":\"WebPage\",\"@id\":\"https:\/\/www.toursbahia.com.br\/de\/loja\/reiseziele\/praia-do-forte-reiseziele\/\",\"url\":\"https:\/\/www.toursbahia.com.br\/de\/loja\/reiseziele\/praia-do-forte-reiseziele\/\",\"name\":\"Praia do Forte - Reiseziele - Tours Bahia\",\"isPartOf\":{\"@id\":\"https:\/\/www.toursbahia.com.br\/#website\"},\"primaryImageOfPage\":{\"@id\":\"https:\/\/www.toursbahia.com.br\/de\/loja\/reiseziele\/praia-do-forte-reiseziele\/#primaryimage\"},\"datePublished\":\"2019-01-18T17:17:17+00:00\",\"dateModified\":\"2025-06-05T12:10:38+00:00\",\"breadcrumb\":{\"@id\":\"https:\/\/www.toursbahia.com.br\/de\/loja\/reiseziele\/praia-do-forte-reiseziele\/#breadcrumb\"},\"inLanguage\":\"de-DE\",\"potentialAction\":[{\"@type\":\"ReadAction\",\"target\":[\"https:\/\/www.toursbahia.com.br\/de\/loja\/reiseziele\/praia-do-forte-reiseziele\/\"]}]},{\"@type\":\"BreadcrumbList\",\"@id\":\"https:\/\/www.toursbahia.com.br\/de\/loja\/reiseziele\/praia-do-forte-reiseziele\/#breadcrumb\",\"itemListElement\":[{\"@type\":\"ListItem\",\"position\":1,\"name\":\"In\u00edcio\",\"item\":\"https:\/\/www.toursbahia.com.br\/de\/\"},{\"@type\":\"ListItem\",\"position\":2,\"name\":\"Store\",\"item\":\"https:\/\/www.toursbahia.com.br\/de\/store-tours-bahia-internacional\/\"},{\"@type\":\"ListItem\",\"position\":3,\"name\":\"Praia do Forte &#8211; Reiseziele\"}]}]}<\/script>\n<!-- \/ Yoast SEO plugin. -->","yoast_head_json":{"title":"Praia do Forte - Reiseziele - Tours Bahia","robots":{"index":"index","follow":"follow","max-snippet":"max-snippet:-1","max-image-preview":"max-image-preview:large","max-video-preview":"max-video-preview:-1"},"canonical":"https:\/\/www.toursbahia.com.br\/de\/loja\/reiseziele\/praia-do-forte-reiseziele\/","og_locale":"de_DE","og_type":"article","og_title":"Praia do Forte - Reiseziele - Tours Bahia","og_description":"Entspannen Sie sich bei einem Besuch der sch\u00f6nsten Str\u00e4nde an Bahias Nordk\u00fcste!  Die Nordk\u00fcste von Bahia ist auch unter dem Namen \u201eCosta dos Coqueiros\u201c (dt. \u201eK\u00fcste der Kokospalmen\u201c) bekannt. Sie lockt mit herrlichen Badestr\u00e4nden, guten Hotels und einer breit gef\u00e4cherten Palette von Bars und Restaurants. Arembepe, Guarajuba, Imbassa\u00ed und Itacimirim sind nur einige der sch\u00f6nsten Badebuchten der Region. Der meistger\u00fchmte Strand ist der von \u201ePraia do Forte\u201c, er ist auch als \u201ebrasilianisches Polynesien\u201c bekannt. Der gleichnamige Fischerort konnte seine rustikale Atmosph\u00e4re und seinen Charme bewahren, es ist ein Muss.  Ein Besuch lohnt sich auf jeden Fall!","og_url":"https:\/\/www.toursbahia.com.br\/de\/loja\/reiseziele\/praia-do-forte-reiseziele\/","og_site_name":"Tours Bahia","article_publisher":"https:\/\/www.facebook.com\/toursbahiainternational","article_modified_time":"2025-06-05T12:10:38+00:00","og_image":[{"width":900,"height":550,"url":"https:\/\/www.toursbahia.com.br\/wp-content\/uploads\/2019\/01\/Praia-do-Forte-Foto-03.jpg","type":"image\/jpeg"}],"twitter_card":"summary_large_image","schema":{"@context":"https:\/\/schema.org","@graph":[{"@type":"WebSite","@id":"https:\/\/www.toursbahia.com.br\/#website","url":"https:\/\/www.toursbahia.com.br\/","name":"Tours Bahia","description":"","potentialAction":[{"@type":"SearchAction","target":{"@type":"EntryPoint","urlTemplate":"https:\/\/www.toursbahia.com.br\/?s={search_term_string}"},"query-input":"required name=search_term_string"}],"inLanguage":"de-DE"},{"@type":"ImageObject","inLanguage":"de-DE","@id":"https:\/\/www.toursbahia.com.br\/de\/loja\/reiseziele\/praia-do-forte-reiseziele\/#primaryimage","url":"https:\/\/www.toursbahia.com.br\/wp-content\/uploads\/2019\/01\/Praia-do-Forte-Foto-03.jpg","contentUrl":"https:\/\/www.toursbahia.com.br\/wp-content\/uploads\/2019\/01\/Praia-do-Forte-Foto-03.jpg","width":900,"height":550},{"@type":"WebPage","@id":"https:\/\/www.toursbahia.com.br\/de\/loja\/reiseziele\/praia-do-forte-reiseziele\/","url":"https:\/\/www.toursbahia.com.br\/de\/loja\/reiseziele\/praia-do-forte-reiseziele\/","name":"Praia do Forte - Reiseziele - Tours Bahia","isPartOf":{"@id":"https:\/\/www.toursbahia.com.br\/#website"},"primaryImageOfPage":{"@id":"https:\/\/www.toursbahia.com.br\/de\/loja\/reiseziele\/praia-do-forte-reiseziele\/#primaryimage"},"datePublished":"2019-01-18T17:17:17+00:00","dateModified":"2025-06-05T12:10:38+00:00","breadcrumb":{"@id":"https:\/\/www.toursbahia.com.br\/de\/loja\/reiseziele\/praia-do-forte-reiseziele\/#breadcrumb"},"inLanguage":"de-DE","potentialAction":[{"@type":"ReadAction","target":["https:\/\/www.toursbahia.com.br\/de\/loja\/reiseziele\/praia-do-forte-reiseziele\/"]}]},{"@type":"BreadcrumbList","@id":"https:\/\/www.toursbahia.com.br\/de\/loja\/reiseziele\/praia-do-forte-reiseziele\/#breadcrumb","itemListElement":[{"@type":"ListItem","position":1,"name":"In\u00edcio","item":"https:\/\/www.toursbahia.com.br\/de\/"},{"@type":"ListItem","position":2,"name":"Store","item":"https:\/\/www.toursbahia.com.br\/de\/store-tours-bahia-internacional\/"},{"@type":"ListItem","position":3,"name":"Praia do Forte &#8211; Reiseziele"}]}]}},"_links":{"self":[{"href":"https:\/\/www.toursbahia.com.br\/de\/wp-json\/wp\/v2\/product\/3428"}],"collection":[{"href":"https:\/\/www.toursbahia.com.br\/de\/wp-json\/wp\/v2\/product"}],"about":[{"href":"https:\/\/www.toursbahia.com.br\/de\/wp-json\/wp\/v2\/types\/product"}],"replies":[{"embeddable":true,"href":"https:\/\/www.toursbahia.com.br\/de\/wp-json\/wp\/v2\/comments?post=3428"}],"wp:featuredmedia":[{"embeddable":true,"href":"https:\/\/www.toursbahia.com.br\/de\/wp-json\/wp\/v2\/media\/3429"}],"wp:attachment":[{"href":"https:\/\/www.toursbahia.com.br\/de\/wp-json\/wp\/v2\/media?parent=3428"}],"wp:term":[{"taxonomy":"product_cat","embeddable":true,"href":"https:\/\/www.toursbahia.com.br\/de\/wp-json\/wp\/v2\/product_cat?post=3428"},{"taxonomy":"product_tag","embeddable":true,"href":"https:\/\/www.toursbahia.com.br\/de\/wp-json\/wp\/v2\/product_tag?post=3428"}],"curies":[{"name":"wp","href":"https:\/\/api.w.org\/{rel}","templated":true}]}}