{"id":3432,"date":"2019-01-18T15:05:56","date_gmt":"2019-01-18T17:05:56","guid":{"rendered":"https:\/\/www.toursbahia.com.br\/\/produto\/unkategorisiert\/morro-de-sao-paulo-destino\/"},"modified":"2019-02-05T21:16:34","modified_gmt":"2019-02-05T23:16:34","slug":"morro-de-sao-paulo-reiseziele","status":"publish","type":"product","link":"https:\/\/www.toursbahia.com.br\/de\/loja\/reiseziele\/morro-de-sao-paulo-reiseziele\/","title":{"rendered":"Morro de S\u00e3o Paulo &#8211; Reiseziele"},"content":{"rendered":"","protected":false},"excerpt":{"rendered":"<p>Unz\u00e4hlige Str\u00e4nde bilden die 16 Kilometer lange K\u00fcstenlinie von Morro de S\u00e3o Paulo auf der Halbinsel Tinhar\u00e9: Lange Wanderungen sind die beste Art, sie kennen zu lernen. Je weiter Sie laufen, desto einsamer werden die Str\u00e4nde mit ihrem glasklaren, badewannenwarmen Wasser. Trekking auf schmalen Pfaden ist hier ebenso m\u00f6glich wie Schnorcheln und Tauchen an den Korallenriffs oder durchtanzte N\u00e4chte. Das Beste: In Morro de S\u00e3o Paulo gibt es keine Autos. Falls Sie nur wenig Zeit haben koennen Sie einen Tagesausflug nach Morro de S\u00e3o Paulo machen.<\/p>\n","protected":false},"featured_media":2725,"comment_status":"open","ping_status":"closed","template":"","meta":[],"product_cat":[656,668],"product_tag":[],"yoast_head":"<!-- This site is optimized with the Yoast SEO plugin v19.3 - https:\/\/yoast.com\/wordpress\/plugins\/seo\/ -->\n<title>Morro de S\u00e3o Paulo - Reiseziele - Tours Bahia<\/title>\n<meta name=\"robots\" content=\"index, follow, max-snippet:-1, max-image-preview:large, max-video-preview:-1\" \/>\n<link rel=\"canonical\" href=\"https:\/\/www.toursbahia.com.br\/de\/loja\/reiseziele\/morro-de-sao-paulo-reiseziele\/\" \/>\n<meta property=\"og:locale\" content=\"de_DE\" \/>\n<meta property=\"og:type\" content=\"article\" \/>\n<meta property=\"og:title\" content=\"Morro de S\u00e3o Paulo - Reiseziele - Tours Bahia\" \/>\n<meta property=\"og:description\" content=\"Unz\u00e4hlige Str\u00e4nde bilden die 16 Kilometer lange K\u00fcstenlinie von Morro de S\u00e3o Paulo auf der Halbinsel Tinhar\u00e9: Lange Wanderungen sind die beste Art, sie kennen zu lernen. Je weiter Sie laufen, desto einsamer werden die Str\u00e4nde mit ihrem glasklaren, badewannenwarmen Wasser. Trekking auf schmalen Pfaden ist hier ebenso m\u00f6glich wie Schnorcheln und Tauchen an den Korallenriffs oder durchtanzte N\u00e4chte. Das Beste: In Morro de S\u00e3o Paulo gibt es keine Autos. Falls Sie nur wenig Zeit haben koennen Sie einen Tagesausflug nach Morro de S\u00e3o Paulo machen.\" \/>\n<meta property=\"og:url\" content=\"https:\/\/www.toursbahia.com.br\/de\/loja\/reiseziele\/morro-de-sao-paulo-reiseziele\/\" \/>\n<meta property=\"og:site_name\" content=\"Tours Bahia\" \/>\n<meta property=\"article:publisher\" content=\"https:\/\/www.facebook.com\/toursbahiainternational\" \/>\n<meta property=\"article:modified_time\" content=\"2019-02-05T23:16:34+00:00\" \/>\n<meta property=\"og:image\" content=\"https:\/\/www.toursbahia.com.br\/wp-content\/uploads\/2018\/12\/Morro-de-S\u00e3o-Paulo-\u2013-Sky-Foto-02.jpg\" \/>\n\t<meta property=\"og:image:width\" content=\"900\" \/>\n\t<meta property=\"og:image:height\" content=\"550\" \/>\n\t<meta property=\"og:image:type\" content=\"image\/jpeg\" \/>\n<meta name=\"twitter:card\" content=\"summary_large_image\" \/>\n<script type=\"application\/ld+json\" class=\"yoast-schema-graph\">{\"@context\":\"https:\/\/schema.org\",\"@graph\":[{\"@type\":\"WebSite\",\"@id\":\"https:\/\/www.toursbahia.com.br\/#website\",\"url\":\"https:\/\/www.toursbahia.com.br\/\",\"name\":\"Tours Bahia\",\"description\":\"\",\"potentialAction\":[{\"@type\":\"SearchAction\",\"target\":{\"@type\":\"EntryPoint\",\"urlTemplate\":\"https:\/\/www.toursbahia.com.br\/?s={search_term_string}\"},\"query-input\":\"required name=search_term_string\"}],\"inLanguage\":\"de-DE\"},{\"@type\":\"ImageObject\",\"inLanguage\":\"de-DE\",\"@id\":\"https:\/\/www.toursbahia.com.br\/de\/loja\/reiseziele\/morro-de-sao-paulo-reiseziele\/#primaryimage\",\"url\":\"https:\/\/www.toursbahia.com.br\/wp-content\/uploads\/2018\/12\/Morro-de-S\u00e3o-Paulo-\u2013-Sky-Foto-02.jpg\",\"contentUrl\":\"https:\/\/www.toursbahia.com.br\/wp-content\/uploads\/2018\/12\/Morro-de-S\u00e3o-Paulo-\u2013-Sky-Foto-02.jpg\",\"width\":900,\"height\":550},{\"@type\":\"WebPage\",\"@id\":\"https:\/\/www.toursbahia.com.br\/de\/loja\/reiseziele\/morro-de-sao-paulo-reiseziele\/\",\"url\":\"https:\/\/www.toursbahia.com.br\/de\/loja\/reiseziele\/morro-de-sao-paulo-reiseziele\/\",\"name\":\"Morro de S\u00e3o Paulo - Reiseziele - Tours Bahia\",\"isPartOf\":{\"@id\":\"https:\/\/www.toursbahia.com.br\/#website\"},\"primaryImageOfPage\":{\"@id\":\"https:\/\/www.toursbahia.com.br\/de\/loja\/reiseziele\/morro-de-sao-paulo-reiseziele\/#primaryimage\"},\"datePublished\":\"2019-01-18T17:05:56+00:00\",\"dateModified\":\"2019-02-05T23:16:34+00:00\",\"breadcrumb\":{\"@id\":\"https:\/\/www.toursbahia.com.br\/de\/loja\/reiseziele\/morro-de-sao-paulo-reiseziele\/#breadcrumb\"},\"inLanguage\":\"de-DE\",\"potentialAction\":[{\"@type\":\"ReadAction\",\"target\":[\"https:\/\/www.toursbahia.com.br\/de\/loja\/reiseziele\/morro-de-sao-paulo-reiseziele\/\"]}]},{\"@type\":\"BreadcrumbList\",\"@id\":\"https:\/\/www.toursbahia.com.br\/de\/loja\/reiseziele\/morro-de-sao-paulo-reiseziele\/#breadcrumb\",\"itemListElement\":[{\"@type\":\"ListItem\",\"position\":1,\"name\":\"In\u00edcio\",\"item\":\"https:\/\/www.toursbahia.com.br\/de\/\"},{\"@type\":\"ListItem\",\"position\":2,\"name\":\"Store\",\"item\":\"https:\/\/www.toursbahia.com.br\/de\/store-tours-bahia-internacional\/\"},{\"@type\":\"ListItem\",\"position\":3,\"name\":\"Morro de S\u00e3o Paulo &#8211; Reiseziele\"}]}]}<\/script>\n<!-- \/ Yoast SEO plugin. -->","yoast_head_json":{"title":"Morro de S\u00e3o Paulo - Reiseziele - Tours Bahia","robots":{"index":"index","follow":"follow","max-snippet":"max-snippet:-1","max-image-preview":"max-image-preview:large","max-video-preview":"max-video-preview:-1"},"canonical":"https:\/\/www.toursbahia.com.br\/de\/loja\/reiseziele\/morro-de-sao-paulo-reiseziele\/","og_locale":"de_DE","og_type":"article","og_title":"Morro de S\u00e3o Paulo - Reiseziele - Tours Bahia","og_description":"Unz\u00e4hlige Str\u00e4nde bilden die 16 Kilometer lange K\u00fcstenlinie von Morro de S\u00e3o Paulo auf der Halbinsel Tinhar\u00e9: Lange Wanderungen sind die beste Art, sie kennen zu lernen. Je weiter Sie laufen, desto einsamer werden die Str\u00e4nde mit ihrem glasklaren, badewannenwarmen Wasser. Trekking auf schmalen Pfaden ist hier ebenso m\u00f6glich wie Schnorcheln und Tauchen an den Korallenriffs oder durchtanzte N\u00e4chte. Das Beste: In Morro de S\u00e3o Paulo gibt es keine Autos. Falls Sie nur wenig Zeit haben koennen Sie einen Tagesausflug nach Morro de S\u00e3o Paulo machen.","og_url":"https:\/\/www.toursbahia.com.br\/de\/loja\/reiseziele\/morro-de-sao-paulo-reiseziele\/","og_site_name":"Tours Bahia","article_publisher":"https:\/\/www.facebook.com\/toursbahiainternational","article_modified_time":"2019-02-05T23:16:34+00:00","og_image":[{"width":900,"height":550,"url":"https:\/\/www.toursbahia.com.br\/wp-content\/uploads\/2018\/12\/Morro-de-S\u00e3o-Paulo-\u2013-Sky-Foto-02.jpg","type":"image\/jpeg"}],"twitter_card":"summary_large_image","schema":{"@context":"https:\/\/schema.org","@graph":[{"@type":"WebSite","@id":"https:\/\/www.toursbahia.com.br\/#website","url":"https:\/\/www.toursbahia.com.br\/","name":"Tours Bahia","description":"","potentialAction":[{"@type":"SearchAction","target":{"@type":"EntryPoint","urlTemplate":"https:\/\/www.toursbahia.com.br\/?s={search_term_string}"},"query-input":"required name=search_term_string"}],"inLanguage":"de-DE"},{"@type":"ImageObject","inLanguage":"de-DE","@id":"https:\/\/www.toursbahia.com.br\/de\/loja\/reiseziele\/morro-de-sao-paulo-reiseziele\/#primaryimage","url":"https:\/\/www.toursbahia.com.br\/wp-content\/uploads\/2018\/12\/Morro-de-S\u00e3o-Paulo-\u2013-Sky-Foto-02.jpg","contentUrl":"https:\/\/www.toursbahia.com.br\/wp-content\/uploads\/2018\/12\/Morro-de-S\u00e3o-Paulo-\u2013-Sky-Foto-02.jpg","width":900,"height":550},{"@type":"WebPage","@id":"https:\/\/www.toursbahia.com.br\/de\/loja\/reiseziele\/morro-de-sao-paulo-reiseziele\/","url":"https:\/\/www.toursbahia.com.br\/de\/loja\/reiseziele\/morro-de-sao-paulo-reiseziele\/","name":"Morro de S\u00e3o Paulo - Reiseziele - Tours Bahia","isPartOf":{"@id":"https:\/\/www.toursbahia.com.br\/#website"},"primaryImageOfPage":{"@id":"https:\/\/www.toursbahia.com.br\/de\/loja\/reiseziele\/morro-de-sao-paulo-reiseziele\/#primaryimage"},"datePublished":"2019-01-18T17:05:56+00:00","dateModified":"2019-02-05T23:16:34+00:00","breadcrumb":{"@id":"https:\/\/www.toursbahia.com.br\/de\/loja\/reiseziele\/morro-de-sao-paulo-reiseziele\/#breadcrumb"},"inLanguage":"de-DE","potentialAction":[{"@type":"ReadAction","target":["https:\/\/www.toursbahia.com.br\/de\/loja\/reiseziele\/morro-de-sao-paulo-reiseziele\/"]}]},{"@type":"BreadcrumbList","@id":"https:\/\/www.toursbahia.com.br\/de\/loja\/reiseziele\/morro-de-sao-paulo-reiseziele\/#breadcrumb","itemListElement":[{"@type":"ListItem","position":1,"name":"In\u00edcio","item":"https:\/\/www.toursbahia.com.br\/de\/"},{"@type":"ListItem","position":2,"name":"Store","item":"https:\/\/www.toursbahia.com.br\/de\/store-tours-bahia-internacional\/"},{"@type":"ListItem","position":3,"name":"Morro de S\u00e3o Paulo &#8211; Reiseziele"}]}]}},"_links":{"self":[{"href":"https:\/\/www.toursbahia.com.br\/de\/wp-json\/wp\/v2\/product\/3432"}],"collection":[{"href":"https:\/\/www.toursbahia.com.br\/de\/wp-json\/wp\/v2\/product"}],"about":[{"href":"https:\/\/www.toursbahia.com.br\/de\/wp-json\/wp\/v2\/types\/product"}],"replies":[{"embeddable":true,"href":"https:\/\/www.toursbahia.com.br\/de\/wp-json\/wp\/v2\/comments?post=3432"}],"wp:featuredmedia":[{"embeddable":true,"href":"https:\/\/www.toursbahia.com.br\/de\/wp-json\/wp\/v2\/media\/2725"}],"wp:attachment":[{"href":"https:\/\/www.toursbahia.com.br\/de\/wp-json\/wp\/v2\/media?parent=3432"}],"wp:term":[{"taxonomy":"product_cat","embeddable":true,"href":"https:\/\/www.toursbahia.com.br\/de\/wp-json\/wp\/v2\/product_cat?post=3432"},{"taxonomy":"product_tag","embeddable":true,"href":"https:\/\/www.toursbahia.com.br\/de\/wp-json\/wp\/v2\/product_tag?post=3432"}],"curies":[{"name":"wp","href":"https:\/\/api.w.org\/{rel}","templated":true}]}}