{"id":3435,"date":"2019-01-18T14:44:53","date_gmt":"2019-01-18T16:44:53","guid":{"rendered":"https:\/\/www.toursbahia.com.br\/\/produto\/unkategorisiert\/salvador-destino\/"},"modified":"2025-06-03T02:28:16","modified_gmt":"2025-06-03T05:28:16","slug":"salvador-reiseziele","status":"publish","type":"product","link":"https:\/\/www.toursbahia.com.br\/de\/loja\/reiseziele\/salvador-reiseziele\/","title":{"rendered":"Salvador &#8211; Reiseziele"},"content":{"rendered":"","protected":false},"excerpt":{"rendered":"<p>Herzlich willkommen in der ersten Hauptstadt Brasiliens!<\/p>\n<p>Salvador ist eine \u00fcberraschende Stadt, vor allem wegen der Geschichte, die sich in ihren Geb\u00e4uden und Stra\u00dfen widerspiegelt. Ein Besuch in Salvador ist eine immer Reise in die Geschichte Brasiliens \u2013 und das historische Zentrum, das unter dem Namen \u201ePelourinho\u201c weltweit bekannt ist, stellt das gr\u00f6\u00dfte erhaltene Viertel portugiesischer Architektur au\u00dferhalb Portugals dar. Hier k\u00f6nnen Sie von \u201eAzulejo\u201c-Flie\u00dfen gezierte barocke Kirchen besuchen oder einfach durch die liebenswerten Gassen und Stra\u00dfen der Altstadt schlendern. Wenn Sie den historischen Bereich verlassen, k\u00f6nnen Sie etwas Zeit an den sch\u00f6nen Str\u00e4nden der Stadt verbringen oder in das blaue Meer eintauchen und sich erfrischen. Glauben Sie nicht auch, dass dies schon mehr als genug gute Gr\u00fcnde f\u00fcr einen Besuch in Salvador sind?<\/p>\n<p>&nbsp;<\/p>\n","protected":false},"featured_media":2712,"comment_status":"open","ping_status":"closed","template":"","meta":[],"product_cat":[656,671],"product_tag":[],"yoast_head":"<!-- This site is optimized with the Yoast SEO plugin v19.3 - https:\/\/yoast.com\/wordpress\/plugins\/seo\/ -->\n<title>Salvador - Reiseziele - Tours Bahia<\/title>\n<meta name=\"robots\" content=\"index, follow, max-snippet:-1, max-image-preview:large, max-video-preview:-1\" \/>\n<link rel=\"canonical\" href=\"https:\/\/www.toursbahia.com.br\/de\/loja\/reiseziele\/salvador-reiseziele\/\" \/>\n<meta property=\"og:locale\" content=\"de_DE\" \/>\n<meta property=\"og:type\" content=\"article\" \/>\n<meta property=\"og:title\" content=\"Salvador - Reiseziele - Tours Bahia\" \/>\n<meta property=\"og:description\" content=\"Herzlich willkommen in der ersten Hauptstadt Brasiliens!  Salvador ist eine \u00fcberraschende Stadt, vor allem wegen der Geschichte, die sich in ihren Geb\u00e4uden und Stra\u00dfen widerspiegelt. Ein Besuch in Salvador ist eine immer Reise in die Geschichte Brasiliens \u2013 und das historische Zentrum, das unter dem Namen \u201ePelourinho\u201c weltweit bekannt ist, stellt das gr\u00f6\u00dfte erhaltene Viertel portugiesischer Architektur au\u00dferhalb Portugals dar. Hier k\u00f6nnen Sie von \u201eAzulejo\u201c-Flie\u00dfen gezierte barocke Kirchen besuchen oder einfach durch die liebenswerten Gassen und Stra\u00dfen der Altstadt schlendern. Wenn Sie den historischen Bereich verlassen, k\u00f6nnen Sie etwas Zeit an den sch\u00f6nen Str\u00e4nden der Stadt verbringen oder in das blaue Meer eintauchen und sich erfrischen. Glauben Sie nicht auch, dass dies schon mehr als genug gute Gr\u00fcnde f\u00fcr einen Besuch in Salvador sind?  &nbsp;\" \/>\n<meta property=\"og:url\" content=\"https:\/\/www.toursbahia.com.br\/de\/loja\/reiseziele\/salvador-reiseziele\/\" \/>\n<meta property=\"og:site_name\" content=\"Tours Bahia\" \/>\n<meta property=\"article:publisher\" content=\"https:\/\/www.facebook.com\/toursbahiainternational\" \/>\n<meta property=\"article:modified_time\" content=\"2025-06-03T05:28:16+00:00\" \/>\n<meta property=\"og:image\" content=\"https:\/\/www.toursbahia.com.br\/wp-content\/uploads\/2019\/01\/Salvador-e-Praia-do-Forte-Foto-010.jpg\" \/>\n\t<meta property=\"og:image:width\" content=\"900\" \/>\n\t<meta property=\"og:image:height\" content=\"550\" \/>\n\t<meta property=\"og:image:type\" content=\"image\/jpeg\" \/>\n<meta name=\"twitter:card\" content=\"summary_large_image\" \/>\n<script type=\"application\/ld+json\" class=\"yoast-schema-graph\">{\"@context\":\"https:\/\/schema.org\",\"@graph\":[{\"@type\":\"WebSite\",\"@id\":\"https:\/\/www.toursbahia.com.br\/#website\",\"url\":\"https:\/\/www.toursbahia.com.br\/\",\"name\":\"Tours Bahia\",\"description\":\"\",\"potentialAction\":[{\"@type\":\"SearchAction\",\"target\":{\"@type\":\"EntryPoint\",\"urlTemplate\":\"https:\/\/www.toursbahia.com.br\/?s={search_term_string}\"},\"query-input\":\"required name=search_term_string\"}],\"inLanguage\":\"de-DE\"},{\"@type\":\"ImageObject\",\"inLanguage\":\"de-DE\",\"@id\":\"https:\/\/www.toursbahia.com.br\/de\/loja\/reiseziele\/salvador-reiseziele\/#primaryimage\",\"url\":\"https:\/\/www.toursbahia.com.br\/wp-content\/uploads\/2019\/01\/Salvador-e-Praia-do-Forte-Foto-010.jpg\",\"contentUrl\":\"https:\/\/www.toursbahia.com.br\/wp-content\/uploads\/2019\/01\/Salvador-e-Praia-do-Forte-Foto-010.jpg\",\"width\":900,\"height\":550},{\"@type\":\"WebPage\",\"@id\":\"https:\/\/www.toursbahia.com.br\/de\/loja\/reiseziele\/salvador-reiseziele\/\",\"url\":\"https:\/\/www.toursbahia.com.br\/de\/loja\/reiseziele\/salvador-reiseziele\/\",\"name\":\"Salvador - Reiseziele - Tours Bahia\",\"isPartOf\":{\"@id\":\"https:\/\/www.toursbahia.com.br\/#website\"},\"primaryImageOfPage\":{\"@id\":\"https:\/\/www.toursbahia.com.br\/de\/loja\/reiseziele\/salvador-reiseziele\/#primaryimage\"},\"datePublished\":\"2019-01-18T16:44:53+00:00\",\"dateModified\":\"2025-06-03T05:28:16+00:00\",\"breadcrumb\":{\"@id\":\"https:\/\/www.toursbahia.com.br\/de\/loja\/reiseziele\/salvador-reiseziele\/#breadcrumb\"},\"inLanguage\":\"de-DE\",\"potentialAction\":[{\"@type\":\"ReadAction\",\"target\":[\"https:\/\/www.toursbahia.com.br\/de\/loja\/reiseziele\/salvador-reiseziele\/\"]}]},{\"@type\":\"BreadcrumbList\",\"@id\":\"https:\/\/www.toursbahia.com.br\/de\/loja\/reiseziele\/salvador-reiseziele\/#breadcrumb\",\"itemListElement\":[{\"@type\":\"ListItem\",\"position\":1,\"name\":\"In\u00edcio\",\"item\":\"https:\/\/www.toursbahia.com.br\/de\/\"},{\"@type\":\"ListItem\",\"position\":2,\"name\":\"Store\",\"item\":\"https:\/\/www.toursbahia.com.br\/de\/store-tours-bahia-internacional\/\"},{\"@type\":\"ListItem\",\"position\":3,\"name\":\"Salvador &#8211; Reiseziele\"}]}]}<\/script>\n<!-- \/ Yoast SEO plugin. -->","yoast_head_json":{"title":"Salvador - Reiseziele - Tours Bahia","robots":{"index":"index","follow":"follow","max-snippet":"max-snippet:-1","max-image-preview":"max-image-preview:large","max-video-preview":"max-video-preview:-1"},"canonical":"https:\/\/www.toursbahia.com.br\/de\/loja\/reiseziele\/salvador-reiseziele\/","og_locale":"de_DE","og_type":"article","og_title":"Salvador - Reiseziele - Tours Bahia","og_description":"Herzlich willkommen in der ersten Hauptstadt Brasiliens!  Salvador ist eine \u00fcberraschende Stadt, vor allem wegen der Geschichte, die sich in ihren Geb\u00e4uden und Stra\u00dfen widerspiegelt. Ein Besuch in Salvador ist eine immer Reise in die Geschichte Brasiliens \u2013 und das historische Zentrum, das unter dem Namen \u201ePelourinho\u201c weltweit bekannt ist, stellt das gr\u00f6\u00dfte erhaltene Viertel portugiesischer Architektur au\u00dferhalb Portugals dar. Hier k\u00f6nnen Sie von \u201eAzulejo\u201c-Flie\u00dfen gezierte barocke Kirchen besuchen oder einfach durch die liebenswerten Gassen und Stra\u00dfen der Altstadt schlendern. Wenn Sie den historischen Bereich verlassen, k\u00f6nnen Sie etwas Zeit an den sch\u00f6nen Str\u00e4nden der Stadt verbringen oder in das blaue Meer eintauchen und sich erfrischen. Glauben Sie nicht auch, dass dies schon mehr als genug gute Gr\u00fcnde f\u00fcr einen Besuch in Salvador sind?  &nbsp;","og_url":"https:\/\/www.toursbahia.com.br\/de\/loja\/reiseziele\/salvador-reiseziele\/","og_site_name":"Tours Bahia","article_publisher":"https:\/\/www.facebook.com\/toursbahiainternational","article_modified_time":"2025-06-03T05:28:16+00:00","og_image":[{"width":900,"height":550,"url":"https:\/\/www.toursbahia.com.br\/wp-content\/uploads\/2019\/01\/Salvador-e-Praia-do-Forte-Foto-010.jpg","type":"image\/jpeg"}],"twitter_card":"summary_large_image","schema":{"@context":"https:\/\/schema.org","@graph":[{"@type":"WebSite","@id":"https:\/\/www.toursbahia.com.br\/#website","url":"https:\/\/www.toursbahia.com.br\/","name":"Tours Bahia","description":"","potentialAction":[{"@type":"SearchAction","target":{"@type":"EntryPoint","urlTemplate":"https:\/\/www.toursbahia.com.br\/?s={search_term_string}"},"query-input":"required name=search_term_string"}],"inLanguage":"de-DE"},{"@type":"ImageObject","inLanguage":"de-DE","@id":"https:\/\/www.toursbahia.com.br\/de\/loja\/reiseziele\/salvador-reiseziele\/#primaryimage","url":"https:\/\/www.toursbahia.com.br\/wp-content\/uploads\/2019\/01\/Salvador-e-Praia-do-Forte-Foto-010.jpg","contentUrl":"https:\/\/www.toursbahia.com.br\/wp-content\/uploads\/2019\/01\/Salvador-e-Praia-do-Forte-Foto-010.jpg","width":900,"height":550},{"@type":"WebPage","@id":"https:\/\/www.toursbahia.com.br\/de\/loja\/reiseziele\/salvador-reiseziele\/","url":"https:\/\/www.toursbahia.com.br\/de\/loja\/reiseziele\/salvador-reiseziele\/","name":"Salvador - Reiseziele - Tours Bahia","isPartOf":{"@id":"https:\/\/www.toursbahia.com.br\/#website"},"primaryImageOfPage":{"@id":"https:\/\/www.toursbahia.com.br\/de\/loja\/reiseziele\/salvador-reiseziele\/#primaryimage"},"datePublished":"2019-01-18T16:44:53+00:00","dateModified":"2025-06-03T05:28:16+00:00","breadcrumb":{"@id":"https:\/\/www.toursbahia.com.br\/de\/loja\/reiseziele\/salvador-reiseziele\/#breadcrumb"},"inLanguage":"de-DE","potentialAction":[{"@type":"ReadAction","target":["https:\/\/www.toursbahia.com.br\/de\/loja\/reiseziele\/salvador-reiseziele\/"]}]},{"@type":"BreadcrumbList","@id":"https:\/\/www.toursbahia.com.br\/de\/loja\/reiseziele\/salvador-reiseziele\/#breadcrumb","itemListElement":[{"@type":"ListItem","position":1,"name":"In\u00edcio","item":"https:\/\/www.toursbahia.com.br\/de\/"},{"@type":"ListItem","position":2,"name":"Store","item":"https:\/\/www.toursbahia.com.br\/de\/store-tours-bahia-internacional\/"},{"@type":"ListItem","position":3,"name":"Salvador &#8211; Reiseziele"}]}]}},"_links":{"self":[{"href":"https:\/\/www.toursbahia.com.br\/de\/wp-json\/wp\/v2\/product\/3435"}],"collection":[{"href":"https:\/\/www.toursbahia.com.br\/de\/wp-json\/wp\/v2\/product"}],"about":[{"href":"https:\/\/www.toursbahia.com.br\/de\/wp-json\/wp\/v2\/types\/product"}],"replies":[{"embeddable":true,"href":"https:\/\/www.toursbahia.com.br\/de\/wp-json\/wp\/v2\/comments?post=3435"}],"wp:featuredmedia":[{"embeddable":true,"href":"https:\/\/www.toursbahia.com.br\/de\/wp-json\/wp\/v2\/media\/2712"}],"wp:attachment":[{"href":"https:\/\/www.toursbahia.com.br\/de\/wp-json\/wp\/v2\/media?parent=3435"}],"wp:term":[{"taxonomy":"product_cat","embeddable":true,"href":"https:\/\/www.toursbahia.com.br\/de\/wp-json\/wp\/v2\/product_cat?post=3435"},{"taxonomy":"product_tag","embeddable":true,"href":"https:\/\/www.toursbahia.com.br\/de\/wp-json\/wp\/v2\/product_tag?post=3435"}],"curies":[{"name":"wp","href":"https:\/\/api.w.org\/{rel}","templated":true}]}}