{"id":3439,"date":"2019-01-18T14:34:32","date_gmt":"2019-01-18T16:34:32","guid":{"rendered":"https:\/\/www.toursbahia.com.br\/\/produto\/unkategorisiert\/morro-de-sao-paulo-sky-pacote\/"},"modified":"2019-02-05T21:29:56","modified_gmt":"2019-02-05T23:29:56","slug":"morro-de-sao-paulo-sky-kurzreisen","status":"publish","type":"product","link":"https:\/\/www.toursbahia.com.br\/de\/loja\/kurzreisen\/morro-de-sao-paulo-sky-kurzreisen\/","title":{"rendered":"Morro de S\u00e3o Paulo \u2013 Sky &#8211; Kurzreisen"},"content":{"rendered":"","protected":false},"excerpt":{"rendered":"<p>Lernen Sie Morro de S\u00e3o Paulo \u201eim Flug\u201c kennen!<\/p>\n<p>Morro de S\u00e3o Paulo ist ein D\u00f6rfchen ganz ohne Autos, aber mit paradiesischen Str\u00e4nden und einem \u00fcberraschend aufregenden Nachtleben. Eine ideale Art das auf einer Insel gelegene St\u00e4dtchen, 60 Kilometer vor Salvador, zu erreichen ist die Anreise mit einer Propellermaschine, einem sogenannten \u201eT\u00e1xi-A\u00e9reo\u201c \u2013 was nat\u00fcrlich auch den Blick auf die Insel und Ihre Umgebung aus der Vogelperspektive erm\u00f6glicht.<\/p>\n<p>Das Reiseangebot \u201eSky\u201c umfasst die nachstehenden Leistungen:<\/p>\n<p>Hin- und R\u00fcckflug Salvador\/Morro de S\u00e3o Paulo\/Salvador;<\/p>\n<p>die Transfers vom Hotel in Salvador zum Flughafen<\/p>\n<p>sowie vom Landeplatz bei Morro de S\u00e3o Paulo zum dortigen Hotel \u2013 und zur\u00fcck;<\/p>\n<p>2 \u00dcbernachtungen mit Fr\u00fchst\u00fcck in Morro de S\u00e3o Paulo<\/p>\n<p>sowie alle Steuern und Abgaben.<\/p>\n","protected":false},"featured_media":2672,"comment_status":"open","ping_status":"closed","template":"","meta":[],"product_cat":[699,700,703],"product_tag":[],"yoast_head":"<!-- This site is optimized with the Yoast SEO plugin v19.3 - https:\/\/yoast.com\/wordpress\/plugins\/seo\/ -->\n<title>Morro de S\u00e3o Paulo \u2013 Sky - Kurzreisen - Tours Bahia<\/title>\n<meta name=\"robots\" content=\"index, follow, max-snippet:-1, max-image-preview:large, max-video-preview:-1\" \/>\n<link rel=\"canonical\" href=\"https:\/\/www.toursbahia.com.br\/de\/loja\/kurzreisen\/morro-de-sao-paulo-sky-kurzreisen\/\" \/>\n<meta property=\"og:locale\" content=\"de_DE\" \/>\n<meta property=\"og:type\" content=\"article\" \/>\n<meta property=\"og:title\" content=\"Morro de S\u00e3o Paulo \u2013 Sky - Kurzreisen - Tours Bahia\" \/>\n<meta property=\"og:description\" content=\"Lernen Sie Morro de S\u00e3o Paulo \u201eim Flug\u201c kennen!  Morro de S\u00e3o Paulo ist ein D\u00f6rfchen ganz ohne Autos, aber mit paradiesischen Str\u00e4nden und einem \u00fcberraschend aufregenden Nachtleben. Eine ideale Art das auf einer Insel gelegene St\u00e4dtchen, 60 Kilometer vor Salvador, zu erreichen ist die Anreise mit einer Propellermaschine, einem sogenannten \u201eT\u00e1xi-A\u00e9reo\u201c \u2013 was nat\u00fcrlich auch den Blick auf die Insel und Ihre Umgebung aus der Vogelperspektive erm\u00f6glicht.  Das Reiseangebot \u201eSky\u201c umfasst die nachstehenden Leistungen:  Hin- und R\u00fcckflug Salvador\/Morro de S\u00e3o Paulo\/Salvador;  die Transfers vom Hotel in Salvador zum Flughafen  sowie vom Landeplatz bei Morro de S\u00e3o Paulo zum dortigen Hotel \u2013 und zur\u00fcck;  2 \u00dcbernachtungen mit Fr\u00fchst\u00fcck in Morro de S\u00e3o Paulo  sowie alle Steuern und Abgaben.\" \/>\n<meta property=\"og:url\" content=\"https:\/\/www.toursbahia.com.br\/de\/loja\/kurzreisen\/morro-de-sao-paulo-sky-kurzreisen\/\" \/>\n<meta property=\"og:site_name\" content=\"Tours Bahia\" \/>\n<meta property=\"article:publisher\" content=\"https:\/\/www.facebook.com\/toursbahiainternational\" \/>\n<meta property=\"article:modified_time\" content=\"2019-02-05T23:29:56+00:00\" \/>\n<meta property=\"og:image\" content=\"https:\/\/www.toursbahia.com.br\/wp-content\/uploads\/2018\/12\/Morro-de-S\u00e3o-Paulo-Foto-03.jpg\" \/>\n\t<meta property=\"og:image:width\" content=\"900\" \/>\n\t<meta property=\"og:image:height\" content=\"550\" \/>\n\t<meta property=\"og:image:type\" content=\"image\/jpeg\" \/>\n<meta name=\"twitter:card\" content=\"summary_large_image\" \/>\n<script type=\"application\/ld+json\" class=\"yoast-schema-graph\">{\"@context\":\"https:\/\/schema.org\",\"@graph\":[{\"@type\":\"WebSite\",\"@id\":\"https:\/\/www.toursbahia.com.br\/#website\",\"url\":\"https:\/\/www.toursbahia.com.br\/\",\"name\":\"Tours Bahia\",\"description\":\"\",\"potentialAction\":[{\"@type\":\"SearchAction\",\"target\":{\"@type\":\"EntryPoint\",\"urlTemplate\":\"https:\/\/www.toursbahia.com.br\/?s={search_term_string}\"},\"query-input\":\"required name=search_term_string\"}],\"inLanguage\":\"de-DE\"},{\"@type\":\"ImageObject\",\"inLanguage\":\"de-DE\",\"@id\":\"https:\/\/www.toursbahia.com.br\/de\/loja\/kurzreisen\/morro-de-sao-paulo-sky-kurzreisen\/#primaryimage\",\"url\":\"https:\/\/www.toursbahia.com.br\/wp-content\/uploads\/2018\/12\/Morro-de-S\u00e3o-Paulo-Foto-03.jpg\",\"contentUrl\":\"https:\/\/www.toursbahia.com.br\/wp-content\/uploads\/2018\/12\/Morro-de-S\u00e3o-Paulo-Foto-03.jpg\",\"width\":900,\"height\":550},{\"@type\":\"WebPage\",\"@id\":\"https:\/\/www.toursbahia.com.br\/de\/loja\/kurzreisen\/morro-de-sao-paulo-sky-kurzreisen\/\",\"url\":\"https:\/\/www.toursbahia.com.br\/de\/loja\/kurzreisen\/morro-de-sao-paulo-sky-kurzreisen\/\",\"name\":\"Morro de S\u00e3o Paulo \u2013 Sky - Kurzreisen - Tours Bahia\",\"isPartOf\":{\"@id\":\"https:\/\/www.toursbahia.com.br\/#website\"},\"primaryImageOfPage\":{\"@id\":\"https:\/\/www.toursbahia.com.br\/de\/loja\/kurzreisen\/morro-de-sao-paulo-sky-kurzreisen\/#primaryimage\"},\"datePublished\":\"2019-01-18T16:34:32+00:00\",\"dateModified\":\"2019-02-05T23:29:56+00:00\",\"breadcrumb\":{\"@id\":\"https:\/\/www.toursbahia.com.br\/de\/loja\/kurzreisen\/morro-de-sao-paulo-sky-kurzreisen\/#breadcrumb\"},\"inLanguage\":\"de-DE\",\"potentialAction\":[{\"@type\":\"ReadAction\",\"target\":[\"https:\/\/www.toursbahia.com.br\/de\/loja\/kurzreisen\/morro-de-sao-paulo-sky-kurzreisen\/\"]}]},{\"@type\":\"BreadcrumbList\",\"@id\":\"https:\/\/www.toursbahia.com.br\/de\/loja\/kurzreisen\/morro-de-sao-paulo-sky-kurzreisen\/#breadcrumb\",\"itemListElement\":[{\"@type\":\"ListItem\",\"position\":1,\"name\":\"In\u00edcio\",\"item\":\"https:\/\/www.toursbahia.com.br\/de\/\"},{\"@type\":\"ListItem\",\"position\":2,\"name\":\"Store\",\"item\":\"https:\/\/www.toursbahia.com.br\/de\/store-tours-bahia-internacional\/\"},{\"@type\":\"ListItem\",\"position\":3,\"name\":\"Morro de S\u00e3o Paulo \u2013 Sky &#8211; Kurzreisen\"}]}]}<\/script>\n<!-- \/ Yoast SEO plugin. -->","yoast_head_json":{"title":"Morro de S\u00e3o Paulo \u2013 Sky - Kurzreisen - Tours Bahia","robots":{"index":"index","follow":"follow","max-snippet":"max-snippet:-1","max-image-preview":"max-image-preview:large","max-video-preview":"max-video-preview:-1"},"canonical":"https:\/\/www.toursbahia.com.br\/de\/loja\/kurzreisen\/morro-de-sao-paulo-sky-kurzreisen\/","og_locale":"de_DE","og_type":"article","og_title":"Morro de S\u00e3o Paulo \u2013 Sky - Kurzreisen - Tours Bahia","og_description":"Lernen Sie Morro de S\u00e3o Paulo \u201eim Flug\u201c kennen!  Morro de S\u00e3o Paulo ist ein D\u00f6rfchen ganz ohne Autos, aber mit paradiesischen Str\u00e4nden und einem \u00fcberraschend aufregenden Nachtleben. Eine ideale Art das auf einer Insel gelegene St\u00e4dtchen, 60 Kilometer vor Salvador, zu erreichen ist die Anreise mit einer Propellermaschine, einem sogenannten \u201eT\u00e1xi-A\u00e9reo\u201c \u2013 was nat\u00fcrlich auch den Blick auf die Insel und Ihre Umgebung aus der Vogelperspektive erm\u00f6glicht.  Das Reiseangebot \u201eSky\u201c umfasst die nachstehenden Leistungen:  Hin- und R\u00fcckflug Salvador\/Morro de S\u00e3o Paulo\/Salvador;  die Transfers vom Hotel in Salvador zum Flughafen  sowie vom Landeplatz bei Morro de S\u00e3o Paulo zum dortigen Hotel \u2013 und zur\u00fcck;  2 \u00dcbernachtungen mit Fr\u00fchst\u00fcck in Morro de S\u00e3o Paulo  sowie alle Steuern und Abgaben.","og_url":"https:\/\/www.toursbahia.com.br\/de\/loja\/kurzreisen\/morro-de-sao-paulo-sky-kurzreisen\/","og_site_name":"Tours Bahia","article_publisher":"https:\/\/www.facebook.com\/toursbahiainternational","article_modified_time":"2019-02-05T23:29:56+00:00","og_image":[{"width":900,"height":550,"url":"https:\/\/www.toursbahia.com.br\/wp-content\/uploads\/2018\/12\/Morro-de-S\u00e3o-Paulo-Foto-03.jpg","type":"image\/jpeg"}],"twitter_card":"summary_large_image","schema":{"@context":"https:\/\/schema.org","@graph":[{"@type":"WebSite","@id":"https:\/\/www.toursbahia.com.br\/#website","url":"https:\/\/www.toursbahia.com.br\/","name":"Tours Bahia","description":"","potentialAction":[{"@type":"SearchAction","target":{"@type":"EntryPoint","urlTemplate":"https:\/\/www.toursbahia.com.br\/?s={search_term_string}"},"query-input":"required name=search_term_string"}],"inLanguage":"de-DE"},{"@type":"ImageObject","inLanguage":"de-DE","@id":"https:\/\/www.toursbahia.com.br\/de\/loja\/kurzreisen\/morro-de-sao-paulo-sky-kurzreisen\/#primaryimage","url":"https:\/\/www.toursbahia.com.br\/wp-content\/uploads\/2018\/12\/Morro-de-S\u00e3o-Paulo-Foto-03.jpg","contentUrl":"https:\/\/www.toursbahia.com.br\/wp-content\/uploads\/2018\/12\/Morro-de-S\u00e3o-Paulo-Foto-03.jpg","width":900,"height":550},{"@type":"WebPage","@id":"https:\/\/www.toursbahia.com.br\/de\/loja\/kurzreisen\/morro-de-sao-paulo-sky-kurzreisen\/","url":"https:\/\/www.toursbahia.com.br\/de\/loja\/kurzreisen\/morro-de-sao-paulo-sky-kurzreisen\/","name":"Morro de S\u00e3o Paulo \u2013 Sky - Kurzreisen - Tours Bahia","isPartOf":{"@id":"https:\/\/www.toursbahia.com.br\/#website"},"primaryImageOfPage":{"@id":"https:\/\/www.toursbahia.com.br\/de\/loja\/kurzreisen\/morro-de-sao-paulo-sky-kurzreisen\/#primaryimage"},"datePublished":"2019-01-18T16:34:32+00:00","dateModified":"2019-02-05T23:29:56+00:00","breadcrumb":{"@id":"https:\/\/www.toursbahia.com.br\/de\/loja\/kurzreisen\/morro-de-sao-paulo-sky-kurzreisen\/#breadcrumb"},"inLanguage":"de-DE","potentialAction":[{"@type":"ReadAction","target":["https:\/\/www.toursbahia.com.br\/de\/loja\/kurzreisen\/morro-de-sao-paulo-sky-kurzreisen\/"]}]},{"@type":"BreadcrumbList","@id":"https:\/\/www.toursbahia.com.br\/de\/loja\/kurzreisen\/morro-de-sao-paulo-sky-kurzreisen\/#breadcrumb","itemListElement":[{"@type":"ListItem","position":1,"name":"In\u00edcio","item":"https:\/\/www.toursbahia.com.br\/de\/"},{"@type":"ListItem","position":2,"name":"Store","item":"https:\/\/www.toursbahia.com.br\/de\/store-tours-bahia-internacional\/"},{"@type":"ListItem","position":3,"name":"Morro de S\u00e3o Paulo \u2013 Sky &#8211; Kurzreisen"}]}]}},"_links":{"self":[{"href":"https:\/\/www.toursbahia.com.br\/de\/wp-json\/wp\/v2\/product\/3439"}],"collection":[{"href":"https:\/\/www.toursbahia.com.br\/de\/wp-json\/wp\/v2\/product"}],"about":[{"href":"https:\/\/www.toursbahia.com.br\/de\/wp-json\/wp\/v2\/types\/product"}],"replies":[{"embeddable":true,"href":"https:\/\/www.toursbahia.com.br\/de\/wp-json\/wp\/v2\/comments?post=3439"}],"wp:featuredmedia":[{"embeddable":true,"href":"https:\/\/www.toursbahia.com.br\/de\/wp-json\/wp\/v2\/media\/2672"}],"wp:attachment":[{"href":"https:\/\/www.toursbahia.com.br\/de\/wp-json\/wp\/v2\/media?parent=3439"}],"wp:term":[{"taxonomy":"product_cat","embeddable":true,"href":"https:\/\/www.toursbahia.com.br\/de\/wp-json\/wp\/v2\/product_cat?post=3439"},{"taxonomy":"product_tag","embeddable":true,"href":"https:\/\/www.toursbahia.com.br\/de\/wp-json\/wp\/v2\/product_tag?post=3439"}],"curies":[{"name":"wp","href":"https:\/\/api.w.org\/{rel}","templated":true}]}}