{"id":3441,"date":"2019-01-18T14:31:04","date_gmt":"2019-01-18T16:31:04","guid":{"rendered":"https:\/\/www.toursbahia.com.br\/\/produto\/unkategorisiert\/chapada-diamantina-pacote\/"},"modified":"2019-02-05T21:32:29","modified_gmt":"2019-02-05T23:32:29","slug":"chapada-diamantina-kurzreisen","status":"publish","type":"product","link":"https:\/\/www.toursbahia.com.br\/de\/loja\/kurzreisen\/chapada-diamantina-kurzreisen\/","title":{"rendered":"Chapada Diamantina &#8211; Kurzreisen"},"content":{"rendered":"","protected":false},"excerpt":{"rendered":"<p>Im Herzen des Bundesstaates Bahia gelegen, geh\u00f6rt der Nationalpark Chapada Diamantina zu den sch\u00f6nsten Landschaften von Brasilien. Umgeben von T\u00e4lern, Tafelbergen, Schluchten, H\u00f6hlen und Wasserf\u00e4llen, ist die Chapada Diamantina ein begehrtes Reiseziel f\u00fcr Naturliebhaber. Zu den wichtigsten Attraktionen geh\u00f6ren der Tafelberg Pai In\u00e1cio, der Fuma\u00e7a-Wasserfall sowie die T\u00e4ler von Cap\u00e3o und Paty, deren Wanderwege zu den beliebtesten Trekking-Zielen des Landes z\u00e4hlen.<\/p>\n<p>Eine der wichtigsten St\u00e4dte der Chapada Diamantina ist Len\u00e7\u00f3is, das seine koloniale Architektur aus der Zeit des Diamantenbooms im 19. Jahrhundert weitgehend erhalten hat. Es besitzt eine gute Infrastruktur, was Hotels, Pousadas, Campingpl\u00e4tze, Bars und Restaurants anbelangt. Der Charme dieser Stadt und die Gastfreundschaft der Einheimischen hat so manchen Besucher dazu bewogen, sich hier niederzulassen.<\/p>\n","protected":false},"featured_media":2042,"comment_status":"open","ping_status":"closed","template":"","meta":[],"product_cat":[699,700,701],"product_tag":[],"yoast_head":"<!-- This site is optimized with the Yoast SEO plugin v19.3 - https:\/\/yoast.com\/wordpress\/plugins\/seo\/ -->\n<title>Chapada Diamantina - Kurzreisen - Tours Bahia<\/title>\n<meta name=\"robots\" content=\"index, follow, max-snippet:-1, max-image-preview:large, max-video-preview:-1\" \/>\n<link rel=\"canonical\" href=\"https:\/\/www.toursbahia.com.br\/de\/loja\/kurzreisen\/chapada-diamantina-kurzreisen\/\" \/>\n<meta property=\"og:locale\" content=\"de_DE\" \/>\n<meta property=\"og:type\" content=\"article\" \/>\n<meta property=\"og:title\" content=\"Chapada Diamantina - Kurzreisen - Tours Bahia\" \/>\n<meta property=\"og:description\" content=\"Im Herzen des Bundesstaates Bahia gelegen, geh\u00f6rt der Nationalpark Chapada Diamantina zu den sch\u00f6nsten Landschaften von Brasilien. Umgeben von T\u00e4lern, Tafelbergen, Schluchten, H\u00f6hlen und Wasserf\u00e4llen, ist die Chapada Diamantina ein begehrtes Reiseziel f\u00fcr Naturliebhaber. Zu den wichtigsten Attraktionen geh\u00f6ren der Tafelberg Pai In\u00e1cio, der Fuma\u00e7a-Wasserfall sowie die T\u00e4ler von Cap\u00e3o und Paty, deren Wanderwege zu den beliebtesten Trekking-Zielen des Landes z\u00e4hlen.  Eine der wichtigsten St\u00e4dte der Chapada Diamantina ist Len\u00e7\u00f3is, das seine koloniale Architektur aus der Zeit des Diamantenbooms im 19. Jahrhundert weitgehend erhalten hat. Es besitzt eine gute Infrastruktur, was Hotels, Pousadas, Campingpl\u00e4tze, Bars und Restaurants anbelangt. Der Charme dieser Stadt und die Gastfreundschaft der Einheimischen hat so manchen Besucher dazu bewogen, sich hier niederzulassen.\" \/>\n<meta property=\"og:url\" content=\"https:\/\/www.toursbahia.com.br\/de\/loja\/kurzreisen\/chapada-diamantina-kurzreisen\/\" \/>\n<meta property=\"og:site_name\" content=\"Tours Bahia\" \/>\n<meta property=\"article:publisher\" content=\"https:\/\/www.facebook.com\/toursbahiainternational\" \/>\n<meta property=\"article:modified_time\" content=\"2019-02-05T23:32:29+00:00\" \/>\n<meta property=\"og:image\" content=\"https:\/\/www.toursbahia.com.br\/wp-content\/uploads\/2018\/12\/Chapada-Diamantina-Foto-03.jpg\" \/>\n\t<meta property=\"og:image:width\" content=\"900\" \/>\n\t<meta property=\"og:image:height\" content=\"550\" \/>\n\t<meta property=\"og:image:type\" content=\"image\/jpeg\" \/>\n<meta name=\"twitter:card\" content=\"summary_large_image\" \/>\n<script type=\"application\/ld+json\" class=\"yoast-schema-graph\">{\"@context\":\"https:\/\/schema.org\",\"@graph\":[{\"@type\":\"WebSite\",\"@id\":\"https:\/\/www.toursbahia.com.br\/#website\",\"url\":\"https:\/\/www.toursbahia.com.br\/\",\"name\":\"Tours Bahia\",\"description\":\"\",\"potentialAction\":[{\"@type\":\"SearchAction\",\"target\":{\"@type\":\"EntryPoint\",\"urlTemplate\":\"https:\/\/www.toursbahia.com.br\/?s={search_term_string}\"},\"query-input\":\"required name=search_term_string\"}],\"inLanguage\":\"de-DE\"},{\"@type\":\"ImageObject\",\"inLanguage\":\"de-DE\",\"@id\":\"https:\/\/www.toursbahia.com.br\/de\/loja\/kurzreisen\/chapada-diamantina-kurzreisen\/#primaryimage\",\"url\":\"https:\/\/www.toursbahia.com.br\/wp-content\/uploads\/2018\/12\/Chapada-Diamantina-Foto-03.jpg\",\"contentUrl\":\"https:\/\/www.toursbahia.com.br\/wp-content\/uploads\/2018\/12\/Chapada-Diamantina-Foto-03.jpg\",\"width\":900,\"height\":550},{\"@type\":\"WebPage\",\"@id\":\"https:\/\/www.toursbahia.com.br\/de\/loja\/kurzreisen\/chapada-diamantina-kurzreisen\/\",\"url\":\"https:\/\/www.toursbahia.com.br\/de\/loja\/kurzreisen\/chapada-diamantina-kurzreisen\/\",\"name\":\"Chapada Diamantina - Kurzreisen - Tours Bahia\",\"isPartOf\":{\"@id\":\"https:\/\/www.toursbahia.com.br\/#website\"},\"primaryImageOfPage\":{\"@id\":\"https:\/\/www.toursbahia.com.br\/de\/loja\/kurzreisen\/chapada-diamantina-kurzreisen\/#primaryimage\"},\"datePublished\":\"2019-01-18T16:31:04+00:00\",\"dateModified\":\"2019-02-05T23:32:29+00:00\",\"breadcrumb\":{\"@id\":\"https:\/\/www.toursbahia.com.br\/de\/loja\/kurzreisen\/chapada-diamantina-kurzreisen\/#breadcrumb\"},\"inLanguage\":\"de-DE\",\"potentialAction\":[{\"@type\":\"ReadAction\",\"target\":[\"https:\/\/www.toursbahia.com.br\/de\/loja\/kurzreisen\/chapada-diamantina-kurzreisen\/\"]}]},{\"@type\":\"BreadcrumbList\",\"@id\":\"https:\/\/www.toursbahia.com.br\/de\/loja\/kurzreisen\/chapada-diamantina-kurzreisen\/#breadcrumb\",\"itemListElement\":[{\"@type\":\"ListItem\",\"position\":1,\"name\":\"In\u00edcio\",\"item\":\"https:\/\/www.toursbahia.com.br\/de\/\"},{\"@type\":\"ListItem\",\"position\":2,\"name\":\"Store\",\"item\":\"https:\/\/www.toursbahia.com.br\/de\/store-tours-bahia-internacional\/\"},{\"@type\":\"ListItem\",\"position\":3,\"name\":\"Chapada Diamantina &#8211; Kurzreisen\"}]}]}<\/script>\n<!-- \/ Yoast SEO plugin. -->","yoast_head_json":{"title":"Chapada Diamantina - Kurzreisen - Tours Bahia","robots":{"index":"index","follow":"follow","max-snippet":"max-snippet:-1","max-image-preview":"max-image-preview:large","max-video-preview":"max-video-preview:-1"},"canonical":"https:\/\/www.toursbahia.com.br\/de\/loja\/kurzreisen\/chapada-diamantina-kurzreisen\/","og_locale":"de_DE","og_type":"article","og_title":"Chapada Diamantina - Kurzreisen - Tours Bahia","og_description":"Im Herzen des Bundesstaates Bahia gelegen, geh\u00f6rt der Nationalpark Chapada Diamantina zu den sch\u00f6nsten Landschaften von Brasilien. Umgeben von T\u00e4lern, Tafelbergen, Schluchten, H\u00f6hlen und Wasserf\u00e4llen, ist die Chapada Diamantina ein begehrtes Reiseziel f\u00fcr Naturliebhaber. Zu den wichtigsten Attraktionen geh\u00f6ren der Tafelberg Pai In\u00e1cio, der Fuma\u00e7a-Wasserfall sowie die T\u00e4ler von Cap\u00e3o und Paty, deren Wanderwege zu den beliebtesten Trekking-Zielen des Landes z\u00e4hlen.  Eine der wichtigsten St\u00e4dte der Chapada Diamantina ist Len\u00e7\u00f3is, das seine koloniale Architektur aus der Zeit des Diamantenbooms im 19. Jahrhundert weitgehend erhalten hat. Es besitzt eine gute Infrastruktur, was Hotels, Pousadas, Campingpl\u00e4tze, Bars und Restaurants anbelangt. Der Charme dieser Stadt und die Gastfreundschaft der Einheimischen hat so manchen Besucher dazu bewogen, sich hier niederzulassen.","og_url":"https:\/\/www.toursbahia.com.br\/de\/loja\/kurzreisen\/chapada-diamantina-kurzreisen\/","og_site_name":"Tours Bahia","article_publisher":"https:\/\/www.facebook.com\/toursbahiainternational","article_modified_time":"2019-02-05T23:32:29+00:00","og_image":[{"width":900,"height":550,"url":"https:\/\/www.toursbahia.com.br\/wp-content\/uploads\/2018\/12\/Chapada-Diamantina-Foto-03.jpg","type":"image\/jpeg"}],"twitter_card":"summary_large_image","schema":{"@context":"https:\/\/schema.org","@graph":[{"@type":"WebSite","@id":"https:\/\/www.toursbahia.com.br\/#website","url":"https:\/\/www.toursbahia.com.br\/","name":"Tours Bahia","description":"","potentialAction":[{"@type":"SearchAction","target":{"@type":"EntryPoint","urlTemplate":"https:\/\/www.toursbahia.com.br\/?s={search_term_string}"},"query-input":"required name=search_term_string"}],"inLanguage":"de-DE"},{"@type":"ImageObject","inLanguage":"de-DE","@id":"https:\/\/www.toursbahia.com.br\/de\/loja\/kurzreisen\/chapada-diamantina-kurzreisen\/#primaryimage","url":"https:\/\/www.toursbahia.com.br\/wp-content\/uploads\/2018\/12\/Chapada-Diamantina-Foto-03.jpg","contentUrl":"https:\/\/www.toursbahia.com.br\/wp-content\/uploads\/2018\/12\/Chapada-Diamantina-Foto-03.jpg","width":900,"height":550},{"@type":"WebPage","@id":"https:\/\/www.toursbahia.com.br\/de\/loja\/kurzreisen\/chapada-diamantina-kurzreisen\/","url":"https:\/\/www.toursbahia.com.br\/de\/loja\/kurzreisen\/chapada-diamantina-kurzreisen\/","name":"Chapada Diamantina - Kurzreisen - Tours Bahia","isPartOf":{"@id":"https:\/\/www.toursbahia.com.br\/#website"},"primaryImageOfPage":{"@id":"https:\/\/www.toursbahia.com.br\/de\/loja\/kurzreisen\/chapada-diamantina-kurzreisen\/#primaryimage"},"datePublished":"2019-01-18T16:31:04+00:00","dateModified":"2019-02-05T23:32:29+00:00","breadcrumb":{"@id":"https:\/\/www.toursbahia.com.br\/de\/loja\/kurzreisen\/chapada-diamantina-kurzreisen\/#breadcrumb"},"inLanguage":"de-DE","potentialAction":[{"@type":"ReadAction","target":["https:\/\/www.toursbahia.com.br\/de\/loja\/kurzreisen\/chapada-diamantina-kurzreisen\/"]}]},{"@type":"BreadcrumbList","@id":"https:\/\/www.toursbahia.com.br\/de\/loja\/kurzreisen\/chapada-diamantina-kurzreisen\/#breadcrumb","itemListElement":[{"@type":"ListItem","position":1,"name":"In\u00edcio","item":"https:\/\/www.toursbahia.com.br\/de\/"},{"@type":"ListItem","position":2,"name":"Store","item":"https:\/\/www.toursbahia.com.br\/de\/store-tours-bahia-internacional\/"},{"@type":"ListItem","position":3,"name":"Chapada Diamantina &#8211; Kurzreisen"}]}]}},"_links":{"self":[{"href":"https:\/\/www.toursbahia.com.br\/de\/wp-json\/wp\/v2\/product\/3441"}],"collection":[{"href":"https:\/\/www.toursbahia.com.br\/de\/wp-json\/wp\/v2\/product"}],"about":[{"href":"https:\/\/www.toursbahia.com.br\/de\/wp-json\/wp\/v2\/types\/product"}],"replies":[{"embeddable":true,"href":"https:\/\/www.toursbahia.com.br\/de\/wp-json\/wp\/v2\/comments?post=3441"}],"wp:featuredmedia":[{"embeddable":true,"href":"https:\/\/www.toursbahia.com.br\/de\/wp-json\/wp\/v2\/media\/2042"}],"wp:attachment":[{"href":"https:\/\/www.toursbahia.com.br\/de\/wp-json\/wp\/v2\/media?parent=3441"}],"wp:term":[{"taxonomy":"product_cat","embeddable":true,"href":"https:\/\/www.toursbahia.com.br\/de\/wp-json\/wp\/v2\/product_cat?post=3441"},{"taxonomy":"product_tag","embeddable":true,"href":"https:\/\/www.toursbahia.com.br\/de\/wp-json\/wp\/v2\/product_tag?post=3441"}],"curies":[{"name":"wp","href":"https:\/\/api.w.org\/{rel}","templated":true}]}}