{"id":3443,"date":"2019-01-18T13:39:57","date_gmt":"2019-01-18T15:39:57","guid":{"rendered":"https:\/\/www.toursbahia.com.br\/\/produto\/unkategorisiert\/peninsula-de-marau-land-ocean-pacote\/"},"modified":"2025-06-02T05:01:32","modified_gmt":"2025-06-02T08:01:32","slug":"die-marau-halbinsel-kurzreisen","status":"publish","type":"product","link":"https:\/\/www.toursbahia.com.br\/de\/loja\/kurzreisen\/die-marau-halbinsel-kurzreisen\/","title":{"rendered":"Die Mara\u00fa &#8211; Halbinsel &#8211; Kurzreisen"},"content":{"rendered":"","protected":false},"excerpt":{"rendered":"<p>Lernen Sie ein Paradies im S\u00fcden Bahias kennen und genie\u00dfen Sie seine reizvolle Natur in vollen Z\u00fcgen!<\/p>\n<p>Mara\u00fa ist ein echtes Schatzk\u00e4stchen \u00f6kologischer Vielfalt und lockt mit einladenden Str\u00e4nden, Sandb\u00e4nken, Mangroven, Korallenriffs mit nat\u00fcrlichen Schwimmbecken, freien Ebenen und der artenreichen Flora und Fauna des Atlantischen K\u00fcstenregenwalds. Greifen Sie zu!<\/p>\n<p>Unser Fahrzeug bringt Sie zun\u00e4chst von Ihrem Hotel in Salvador bis zum F\u00e4hrterminal? Im Verlauf der Anfahrt passieren Sie weite Dend\u00ea-Palmplantagen, typische Farmen und historische Kolonialst\u00e4dtchen wie beispielsweise Valen\u00e7a, Ituber\u00e1 und folgen der \u201eLinha Verde Sul\u201c bis nach Camamu. Von dort aus \u00fcberqueren Sie die herrliche Bucht von Camamu in einem schnellen Motorboot. Am Zielhafen in Jobel wartet bereits ein gel\u00e4ndeg\u00e4ngiges Fahrzeug, mit dem Sie zu Ihrem Hotel auf der anderen, dem Ozean zugewandten Seite der Mara\u00fa-Halbinsel gebracht werden. Diese Fahrt nimmt nur 15 Minuten in Anspruch, wird aber von den meisten Besuchern wie eine echte Exkursion genossen, da sie durch ganz verschiedene Landschaften und St\u00e4dte f\u00fchrt und dabei erste bleibende Eindr\u00fccke vom Leben und von der Kultur in S\u00fcdbahia vermittelt.<\/p>\n<p>Unser Reiseangebot schlie\u00dft folgende Leistungen ein:<\/p>\n<p>3 \u00dcbernachtungen mit Fr\u00fchst\u00fcck,<\/p>\n<p>alle genannten Fahrten bei An- und Abreise<\/p>\n<p>sowie alle Steuern und Abgaben.<\/p>\n","protected":false},"featured_media":1923,"comment_status":"open","ping_status":"closed","template":"","meta":[],"product_cat":[699,700,705],"product_tag":[],"yoast_head":"<!-- This site is optimized with the Yoast SEO plugin v19.3 - https:\/\/yoast.com\/wordpress\/plugins\/seo\/ -->\n<title>Die Mara\u00fa - Halbinsel - Kurzreisen - Tours Bahia<\/title>\n<meta name=\"robots\" content=\"index, follow, max-snippet:-1, max-image-preview:large, max-video-preview:-1\" \/>\n<link rel=\"canonical\" href=\"https:\/\/www.toursbahia.com.br\/de\/loja\/kurzreisen\/die-marau-halbinsel-kurzreisen\/\" \/>\n<meta property=\"og:locale\" content=\"de_DE\" \/>\n<meta property=\"og:type\" content=\"article\" \/>\n<meta property=\"og:title\" content=\"Die Mara\u00fa - Halbinsel - Kurzreisen - Tours Bahia\" \/>\n<meta property=\"og:description\" content=\"Lernen Sie ein Paradies im S\u00fcden Bahias kennen und genie\u00dfen Sie seine reizvolle Natur in vollen Z\u00fcgen!  Mara\u00fa ist ein echtes Schatzk\u00e4stchen \u00f6kologischer Vielfalt und lockt mit einladenden Str\u00e4nden, Sandb\u00e4nken, Mangroven, Korallenriffs mit nat\u00fcrlichen Schwimmbecken, freien Ebenen und der artenreichen Flora und Fauna des Atlantischen K\u00fcstenregenwalds. Greifen Sie zu!  Unser Fahrzeug bringt Sie zun\u00e4chst von Ihrem Hotel in Salvador bis zum F\u00e4hrterminal? Im Verlauf der Anfahrt passieren Sie weite Dend\u00ea-Palmplantagen, typische Farmen und historische Kolonialst\u00e4dtchen wie beispielsweise Valen\u00e7a, Ituber\u00e1 und folgen der \u201eLinha Verde Sul\u201c bis nach Camamu. Von dort aus \u00fcberqueren Sie die herrliche Bucht von Camamu in einem schnellen Motorboot. Am Zielhafen in Jobel wartet bereits ein gel\u00e4ndeg\u00e4ngiges Fahrzeug, mit dem Sie zu Ihrem Hotel auf der anderen, dem Ozean zugewandten Seite der Mara\u00fa-Halbinsel gebracht werden. Diese Fahrt nimmt nur 15 Minuten in Anspruch, wird aber von den meisten Besuchern wie eine echte Exkursion genossen, da sie durch ganz verschiedene Landschaften und St\u00e4dte f\u00fchrt und dabei erste bleibende Eindr\u00fccke vom Leben und von der Kultur in S\u00fcdbahia vermittelt.  Unser Reiseangebot schlie\u00dft folgende Leistungen ein:  3 \u00dcbernachtungen mit Fr\u00fchst\u00fcck,  alle genannten Fahrten bei An- und Abreise  sowie alle Steuern und Abgaben.\" \/>\n<meta property=\"og:url\" content=\"https:\/\/www.toursbahia.com.br\/de\/loja\/kurzreisen\/die-marau-halbinsel-kurzreisen\/\" \/>\n<meta property=\"og:site_name\" content=\"Tours Bahia\" \/>\n<meta property=\"article:publisher\" content=\"https:\/\/www.facebook.com\/toursbahiainternational\" \/>\n<meta property=\"article:modified_time\" content=\"2025-06-02T08:01:32+00:00\" \/>\n<meta property=\"og:image\" content=\"https:\/\/www.toursbahia.com.br\/wp-content\/uploads\/2019\/01\/Peninsula-de-Mara\u00fa-Foto-05.jpg\" \/>\n\t<meta property=\"og:image:width\" content=\"900\" \/>\n\t<meta property=\"og:image:height\" content=\"550\" \/>\n\t<meta property=\"og:image:type\" content=\"image\/jpeg\" \/>\n<meta name=\"twitter:card\" content=\"summary_large_image\" \/>\n<script type=\"application\/ld+json\" class=\"yoast-schema-graph\">{\"@context\":\"https:\/\/schema.org\",\"@graph\":[{\"@type\":\"WebSite\",\"@id\":\"https:\/\/www.toursbahia.com.br\/#website\",\"url\":\"https:\/\/www.toursbahia.com.br\/\",\"name\":\"Tours Bahia\",\"description\":\"\",\"potentialAction\":[{\"@type\":\"SearchAction\",\"target\":{\"@type\":\"EntryPoint\",\"urlTemplate\":\"https:\/\/www.toursbahia.com.br\/?s={search_term_string}\"},\"query-input\":\"required name=search_term_string\"}],\"inLanguage\":\"de-DE\"},{\"@type\":\"ImageObject\",\"inLanguage\":\"de-DE\",\"@id\":\"https:\/\/www.toursbahia.com.br\/de\/loja\/kurzreisen\/die-marau-halbinsel-kurzreisen\/#primaryimage\",\"url\":\"https:\/\/www.toursbahia.com.br\/wp-content\/uploads\/2019\/01\/Peninsula-de-Mara\u00fa-Foto-05.jpg\",\"contentUrl\":\"https:\/\/www.toursbahia.com.br\/wp-content\/uploads\/2019\/01\/Peninsula-de-Mara\u00fa-Foto-05.jpg\",\"width\":900,\"height\":550},{\"@type\":\"WebPage\",\"@id\":\"https:\/\/www.toursbahia.com.br\/de\/loja\/kurzreisen\/die-marau-halbinsel-kurzreisen\/\",\"url\":\"https:\/\/www.toursbahia.com.br\/de\/loja\/kurzreisen\/die-marau-halbinsel-kurzreisen\/\",\"name\":\"Die Mara\u00fa - Halbinsel - Kurzreisen - Tours Bahia\",\"isPartOf\":{\"@id\":\"https:\/\/www.toursbahia.com.br\/#website\"},\"primaryImageOfPage\":{\"@id\":\"https:\/\/www.toursbahia.com.br\/de\/loja\/kurzreisen\/die-marau-halbinsel-kurzreisen\/#primaryimage\"},\"datePublished\":\"2019-01-18T15:39:57+00:00\",\"dateModified\":\"2025-06-02T08:01:32+00:00\",\"breadcrumb\":{\"@id\":\"https:\/\/www.toursbahia.com.br\/de\/loja\/kurzreisen\/die-marau-halbinsel-kurzreisen\/#breadcrumb\"},\"inLanguage\":\"de-DE\",\"potentialAction\":[{\"@type\":\"ReadAction\",\"target\":[\"https:\/\/www.toursbahia.com.br\/de\/loja\/kurzreisen\/die-marau-halbinsel-kurzreisen\/\"]}]},{\"@type\":\"BreadcrumbList\",\"@id\":\"https:\/\/www.toursbahia.com.br\/de\/loja\/kurzreisen\/die-marau-halbinsel-kurzreisen\/#breadcrumb\",\"itemListElement\":[{\"@type\":\"ListItem\",\"position\":1,\"name\":\"In\u00edcio\",\"item\":\"https:\/\/www.toursbahia.com.br\/de\/\"},{\"@type\":\"ListItem\",\"position\":2,\"name\":\"Store\",\"item\":\"https:\/\/www.toursbahia.com.br\/de\/store-tours-bahia-internacional\/\"},{\"@type\":\"ListItem\",\"position\":3,\"name\":\"Die Mara\u00fa &#8211; Halbinsel &#8211; Kurzreisen\"}]}]}<\/script>\n<!-- \/ Yoast SEO plugin. -->","yoast_head_json":{"title":"Die Mara\u00fa - Halbinsel - Kurzreisen - Tours Bahia","robots":{"index":"index","follow":"follow","max-snippet":"max-snippet:-1","max-image-preview":"max-image-preview:large","max-video-preview":"max-video-preview:-1"},"canonical":"https:\/\/www.toursbahia.com.br\/de\/loja\/kurzreisen\/die-marau-halbinsel-kurzreisen\/","og_locale":"de_DE","og_type":"article","og_title":"Die Mara\u00fa - Halbinsel - Kurzreisen - Tours Bahia","og_description":"Lernen Sie ein Paradies im S\u00fcden Bahias kennen und genie\u00dfen Sie seine reizvolle Natur in vollen Z\u00fcgen!  Mara\u00fa ist ein echtes Schatzk\u00e4stchen \u00f6kologischer Vielfalt und lockt mit einladenden Str\u00e4nden, Sandb\u00e4nken, Mangroven, Korallenriffs mit nat\u00fcrlichen Schwimmbecken, freien Ebenen und der artenreichen Flora und Fauna des Atlantischen K\u00fcstenregenwalds. Greifen Sie zu!  Unser Fahrzeug bringt Sie zun\u00e4chst von Ihrem Hotel in Salvador bis zum F\u00e4hrterminal? Im Verlauf der Anfahrt passieren Sie weite Dend\u00ea-Palmplantagen, typische Farmen und historische Kolonialst\u00e4dtchen wie beispielsweise Valen\u00e7a, Ituber\u00e1 und folgen der \u201eLinha Verde Sul\u201c bis nach Camamu. Von dort aus \u00fcberqueren Sie die herrliche Bucht von Camamu in einem schnellen Motorboot. Am Zielhafen in Jobel wartet bereits ein gel\u00e4ndeg\u00e4ngiges Fahrzeug, mit dem Sie zu Ihrem Hotel auf der anderen, dem Ozean zugewandten Seite der Mara\u00fa-Halbinsel gebracht werden. Diese Fahrt nimmt nur 15 Minuten in Anspruch, wird aber von den meisten Besuchern wie eine echte Exkursion genossen, da sie durch ganz verschiedene Landschaften und St\u00e4dte f\u00fchrt und dabei erste bleibende Eindr\u00fccke vom Leben und von der Kultur in S\u00fcdbahia vermittelt.  Unser Reiseangebot schlie\u00dft folgende Leistungen ein:  3 \u00dcbernachtungen mit Fr\u00fchst\u00fcck,  alle genannten Fahrten bei An- und Abreise  sowie alle Steuern und Abgaben.","og_url":"https:\/\/www.toursbahia.com.br\/de\/loja\/kurzreisen\/die-marau-halbinsel-kurzreisen\/","og_site_name":"Tours Bahia","article_publisher":"https:\/\/www.facebook.com\/toursbahiainternational","article_modified_time":"2025-06-02T08:01:32+00:00","og_image":[{"width":900,"height":550,"url":"https:\/\/www.toursbahia.com.br\/wp-content\/uploads\/2019\/01\/Peninsula-de-Mara\u00fa-Foto-05.jpg","type":"image\/jpeg"}],"twitter_card":"summary_large_image","schema":{"@context":"https:\/\/schema.org","@graph":[{"@type":"WebSite","@id":"https:\/\/www.toursbahia.com.br\/#website","url":"https:\/\/www.toursbahia.com.br\/","name":"Tours Bahia","description":"","potentialAction":[{"@type":"SearchAction","target":{"@type":"EntryPoint","urlTemplate":"https:\/\/www.toursbahia.com.br\/?s={search_term_string}"},"query-input":"required name=search_term_string"}],"inLanguage":"de-DE"},{"@type":"ImageObject","inLanguage":"de-DE","@id":"https:\/\/www.toursbahia.com.br\/de\/loja\/kurzreisen\/die-marau-halbinsel-kurzreisen\/#primaryimage","url":"https:\/\/www.toursbahia.com.br\/wp-content\/uploads\/2019\/01\/Peninsula-de-Mara\u00fa-Foto-05.jpg","contentUrl":"https:\/\/www.toursbahia.com.br\/wp-content\/uploads\/2019\/01\/Peninsula-de-Mara\u00fa-Foto-05.jpg","width":900,"height":550},{"@type":"WebPage","@id":"https:\/\/www.toursbahia.com.br\/de\/loja\/kurzreisen\/die-marau-halbinsel-kurzreisen\/","url":"https:\/\/www.toursbahia.com.br\/de\/loja\/kurzreisen\/die-marau-halbinsel-kurzreisen\/","name":"Die Mara\u00fa - Halbinsel - Kurzreisen - Tours Bahia","isPartOf":{"@id":"https:\/\/www.toursbahia.com.br\/#website"},"primaryImageOfPage":{"@id":"https:\/\/www.toursbahia.com.br\/de\/loja\/kurzreisen\/die-marau-halbinsel-kurzreisen\/#primaryimage"},"datePublished":"2019-01-18T15:39:57+00:00","dateModified":"2025-06-02T08:01:32+00:00","breadcrumb":{"@id":"https:\/\/www.toursbahia.com.br\/de\/loja\/kurzreisen\/die-marau-halbinsel-kurzreisen\/#breadcrumb"},"inLanguage":"de-DE","potentialAction":[{"@type":"ReadAction","target":["https:\/\/www.toursbahia.com.br\/de\/loja\/kurzreisen\/die-marau-halbinsel-kurzreisen\/"]}]},{"@type":"BreadcrumbList","@id":"https:\/\/www.toursbahia.com.br\/de\/loja\/kurzreisen\/die-marau-halbinsel-kurzreisen\/#breadcrumb","itemListElement":[{"@type":"ListItem","position":1,"name":"In\u00edcio","item":"https:\/\/www.toursbahia.com.br\/de\/"},{"@type":"ListItem","position":2,"name":"Store","item":"https:\/\/www.toursbahia.com.br\/de\/store-tours-bahia-internacional\/"},{"@type":"ListItem","position":3,"name":"Die Mara\u00fa &#8211; Halbinsel &#8211; Kurzreisen"}]}]}},"_links":{"self":[{"href":"https:\/\/www.toursbahia.com.br\/de\/wp-json\/wp\/v2\/product\/3443"}],"collection":[{"href":"https:\/\/www.toursbahia.com.br\/de\/wp-json\/wp\/v2\/product"}],"about":[{"href":"https:\/\/www.toursbahia.com.br\/de\/wp-json\/wp\/v2\/types\/product"}],"replies":[{"embeddable":true,"href":"https:\/\/www.toursbahia.com.br\/de\/wp-json\/wp\/v2\/comments?post=3443"}],"wp:featuredmedia":[{"embeddable":true,"href":"https:\/\/www.toursbahia.com.br\/de\/wp-json\/wp\/v2\/media\/1923"}],"wp:attachment":[{"href":"https:\/\/www.toursbahia.com.br\/de\/wp-json\/wp\/v2\/media?parent=3443"}],"wp:term":[{"taxonomy":"product_cat","embeddable":true,"href":"https:\/\/www.toursbahia.com.br\/de\/wp-json\/wp\/v2\/product_cat?post=3443"},{"taxonomy":"product_tag","embeddable":true,"href":"https:\/\/www.toursbahia.com.br\/de\/wp-json\/wp\/v2\/product_tag?post=3443"}],"curies":[{"name":"wp","href":"https:\/\/api.w.org\/{rel}","templated":true}]}}