{"id":3449,"date":"2019-01-18T21:57:00","date_gmt":"2019-01-18T23:57:00","guid":{"rendered":"https:\/\/www.toursbahia.com.br\/\/produto\/unkategorisiert\/turismo-nautico-servicos-especiais\/"},"modified":"2025-05-30T21:37:33","modified_gmt":"2025-05-31T00:37:33","slug":"nautischer-tourismus-extras","status":"publish","type":"product","link":"https:\/\/www.toursbahia.com.br\/de\/loja\/extras\/nautischer-tourismus-extras\/","title":{"rendered":"Nautischer Tourismus &#8211; Extras"},"content":{"rendered":"","protected":false},"excerpt":{"rendered":"<p>F\u00fcr die Meeresliebhaber bietet Tours Bahia den Verleih von Motorbooten, Schaluppen und Schonern an. Navigieren Sie mit der Familie oder einer Gruppe von Freunden durch die ruhigen Gew\u00e4sser der Allerheiligen-Bucht und lernen Sie dabei einige traumhafte Inseln kennen. Wir haben Luxus-Boote mit Platz f\u00fcr bis zu 15 Personen und Schoner mit Platz f\u00fcr bis zu 60 Personen. Die Route wird an die Bed\u00fcrfnisse des jeweiligen Kunden angepasst. Wir f\u00fchren auch private Transfers mit dem Boot von Salvador zur Insel Itaparica durch, um die Warteschlange an der F\u00e4hre zu vermeiden und den Kunden so Komfort und Schnelligkeit sicherzustellen.<\/p>\n","protected":false},"featured_media":2687,"comment_status":"open","ping_status":"closed","template":"","meta":[],"product_cat":[769,771],"product_tag":[],"yoast_head":"<!-- This site is optimized with the Yoast SEO plugin v19.3 - https:\/\/yoast.com\/wordpress\/plugins\/seo\/ -->\n<title>Nautischer Tourismus - Extras - Tours Bahia<\/title>\n<meta name=\"robots\" content=\"index, follow, max-snippet:-1, max-image-preview:large, max-video-preview:-1\" \/>\n<link rel=\"canonical\" href=\"https:\/\/www.toursbahia.com.br\/de\/loja\/extras\/nautischer-tourismus-extras\/\" \/>\n<meta property=\"og:locale\" content=\"de_DE\" \/>\n<meta property=\"og:type\" content=\"article\" \/>\n<meta property=\"og:title\" content=\"Nautischer Tourismus - Extras - Tours Bahia\" \/>\n<meta property=\"og:description\" content=\"F\u00fcr die Meeresliebhaber bietet Tours Bahia den Verleih von Motorbooten, Schaluppen und Schonern an. Navigieren Sie mit der Familie oder einer Gruppe von Freunden durch die ruhigen Gew\u00e4sser der Allerheiligen-Bucht und lernen Sie dabei einige traumhafte Inseln kennen. Wir haben Luxus-Boote mit Platz f\u00fcr bis zu 15 Personen und Schoner mit Platz f\u00fcr bis zu 60 Personen. Die Route wird an die Bed\u00fcrfnisse des jeweiligen Kunden angepasst. Wir f\u00fchren auch private Transfers mit dem Boot von Salvador zur Insel Itaparica durch, um die Warteschlange an der F\u00e4hre zu vermeiden und den Kunden so Komfort und Schnelligkeit sicherzustellen.\" \/>\n<meta property=\"og:url\" content=\"https:\/\/www.toursbahia.com.br\/de\/loja\/extras\/nautischer-tourismus-extras\/\" \/>\n<meta property=\"og:site_name\" content=\"Tours Bahia\" \/>\n<meta property=\"article:publisher\" content=\"https:\/\/www.facebook.com\/toursbahiainternational\" \/>\n<meta property=\"article:modified_time\" content=\"2025-05-31T00:37:33+00:00\" \/>\n<meta property=\"og:image\" content=\"https:\/\/www.toursbahia.com.br\/wp-content\/uploads\/2018\/12\/foto-05-turismo-nautico.jpg\" \/>\n\t<meta property=\"og:image:width\" content=\"900\" \/>\n\t<meta property=\"og:image:height\" content=\"550\" \/>\n\t<meta property=\"og:image:type\" content=\"image\/jpeg\" \/>\n<meta name=\"twitter:card\" content=\"summary_large_image\" \/>\n<script type=\"application\/ld+json\" class=\"yoast-schema-graph\">{\"@context\":\"https:\/\/schema.org\",\"@graph\":[{\"@type\":\"WebSite\",\"@id\":\"https:\/\/www.toursbahia.com.br\/#website\",\"url\":\"https:\/\/www.toursbahia.com.br\/\",\"name\":\"Tours Bahia\",\"description\":\"\",\"potentialAction\":[{\"@type\":\"SearchAction\",\"target\":{\"@type\":\"EntryPoint\",\"urlTemplate\":\"https:\/\/www.toursbahia.com.br\/?s={search_term_string}\"},\"query-input\":\"required name=search_term_string\"}],\"inLanguage\":\"de-DE\"},{\"@type\":\"ImageObject\",\"inLanguage\":\"de-DE\",\"@id\":\"https:\/\/www.toursbahia.com.br\/de\/loja\/extras\/nautischer-tourismus-extras\/#primaryimage\",\"url\":\"https:\/\/www.toursbahia.com.br\/wp-content\/uploads\/2018\/12\/foto-05-turismo-nautico.jpg\",\"contentUrl\":\"https:\/\/www.toursbahia.com.br\/wp-content\/uploads\/2018\/12\/foto-05-turismo-nautico.jpg\",\"width\":900,\"height\":550},{\"@type\":\"WebPage\",\"@id\":\"https:\/\/www.toursbahia.com.br\/de\/loja\/extras\/nautischer-tourismus-extras\/\",\"url\":\"https:\/\/www.toursbahia.com.br\/de\/loja\/extras\/nautischer-tourismus-extras\/\",\"name\":\"Nautischer Tourismus - Extras - Tours Bahia\",\"isPartOf\":{\"@id\":\"https:\/\/www.toursbahia.com.br\/#website\"},\"primaryImageOfPage\":{\"@id\":\"https:\/\/www.toursbahia.com.br\/de\/loja\/extras\/nautischer-tourismus-extras\/#primaryimage\"},\"datePublished\":\"2019-01-18T23:57:00+00:00\",\"dateModified\":\"2025-05-31T00:37:33+00:00\",\"breadcrumb\":{\"@id\":\"https:\/\/www.toursbahia.com.br\/de\/loja\/extras\/nautischer-tourismus-extras\/#breadcrumb\"},\"inLanguage\":\"de-DE\",\"potentialAction\":[{\"@type\":\"ReadAction\",\"target\":[\"https:\/\/www.toursbahia.com.br\/de\/loja\/extras\/nautischer-tourismus-extras\/\"]}]},{\"@type\":\"BreadcrumbList\",\"@id\":\"https:\/\/www.toursbahia.com.br\/de\/loja\/extras\/nautischer-tourismus-extras\/#breadcrumb\",\"itemListElement\":[{\"@type\":\"ListItem\",\"position\":1,\"name\":\"In\u00edcio\",\"item\":\"https:\/\/www.toursbahia.com.br\/de\/\"},{\"@type\":\"ListItem\",\"position\":2,\"name\":\"Store\",\"item\":\"https:\/\/www.toursbahia.com.br\/de\/store-tours-bahia-internacional\/\"},{\"@type\":\"ListItem\",\"position\":3,\"name\":\"Nautischer Tourismus &#8211; Extras\"}]}]}<\/script>\n<!-- \/ Yoast SEO plugin. -->","yoast_head_json":{"title":"Nautischer Tourismus - Extras - Tours Bahia","robots":{"index":"index","follow":"follow","max-snippet":"max-snippet:-1","max-image-preview":"max-image-preview:large","max-video-preview":"max-video-preview:-1"},"canonical":"https:\/\/www.toursbahia.com.br\/de\/loja\/extras\/nautischer-tourismus-extras\/","og_locale":"de_DE","og_type":"article","og_title":"Nautischer Tourismus - Extras - Tours Bahia","og_description":"F\u00fcr die Meeresliebhaber bietet Tours Bahia den Verleih von Motorbooten, Schaluppen und Schonern an. Navigieren Sie mit der Familie oder einer Gruppe von Freunden durch die ruhigen Gew\u00e4sser der Allerheiligen-Bucht und lernen Sie dabei einige traumhafte Inseln kennen. Wir haben Luxus-Boote mit Platz f\u00fcr bis zu 15 Personen und Schoner mit Platz f\u00fcr bis zu 60 Personen. Die Route wird an die Bed\u00fcrfnisse des jeweiligen Kunden angepasst. Wir f\u00fchren auch private Transfers mit dem Boot von Salvador zur Insel Itaparica durch, um die Warteschlange an der F\u00e4hre zu vermeiden und den Kunden so Komfort und Schnelligkeit sicherzustellen.","og_url":"https:\/\/www.toursbahia.com.br\/de\/loja\/extras\/nautischer-tourismus-extras\/","og_site_name":"Tours Bahia","article_publisher":"https:\/\/www.facebook.com\/toursbahiainternational","article_modified_time":"2025-05-31T00:37:33+00:00","og_image":[{"width":900,"height":550,"url":"https:\/\/www.toursbahia.com.br\/wp-content\/uploads\/2018\/12\/foto-05-turismo-nautico.jpg","type":"image\/jpeg"}],"twitter_card":"summary_large_image","schema":{"@context":"https:\/\/schema.org","@graph":[{"@type":"WebSite","@id":"https:\/\/www.toursbahia.com.br\/#website","url":"https:\/\/www.toursbahia.com.br\/","name":"Tours Bahia","description":"","potentialAction":[{"@type":"SearchAction","target":{"@type":"EntryPoint","urlTemplate":"https:\/\/www.toursbahia.com.br\/?s={search_term_string}"},"query-input":"required name=search_term_string"}],"inLanguage":"de-DE"},{"@type":"ImageObject","inLanguage":"de-DE","@id":"https:\/\/www.toursbahia.com.br\/de\/loja\/extras\/nautischer-tourismus-extras\/#primaryimage","url":"https:\/\/www.toursbahia.com.br\/wp-content\/uploads\/2018\/12\/foto-05-turismo-nautico.jpg","contentUrl":"https:\/\/www.toursbahia.com.br\/wp-content\/uploads\/2018\/12\/foto-05-turismo-nautico.jpg","width":900,"height":550},{"@type":"WebPage","@id":"https:\/\/www.toursbahia.com.br\/de\/loja\/extras\/nautischer-tourismus-extras\/","url":"https:\/\/www.toursbahia.com.br\/de\/loja\/extras\/nautischer-tourismus-extras\/","name":"Nautischer Tourismus - Extras - Tours Bahia","isPartOf":{"@id":"https:\/\/www.toursbahia.com.br\/#website"},"primaryImageOfPage":{"@id":"https:\/\/www.toursbahia.com.br\/de\/loja\/extras\/nautischer-tourismus-extras\/#primaryimage"},"datePublished":"2019-01-18T23:57:00+00:00","dateModified":"2025-05-31T00:37:33+00:00","breadcrumb":{"@id":"https:\/\/www.toursbahia.com.br\/de\/loja\/extras\/nautischer-tourismus-extras\/#breadcrumb"},"inLanguage":"de-DE","potentialAction":[{"@type":"ReadAction","target":["https:\/\/www.toursbahia.com.br\/de\/loja\/extras\/nautischer-tourismus-extras\/"]}]},{"@type":"BreadcrumbList","@id":"https:\/\/www.toursbahia.com.br\/de\/loja\/extras\/nautischer-tourismus-extras\/#breadcrumb","itemListElement":[{"@type":"ListItem","position":1,"name":"In\u00edcio","item":"https:\/\/www.toursbahia.com.br\/de\/"},{"@type":"ListItem","position":2,"name":"Store","item":"https:\/\/www.toursbahia.com.br\/de\/store-tours-bahia-internacional\/"},{"@type":"ListItem","position":3,"name":"Nautischer Tourismus &#8211; Extras"}]}]}},"_links":{"self":[{"href":"https:\/\/www.toursbahia.com.br\/de\/wp-json\/wp\/v2\/product\/3449"}],"collection":[{"href":"https:\/\/www.toursbahia.com.br\/de\/wp-json\/wp\/v2\/product"}],"about":[{"href":"https:\/\/www.toursbahia.com.br\/de\/wp-json\/wp\/v2\/types\/product"}],"replies":[{"embeddable":true,"href":"https:\/\/www.toursbahia.com.br\/de\/wp-json\/wp\/v2\/comments?post=3449"}],"wp:featuredmedia":[{"embeddable":true,"href":"https:\/\/www.toursbahia.com.br\/de\/wp-json\/wp\/v2\/media\/2687"}],"wp:attachment":[{"href":"https:\/\/www.toursbahia.com.br\/de\/wp-json\/wp\/v2\/media?parent=3449"}],"wp:term":[{"taxonomy":"product_cat","embeddable":true,"href":"https:\/\/www.toursbahia.com.br\/de\/wp-json\/wp\/v2\/product_cat?post=3449"},{"taxonomy":"product_tag","embeddable":true,"href":"https:\/\/www.toursbahia.com.br\/de\/wp-json\/wp\/v2\/product_tag?post=3449"}],"curies":[{"name":"wp","href":"https:\/\/api.w.org\/{rel}","templated":true}]}}