{"id":3451,"date":"2019-01-18T21:57:00","date_gmt":"2019-01-18T23:57:00","guid":{"rendered":"https:\/\/www.toursbahia.com.br\/\/produto\/unkategorisiert\/ingressos-para-ensaios-shows-locais-e-vendas-de-abadas-servicos-especiais\/"},"modified":"2025-05-30T08:17:00","modified_gmt":"2025-05-30T11:17:00","slug":"eintrittskarten-fur-shows-proben-und-kauf-von-abadas-extras","status":"publish","type":"product","link":"https:\/\/www.toursbahia.com.br\/de\/loja\/extras-eintrittskarten-fur-shows-proben-und-kauf-von-abadas\/eintrittskarten-fur-shows-proben-und-kauf-von-abadas-extras\/","title":{"rendered":"Eintrittskarten f\u00fcr Shows, Proben und Kauf von abad\u00e1s &#8211; Extras"},"content":{"rendered":"","protected":false},"excerpt":{"rendered":"<p>F\u00fcr die Nachtschw\u00e4rmer, die die n\u00e4chtlichen kulturellen Attraktionen von Salvador geniessen m\u00f6chten, bietet Tours Bahia einen Buchungsservice und den Kauf von Tickets f\u00fcr Shows und die besten Sommer-Proben w\u00e4hrend der Karnevalszeit. Zudem bieten wir ein Vertriebssystem der besten \u201cBlocos\u201c des Karneval an. W\u00e4hlen Sie die Musikband, die Sie gerne begleiten m\u00f6chten, und wir bringen Ihr \u201cAbad\u00e1\u201c schnell und sicher zu Ihrem Hotel.<\/p>\n","protected":false},"featured_media":2697,"comment_status":"open","ping_status":"closed","template":"","meta":[],"product_cat":[769,768],"product_tag":[],"yoast_head":"<!-- This site is optimized with the Yoast SEO plugin v19.3 - https:\/\/yoast.com\/wordpress\/plugins\/seo\/ -->\n<title>Eintrittskarten f\u00fcr Shows, Proben und Kauf von abad\u00e1s - Extras - Tours Bahia<\/title>\n<meta name=\"robots\" content=\"index, follow, max-snippet:-1, max-image-preview:large, max-video-preview:-1\" \/>\n<link rel=\"canonical\" href=\"https:\/\/www.toursbahia.com.br\/de\/loja\/extras-eintrittskarten-fur-shows-proben-und-kauf-von-abadas\/eintrittskarten-fur-shows-proben-und-kauf-von-abadas-extras\/\" \/>\n<meta property=\"og:locale\" content=\"de_DE\" \/>\n<meta property=\"og:type\" content=\"article\" \/>\n<meta property=\"og:title\" content=\"Eintrittskarten f\u00fcr Shows, Proben und Kauf von abad\u00e1s - Extras - Tours Bahia\" \/>\n<meta property=\"og:description\" content=\"F\u00fcr die Nachtschw\u00e4rmer, die die n\u00e4chtlichen kulturellen Attraktionen von Salvador geniessen m\u00f6chten, bietet Tours Bahia einen Buchungsservice und den Kauf von Tickets f\u00fcr Shows und die besten Sommer-Proben w\u00e4hrend der Karnevalszeit. Zudem bieten wir ein Vertriebssystem der besten \u201cBlocos\u201c des Karneval an. W\u00e4hlen Sie die Musikband, die Sie gerne begleiten m\u00f6chten, und wir bringen Ihr \u201cAbad\u00e1\u201c schnell und sicher zu Ihrem Hotel.\" \/>\n<meta property=\"og:url\" content=\"https:\/\/www.toursbahia.com.br\/de\/loja\/extras-eintrittskarten-fur-shows-proben-und-kauf-von-abadas\/eintrittskarten-fur-shows-proben-und-kauf-von-abadas-extras\/\" \/>\n<meta property=\"og:site_name\" content=\"Tours Bahia\" \/>\n<meta property=\"article:publisher\" content=\"https:\/\/www.facebook.com\/toursbahiainternational\" \/>\n<meta property=\"article:modified_time\" content=\"2025-05-30T11:17:00+00:00\" \/>\n<meta property=\"og:image\" content=\"https:\/\/www.toursbahia.com.br\/wp-content\/uploads\/2018\/12\/Ingressos-para-Ensaios-Shows-Locais-e-Vendas-de-Abad\u00e1s-Foto-05.jpg\" \/>\n\t<meta property=\"og:image:width\" content=\"900\" \/>\n\t<meta property=\"og:image:height\" content=\"550\" \/>\n\t<meta property=\"og:image:type\" content=\"image\/jpeg\" \/>\n<meta name=\"twitter:card\" content=\"summary_large_image\" \/>\n<script type=\"application\/ld+json\" class=\"yoast-schema-graph\">{\"@context\":\"https:\/\/schema.org\",\"@graph\":[{\"@type\":\"WebSite\",\"@id\":\"https:\/\/www.toursbahia.com.br\/#website\",\"url\":\"https:\/\/www.toursbahia.com.br\/\",\"name\":\"Tours Bahia\",\"description\":\"\",\"potentialAction\":[{\"@type\":\"SearchAction\",\"target\":{\"@type\":\"EntryPoint\",\"urlTemplate\":\"https:\/\/www.toursbahia.com.br\/?s={search_term_string}\"},\"query-input\":\"required name=search_term_string\"}],\"inLanguage\":\"de-DE\"},{\"@type\":\"ImageObject\",\"inLanguage\":\"de-DE\",\"@id\":\"https:\/\/www.toursbahia.com.br\/de\/loja\/extras-eintrittskarten-fur-shows-proben-und-kauf-von-abadas\/eintrittskarten-fur-shows-proben-und-kauf-von-abadas-extras\/#primaryimage\",\"url\":\"https:\/\/www.toursbahia.com.br\/wp-content\/uploads\/2018\/12\/Ingressos-para-Ensaios-Shows-Locais-e-Vendas-de-Abad\u00e1s-Foto-05.jpg\",\"contentUrl\":\"https:\/\/www.toursbahia.com.br\/wp-content\/uploads\/2018\/12\/Ingressos-para-Ensaios-Shows-Locais-e-Vendas-de-Abad\u00e1s-Foto-05.jpg\",\"width\":900,\"height\":550},{\"@type\":\"WebPage\",\"@id\":\"https:\/\/www.toursbahia.com.br\/de\/loja\/extras-eintrittskarten-fur-shows-proben-und-kauf-von-abadas\/eintrittskarten-fur-shows-proben-und-kauf-von-abadas-extras\/\",\"url\":\"https:\/\/www.toursbahia.com.br\/de\/loja\/extras-eintrittskarten-fur-shows-proben-und-kauf-von-abadas\/eintrittskarten-fur-shows-proben-und-kauf-von-abadas-extras\/\",\"name\":\"Eintrittskarten f\u00fcr Shows, Proben und Kauf von abad\u00e1s - Extras - Tours Bahia\",\"isPartOf\":{\"@id\":\"https:\/\/www.toursbahia.com.br\/#website\"},\"primaryImageOfPage\":{\"@id\":\"https:\/\/www.toursbahia.com.br\/de\/loja\/extras-eintrittskarten-fur-shows-proben-und-kauf-von-abadas\/eintrittskarten-fur-shows-proben-und-kauf-von-abadas-extras\/#primaryimage\"},\"datePublished\":\"2019-01-18T23:57:00+00:00\",\"dateModified\":\"2025-05-30T11:17:00+00:00\",\"breadcrumb\":{\"@id\":\"https:\/\/www.toursbahia.com.br\/de\/loja\/extras-eintrittskarten-fur-shows-proben-und-kauf-von-abadas\/eintrittskarten-fur-shows-proben-und-kauf-von-abadas-extras\/#breadcrumb\"},\"inLanguage\":\"de-DE\",\"potentialAction\":[{\"@type\":\"ReadAction\",\"target\":[\"https:\/\/www.toursbahia.com.br\/de\/loja\/extras-eintrittskarten-fur-shows-proben-und-kauf-von-abadas\/eintrittskarten-fur-shows-proben-und-kauf-von-abadas-extras\/\"]}]},{\"@type\":\"BreadcrumbList\",\"@id\":\"https:\/\/www.toursbahia.com.br\/de\/loja\/extras-eintrittskarten-fur-shows-proben-und-kauf-von-abadas\/eintrittskarten-fur-shows-proben-und-kauf-von-abadas-extras\/#breadcrumb\",\"itemListElement\":[{\"@type\":\"ListItem\",\"position\":1,\"name\":\"In\u00edcio\",\"item\":\"https:\/\/www.toursbahia.com.br\/de\/\"},{\"@type\":\"ListItem\",\"position\":2,\"name\":\"Store\",\"item\":\"https:\/\/www.toursbahia.com.br\/de\/store-tours-bahia-internacional\/\"},{\"@type\":\"ListItem\",\"position\":3,\"name\":\"Eintrittskarten f\u00fcr Shows, Proben und Kauf von abad\u00e1s &#8211; Extras\"}]}]}<\/script>\n<!-- \/ Yoast SEO plugin. -->","yoast_head_json":{"title":"Eintrittskarten f\u00fcr Shows, Proben und Kauf von abad\u00e1s - Extras - Tours Bahia","robots":{"index":"index","follow":"follow","max-snippet":"max-snippet:-1","max-image-preview":"max-image-preview:large","max-video-preview":"max-video-preview:-1"},"canonical":"https:\/\/www.toursbahia.com.br\/de\/loja\/extras-eintrittskarten-fur-shows-proben-und-kauf-von-abadas\/eintrittskarten-fur-shows-proben-und-kauf-von-abadas-extras\/","og_locale":"de_DE","og_type":"article","og_title":"Eintrittskarten f\u00fcr Shows, Proben und Kauf von abad\u00e1s - Extras - Tours Bahia","og_description":"F\u00fcr die Nachtschw\u00e4rmer, die die n\u00e4chtlichen kulturellen Attraktionen von Salvador geniessen m\u00f6chten, bietet Tours Bahia einen Buchungsservice und den Kauf von Tickets f\u00fcr Shows und die besten Sommer-Proben w\u00e4hrend der Karnevalszeit. Zudem bieten wir ein Vertriebssystem der besten \u201cBlocos\u201c des Karneval an. W\u00e4hlen Sie die Musikband, die Sie gerne begleiten m\u00f6chten, und wir bringen Ihr \u201cAbad\u00e1\u201c schnell und sicher zu Ihrem Hotel.","og_url":"https:\/\/www.toursbahia.com.br\/de\/loja\/extras-eintrittskarten-fur-shows-proben-und-kauf-von-abadas\/eintrittskarten-fur-shows-proben-und-kauf-von-abadas-extras\/","og_site_name":"Tours Bahia","article_publisher":"https:\/\/www.facebook.com\/toursbahiainternational","article_modified_time":"2025-05-30T11:17:00+00:00","og_image":[{"width":900,"height":550,"url":"https:\/\/www.toursbahia.com.br\/wp-content\/uploads\/2018\/12\/Ingressos-para-Ensaios-Shows-Locais-e-Vendas-de-Abad\u00e1s-Foto-05.jpg","type":"image\/jpeg"}],"twitter_card":"summary_large_image","schema":{"@context":"https:\/\/schema.org","@graph":[{"@type":"WebSite","@id":"https:\/\/www.toursbahia.com.br\/#website","url":"https:\/\/www.toursbahia.com.br\/","name":"Tours Bahia","description":"","potentialAction":[{"@type":"SearchAction","target":{"@type":"EntryPoint","urlTemplate":"https:\/\/www.toursbahia.com.br\/?s={search_term_string}"},"query-input":"required name=search_term_string"}],"inLanguage":"de-DE"},{"@type":"ImageObject","inLanguage":"de-DE","@id":"https:\/\/www.toursbahia.com.br\/de\/loja\/extras-eintrittskarten-fur-shows-proben-und-kauf-von-abadas\/eintrittskarten-fur-shows-proben-und-kauf-von-abadas-extras\/#primaryimage","url":"https:\/\/www.toursbahia.com.br\/wp-content\/uploads\/2018\/12\/Ingressos-para-Ensaios-Shows-Locais-e-Vendas-de-Abad\u00e1s-Foto-05.jpg","contentUrl":"https:\/\/www.toursbahia.com.br\/wp-content\/uploads\/2018\/12\/Ingressos-para-Ensaios-Shows-Locais-e-Vendas-de-Abad\u00e1s-Foto-05.jpg","width":900,"height":550},{"@type":"WebPage","@id":"https:\/\/www.toursbahia.com.br\/de\/loja\/extras-eintrittskarten-fur-shows-proben-und-kauf-von-abadas\/eintrittskarten-fur-shows-proben-und-kauf-von-abadas-extras\/","url":"https:\/\/www.toursbahia.com.br\/de\/loja\/extras-eintrittskarten-fur-shows-proben-und-kauf-von-abadas\/eintrittskarten-fur-shows-proben-und-kauf-von-abadas-extras\/","name":"Eintrittskarten f\u00fcr Shows, Proben und Kauf von abad\u00e1s - Extras - Tours Bahia","isPartOf":{"@id":"https:\/\/www.toursbahia.com.br\/#website"},"primaryImageOfPage":{"@id":"https:\/\/www.toursbahia.com.br\/de\/loja\/extras-eintrittskarten-fur-shows-proben-und-kauf-von-abadas\/eintrittskarten-fur-shows-proben-und-kauf-von-abadas-extras\/#primaryimage"},"datePublished":"2019-01-18T23:57:00+00:00","dateModified":"2025-05-30T11:17:00+00:00","breadcrumb":{"@id":"https:\/\/www.toursbahia.com.br\/de\/loja\/extras-eintrittskarten-fur-shows-proben-und-kauf-von-abadas\/eintrittskarten-fur-shows-proben-und-kauf-von-abadas-extras\/#breadcrumb"},"inLanguage":"de-DE","potentialAction":[{"@type":"ReadAction","target":["https:\/\/www.toursbahia.com.br\/de\/loja\/extras-eintrittskarten-fur-shows-proben-und-kauf-von-abadas\/eintrittskarten-fur-shows-proben-und-kauf-von-abadas-extras\/"]}]},{"@type":"BreadcrumbList","@id":"https:\/\/www.toursbahia.com.br\/de\/loja\/extras-eintrittskarten-fur-shows-proben-und-kauf-von-abadas\/eintrittskarten-fur-shows-proben-und-kauf-von-abadas-extras\/#breadcrumb","itemListElement":[{"@type":"ListItem","position":1,"name":"In\u00edcio","item":"https:\/\/www.toursbahia.com.br\/de\/"},{"@type":"ListItem","position":2,"name":"Store","item":"https:\/\/www.toursbahia.com.br\/de\/store-tours-bahia-internacional\/"},{"@type":"ListItem","position":3,"name":"Eintrittskarten f\u00fcr Shows, Proben und Kauf von abad\u00e1s &#8211; Extras"}]}]}},"_links":{"self":[{"href":"https:\/\/www.toursbahia.com.br\/de\/wp-json\/wp\/v2\/product\/3451"}],"collection":[{"href":"https:\/\/www.toursbahia.com.br\/de\/wp-json\/wp\/v2\/product"}],"about":[{"href":"https:\/\/www.toursbahia.com.br\/de\/wp-json\/wp\/v2\/types\/product"}],"replies":[{"embeddable":true,"href":"https:\/\/www.toursbahia.com.br\/de\/wp-json\/wp\/v2\/comments?post=3451"}],"wp:featuredmedia":[{"embeddable":true,"href":"https:\/\/www.toursbahia.com.br\/de\/wp-json\/wp\/v2\/media\/2697"}],"wp:attachment":[{"href":"https:\/\/www.toursbahia.com.br\/de\/wp-json\/wp\/v2\/media?parent=3451"}],"wp:term":[{"taxonomy":"product_cat","embeddable":true,"href":"https:\/\/www.toursbahia.com.br\/de\/wp-json\/wp\/v2\/product_cat?post=3451"},{"taxonomy":"product_tag","embeddable":true,"href":"https:\/\/www.toursbahia.com.br\/de\/wp-json\/wp\/v2\/product_tag?post=3451"}],"curies":[{"name":"wp","href":"https:\/\/api.w.org\/{rel}","templated":true}]}}