{"id":3456,"date":"2019-01-21T15:13:42","date_gmt":"2019-01-21T17:13:42","guid":{"rendered":"https:\/\/www.toursbahia.com.br\/\/produto\/unkategorisiert\/poco-encantado-e-poco-azul-passeio\/"},"modified":"2025-06-05T06:44:23","modified_gmt":"2025-06-05T09:44:23","slug":"poco-encantado-und-poco-azul-ausfluge","status":"publish","type":"product","link":"https:\/\/www.toursbahia.com.br\/de\/loja\/ausfluge\/poco-encantado-und-poco-azul-ausfluge\/","title":{"rendered":"Po\u00e7o Encantado und Po\u00e7o Azul &#8211; Ausfl\u00fcge"},"content":{"rendered":"","protected":false},"excerpt":{"rendered":"<p>Von Len\u00e7\u00f3is fahren wir zun\u00e4chst zu einem der beeindruckendsten H\u00f6hepunkte der Region, dem Po\u00e7o Encantado, einem riesigen Becken mit t\u00fcrkisblauem Wasser inmitten einer Kalksteinh\u00f6hle. Einer der atemberaubendsten Momente bietet sich Ihnen, wenn durch eine kleine \u00d6ffnung in der Grotte die Sonnenstrahlen bis auf den Boden des Beckens fallen und sich das t\u00fcrkisblaue Wasser an den W\u00e4nden der H\u00f6hle widerspiegelt. Unser n\u00e4chster Halt ist der Po\u00e7o Azul, wo Sie die M\u00f6glichkeit haben, sich auf dem Wasser ins Innere der H\u00f6hle treiben zu lassen. Anschliessend halten wir f\u00fcr ein leckeres Mittagessen mit typischen Gerichten der Region, ehe wir gegen das Ende des Nachmittags nach Len\u00e7\u00f3is zur\u00fcckkehren.<\/p>\n","protected":false},"featured_media":2126,"comment_status":"open","ping_status":"closed","template":"","meta":[],"product_cat":[835,836,837,843],"product_tag":[],"yoast_head":"<!-- This site is optimized with the Yoast SEO plugin v19.3 - https:\/\/yoast.com\/wordpress\/plugins\/seo\/ -->\n<title>Po\u00e7o Encantado und Po\u00e7o Azul - Ausfl\u00fcge - Tours Bahia<\/title>\n<meta name=\"robots\" content=\"index, follow, max-snippet:-1, max-image-preview:large, max-video-preview:-1\" \/>\n<link rel=\"canonical\" href=\"https:\/\/www.toursbahia.com.br\/de\/loja\/ausfluge\/poco-encantado-und-poco-azul-ausfluge\/\" \/>\n<meta property=\"og:locale\" content=\"de_DE\" \/>\n<meta property=\"og:type\" content=\"article\" \/>\n<meta property=\"og:title\" content=\"Po\u00e7o Encantado und Po\u00e7o Azul - Ausfl\u00fcge - Tours Bahia\" \/>\n<meta property=\"og:description\" content=\"Von Len\u00e7\u00f3is fahren wir zun\u00e4chst zu einem der beeindruckendsten H\u00f6hepunkte der Region, dem Po\u00e7o Encantado, einem riesigen Becken mit t\u00fcrkisblauem Wasser inmitten einer Kalksteinh\u00f6hle. Einer der atemberaubendsten Momente bietet sich Ihnen, wenn durch eine kleine \u00d6ffnung in der Grotte die Sonnenstrahlen bis auf den Boden des Beckens fallen und sich das t\u00fcrkisblaue Wasser an den W\u00e4nden der H\u00f6hle widerspiegelt. Unser n\u00e4chster Halt ist der Po\u00e7o Azul, wo Sie die M\u00f6glichkeit haben, sich auf dem Wasser ins Innere der H\u00f6hle treiben zu lassen. Anschliessend halten wir f\u00fcr ein leckeres Mittagessen mit typischen Gerichten der Region, ehe wir gegen das Ende des Nachmittags nach Len\u00e7\u00f3is zur\u00fcckkehren.\" \/>\n<meta property=\"og:url\" content=\"https:\/\/www.toursbahia.com.br\/de\/loja\/ausfluge\/poco-encantado-und-poco-azul-ausfluge\/\" \/>\n<meta property=\"og:site_name\" content=\"Tours Bahia\" \/>\n<meta property=\"article:publisher\" content=\"https:\/\/www.facebook.com\/toursbahiainternational\" \/>\n<meta property=\"article:modified_time\" content=\"2025-06-05T09:44:23+00:00\" \/>\n<meta property=\"og:image\" content=\"https:\/\/www.toursbahia.com.br\/wp-content\/uploads\/2018\/12\/Po\u00e7o-Encantado-e-Po\u00e7o-Azul-Foto-03.jpg\" \/>\n\t<meta property=\"og:image:width\" content=\"900\" \/>\n\t<meta property=\"og:image:height\" content=\"550\" \/>\n\t<meta property=\"og:image:type\" content=\"image\/jpeg\" \/>\n<meta name=\"twitter:card\" content=\"summary_large_image\" \/>\n<script type=\"application\/ld+json\" class=\"yoast-schema-graph\">{\"@context\":\"https:\/\/schema.org\",\"@graph\":[{\"@type\":\"WebSite\",\"@id\":\"https:\/\/www.toursbahia.com.br\/#website\",\"url\":\"https:\/\/www.toursbahia.com.br\/\",\"name\":\"Tours Bahia\",\"description\":\"\",\"potentialAction\":[{\"@type\":\"SearchAction\",\"target\":{\"@type\":\"EntryPoint\",\"urlTemplate\":\"https:\/\/www.toursbahia.com.br\/?s={search_term_string}\"},\"query-input\":\"required name=search_term_string\"}],\"inLanguage\":\"de-DE\"},{\"@type\":\"ImageObject\",\"inLanguage\":\"de-DE\",\"@id\":\"https:\/\/www.toursbahia.com.br\/de\/loja\/ausfluge\/poco-encantado-und-poco-azul-ausfluge\/#primaryimage\",\"url\":\"https:\/\/www.toursbahia.com.br\/wp-content\/uploads\/2018\/12\/Po\u00e7o-Encantado-e-Po\u00e7o-Azul-Foto-03.jpg\",\"contentUrl\":\"https:\/\/www.toursbahia.com.br\/wp-content\/uploads\/2018\/12\/Po\u00e7o-Encantado-e-Po\u00e7o-Azul-Foto-03.jpg\",\"width\":900,\"height\":550},{\"@type\":\"WebPage\",\"@id\":\"https:\/\/www.toursbahia.com.br\/de\/loja\/ausfluge\/poco-encantado-und-poco-azul-ausfluge\/\",\"url\":\"https:\/\/www.toursbahia.com.br\/de\/loja\/ausfluge\/poco-encantado-und-poco-azul-ausfluge\/\",\"name\":\"Po\u00e7o Encantado und Po\u00e7o Azul - Ausfl\u00fcge - Tours Bahia\",\"isPartOf\":{\"@id\":\"https:\/\/www.toursbahia.com.br\/#website\"},\"primaryImageOfPage\":{\"@id\":\"https:\/\/www.toursbahia.com.br\/de\/loja\/ausfluge\/poco-encantado-und-poco-azul-ausfluge\/#primaryimage\"},\"datePublished\":\"2019-01-21T17:13:42+00:00\",\"dateModified\":\"2025-06-05T09:44:23+00:00\",\"breadcrumb\":{\"@id\":\"https:\/\/www.toursbahia.com.br\/de\/loja\/ausfluge\/poco-encantado-und-poco-azul-ausfluge\/#breadcrumb\"},\"inLanguage\":\"de-DE\",\"potentialAction\":[{\"@type\":\"ReadAction\",\"target\":[\"https:\/\/www.toursbahia.com.br\/de\/loja\/ausfluge\/poco-encantado-und-poco-azul-ausfluge\/\"]}]},{\"@type\":\"BreadcrumbList\",\"@id\":\"https:\/\/www.toursbahia.com.br\/de\/loja\/ausfluge\/poco-encantado-und-poco-azul-ausfluge\/#breadcrumb\",\"itemListElement\":[{\"@type\":\"ListItem\",\"position\":1,\"name\":\"In\u00edcio\",\"item\":\"https:\/\/www.toursbahia.com.br\/de\/\"},{\"@type\":\"ListItem\",\"position\":2,\"name\":\"Store\",\"item\":\"https:\/\/www.toursbahia.com.br\/de\/store-tours-bahia-internacional\/\"},{\"@type\":\"ListItem\",\"position\":3,\"name\":\"Po\u00e7o Encantado und Po\u00e7o Azul &#8211; Ausfl\u00fcge\"}]}]}<\/script>\n<!-- \/ Yoast SEO plugin. -->","yoast_head_json":{"title":"Po\u00e7o Encantado und Po\u00e7o Azul - Ausfl\u00fcge - Tours Bahia","robots":{"index":"index","follow":"follow","max-snippet":"max-snippet:-1","max-image-preview":"max-image-preview:large","max-video-preview":"max-video-preview:-1"},"canonical":"https:\/\/www.toursbahia.com.br\/de\/loja\/ausfluge\/poco-encantado-und-poco-azul-ausfluge\/","og_locale":"de_DE","og_type":"article","og_title":"Po\u00e7o Encantado und Po\u00e7o Azul - Ausfl\u00fcge - Tours Bahia","og_description":"Von Len\u00e7\u00f3is fahren wir zun\u00e4chst zu einem der beeindruckendsten H\u00f6hepunkte der Region, dem Po\u00e7o Encantado, einem riesigen Becken mit t\u00fcrkisblauem Wasser inmitten einer Kalksteinh\u00f6hle. Einer der atemberaubendsten Momente bietet sich Ihnen, wenn durch eine kleine \u00d6ffnung in der Grotte die Sonnenstrahlen bis auf den Boden des Beckens fallen und sich das t\u00fcrkisblaue Wasser an den W\u00e4nden der H\u00f6hle widerspiegelt. Unser n\u00e4chster Halt ist der Po\u00e7o Azul, wo Sie die M\u00f6glichkeit haben, sich auf dem Wasser ins Innere der H\u00f6hle treiben zu lassen. Anschliessend halten wir f\u00fcr ein leckeres Mittagessen mit typischen Gerichten der Region, ehe wir gegen das Ende des Nachmittags nach Len\u00e7\u00f3is zur\u00fcckkehren.","og_url":"https:\/\/www.toursbahia.com.br\/de\/loja\/ausfluge\/poco-encantado-und-poco-azul-ausfluge\/","og_site_name":"Tours Bahia","article_publisher":"https:\/\/www.facebook.com\/toursbahiainternational","article_modified_time":"2025-06-05T09:44:23+00:00","og_image":[{"width":900,"height":550,"url":"https:\/\/www.toursbahia.com.br\/wp-content\/uploads\/2018\/12\/Po\u00e7o-Encantado-e-Po\u00e7o-Azul-Foto-03.jpg","type":"image\/jpeg"}],"twitter_card":"summary_large_image","schema":{"@context":"https:\/\/schema.org","@graph":[{"@type":"WebSite","@id":"https:\/\/www.toursbahia.com.br\/#website","url":"https:\/\/www.toursbahia.com.br\/","name":"Tours Bahia","description":"","potentialAction":[{"@type":"SearchAction","target":{"@type":"EntryPoint","urlTemplate":"https:\/\/www.toursbahia.com.br\/?s={search_term_string}"},"query-input":"required name=search_term_string"}],"inLanguage":"de-DE"},{"@type":"ImageObject","inLanguage":"de-DE","@id":"https:\/\/www.toursbahia.com.br\/de\/loja\/ausfluge\/poco-encantado-und-poco-azul-ausfluge\/#primaryimage","url":"https:\/\/www.toursbahia.com.br\/wp-content\/uploads\/2018\/12\/Po\u00e7o-Encantado-e-Po\u00e7o-Azul-Foto-03.jpg","contentUrl":"https:\/\/www.toursbahia.com.br\/wp-content\/uploads\/2018\/12\/Po\u00e7o-Encantado-e-Po\u00e7o-Azul-Foto-03.jpg","width":900,"height":550},{"@type":"WebPage","@id":"https:\/\/www.toursbahia.com.br\/de\/loja\/ausfluge\/poco-encantado-und-poco-azul-ausfluge\/","url":"https:\/\/www.toursbahia.com.br\/de\/loja\/ausfluge\/poco-encantado-und-poco-azul-ausfluge\/","name":"Po\u00e7o Encantado und Po\u00e7o Azul - Ausfl\u00fcge - Tours Bahia","isPartOf":{"@id":"https:\/\/www.toursbahia.com.br\/#website"},"primaryImageOfPage":{"@id":"https:\/\/www.toursbahia.com.br\/de\/loja\/ausfluge\/poco-encantado-und-poco-azul-ausfluge\/#primaryimage"},"datePublished":"2019-01-21T17:13:42+00:00","dateModified":"2025-06-05T09:44:23+00:00","breadcrumb":{"@id":"https:\/\/www.toursbahia.com.br\/de\/loja\/ausfluge\/poco-encantado-und-poco-azul-ausfluge\/#breadcrumb"},"inLanguage":"de-DE","potentialAction":[{"@type":"ReadAction","target":["https:\/\/www.toursbahia.com.br\/de\/loja\/ausfluge\/poco-encantado-und-poco-azul-ausfluge\/"]}]},{"@type":"BreadcrumbList","@id":"https:\/\/www.toursbahia.com.br\/de\/loja\/ausfluge\/poco-encantado-und-poco-azul-ausfluge\/#breadcrumb","itemListElement":[{"@type":"ListItem","position":1,"name":"In\u00edcio","item":"https:\/\/www.toursbahia.com.br\/de\/"},{"@type":"ListItem","position":2,"name":"Store","item":"https:\/\/www.toursbahia.com.br\/de\/store-tours-bahia-internacional\/"},{"@type":"ListItem","position":3,"name":"Po\u00e7o Encantado und Po\u00e7o Azul &#8211; Ausfl\u00fcge"}]}]}},"_links":{"self":[{"href":"https:\/\/www.toursbahia.com.br\/de\/wp-json\/wp\/v2\/product\/3456"}],"collection":[{"href":"https:\/\/www.toursbahia.com.br\/de\/wp-json\/wp\/v2\/product"}],"about":[{"href":"https:\/\/www.toursbahia.com.br\/de\/wp-json\/wp\/v2\/types\/product"}],"replies":[{"embeddable":true,"href":"https:\/\/www.toursbahia.com.br\/de\/wp-json\/wp\/v2\/comments?post=3456"}],"wp:featuredmedia":[{"embeddable":true,"href":"https:\/\/www.toursbahia.com.br\/de\/wp-json\/wp\/v2\/media\/2126"}],"wp:attachment":[{"href":"https:\/\/www.toursbahia.com.br\/de\/wp-json\/wp\/v2\/media?parent=3456"}],"wp:term":[{"taxonomy":"product_cat","embeddable":true,"href":"https:\/\/www.toursbahia.com.br\/de\/wp-json\/wp\/v2\/product_cat?post=3456"},{"taxonomy":"product_tag","embeddable":true,"href":"https:\/\/www.toursbahia.com.br\/de\/wp-json\/wp\/v2\/product_tag?post=3456"}],"curies":[{"name":"wp","href":"https:\/\/api.w.org\/{rel}","templated":true}]}}