{"id":3459,"date":"2019-01-21T15:11:10","date_gmt":"2019-01-21T17:11:10","guid":{"rendered":"https:\/\/www.toursbahia.com.br\/\/produto\/unkategorisiert\/pantanal-marimbus-passeio\/"},"modified":"2019-02-05T22:23:22","modified_gmt":"2019-02-06T00:23:22","slug":"pantanal-marimbus-ausfluge","status":"publish","type":"product","link":"https:\/\/www.toursbahia.com.br\/de\/loja\/ausfluge\/pantanal-marimbus-ausfluge\/","title":{"rendered":"Pantanal Marimbus &#8211; Ausfl\u00fcge"},"content":{"rendered":"","protected":false},"excerpt":{"rendered":"<p>Einen f\u00fcr die Beine erholsamen Tag mit einem landschaftlich komplett anderen Szenario als dem Rest der Chapada Diamantina k\u00f6nnen Sie im Naturschutzgebiet Marimbus erleben. Der Ausflug beginnt mit einer Bootsfahrt beim kleinen Fischerdorf Remanso, dessen Einwohner aus den ehemaligen Quilombos der Region stammen. Auf der Bootsfahrt durch das Marimbus-Feuchtgebiet, geniessen Sie die Sch\u00f6nheit der Flora und Fauna dieser Region. Zum Mittagessen halten wir an der Fazenda Roncador und haben genug Zeit f\u00fcr ein erfrischendes Bad im nahegelegenen Wasserfall. Am sp\u00e4ten Nachmittag kehren wir nach Len\u00e7\u00f3is zur\u00fcck.<\/p>\n","protected":false},"featured_media":2133,"comment_status":"open","ping_status":"closed","template":"","meta":[],"product_cat":[835,836,837,842],"product_tag":[],"yoast_head":"<!-- This site is optimized with the Yoast SEO plugin v19.3 - https:\/\/yoast.com\/wordpress\/plugins\/seo\/ -->\n<title>Pantanal Marimbus - Ausfl\u00fcge - Tours Bahia<\/title>\n<meta name=\"robots\" content=\"index, follow, max-snippet:-1, max-image-preview:large, max-video-preview:-1\" \/>\n<link rel=\"canonical\" href=\"https:\/\/www.toursbahia.com.br\/de\/loja\/ausfluge\/pantanal-marimbus-ausfluge\/\" \/>\n<meta property=\"og:locale\" content=\"de_DE\" \/>\n<meta property=\"og:type\" content=\"article\" \/>\n<meta property=\"og:title\" content=\"Pantanal Marimbus - Ausfl\u00fcge - Tours Bahia\" \/>\n<meta property=\"og:description\" content=\"Einen f\u00fcr die Beine erholsamen Tag mit einem landschaftlich komplett anderen Szenario als dem Rest der Chapada Diamantina k\u00f6nnen Sie im Naturschutzgebiet Marimbus erleben. Der Ausflug beginnt mit einer Bootsfahrt beim kleinen Fischerdorf Remanso, dessen Einwohner aus den ehemaligen Quilombos der Region stammen. Auf der Bootsfahrt durch das Marimbus-Feuchtgebiet, geniessen Sie die Sch\u00f6nheit der Flora und Fauna dieser Region. Zum Mittagessen halten wir an der Fazenda Roncador und haben genug Zeit f\u00fcr ein erfrischendes Bad im nahegelegenen Wasserfall. Am sp\u00e4ten Nachmittag kehren wir nach Len\u00e7\u00f3is zur\u00fcck.\" \/>\n<meta property=\"og:url\" content=\"https:\/\/www.toursbahia.com.br\/de\/loja\/ausfluge\/pantanal-marimbus-ausfluge\/\" \/>\n<meta property=\"og:site_name\" content=\"Tours Bahia\" \/>\n<meta property=\"article:publisher\" content=\"https:\/\/www.facebook.com\/toursbahiainternational\" \/>\n<meta property=\"article:modified_time\" content=\"2019-02-06T00:23:22+00:00\" \/>\n<meta property=\"og:image\" content=\"https:\/\/www.toursbahia.com.br\/wp-content\/uploads\/2018\/12\/Pantanal-Marimbus-Foto-04.jpg\" \/>\n\t<meta property=\"og:image:width\" content=\"900\" \/>\n\t<meta property=\"og:image:height\" content=\"550\" \/>\n\t<meta property=\"og:image:type\" content=\"image\/jpeg\" \/>\n<meta name=\"twitter:card\" content=\"summary_large_image\" \/>\n<script type=\"application\/ld+json\" class=\"yoast-schema-graph\">{\"@context\":\"https:\/\/schema.org\",\"@graph\":[{\"@type\":\"WebSite\",\"@id\":\"https:\/\/www.toursbahia.com.br\/#website\",\"url\":\"https:\/\/www.toursbahia.com.br\/\",\"name\":\"Tours Bahia\",\"description\":\"\",\"potentialAction\":[{\"@type\":\"SearchAction\",\"target\":{\"@type\":\"EntryPoint\",\"urlTemplate\":\"https:\/\/www.toursbahia.com.br\/?s={search_term_string}\"},\"query-input\":\"required name=search_term_string\"}],\"inLanguage\":\"de-DE\"},{\"@type\":\"ImageObject\",\"inLanguage\":\"de-DE\",\"@id\":\"https:\/\/www.toursbahia.com.br\/de\/loja\/ausfluge\/pantanal-marimbus-ausfluge\/#primaryimage\",\"url\":\"https:\/\/www.toursbahia.com.br\/wp-content\/uploads\/2018\/12\/Pantanal-Marimbus-Foto-04.jpg\",\"contentUrl\":\"https:\/\/www.toursbahia.com.br\/wp-content\/uploads\/2018\/12\/Pantanal-Marimbus-Foto-04.jpg\",\"width\":900,\"height\":550},{\"@type\":\"WebPage\",\"@id\":\"https:\/\/www.toursbahia.com.br\/de\/loja\/ausfluge\/pantanal-marimbus-ausfluge\/\",\"url\":\"https:\/\/www.toursbahia.com.br\/de\/loja\/ausfluge\/pantanal-marimbus-ausfluge\/\",\"name\":\"Pantanal Marimbus - Ausfl\u00fcge - Tours Bahia\",\"isPartOf\":{\"@id\":\"https:\/\/www.toursbahia.com.br\/#website\"},\"primaryImageOfPage\":{\"@id\":\"https:\/\/www.toursbahia.com.br\/de\/loja\/ausfluge\/pantanal-marimbus-ausfluge\/#primaryimage\"},\"datePublished\":\"2019-01-21T17:11:10+00:00\",\"dateModified\":\"2019-02-06T00:23:22+00:00\",\"breadcrumb\":{\"@id\":\"https:\/\/www.toursbahia.com.br\/de\/loja\/ausfluge\/pantanal-marimbus-ausfluge\/#breadcrumb\"},\"inLanguage\":\"de-DE\",\"potentialAction\":[{\"@type\":\"ReadAction\",\"target\":[\"https:\/\/www.toursbahia.com.br\/de\/loja\/ausfluge\/pantanal-marimbus-ausfluge\/\"]}]},{\"@type\":\"BreadcrumbList\",\"@id\":\"https:\/\/www.toursbahia.com.br\/de\/loja\/ausfluge\/pantanal-marimbus-ausfluge\/#breadcrumb\",\"itemListElement\":[{\"@type\":\"ListItem\",\"position\":1,\"name\":\"In\u00edcio\",\"item\":\"https:\/\/www.toursbahia.com.br\/de\/\"},{\"@type\":\"ListItem\",\"position\":2,\"name\":\"Store\",\"item\":\"https:\/\/www.toursbahia.com.br\/de\/store-tours-bahia-internacional\/\"},{\"@type\":\"ListItem\",\"position\":3,\"name\":\"Pantanal Marimbus &#8211; Ausfl\u00fcge\"}]}]}<\/script>\n<!-- \/ Yoast SEO plugin. -->","yoast_head_json":{"title":"Pantanal Marimbus - Ausfl\u00fcge - Tours Bahia","robots":{"index":"index","follow":"follow","max-snippet":"max-snippet:-1","max-image-preview":"max-image-preview:large","max-video-preview":"max-video-preview:-1"},"canonical":"https:\/\/www.toursbahia.com.br\/de\/loja\/ausfluge\/pantanal-marimbus-ausfluge\/","og_locale":"de_DE","og_type":"article","og_title":"Pantanal Marimbus - Ausfl\u00fcge - Tours Bahia","og_description":"Einen f\u00fcr die Beine erholsamen Tag mit einem landschaftlich komplett anderen Szenario als dem Rest der Chapada Diamantina k\u00f6nnen Sie im Naturschutzgebiet Marimbus erleben. Der Ausflug beginnt mit einer Bootsfahrt beim kleinen Fischerdorf Remanso, dessen Einwohner aus den ehemaligen Quilombos der Region stammen. Auf der Bootsfahrt durch das Marimbus-Feuchtgebiet, geniessen Sie die Sch\u00f6nheit der Flora und Fauna dieser Region. Zum Mittagessen halten wir an der Fazenda Roncador und haben genug Zeit f\u00fcr ein erfrischendes Bad im nahegelegenen Wasserfall. Am sp\u00e4ten Nachmittag kehren wir nach Len\u00e7\u00f3is zur\u00fcck.","og_url":"https:\/\/www.toursbahia.com.br\/de\/loja\/ausfluge\/pantanal-marimbus-ausfluge\/","og_site_name":"Tours Bahia","article_publisher":"https:\/\/www.facebook.com\/toursbahiainternational","article_modified_time":"2019-02-06T00:23:22+00:00","og_image":[{"width":900,"height":550,"url":"https:\/\/www.toursbahia.com.br\/wp-content\/uploads\/2018\/12\/Pantanal-Marimbus-Foto-04.jpg","type":"image\/jpeg"}],"twitter_card":"summary_large_image","schema":{"@context":"https:\/\/schema.org","@graph":[{"@type":"WebSite","@id":"https:\/\/www.toursbahia.com.br\/#website","url":"https:\/\/www.toursbahia.com.br\/","name":"Tours Bahia","description":"","potentialAction":[{"@type":"SearchAction","target":{"@type":"EntryPoint","urlTemplate":"https:\/\/www.toursbahia.com.br\/?s={search_term_string}"},"query-input":"required name=search_term_string"}],"inLanguage":"de-DE"},{"@type":"ImageObject","inLanguage":"de-DE","@id":"https:\/\/www.toursbahia.com.br\/de\/loja\/ausfluge\/pantanal-marimbus-ausfluge\/#primaryimage","url":"https:\/\/www.toursbahia.com.br\/wp-content\/uploads\/2018\/12\/Pantanal-Marimbus-Foto-04.jpg","contentUrl":"https:\/\/www.toursbahia.com.br\/wp-content\/uploads\/2018\/12\/Pantanal-Marimbus-Foto-04.jpg","width":900,"height":550},{"@type":"WebPage","@id":"https:\/\/www.toursbahia.com.br\/de\/loja\/ausfluge\/pantanal-marimbus-ausfluge\/","url":"https:\/\/www.toursbahia.com.br\/de\/loja\/ausfluge\/pantanal-marimbus-ausfluge\/","name":"Pantanal Marimbus - Ausfl\u00fcge - Tours Bahia","isPartOf":{"@id":"https:\/\/www.toursbahia.com.br\/#website"},"primaryImageOfPage":{"@id":"https:\/\/www.toursbahia.com.br\/de\/loja\/ausfluge\/pantanal-marimbus-ausfluge\/#primaryimage"},"datePublished":"2019-01-21T17:11:10+00:00","dateModified":"2019-02-06T00:23:22+00:00","breadcrumb":{"@id":"https:\/\/www.toursbahia.com.br\/de\/loja\/ausfluge\/pantanal-marimbus-ausfluge\/#breadcrumb"},"inLanguage":"de-DE","potentialAction":[{"@type":"ReadAction","target":["https:\/\/www.toursbahia.com.br\/de\/loja\/ausfluge\/pantanal-marimbus-ausfluge\/"]}]},{"@type":"BreadcrumbList","@id":"https:\/\/www.toursbahia.com.br\/de\/loja\/ausfluge\/pantanal-marimbus-ausfluge\/#breadcrumb","itemListElement":[{"@type":"ListItem","position":1,"name":"In\u00edcio","item":"https:\/\/www.toursbahia.com.br\/de\/"},{"@type":"ListItem","position":2,"name":"Store","item":"https:\/\/www.toursbahia.com.br\/de\/store-tours-bahia-internacional\/"},{"@type":"ListItem","position":3,"name":"Pantanal Marimbus &#8211; Ausfl\u00fcge"}]}]}},"_links":{"self":[{"href":"https:\/\/www.toursbahia.com.br\/de\/wp-json\/wp\/v2\/product\/3459"}],"collection":[{"href":"https:\/\/www.toursbahia.com.br\/de\/wp-json\/wp\/v2\/product"}],"about":[{"href":"https:\/\/www.toursbahia.com.br\/de\/wp-json\/wp\/v2\/types\/product"}],"replies":[{"embeddable":true,"href":"https:\/\/www.toursbahia.com.br\/de\/wp-json\/wp\/v2\/comments?post=3459"}],"wp:featuredmedia":[{"embeddable":true,"href":"https:\/\/www.toursbahia.com.br\/de\/wp-json\/wp\/v2\/media\/2133"}],"wp:attachment":[{"href":"https:\/\/www.toursbahia.com.br\/de\/wp-json\/wp\/v2\/media?parent=3459"}],"wp:term":[{"taxonomy":"product_cat","embeddable":true,"href":"https:\/\/www.toursbahia.com.br\/de\/wp-json\/wp\/v2\/product_cat?post=3459"},{"taxonomy":"product_tag","embeddable":true,"href":"https:\/\/www.toursbahia.com.br\/de\/wp-json\/wp\/v2\/product_tag?post=3459"}],"curies":[{"name":"wp","href":"https:\/\/api.w.org\/{rel}","templated":true}]}}