{"id":3462,"date":"2019-01-21T15:01:13","date_gmt":"2019-01-21T17:01:13","guid":{"rendered":"https:\/\/www.toursbahia.com.br\/\/produto\/unkategorisiert\/rio-lencois-e-cachoeira-da-primavera-passeio\/"},"modified":"2025-05-30T13:11:16","modified_gmt":"2025-05-30T16:11:16","slug":"lencois-fluss-und-primavera-wasserfall-ausfluge","status":"publish","type":"product","link":"https:\/\/www.toursbahia.com.br\/de\/loja\/ausfluge\/lencois-fluss-und-primavera-wasserfall-ausfluge\/","title":{"rendered":"Len\u00e7\u00f3is-Fluss und Primavera-Wasserfall &#8211; Ausfl\u00fcge"},"content":{"rendered":"<p><br data-mce-bogus=\"1\"><\/p>\n","protected":false},"excerpt":{"rendered":"<p>Auf einem angenehmen Spaziergang entlang dem Flussbett des Rio Len\u00e7\u00f3is k\u00f6nnen Sie einige reizvolle Sehensw\u00fcrdigkeiten der Chapada Diamantina sehen, ohne sich weit vom Zentrum der Stadt zu entfernen. Auf diesem Rundgang sehen Sie die Becken des Serrano, die H\u00f6hle aus farbigem Sandstein, den Primavera-Wasserfall und den kleinen Wasserfall Cachoeirinha und gelangen zu einem Aussichtspunkt mit fantastischem Blick \u00fcber den Ort Len\u00e7\u00f3is. Nach einer kurzen Rast kehren Sie nach Len\u00e7\u00f3is zur\u00fcck, wo Sie (optional) eines der leckeren lokalen Gerichte zu Mittag essen k\u00f6nnen.<\/p>\n","protected":false},"featured_media":2761,"comment_status":"open","ping_status":"closed","template":"","meta":[],"product_cat":[835,836,837,844],"product_tag":[],"yoast_head":"<!-- This site is optimized with the Yoast SEO plugin v19.3 - https:\/\/yoast.com\/wordpress\/plugins\/seo\/ -->\n<title>Len\u00e7\u00f3is-Fluss und Primavera-Wasserfall - Ausfl\u00fcge - Tours Bahia<\/title>\n<meta name=\"robots\" content=\"index, follow, max-snippet:-1, max-image-preview:large, max-video-preview:-1\" \/>\n<link rel=\"canonical\" href=\"https:\/\/www.toursbahia.com.br\/de\/loja\/ausfluge\/lencois-fluss-und-primavera-wasserfall-ausfluge\/\" \/>\n<meta property=\"og:locale\" content=\"de_DE\" \/>\n<meta property=\"og:type\" content=\"article\" \/>\n<meta property=\"og:title\" content=\"Len\u00e7\u00f3is-Fluss und Primavera-Wasserfall - Ausfl\u00fcge - Tours Bahia\" \/>\n<meta property=\"og:description\" content=\"Auf einem angenehmen Spaziergang entlang dem Flussbett des Rio Len\u00e7\u00f3is k\u00f6nnen Sie einige reizvolle Sehensw\u00fcrdigkeiten der Chapada Diamantina sehen, ohne sich weit vom Zentrum der Stadt zu entfernen. Auf diesem Rundgang sehen Sie die Becken des Serrano, die H\u00f6hle aus farbigem Sandstein, den Primavera-Wasserfall und den kleinen Wasserfall Cachoeirinha und gelangen zu einem Aussichtspunkt mit fantastischem Blick \u00fcber den Ort Len\u00e7\u00f3is. Nach einer kurzen Rast kehren Sie nach Len\u00e7\u00f3is zur\u00fcck, wo Sie (optional) eines der leckeren lokalen Gerichte zu Mittag essen k\u00f6nnen.\" \/>\n<meta property=\"og:url\" content=\"https:\/\/www.toursbahia.com.br\/de\/loja\/ausfluge\/lencois-fluss-und-primavera-wasserfall-ausfluge\/\" \/>\n<meta property=\"og:site_name\" content=\"Tours Bahia\" \/>\n<meta property=\"article:publisher\" content=\"https:\/\/www.facebook.com\/toursbahiainternational\" \/>\n<meta property=\"article:modified_time\" content=\"2025-05-30T16:11:16+00:00\" \/>\n<meta property=\"og:image\" content=\"https:\/\/www.toursbahia.com.br\/wp-content\/uploads\/2018\/12\/Rio-Len\u00e7\u00f3is-e-Cachoeira-da-Primavera-Foto-01.jpg\" \/>\n\t<meta property=\"og:image:width\" content=\"900\" \/>\n\t<meta property=\"og:image:height\" content=\"550\" \/>\n\t<meta property=\"og:image:type\" content=\"image\/jpeg\" \/>\n<meta name=\"twitter:card\" content=\"summary_large_image\" \/>\n<script type=\"application\/ld+json\" class=\"yoast-schema-graph\">{\"@context\":\"https:\/\/schema.org\",\"@graph\":[{\"@type\":\"WebSite\",\"@id\":\"https:\/\/www.toursbahia.com.br\/#website\",\"url\":\"https:\/\/www.toursbahia.com.br\/\",\"name\":\"Tours Bahia\",\"description\":\"\",\"potentialAction\":[{\"@type\":\"SearchAction\",\"target\":{\"@type\":\"EntryPoint\",\"urlTemplate\":\"https:\/\/www.toursbahia.com.br\/?s={search_term_string}\"},\"query-input\":\"required name=search_term_string\"}],\"inLanguage\":\"de-DE\"},{\"@type\":\"ImageObject\",\"inLanguage\":\"de-DE\",\"@id\":\"https:\/\/www.toursbahia.com.br\/de\/loja\/ausfluge\/lencois-fluss-und-primavera-wasserfall-ausfluge\/#primaryimage\",\"url\":\"https:\/\/www.toursbahia.com.br\/wp-content\/uploads\/2018\/12\/Rio-Len\u00e7\u00f3is-e-Cachoeira-da-Primavera-Foto-01.jpg\",\"contentUrl\":\"https:\/\/www.toursbahia.com.br\/wp-content\/uploads\/2018\/12\/Rio-Len\u00e7\u00f3is-e-Cachoeira-da-Primavera-Foto-01.jpg\",\"width\":900,\"height\":550},{\"@type\":\"WebPage\",\"@id\":\"https:\/\/www.toursbahia.com.br\/de\/loja\/ausfluge\/lencois-fluss-und-primavera-wasserfall-ausfluge\/\",\"url\":\"https:\/\/www.toursbahia.com.br\/de\/loja\/ausfluge\/lencois-fluss-und-primavera-wasserfall-ausfluge\/\",\"name\":\"Len\u00e7\u00f3is-Fluss und Primavera-Wasserfall - Ausfl\u00fcge - Tours Bahia\",\"isPartOf\":{\"@id\":\"https:\/\/www.toursbahia.com.br\/#website\"},\"primaryImageOfPage\":{\"@id\":\"https:\/\/www.toursbahia.com.br\/de\/loja\/ausfluge\/lencois-fluss-und-primavera-wasserfall-ausfluge\/#primaryimage\"},\"datePublished\":\"2019-01-21T17:01:13+00:00\",\"dateModified\":\"2025-05-30T16:11:16+00:00\",\"breadcrumb\":{\"@id\":\"https:\/\/www.toursbahia.com.br\/de\/loja\/ausfluge\/lencois-fluss-und-primavera-wasserfall-ausfluge\/#breadcrumb\"},\"inLanguage\":\"de-DE\",\"potentialAction\":[{\"@type\":\"ReadAction\",\"target\":[\"https:\/\/www.toursbahia.com.br\/de\/loja\/ausfluge\/lencois-fluss-und-primavera-wasserfall-ausfluge\/\"]}]},{\"@type\":\"BreadcrumbList\",\"@id\":\"https:\/\/www.toursbahia.com.br\/de\/loja\/ausfluge\/lencois-fluss-und-primavera-wasserfall-ausfluge\/#breadcrumb\",\"itemListElement\":[{\"@type\":\"ListItem\",\"position\":1,\"name\":\"In\u00edcio\",\"item\":\"https:\/\/www.toursbahia.com.br\/de\/\"},{\"@type\":\"ListItem\",\"position\":2,\"name\":\"Store\",\"item\":\"https:\/\/www.toursbahia.com.br\/de\/store-tours-bahia-internacional\/\"},{\"@type\":\"ListItem\",\"position\":3,\"name\":\"Len\u00e7\u00f3is-Fluss und Primavera-Wasserfall &#8211; Ausfl\u00fcge\"}]}]}<\/script>\n<!-- \/ Yoast SEO plugin. -->","yoast_head_json":{"title":"Len\u00e7\u00f3is-Fluss und Primavera-Wasserfall - Ausfl\u00fcge - Tours Bahia","robots":{"index":"index","follow":"follow","max-snippet":"max-snippet:-1","max-image-preview":"max-image-preview:large","max-video-preview":"max-video-preview:-1"},"canonical":"https:\/\/www.toursbahia.com.br\/de\/loja\/ausfluge\/lencois-fluss-und-primavera-wasserfall-ausfluge\/","og_locale":"de_DE","og_type":"article","og_title":"Len\u00e7\u00f3is-Fluss und Primavera-Wasserfall - Ausfl\u00fcge - Tours Bahia","og_description":"Auf einem angenehmen Spaziergang entlang dem Flussbett des Rio Len\u00e7\u00f3is k\u00f6nnen Sie einige reizvolle Sehensw\u00fcrdigkeiten der Chapada Diamantina sehen, ohne sich weit vom Zentrum der Stadt zu entfernen. Auf diesem Rundgang sehen Sie die Becken des Serrano, die H\u00f6hle aus farbigem Sandstein, den Primavera-Wasserfall und den kleinen Wasserfall Cachoeirinha und gelangen zu einem Aussichtspunkt mit fantastischem Blick \u00fcber den Ort Len\u00e7\u00f3is. Nach einer kurzen Rast kehren Sie nach Len\u00e7\u00f3is zur\u00fcck, wo Sie (optional) eines der leckeren lokalen Gerichte zu Mittag essen k\u00f6nnen.","og_url":"https:\/\/www.toursbahia.com.br\/de\/loja\/ausfluge\/lencois-fluss-und-primavera-wasserfall-ausfluge\/","og_site_name":"Tours Bahia","article_publisher":"https:\/\/www.facebook.com\/toursbahiainternational","article_modified_time":"2025-05-30T16:11:16+00:00","og_image":[{"width":900,"height":550,"url":"https:\/\/www.toursbahia.com.br\/wp-content\/uploads\/2018\/12\/Rio-Len\u00e7\u00f3is-e-Cachoeira-da-Primavera-Foto-01.jpg","type":"image\/jpeg"}],"twitter_card":"summary_large_image","schema":{"@context":"https:\/\/schema.org","@graph":[{"@type":"WebSite","@id":"https:\/\/www.toursbahia.com.br\/#website","url":"https:\/\/www.toursbahia.com.br\/","name":"Tours Bahia","description":"","potentialAction":[{"@type":"SearchAction","target":{"@type":"EntryPoint","urlTemplate":"https:\/\/www.toursbahia.com.br\/?s={search_term_string}"},"query-input":"required name=search_term_string"}],"inLanguage":"de-DE"},{"@type":"ImageObject","inLanguage":"de-DE","@id":"https:\/\/www.toursbahia.com.br\/de\/loja\/ausfluge\/lencois-fluss-und-primavera-wasserfall-ausfluge\/#primaryimage","url":"https:\/\/www.toursbahia.com.br\/wp-content\/uploads\/2018\/12\/Rio-Len\u00e7\u00f3is-e-Cachoeira-da-Primavera-Foto-01.jpg","contentUrl":"https:\/\/www.toursbahia.com.br\/wp-content\/uploads\/2018\/12\/Rio-Len\u00e7\u00f3is-e-Cachoeira-da-Primavera-Foto-01.jpg","width":900,"height":550},{"@type":"WebPage","@id":"https:\/\/www.toursbahia.com.br\/de\/loja\/ausfluge\/lencois-fluss-und-primavera-wasserfall-ausfluge\/","url":"https:\/\/www.toursbahia.com.br\/de\/loja\/ausfluge\/lencois-fluss-und-primavera-wasserfall-ausfluge\/","name":"Len\u00e7\u00f3is-Fluss und Primavera-Wasserfall - Ausfl\u00fcge - Tours Bahia","isPartOf":{"@id":"https:\/\/www.toursbahia.com.br\/#website"},"primaryImageOfPage":{"@id":"https:\/\/www.toursbahia.com.br\/de\/loja\/ausfluge\/lencois-fluss-und-primavera-wasserfall-ausfluge\/#primaryimage"},"datePublished":"2019-01-21T17:01:13+00:00","dateModified":"2025-05-30T16:11:16+00:00","breadcrumb":{"@id":"https:\/\/www.toursbahia.com.br\/de\/loja\/ausfluge\/lencois-fluss-und-primavera-wasserfall-ausfluge\/#breadcrumb"},"inLanguage":"de-DE","potentialAction":[{"@type":"ReadAction","target":["https:\/\/www.toursbahia.com.br\/de\/loja\/ausfluge\/lencois-fluss-und-primavera-wasserfall-ausfluge\/"]}]},{"@type":"BreadcrumbList","@id":"https:\/\/www.toursbahia.com.br\/de\/loja\/ausfluge\/lencois-fluss-und-primavera-wasserfall-ausfluge\/#breadcrumb","itemListElement":[{"@type":"ListItem","position":1,"name":"In\u00edcio","item":"https:\/\/www.toursbahia.com.br\/de\/"},{"@type":"ListItem","position":2,"name":"Store","item":"https:\/\/www.toursbahia.com.br\/de\/store-tours-bahia-internacional\/"},{"@type":"ListItem","position":3,"name":"Len\u00e7\u00f3is-Fluss und Primavera-Wasserfall &#8211; Ausfl\u00fcge"}]}]}},"_links":{"self":[{"href":"https:\/\/www.toursbahia.com.br\/de\/wp-json\/wp\/v2\/product\/3462"}],"collection":[{"href":"https:\/\/www.toursbahia.com.br\/de\/wp-json\/wp\/v2\/product"}],"about":[{"href":"https:\/\/www.toursbahia.com.br\/de\/wp-json\/wp\/v2\/types\/product"}],"replies":[{"embeddable":true,"href":"https:\/\/www.toursbahia.com.br\/de\/wp-json\/wp\/v2\/comments?post=3462"}],"wp:featuredmedia":[{"embeddable":true,"href":"https:\/\/www.toursbahia.com.br\/de\/wp-json\/wp\/v2\/media\/2761"}],"wp:attachment":[{"href":"https:\/\/www.toursbahia.com.br\/de\/wp-json\/wp\/v2\/media?parent=3462"}],"wp:term":[{"taxonomy":"product_cat","embeddable":true,"href":"https:\/\/www.toursbahia.com.br\/de\/wp-json\/wp\/v2\/product_cat?post=3462"},{"taxonomy":"product_tag","embeddable":true,"href":"https:\/\/www.toursbahia.com.br\/de\/wp-json\/wp\/v2\/product_tag?post=3462"}],"curies":[{"name":"wp","href":"https:\/\/api.w.org\/{rel}","templated":true}]}}