{"id":3465,"date":"2019-01-21T14:57:57","date_gmt":"2019-01-21T16:57:57","guid":{"rendered":"https:\/\/www.toursbahia.com.br\/\/produto\/unkategorisiert\/cachoeira-do-sossego-passeio\/"},"modified":"2025-06-03T16:06:35","modified_gmt":"2025-06-03T19:06:35","slug":"sossego-wasserfall-ausfluge","status":"publish","type":"product","link":"https:\/\/www.toursbahia.com.br\/de\/loja\/ausfluge\/sossego-wasserfall-ausfluge\/","title":{"rendered":"Sossego Wasserfall &#8211; Ausfl\u00fcge"},"content":{"rendered":"","protected":false},"excerpt":{"rendered":"<p>Eine der traditionellsten Wanderungen von Len\u00e7\u00f3is und ideal f\u00fcr Liebhaber etwas anspruchsvollerer Strecken f\u00fchrt zum Sossego-Wasserfall. Die ca. 7 km lange Strecke durch alte Bergbaugebiete geht den gr\u00f6ssten Teil durch das Flussbett des Rio Len\u00e7\u00f3is. Eine hervorragende Aussicht auf die umliegenden Berge sowie eine dichte und faszinierende Vegetation begleiten Sie den ganzen Weg bis zum Wasserfall. Nach einem erfrischenden Bad in Sossego und einer kleinen Verpflegungspause geht es weiter in Richtung Ribeir\u00e3o do Meio, ber\u00fchmt f\u00fcr seine nat\u00fcrliche Wasserrutsche. Die R\u00fcckkehr nach Len\u00e7\u00f3is ist am sp\u00e4ten Nachmittag.<\/p>\n<p>&nbsp;<\/p>\n","protected":false},"featured_media":2136,"comment_status":"open","ping_status":"closed","template":"","meta":[],"product_cat":[835,836,837,840],"product_tag":[],"yoast_head":"<!-- This site is optimized with the Yoast SEO plugin v19.3 - https:\/\/yoast.com\/wordpress\/plugins\/seo\/ -->\n<title>Sossego Wasserfall - Ausfl\u00fcge - Tours Bahia<\/title>\n<meta name=\"robots\" content=\"index, follow, max-snippet:-1, max-image-preview:large, max-video-preview:-1\" \/>\n<link rel=\"canonical\" href=\"https:\/\/www.toursbahia.com.br\/de\/loja\/ausfluge\/sossego-wasserfall-ausfluge\/\" \/>\n<meta property=\"og:locale\" content=\"de_DE\" \/>\n<meta property=\"og:type\" content=\"article\" \/>\n<meta property=\"og:title\" content=\"Sossego Wasserfall - Ausfl\u00fcge - Tours Bahia\" \/>\n<meta property=\"og:description\" content=\"Eine der traditionellsten Wanderungen von Len\u00e7\u00f3is und ideal f\u00fcr Liebhaber etwas anspruchsvollerer Strecken f\u00fchrt zum Sossego-Wasserfall. Die ca. 7 km lange Strecke durch alte Bergbaugebiete geht den gr\u00f6ssten Teil durch das Flussbett des Rio Len\u00e7\u00f3is. Eine hervorragende Aussicht auf die umliegenden Berge sowie eine dichte und faszinierende Vegetation begleiten Sie den ganzen Weg bis zum Wasserfall. Nach einem erfrischenden Bad in Sossego und einer kleinen Verpflegungspause geht es weiter in Richtung Ribeir\u00e3o do Meio, ber\u00fchmt f\u00fcr seine nat\u00fcrliche Wasserrutsche. Die R\u00fcckkehr nach Len\u00e7\u00f3is ist am sp\u00e4ten Nachmittag.  &nbsp;\" \/>\n<meta property=\"og:url\" content=\"https:\/\/www.toursbahia.com.br\/de\/loja\/ausfluge\/sossego-wasserfall-ausfluge\/\" \/>\n<meta property=\"og:site_name\" content=\"Tours Bahia\" \/>\n<meta property=\"article:publisher\" content=\"https:\/\/www.facebook.com\/toursbahiainternational\" \/>\n<meta property=\"article:modified_time\" content=\"2025-06-03T19:06:35+00:00\" \/>\n<meta property=\"og:image\" content=\"https:\/\/www.toursbahia.com.br\/wp-content\/uploads\/2018\/12\/Cachoeira-do-Sossego-Foto-03.jpg\" \/>\n\t<meta property=\"og:image:width\" content=\"900\" \/>\n\t<meta property=\"og:image:height\" content=\"550\" \/>\n\t<meta property=\"og:image:type\" content=\"image\/jpeg\" \/>\n<meta name=\"twitter:card\" content=\"summary_large_image\" \/>\n<script type=\"application\/ld+json\" class=\"yoast-schema-graph\">{\"@context\":\"https:\/\/schema.org\",\"@graph\":[{\"@type\":\"WebSite\",\"@id\":\"https:\/\/www.toursbahia.com.br\/#website\",\"url\":\"https:\/\/www.toursbahia.com.br\/\",\"name\":\"Tours Bahia\",\"description\":\"\",\"potentialAction\":[{\"@type\":\"SearchAction\",\"target\":{\"@type\":\"EntryPoint\",\"urlTemplate\":\"https:\/\/www.toursbahia.com.br\/?s={search_term_string}\"},\"query-input\":\"required name=search_term_string\"}],\"inLanguage\":\"de-DE\"},{\"@type\":\"ImageObject\",\"inLanguage\":\"de-DE\",\"@id\":\"https:\/\/www.toursbahia.com.br\/de\/loja\/ausfluge\/sossego-wasserfall-ausfluge\/#primaryimage\",\"url\":\"https:\/\/www.toursbahia.com.br\/wp-content\/uploads\/2018\/12\/Cachoeira-do-Sossego-Foto-03.jpg\",\"contentUrl\":\"https:\/\/www.toursbahia.com.br\/wp-content\/uploads\/2018\/12\/Cachoeira-do-Sossego-Foto-03.jpg\",\"width\":900,\"height\":550},{\"@type\":\"WebPage\",\"@id\":\"https:\/\/www.toursbahia.com.br\/de\/loja\/ausfluge\/sossego-wasserfall-ausfluge\/\",\"url\":\"https:\/\/www.toursbahia.com.br\/de\/loja\/ausfluge\/sossego-wasserfall-ausfluge\/\",\"name\":\"Sossego Wasserfall - Ausfl\u00fcge - Tours Bahia\",\"isPartOf\":{\"@id\":\"https:\/\/www.toursbahia.com.br\/#website\"},\"primaryImageOfPage\":{\"@id\":\"https:\/\/www.toursbahia.com.br\/de\/loja\/ausfluge\/sossego-wasserfall-ausfluge\/#primaryimage\"},\"datePublished\":\"2019-01-21T16:57:57+00:00\",\"dateModified\":\"2025-06-03T19:06:35+00:00\",\"breadcrumb\":{\"@id\":\"https:\/\/www.toursbahia.com.br\/de\/loja\/ausfluge\/sossego-wasserfall-ausfluge\/#breadcrumb\"},\"inLanguage\":\"de-DE\",\"potentialAction\":[{\"@type\":\"ReadAction\",\"target\":[\"https:\/\/www.toursbahia.com.br\/de\/loja\/ausfluge\/sossego-wasserfall-ausfluge\/\"]}]},{\"@type\":\"BreadcrumbList\",\"@id\":\"https:\/\/www.toursbahia.com.br\/de\/loja\/ausfluge\/sossego-wasserfall-ausfluge\/#breadcrumb\",\"itemListElement\":[{\"@type\":\"ListItem\",\"position\":1,\"name\":\"In\u00edcio\",\"item\":\"https:\/\/www.toursbahia.com.br\/de\/\"},{\"@type\":\"ListItem\",\"position\":2,\"name\":\"Store\",\"item\":\"https:\/\/www.toursbahia.com.br\/de\/store-tours-bahia-internacional\/\"},{\"@type\":\"ListItem\",\"position\":3,\"name\":\"Sossego Wasserfall &#8211; Ausfl\u00fcge\"}]}]}<\/script>\n<!-- \/ Yoast SEO plugin. -->","yoast_head_json":{"title":"Sossego Wasserfall - Ausfl\u00fcge - Tours Bahia","robots":{"index":"index","follow":"follow","max-snippet":"max-snippet:-1","max-image-preview":"max-image-preview:large","max-video-preview":"max-video-preview:-1"},"canonical":"https:\/\/www.toursbahia.com.br\/de\/loja\/ausfluge\/sossego-wasserfall-ausfluge\/","og_locale":"de_DE","og_type":"article","og_title":"Sossego Wasserfall - Ausfl\u00fcge - Tours Bahia","og_description":"Eine der traditionellsten Wanderungen von Len\u00e7\u00f3is und ideal f\u00fcr Liebhaber etwas anspruchsvollerer Strecken f\u00fchrt zum Sossego-Wasserfall. Die ca. 7 km lange Strecke durch alte Bergbaugebiete geht den gr\u00f6ssten Teil durch das Flussbett des Rio Len\u00e7\u00f3is. Eine hervorragende Aussicht auf die umliegenden Berge sowie eine dichte und faszinierende Vegetation begleiten Sie den ganzen Weg bis zum Wasserfall. Nach einem erfrischenden Bad in Sossego und einer kleinen Verpflegungspause geht es weiter in Richtung Ribeir\u00e3o do Meio, ber\u00fchmt f\u00fcr seine nat\u00fcrliche Wasserrutsche. Die R\u00fcckkehr nach Len\u00e7\u00f3is ist am sp\u00e4ten Nachmittag.  &nbsp;","og_url":"https:\/\/www.toursbahia.com.br\/de\/loja\/ausfluge\/sossego-wasserfall-ausfluge\/","og_site_name":"Tours Bahia","article_publisher":"https:\/\/www.facebook.com\/toursbahiainternational","article_modified_time":"2025-06-03T19:06:35+00:00","og_image":[{"width":900,"height":550,"url":"https:\/\/www.toursbahia.com.br\/wp-content\/uploads\/2018\/12\/Cachoeira-do-Sossego-Foto-03.jpg","type":"image\/jpeg"}],"twitter_card":"summary_large_image","schema":{"@context":"https:\/\/schema.org","@graph":[{"@type":"WebSite","@id":"https:\/\/www.toursbahia.com.br\/#website","url":"https:\/\/www.toursbahia.com.br\/","name":"Tours Bahia","description":"","potentialAction":[{"@type":"SearchAction","target":{"@type":"EntryPoint","urlTemplate":"https:\/\/www.toursbahia.com.br\/?s={search_term_string}"},"query-input":"required name=search_term_string"}],"inLanguage":"de-DE"},{"@type":"ImageObject","inLanguage":"de-DE","@id":"https:\/\/www.toursbahia.com.br\/de\/loja\/ausfluge\/sossego-wasserfall-ausfluge\/#primaryimage","url":"https:\/\/www.toursbahia.com.br\/wp-content\/uploads\/2018\/12\/Cachoeira-do-Sossego-Foto-03.jpg","contentUrl":"https:\/\/www.toursbahia.com.br\/wp-content\/uploads\/2018\/12\/Cachoeira-do-Sossego-Foto-03.jpg","width":900,"height":550},{"@type":"WebPage","@id":"https:\/\/www.toursbahia.com.br\/de\/loja\/ausfluge\/sossego-wasserfall-ausfluge\/","url":"https:\/\/www.toursbahia.com.br\/de\/loja\/ausfluge\/sossego-wasserfall-ausfluge\/","name":"Sossego Wasserfall - Ausfl\u00fcge - Tours Bahia","isPartOf":{"@id":"https:\/\/www.toursbahia.com.br\/#website"},"primaryImageOfPage":{"@id":"https:\/\/www.toursbahia.com.br\/de\/loja\/ausfluge\/sossego-wasserfall-ausfluge\/#primaryimage"},"datePublished":"2019-01-21T16:57:57+00:00","dateModified":"2025-06-03T19:06:35+00:00","breadcrumb":{"@id":"https:\/\/www.toursbahia.com.br\/de\/loja\/ausfluge\/sossego-wasserfall-ausfluge\/#breadcrumb"},"inLanguage":"de-DE","potentialAction":[{"@type":"ReadAction","target":["https:\/\/www.toursbahia.com.br\/de\/loja\/ausfluge\/sossego-wasserfall-ausfluge\/"]}]},{"@type":"BreadcrumbList","@id":"https:\/\/www.toursbahia.com.br\/de\/loja\/ausfluge\/sossego-wasserfall-ausfluge\/#breadcrumb","itemListElement":[{"@type":"ListItem","position":1,"name":"In\u00edcio","item":"https:\/\/www.toursbahia.com.br\/de\/"},{"@type":"ListItem","position":2,"name":"Store","item":"https:\/\/www.toursbahia.com.br\/de\/store-tours-bahia-internacional\/"},{"@type":"ListItem","position":3,"name":"Sossego Wasserfall &#8211; Ausfl\u00fcge"}]}]}},"_links":{"self":[{"href":"https:\/\/www.toursbahia.com.br\/de\/wp-json\/wp\/v2\/product\/3465"}],"collection":[{"href":"https:\/\/www.toursbahia.com.br\/de\/wp-json\/wp\/v2\/product"}],"about":[{"href":"https:\/\/www.toursbahia.com.br\/de\/wp-json\/wp\/v2\/types\/product"}],"replies":[{"embeddable":true,"href":"https:\/\/www.toursbahia.com.br\/de\/wp-json\/wp\/v2\/comments?post=3465"}],"wp:featuredmedia":[{"embeddable":true,"href":"https:\/\/www.toursbahia.com.br\/de\/wp-json\/wp\/v2\/media\/2136"}],"wp:attachment":[{"href":"https:\/\/www.toursbahia.com.br\/de\/wp-json\/wp\/v2\/media?parent=3465"}],"wp:term":[{"taxonomy":"product_cat","embeddable":true,"href":"https:\/\/www.toursbahia.com.br\/de\/wp-json\/wp\/v2\/product_cat?post=3465"},{"taxonomy":"product_tag","embeddable":true,"href":"https:\/\/www.toursbahia.com.br\/de\/wp-json\/wp\/v2\/product_tag?post=3465"}],"curies":[{"name":"wp","href":"https:\/\/api.w.org\/{rel}","templated":true}]}}