{"id":3468,"date":"2019-01-21T14:55:21","date_gmt":"2019-01-21T16:55:21","guid":{"rendered":"https:\/\/www.toursbahia.com.br\/\/produto\/unkategorisiert\/cachoeira-do-mosquito-e-poco-do-diabo-passeio\/"},"modified":"2025-06-02T11:06:03","modified_gmt":"2025-06-02T14:06:03","slug":"mosquito-wasserfall-und-poco-do-diabo-ausfluge","status":"publish","type":"product","link":"https:\/\/www.toursbahia.com.br\/de\/loja\/ausfluge\/mosquito-wasserfall-und-poco-do-diabo-ausfluge\/","title":{"rendered":"Mosquito-Wasserfall und Po\u00e7o do Diabo &#8211; Ausfl\u00fcge"},"content":{"rendered":"","protected":false},"excerpt":{"rendered":"<p>Der Mosquito-Wasserfall ist eine der neuesten Attraktionen der Region. Und da er noch kaum besucht wird, stellt er eine wahre Besonderheit dar. Mit dem Auto fahren wir zu einer Fazenda, wo der Wanderweg zum Fuss des 60 m hohen Mosquito-Wasserfalls beginnt. Nach einer kurzen Wanderung haben Sie am Wasserfall gen\u00fcgend Zeit f\u00fcr ein paar Fotos und ein k\u00fchlendes Bad, ehe es \u00fcber den gleichen Weg zur\u00fcckgeht. Es folgt ein leckeres regionales Mittagessen am Mucugezinho-Fluss und der Besuch des Wasserfalls am Po\u00e7o do Diabo.<\/p>\n","protected":false},"featured_media":2179,"comment_status":"open","ping_status":"closed","template":"","meta":[],"product_cat":[835,836,837,839],"product_tag":[],"yoast_head":"<!-- This site is optimized with the Yoast SEO plugin v19.3 - https:\/\/yoast.com\/wordpress\/plugins\/seo\/ -->\n<title>Mosquito-Wasserfall und Po\u00e7o do Diabo - Ausfl\u00fcge - Tours Bahia<\/title>\n<meta name=\"robots\" content=\"index, follow, max-snippet:-1, max-image-preview:large, max-video-preview:-1\" \/>\n<link rel=\"canonical\" href=\"https:\/\/www.toursbahia.com.br\/de\/loja\/ausfluge\/mosquito-wasserfall-und-poco-do-diabo-ausfluge\/\" \/>\n<meta property=\"og:locale\" content=\"de_DE\" \/>\n<meta property=\"og:type\" content=\"article\" \/>\n<meta property=\"og:title\" content=\"Mosquito-Wasserfall und Po\u00e7o do Diabo - Ausfl\u00fcge - Tours Bahia\" \/>\n<meta property=\"og:description\" content=\"Der Mosquito-Wasserfall ist eine der neuesten Attraktionen der Region. Und da er noch kaum besucht wird, stellt er eine wahre Besonderheit dar. Mit dem Auto fahren wir zu einer Fazenda, wo der Wanderweg zum Fuss des 60 m hohen Mosquito-Wasserfalls beginnt. Nach einer kurzen Wanderung haben Sie am Wasserfall gen\u00fcgend Zeit f\u00fcr ein paar Fotos und ein k\u00fchlendes Bad, ehe es \u00fcber den gleichen Weg zur\u00fcckgeht. Es folgt ein leckeres regionales Mittagessen am Mucugezinho-Fluss und der Besuch des Wasserfalls am Po\u00e7o do Diabo.\" \/>\n<meta property=\"og:url\" content=\"https:\/\/www.toursbahia.com.br\/de\/loja\/ausfluge\/mosquito-wasserfall-und-poco-do-diabo-ausfluge\/\" \/>\n<meta property=\"og:site_name\" content=\"Tours Bahia\" \/>\n<meta property=\"article:publisher\" content=\"https:\/\/www.facebook.com\/toursbahiainternational\" \/>\n<meta property=\"article:modified_time\" content=\"2025-06-02T14:06:03+00:00\" \/>\n<meta property=\"og:image\" content=\"https:\/\/www.toursbahia.com.br\/wp-content\/uploads\/2018\/12\/Cachoeira-do-Mosquito-e-Po\u00e7o-do-Diabo-Foto-05.jpg\" \/>\n\t<meta property=\"og:image:width\" content=\"900\" \/>\n\t<meta property=\"og:image:height\" content=\"550\" \/>\n\t<meta property=\"og:image:type\" content=\"image\/jpeg\" \/>\n<meta name=\"twitter:card\" content=\"summary_large_image\" \/>\n<script type=\"application\/ld+json\" class=\"yoast-schema-graph\">{\"@context\":\"https:\/\/schema.org\",\"@graph\":[{\"@type\":\"WebSite\",\"@id\":\"https:\/\/www.toursbahia.com.br\/#website\",\"url\":\"https:\/\/www.toursbahia.com.br\/\",\"name\":\"Tours Bahia\",\"description\":\"\",\"potentialAction\":[{\"@type\":\"SearchAction\",\"target\":{\"@type\":\"EntryPoint\",\"urlTemplate\":\"https:\/\/www.toursbahia.com.br\/?s={search_term_string}\"},\"query-input\":\"required name=search_term_string\"}],\"inLanguage\":\"de-DE\"},{\"@type\":\"ImageObject\",\"inLanguage\":\"de-DE\",\"@id\":\"https:\/\/www.toursbahia.com.br\/de\/loja\/ausfluge\/mosquito-wasserfall-und-poco-do-diabo-ausfluge\/#primaryimage\",\"url\":\"https:\/\/www.toursbahia.com.br\/wp-content\/uploads\/2018\/12\/Cachoeira-do-Mosquito-e-Po\u00e7o-do-Diabo-Foto-05.jpg\",\"contentUrl\":\"https:\/\/www.toursbahia.com.br\/wp-content\/uploads\/2018\/12\/Cachoeira-do-Mosquito-e-Po\u00e7o-do-Diabo-Foto-05.jpg\",\"width\":900,\"height\":550},{\"@type\":\"WebPage\",\"@id\":\"https:\/\/www.toursbahia.com.br\/de\/loja\/ausfluge\/mosquito-wasserfall-und-poco-do-diabo-ausfluge\/\",\"url\":\"https:\/\/www.toursbahia.com.br\/de\/loja\/ausfluge\/mosquito-wasserfall-und-poco-do-diabo-ausfluge\/\",\"name\":\"Mosquito-Wasserfall und Po\u00e7o do Diabo - Ausfl\u00fcge - Tours Bahia\",\"isPartOf\":{\"@id\":\"https:\/\/www.toursbahia.com.br\/#website\"},\"primaryImageOfPage\":{\"@id\":\"https:\/\/www.toursbahia.com.br\/de\/loja\/ausfluge\/mosquito-wasserfall-und-poco-do-diabo-ausfluge\/#primaryimage\"},\"datePublished\":\"2019-01-21T16:55:21+00:00\",\"dateModified\":\"2025-06-02T14:06:03+00:00\",\"breadcrumb\":{\"@id\":\"https:\/\/www.toursbahia.com.br\/de\/loja\/ausfluge\/mosquito-wasserfall-und-poco-do-diabo-ausfluge\/#breadcrumb\"},\"inLanguage\":\"de-DE\",\"potentialAction\":[{\"@type\":\"ReadAction\",\"target\":[\"https:\/\/www.toursbahia.com.br\/de\/loja\/ausfluge\/mosquito-wasserfall-und-poco-do-diabo-ausfluge\/\"]}]},{\"@type\":\"BreadcrumbList\",\"@id\":\"https:\/\/www.toursbahia.com.br\/de\/loja\/ausfluge\/mosquito-wasserfall-und-poco-do-diabo-ausfluge\/#breadcrumb\",\"itemListElement\":[{\"@type\":\"ListItem\",\"position\":1,\"name\":\"In\u00edcio\",\"item\":\"https:\/\/www.toursbahia.com.br\/de\/\"},{\"@type\":\"ListItem\",\"position\":2,\"name\":\"Store\",\"item\":\"https:\/\/www.toursbahia.com.br\/de\/store-tours-bahia-internacional\/\"},{\"@type\":\"ListItem\",\"position\":3,\"name\":\"Mosquito-Wasserfall und Po\u00e7o do Diabo &#8211; Ausfl\u00fcge\"}]}]}<\/script>\n<!-- \/ Yoast SEO plugin. -->","yoast_head_json":{"title":"Mosquito-Wasserfall und Po\u00e7o do Diabo - Ausfl\u00fcge - Tours Bahia","robots":{"index":"index","follow":"follow","max-snippet":"max-snippet:-1","max-image-preview":"max-image-preview:large","max-video-preview":"max-video-preview:-1"},"canonical":"https:\/\/www.toursbahia.com.br\/de\/loja\/ausfluge\/mosquito-wasserfall-und-poco-do-diabo-ausfluge\/","og_locale":"de_DE","og_type":"article","og_title":"Mosquito-Wasserfall und Po\u00e7o do Diabo - Ausfl\u00fcge - Tours Bahia","og_description":"Der Mosquito-Wasserfall ist eine der neuesten Attraktionen der Region. Und da er noch kaum besucht wird, stellt er eine wahre Besonderheit dar. Mit dem Auto fahren wir zu einer Fazenda, wo der Wanderweg zum Fuss des 60 m hohen Mosquito-Wasserfalls beginnt. Nach einer kurzen Wanderung haben Sie am Wasserfall gen\u00fcgend Zeit f\u00fcr ein paar Fotos und ein k\u00fchlendes Bad, ehe es \u00fcber den gleichen Weg zur\u00fcckgeht. Es folgt ein leckeres regionales Mittagessen am Mucugezinho-Fluss und der Besuch des Wasserfalls am Po\u00e7o do Diabo.","og_url":"https:\/\/www.toursbahia.com.br\/de\/loja\/ausfluge\/mosquito-wasserfall-und-poco-do-diabo-ausfluge\/","og_site_name":"Tours Bahia","article_publisher":"https:\/\/www.facebook.com\/toursbahiainternational","article_modified_time":"2025-06-02T14:06:03+00:00","og_image":[{"width":900,"height":550,"url":"https:\/\/www.toursbahia.com.br\/wp-content\/uploads\/2018\/12\/Cachoeira-do-Mosquito-e-Po\u00e7o-do-Diabo-Foto-05.jpg","type":"image\/jpeg"}],"twitter_card":"summary_large_image","schema":{"@context":"https:\/\/schema.org","@graph":[{"@type":"WebSite","@id":"https:\/\/www.toursbahia.com.br\/#website","url":"https:\/\/www.toursbahia.com.br\/","name":"Tours Bahia","description":"","potentialAction":[{"@type":"SearchAction","target":{"@type":"EntryPoint","urlTemplate":"https:\/\/www.toursbahia.com.br\/?s={search_term_string}"},"query-input":"required name=search_term_string"}],"inLanguage":"de-DE"},{"@type":"ImageObject","inLanguage":"de-DE","@id":"https:\/\/www.toursbahia.com.br\/de\/loja\/ausfluge\/mosquito-wasserfall-und-poco-do-diabo-ausfluge\/#primaryimage","url":"https:\/\/www.toursbahia.com.br\/wp-content\/uploads\/2018\/12\/Cachoeira-do-Mosquito-e-Po\u00e7o-do-Diabo-Foto-05.jpg","contentUrl":"https:\/\/www.toursbahia.com.br\/wp-content\/uploads\/2018\/12\/Cachoeira-do-Mosquito-e-Po\u00e7o-do-Diabo-Foto-05.jpg","width":900,"height":550},{"@type":"WebPage","@id":"https:\/\/www.toursbahia.com.br\/de\/loja\/ausfluge\/mosquito-wasserfall-und-poco-do-diabo-ausfluge\/","url":"https:\/\/www.toursbahia.com.br\/de\/loja\/ausfluge\/mosquito-wasserfall-und-poco-do-diabo-ausfluge\/","name":"Mosquito-Wasserfall und Po\u00e7o do Diabo - Ausfl\u00fcge - Tours Bahia","isPartOf":{"@id":"https:\/\/www.toursbahia.com.br\/#website"},"primaryImageOfPage":{"@id":"https:\/\/www.toursbahia.com.br\/de\/loja\/ausfluge\/mosquito-wasserfall-und-poco-do-diabo-ausfluge\/#primaryimage"},"datePublished":"2019-01-21T16:55:21+00:00","dateModified":"2025-06-02T14:06:03+00:00","breadcrumb":{"@id":"https:\/\/www.toursbahia.com.br\/de\/loja\/ausfluge\/mosquito-wasserfall-und-poco-do-diabo-ausfluge\/#breadcrumb"},"inLanguage":"de-DE","potentialAction":[{"@type":"ReadAction","target":["https:\/\/www.toursbahia.com.br\/de\/loja\/ausfluge\/mosquito-wasserfall-und-poco-do-diabo-ausfluge\/"]}]},{"@type":"BreadcrumbList","@id":"https:\/\/www.toursbahia.com.br\/de\/loja\/ausfluge\/mosquito-wasserfall-und-poco-do-diabo-ausfluge\/#breadcrumb","itemListElement":[{"@type":"ListItem","position":1,"name":"In\u00edcio","item":"https:\/\/www.toursbahia.com.br\/de\/"},{"@type":"ListItem","position":2,"name":"Store","item":"https:\/\/www.toursbahia.com.br\/de\/store-tours-bahia-internacional\/"},{"@type":"ListItem","position":3,"name":"Mosquito-Wasserfall und Po\u00e7o do Diabo &#8211; Ausfl\u00fcge"}]}]}},"_links":{"self":[{"href":"https:\/\/www.toursbahia.com.br\/de\/wp-json\/wp\/v2\/product\/3468"}],"collection":[{"href":"https:\/\/www.toursbahia.com.br\/de\/wp-json\/wp\/v2\/product"}],"about":[{"href":"https:\/\/www.toursbahia.com.br\/de\/wp-json\/wp\/v2\/types\/product"}],"replies":[{"embeddable":true,"href":"https:\/\/www.toursbahia.com.br\/de\/wp-json\/wp\/v2\/comments?post=3468"}],"wp:featuredmedia":[{"embeddable":true,"href":"https:\/\/www.toursbahia.com.br\/de\/wp-json\/wp\/v2\/media\/2179"}],"wp:attachment":[{"href":"https:\/\/www.toursbahia.com.br\/de\/wp-json\/wp\/v2\/media?parent=3468"}],"wp:term":[{"taxonomy":"product_cat","embeddable":true,"href":"https:\/\/www.toursbahia.com.br\/de\/wp-json\/wp\/v2\/product_cat?post=3468"},{"taxonomy":"product_tag","embeddable":true,"href":"https:\/\/www.toursbahia.com.br\/de\/wp-json\/wp\/v2\/product_tag?post=3468"}],"curies":[{"name":"wp","href":"https:\/\/api.w.org\/{rel}","templated":true}]}}