{"id":3474,"date":"2019-01-21T14:50:23","date_gmt":"2019-01-21T16:50:23","guid":{"rendered":"https:\/\/www.toursbahia.com.br\/\/produto\/unkategorisiert\/visita-as-grutas-da-lapa-doce-gruta-da-pratinha-e-morro-do-pai-inacio-passeio\/"},"modified":"2019-02-05T22:40:24","modified_gmt":"2019-02-06T00:40:24","slug":"besuch-der-grotte-lapa-doce-der-grotte-pratinha-und-des-pai-inacio-bergs-ausfluge","status":"publish","type":"product","link":"https:\/\/www.toursbahia.com.br\/de\/loja\/ausfluge\/besuch-der-grotte-lapa-doce-der-grotte-pratinha-und-des-pai-inacio-bergs-ausfluge\/","title":{"rendered":"Besuch der Grotte Lapa Doce, der Grotte Pratinha und des Pai-In\u00e1cio-Bergs &#8211; Ausfl\u00fcge"},"content":{"rendered":"","protected":false},"excerpt":{"rendered":"<p>Erleben Sie mit Tours Bahia einen Tag voller Abenteuer und traumhafter Landschaften beim Besuch einiger H\u00f6hepunkte der Chapada Diamantina. Auf dem Weg von Len\u00e7\u00f3is zum Mucugezinho Fluss machen wir eine 20-min\u00fctige Wanderung zum Wasserfall Po\u00e7o do Diabo. Nach einer kurzen Pause und einem herrlichen Erfrischungsbad geht es weiter zur Grotte Lapa Doce, die sich in der Region Iraquara befindet. Diese Tropfsteinh\u00f6hle besteht aus einem immensen und Millionen Jahre alten Gew\u00f6lbe aus Kalkfelsen. Auf dem ca. 1 km langen Weg durch die H\u00f6hle lassen sich die verschiedensten einzigartigen Felsformationen bestaunen. Anschliessend steht ein Besuch bei der Fazenda da Pratinha an, wo im glasklaren Wasser des Pratinha-Flusses gebadet und die Blaue Grotte besucht werden kann. Vor Ort werden optional folgende Aktivit\u00e4ten angeboten: Schnorcheln, ins Innere der Grotte schwimmen oder Zipline (Seilrutsche). Am Ende des Nachmittags fahren wir zum Pai-In\u00e1cio-Berg und wandern auf dessen Plateau, um den Sonnenuntergang mit einer der sch\u00f6nsten und bekanntesten Aussichten der Chapada Diamantina zu geniessen.<\/p>\n","protected":false},"featured_media":2754,"comment_status":"open","ping_status":"closed","template":"","meta":[],"product_cat":[835,836,837,845,841],"product_tag":[],"yoast_head":"<!-- This site is optimized with the Yoast SEO plugin v19.3 - https:\/\/yoast.com\/wordpress\/plugins\/seo\/ -->\n<title>Besuch der Grotte Lapa Doce, der Grotte Pratinha und des Pai-In\u00e1cio-Bergs - Ausfl\u00fcge - Tours Bahia<\/title>\n<meta name=\"robots\" content=\"index, follow, max-snippet:-1, max-image-preview:large, max-video-preview:-1\" \/>\n<link rel=\"canonical\" href=\"https:\/\/www.toursbahia.com.br\/de\/loja\/ausfluge\/besuch-der-grotte-lapa-doce-der-grotte-pratinha-und-des-pai-inacio-bergs-ausfluge\/\" \/>\n<meta property=\"og:locale\" content=\"de_DE\" \/>\n<meta property=\"og:type\" content=\"article\" \/>\n<meta property=\"og:title\" content=\"Besuch der Grotte Lapa Doce, der Grotte Pratinha und des Pai-In\u00e1cio-Bergs - Ausfl\u00fcge - Tours Bahia\" \/>\n<meta property=\"og:description\" content=\"Erleben Sie mit Tours Bahia einen Tag voller Abenteuer und traumhafter Landschaften beim Besuch einiger H\u00f6hepunkte der Chapada Diamantina. Auf dem Weg von Len\u00e7\u00f3is zum Mucugezinho Fluss machen wir eine 20-min\u00fctige Wanderung zum Wasserfall Po\u00e7o do Diabo. Nach einer kurzen Pause und einem herrlichen Erfrischungsbad geht es weiter zur Grotte Lapa Doce, die sich in der Region Iraquara befindet. Diese Tropfsteinh\u00f6hle besteht aus einem immensen und Millionen Jahre alten Gew\u00f6lbe aus Kalkfelsen. Auf dem ca. 1 km langen Weg durch die H\u00f6hle lassen sich die verschiedensten einzigartigen Felsformationen bestaunen. Anschliessend steht ein Besuch bei der Fazenda da Pratinha an, wo im glasklaren Wasser des Pratinha-Flusses gebadet und die Blaue Grotte besucht werden kann. Vor Ort werden optional folgende Aktivit\u00e4ten angeboten: Schnorcheln, ins Innere der Grotte schwimmen oder Zipline (Seilrutsche). Am Ende des Nachmittags fahren wir zum Pai-In\u00e1cio-Berg und wandern auf dessen Plateau, um den Sonnenuntergang mit einer der sch\u00f6nsten und bekanntesten Aussichten der Chapada Diamantina zu geniessen.\" \/>\n<meta property=\"og:url\" content=\"https:\/\/www.toursbahia.com.br\/de\/loja\/ausfluge\/besuch-der-grotte-lapa-doce-der-grotte-pratinha-und-des-pai-inacio-bergs-ausfluge\/\" \/>\n<meta property=\"og:site_name\" content=\"Tours Bahia\" \/>\n<meta property=\"article:publisher\" content=\"https:\/\/www.facebook.com\/toursbahiainternational\" \/>\n<meta property=\"article:modified_time\" content=\"2019-02-06T00:40:24+00:00\" \/>\n<meta property=\"og:image\" content=\"https:\/\/www.toursbahia.com.br\/wp-content\/uploads\/2019\/01\/Visita-as-Grutas-da-Lapa-Doce-Gruta-da-Pratinha-e-Morro-do-Pai-In\u00e1cio-Foto-04.jpg\" \/>\n\t<meta property=\"og:image:width\" content=\"900\" \/>\n\t<meta property=\"og:image:height\" content=\"550\" \/>\n\t<meta property=\"og:image:type\" content=\"image\/jpeg\" \/>\n<meta name=\"twitter:card\" content=\"summary_large_image\" \/>\n<script type=\"application\/ld+json\" class=\"yoast-schema-graph\">{\"@context\":\"https:\/\/schema.org\",\"@graph\":[{\"@type\":\"WebSite\",\"@id\":\"https:\/\/www.toursbahia.com.br\/#website\",\"url\":\"https:\/\/www.toursbahia.com.br\/\",\"name\":\"Tours Bahia\",\"description\":\"\",\"potentialAction\":[{\"@type\":\"SearchAction\",\"target\":{\"@type\":\"EntryPoint\",\"urlTemplate\":\"https:\/\/www.toursbahia.com.br\/?s={search_term_string}\"},\"query-input\":\"required name=search_term_string\"}],\"inLanguage\":\"de-DE\"},{\"@type\":\"ImageObject\",\"inLanguage\":\"de-DE\",\"@id\":\"https:\/\/www.toursbahia.com.br\/de\/loja\/ausfluge\/besuch-der-grotte-lapa-doce-der-grotte-pratinha-und-des-pai-inacio-bergs-ausfluge\/#primaryimage\",\"url\":\"https:\/\/www.toursbahia.com.br\/wp-content\/uploads\/2019\/01\/Visita-as-Grutas-da-Lapa-Doce-Gruta-da-Pratinha-e-Morro-do-Pai-In\u00e1cio-Foto-04.jpg\",\"contentUrl\":\"https:\/\/www.toursbahia.com.br\/wp-content\/uploads\/2019\/01\/Visita-as-Grutas-da-Lapa-Doce-Gruta-da-Pratinha-e-Morro-do-Pai-In\u00e1cio-Foto-04.jpg\",\"width\":900,\"height\":550},{\"@type\":\"WebPage\",\"@id\":\"https:\/\/www.toursbahia.com.br\/de\/loja\/ausfluge\/besuch-der-grotte-lapa-doce-der-grotte-pratinha-und-des-pai-inacio-bergs-ausfluge\/\",\"url\":\"https:\/\/www.toursbahia.com.br\/de\/loja\/ausfluge\/besuch-der-grotte-lapa-doce-der-grotte-pratinha-und-des-pai-inacio-bergs-ausfluge\/\",\"name\":\"Besuch der Grotte Lapa Doce, der Grotte Pratinha und des Pai-In\u00e1cio-Bergs - Ausfl\u00fcge - Tours Bahia\",\"isPartOf\":{\"@id\":\"https:\/\/www.toursbahia.com.br\/#website\"},\"primaryImageOfPage\":{\"@id\":\"https:\/\/www.toursbahia.com.br\/de\/loja\/ausfluge\/besuch-der-grotte-lapa-doce-der-grotte-pratinha-und-des-pai-inacio-bergs-ausfluge\/#primaryimage\"},\"datePublished\":\"2019-01-21T16:50:23+00:00\",\"dateModified\":\"2019-02-06T00:40:24+00:00\",\"breadcrumb\":{\"@id\":\"https:\/\/www.toursbahia.com.br\/de\/loja\/ausfluge\/besuch-der-grotte-lapa-doce-der-grotte-pratinha-und-des-pai-inacio-bergs-ausfluge\/#breadcrumb\"},\"inLanguage\":\"de-DE\",\"potentialAction\":[{\"@type\":\"ReadAction\",\"target\":[\"https:\/\/www.toursbahia.com.br\/de\/loja\/ausfluge\/besuch-der-grotte-lapa-doce-der-grotte-pratinha-und-des-pai-inacio-bergs-ausfluge\/\"]}]},{\"@type\":\"BreadcrumbList\",\"@id\":\"https:\/\/www.toursbahia.com.br\/de\/loja\/ausfluge\/besuch-der-grotte-lapa-doce-der-grotte-pratinha-und-des-pai-inacio-bergs-ausfluge\/#breadcrumb\",\"itemListElement\":[{\"@type\":\"ListItem\",\"position\":1,\"name\":\"In\u00edcio\",\"item\":\"https:\/\/www.toursbahia.com.br\/de\/\"},{\"@type\":\"ListItem\",\"position\":2,\"name\":\"Store\",\"item\":\"https:\/\/www.toursbahia.com.br\/de\/store-tours-bahia-internacional\/\"},{\"@type\":\"ListItem\",\"position\":3,\"name\":\"Besuch der Grotte Lapa Doce, der Grotte Pratinha und des Pai-In\u00e1cio-Bergs &#8211; Ausfl\u00fcge\"}]}]}<\/script>\n<!-- \/ Yoast SEO plugin. -->","yoast_head_json":{"title":"Besuch der Grotte Lapa Doce, der Grotte Pratinha und des Pai-In\u00e1cio-Bergs - Ausfl\u00fcge - Tours Bahia","robots":{"index":"index","follow":"follow","max-snippet":"max-snippet:-1","max-image-preview":"max-image-preview:large","max-video-preview":"max-video-preview:-1"},"canonical":"https:\/\/www.toursbahia.com.br\/de\/loja\/ausfluge\/besuch-der-grotte-lapa-doce-der-grotte-pratinha-und-des-pai-inacio-bergs-ausfluge\/","og_locale":"de_DE","og_type":"article","og_title":"Besuch der Grotte Lapa Doce, der Grotte Pratinha und des Pai-In\u00e1cio-Bergs - Ausfl\u00fcge - Tours Bahia","og_description":"Erleben Sie mit Tours Bahia einen Tag voller Abenteuer und traumhafter Landschaften beim Besuch einiger H\u00f6hepunkte der Chapada Diamantina. Auf dem Weg von Len\u00e7\u00f3is zum Mucugezinho Fluss machen wir eine 20-min\u00fctige Wanderung zum Wasserfall Po\u00e7o do Diabo. Nach einer kurzen Pause und einem herrlichen Erfrischungsbad geht es weiter zur Grotte Lapa Doce, die sich in der Region Iraquara befindet. Diese Tropfsteinh\u00f6hle besteht aus einem immensen und Millionen Jahre alten Gew\u00f6lbe aus Kalkfelsen. Auf dem ca. 1 km langen Weg durch die H\u00f6hle lassen sich die verschiedensten einzigartigen Felsformationen bestaunen. Anschliessend steht ein Besuch bei der Fazenda da Pratinha an, wo im glasklaren Wasser des Pratinha-Flusses gebadet und die Blaue Grotte besucht werden kann. Vor Ort werden optional folgende Aktivit\u00e4ten angeboten: Schnorcheln, ins Innere der Grotte schwimmen oder Zipline (Seilrutsche). Am Ende des Nachmittags fahren wir zum Pai-In\u00e1cio-Berg und wandern auf dessen Plateau, um den Sonnenuntergang mit einer der sch\u00f6nsten und bekanntesten Aussichten der Chapada Diamantina zu geniessen.","og_url":"https:\/\/www.toursbahia.com.br\/de\/loja\/ausfluge\/besuch-der-grotte-lapa-doce-der-grotte-pratinha-und-des-pai-inacio-bergs-ausfluge\/","og_site_name":"Tours Bahia","article_publisher":"https:\/\/www.facebook.com\/toursbahiainternational","article_modified_time":"2019-02-06T00:40:24+00:00","og_image":[{"width":900,"height":550,"url":"https:\/\/www.toursbahia.com.br\/wp-content\/uploads\/2019\/01\/Visita-as-Grutas-da-Lapa-Doce-Gruta-da-Pratinha-e-Morro-do-Pai-In\u00e1cio-Foto-04.jpg","type":"image\/jpeg"}],"twitter_card":"summary_large_image","schema":{"@context":"https:\/\/schema.org","@graph":[{"@type":"WebSite","@id":"https:\/\/www.toursbahia.com.br\/#website","url":"https:\/\/www.toursbahia.com.br\/","name":"Tours Bahia","description":"","potentialAction":[{"@type":"SearchAction","target":{"@type":"EntryPoint","urlTemplate":"https:\/\/www.toursbahia.com.br\/?s={search_term_string}"},"query-input":"required name=search_term_string"}],"inLanguage":"de-DE"},{"@type":"ImageObject","inLanguage":"de-DE","@id":"https:\/\/www.toursbahia.com.br\/de\/loja\/ausfluge\/besuch-der-grotte-lapa-doce-der-grotte-pratinha-und-des-pai-inacio-bergs-ausfluge\/#primaryimage","url":"https:\/\/www.toursbahia.com.br\/wp-content\/uploads\/2019\/01\/Visita-as-Grutas-da-Lapa-Doce-Gruta-da-Pratinha-e-Morro-do-Pai-In\u00e1cio-Foto-04.jpg","contentUrl":"https:\/\/www.toursbahia.com.br\/wp-content\/uploads\/2019\/01\/Visita-as-Grutas-da-Lapa-Doce-Gruta-da-Pratinha-e-Morro-do-Pai-In\u00e1cio-Foto-04.jpg","width":900,"height":550},{"@type":"WebPage","@id":"https:\/\/www.toursbahia.com.br\/de\/loja\/ausfluge\/besuch-der-grotte-lapa-doce-der-grotte-pratinha-und-des-pai-inacio-bergs-ausfluge\/","url":"https:\/\/www.toursbahia.com.br\/de\/loja\/ausfluge\/besuch-der-grotte-lapa-doce-der-grotte-pratinha-und-des-pai-inacio-bergs-ausfluge\/","name":"Besuch der Grotte Lapa Doce, der Grotte Pratinha und des Pai-In\u00e1cio-Bergs - Ausfl\u00fcge - Tours Bahia","isPartOf":{"@id":"https:\/\/www.toursbahia.com.br\/#website"},"primaryImageOfPage":{"@id":"https:\/\/www.toursbahia.com.br\/de\/loja\/ausfluge\/besuch-der-grotte-lapa-doce-der-grotte-pratinha-und-des-pai-inacio-bergs-ausfluge\/#primaryimage"},"datePublished":"2019-01-21T16:50:23+00:00","dateModified":"2019-02-06T00:40:24+00:00","breadcrumb":{"@id":"https:\/\/www.toursbahia.com.br\/de\/loja\/ausfluge\/besuch-der-grotte-lapa-doce-der-grotte-pratinha-und-des-pai-inacio-bergs-ausfluge\/#breadcrumb"},"inLanguage":"de-DE","potentialAction":[{"@type":"ReadAction","target":["https:\/\/www.toursbahia.com.br\/de\/loja\/ausfluge\/besuch-der-grotte-lapa-doce-der-grotte-pratinha-und-des-pai-inacio-bergs-ausfluge\/"]}]},{"@type":"BreadcrumbList","@id":"https:\/\/www.toursbahia.com.br\/de\/loja\/ausfluge\/besuch-der-grotte-lapa-doce-der-grotte-pratinha-und-des-pai-inacio-bergs-ausfluge\/#breadcrumb","itemListElement":[{"@type":"ListItem","position":1,"name":"In\u00edcio","item":"https:\/\/www.toursbahia.com.br\/de\/"},{"@type":"ListItem","position":2,"name":"Store","item":"https:\/\/www.toursbahia.com.br\/de\/store-tours-bahia-internacional\/"},{"@type":"ListItem","position":3,"name":"Besuch der Grotte Lapa Doce, der Grotte Pratinha und des Pai-In\u00e1cio-Bergs &#8211; Ausfl\u00fcge"}]}]}},"_links":{"self":[{"href":"https:\/\/www.toursbahia.com.br\/de\/wp-json\/wp\/v2\/product\/3474"}],"collection":[{"href":"https:\/\/www.toursbahia.com.br\/de\/wp-json\/wp\/v2\/product"}],"about":[{"href":"https:\/\/www.toursbahia.com.br\/de\/wp-json\/wp\/v2\/types\/product"}],"replies":[{"embeddable":true,"href":"https:\/\/www.toursbahia.com.br\/de\/wp-json\/wp\/v2\/comments?post=3474"}],"wp:featuredmedia":[{"embeddable":true,"href":"https:\/\/www.toursbahia.com.br\/de\/wp-json\/wp\/v2\/media\/2754"}],"wp:attachment":[{"href":"https:\/\/www.toursbahia.com.br\/de\/wp-json\/wp\/v2\/media?parent=3474"}],"wp:term":[{"taxonomy":"product_cat","embeddable":true,"href":"https:\/\/www.toursbahia.com.br\/de\/wp-json\/wp\/v2\/product_cat?post=3474"},{"taxonomy":"product_tag","embeddable":true,"href":"https:\/\/www.toursbahia.com.br\/de\/wp-json\/wp\/v2\/product_tag?post=3474"}],"curies":[{"name":"wp","href":"https:\/\/api.w.org\/{rel}","templated":true}]}}