{"id":3489,"date":"2019-01-21T15:39:57","date_gmt":"2019-01-21T17:39:57","guid":{"rendered":"https:\/\/www.toursbahia.com.br\/\/produto\/unkategorisiert\/ilha-dos-amores-ponta-do-curral-coroa-e-de-gamboa-passeio\/"},"modified":"2025-06-07T05:18:04","modified_gmt":"2025-06-07T08:18:04","slug":"ilha-dos-amores-ponta-do-curral-coroa-und-gamboa-ausfluge","status":"publish","type":"product","link":"https:\/\/www.toursbahia.com.br\/de\/loja\/ausfluge\/ilha-dos-amores-ponta-do-curral-coroa-und-gamboa-ausfluge\/","title":{"rendered":"Ilha dos amores, Ponta do curral, Coroa und Gamboa &#8211; Ausfl\u00fcge"},"content":{"rendered":"","protected":false},"excerpt":{"rendered":"<p>Eine der sch\u00f6nsten Touren der Insel.<\/p>\n<p>Der Ausflug beginnt mit einem herrlichen Bad bei der Insel Caet\u00e1, auch bekannt als Ilha dos Amores (Insel der Liebenden). Von dort geht es zur Coroa, einer Sandbank mitten im Una-Fluss und weiter bis zum traumhaften, 20 km langen Strand Ponta do Curral. Nach einer kurzen Erfrischung ist das n\u00e4chste Ziel Gamboa, ein Dorf wo Sie freie Zeit f\u00fcrs Mittagessen haben. Anschliessend gibt es ein lustiges Schlammbad beim Strand Porto de Cima. Die R\u00fcckkehr nach Morro de S\u00e3o Paulo ist am sp\u00e4ten Nachmittag, rechtzeitig um noch den wundersch\u00f6nen Sonnenuntergang zu geniessen.<\/p>\n","protected":false},"featured_media":3490,"comment_status":"open","ping_status":"closed","template":"","meta":[],"product_cat":[835,836,858,857],"product_tag":[],"yoast_head":"<!-- This site is optimized with the Yoast SEO plugin v19.3 - https:\/\/yoast.com\/wordpress\/plugins\/seo\/ -->\n<title>Ilha dos amores, Ponta do curral, Coroa und Gamboa - Ausfl\u00fcge - Tours Bahia<\/title>\n<meta name=\"robots\" content=\"index, follow, max-snippet:-1, max-image-preview:large, max-video-preview:-1\" \/>\n<link rel=\"canonical\" href=\"https:\/\/www.toursbahia.com.br\/de\/loja\/ausfluge\/ilha-dos-amores-ponta-do-curral-coroa-und-gamboa-ausfluge\/\" \/>\n<meta property=\"og:locale\" content=\"de_DE\" \/>\n<meta property=\"og:type\" content=\"article\" \/>\n<meta property=\"og:title\" content=\"Ilha dos amores, Ponta do curral, Coroa und Gamboa - Ausfl\u00fcge - Tours Bahia\" \/>\n<meta property=\"og:description\" content=\"Eine der sch\u00f6nsten Touren der Insel.  Der Ausflug beginnt mit einem herrlichen Bad bei der Insel Caet\u00e1, auch bekannt als Ilha dos Amores (Insel der Liebenden). Von dort geht es zur Coroa, einer Sandbank mitten im Una-Fluss und weiter bis zum traumhaften, 20 km langen Strand Ponta do Curral. Nach einer kurzen Erfrischung ist das n\u00e4chste Ziel Gamboa, ein Dorf wo Sie freie Zeit f\u00fcrs Mittagessen haben. Anschliessend gibt es ein lustiges Schlammbad beim Strand Porto de Cima. Die R\u00fcckkehr nach Morro de S\u00e3o Paulo ist am sp\u00e4ten Nachmittag, rechtzeitig um noch den wundersch\u00f6nen Sonnenuntergang zu geniessen.\" \/>\n<meta property=\"og:url\" content=\"https:\/\/www.toursbahia.com.br\/de\/loja\/ausfluge\/ilha-dos-amores-ponta-do-curral-coroa-und-gamboa-ausfluge\/\" \/>\n<meta property=\"og:site_name\" content=\"Tours Bahia\" \/>\n<meta property=\"article:publisher\" content=\"https:\/\/www.facebook.com\/toursbahiainternational\" \/>\n<meta property=\"article:modified_time\" content=\"2025-06-07T08:18:04+00:00\" \/>\n<meta property=\"og:image\" content=\"https:\/\/www.toursbahia.com.br\/wp-content\/uploads\/2018\/12\/foto-01-ilha-dos-amores-ponta-do-curral-coroa-e-de-gamboa-tours-bahia.jpg\" \/>\n\t<meta property=\"og:image:width\" content=\"900\" \/>\n\t<meta property=\"og:image:height\" content=\"550\" \/>\n\t<meta property=\"og:image:type\" content=\"image\/jpeg\" \/>\n<meta name=\"twitter:card\" content=\"summary_large_image\" \/>\n<script type=\"application\/ld+json\" class=\"yoast-schema-graph\">{\"@context\":\"https:\/\/schema.org\",\"@graph\":[{\"@type\":\"WebSite\",\"@id\":\"https:\/\/www.toursbahia.com.br\/#website\",\"url\":\"https:\/\/www.toursbahia.com.br\/\",\"name\":\"Tours Bahia\",\"description\":\"\",\"potentialAction\":[{\"@type\":\"SearchAction\",\"target\":{\"@type\":\"EntryPoint\",\"urlTemplate\":\"https:\/\/www.toursbahia.com.br\/?s={search_term_string}\"},\"query-input\":\"required name=search_term_string\"}],\"inLanguage\":\"de-DE\"},{\"@type\":\"ImageObject\",\"inLanguage\":\"de-DE\",\"@id\":\"https:\/\/www.toursbahia.com.br\/de\/loja\/ausfluge\/ilha-dos-amores-ponta-do-curral-coroa-und-gamboa-ausfluge\/#primaryimage\",\"url\":\"https:\/\/www.toursbahia.com.br\/wp-content\/uploads\/2018\/12\/foto-01-ilha-dos-amores-ponta-do-curral-coroa-e-de-gamboa-tours-bahia.jpg\",\"contentUrl\":\"https:\/\/www.toursbahia.com.br\/wp-content\/uploads\/2018\/12\/foto-01-ilha-dos-amores-ponta-do-curral-coroa-e-de-gamboa-tours-bahia.jpg\",\"width\":900,\"height\":550},{\"@type\":\"WebPage\",\"@id\":\"https:\/\/www.toursbahia.com.br\/de\/loja\/ausfluge\/ilha-dos-amores-ponta-do-curral-coroa-und-gamboa-ausfluge\/\",\"url\":\"https:\/\/www.toursbahia.com.br\/de\/loja\/ausfluge\/ilha-dos-amores-ponta-do-curral-coroa-und-gamboa-ausfluge\/\",\"name\":\"Ilha dos amores, Ponta do curral, Coroa und Gamboa - Ausfl\u00fcge - Tours Bahia\",\"isPartOf\":{\"@id\":\"https:\/\/www.toursbahia.com.br\/#website\"},\"primaryImageOfPage\":{\"@id\":\"https:\/\/www.toursbahia.com.br\/de\/loja\/ausfluge\/ilha-dos-amores-ponta-do-curral-coroa-und-gamboa-ausfluge\/#primaryimage\"},\"datePublished\":\"2019-01-21T17:39:57+00:00\",\"dateModified\":\"2025-06-07T08:18:04+00:00\",\"breadcrumb\":{\"@id\":\"https:\/\/www.toursbahia.com.br\/de\/loja\/ausfluge\/ilha-dos-amores-ponta-do-curral-coroa-und-gamboa-ausfluge\/#breadcrumb\"},\"inLanguage\":\"de-DE\",\"potentialAction\":[{\"@type\":\"ReadAction\",\"target\":[\"https:\/\/www.toursbahia.com.br\/de\/loja\/ausfluge\/ilha-dos-amores-ponta-do-curral-coroa-und-gamboa-ausfluge\/\"]}]},{\"@type\":\"BreadcrumbList\",\"@id\":\"https:\/\/www.toursbahia.com.br\/de\/loja\/ausfluge\/ilha-dos-amores-ponta-do-curral-coroa-und-gamboa-ausfluge\/#breadcrumb\",\"itemListElement\":[{\"@type\":\"ListItem\",\"position\":1,\"name\":\"In\u00edcio\",\"item\":\"https:\/\/www.toursbahia.com.br\/de\/\"},{\"@type\":\"ListItem\",\"position\":2,\"name\":\"Store\",\"item\":\"https:\/\/www.toursbahia.com.br\/de\/store-tours-bahia-internacional\/\"},{\"@type\":\"ListItem\",\"position\":3,\"name\":\"Ilha dos amores, Ponta do curral, Coroa und Gamboa &#8211; Ausfl\u00fcge\"}]}]}<\/script>\n<!-- \/ Yoast SEO plugin. -->","yoast_head_json":{"title":"Ilha dos amores, Ponta do curral, Coroa und Gamboa - Ausfl\u00fcge - Tours Bahia","robots":{"index":"index","follow":"follow","max-snippet":"max-snippet:-1","max-image-preview":"max-image-preview:large","max-video-preview":"max-video-preview:-1"},"canonical":"https:\/\/www.toursbahia.com.br\/de\/loja\/ausfluge\/ilha-dos-amores-ponta-do-curral-coroa-und-gamboa-ausfluge\/","og_locale":"de_DE","og_type":"article","og_title":"Ilha dos amores, Ponta do curral, Coroa und Gamboa - Ausfl\u00fcge - Tours Bahia","og_description":"Eine der sch\u00f6nsten Touren der Insel.  Der Ausflug beginnt mit einem herrlichen Bad bei der Insel Caet\u00e1, auch bekannt als Ilha dos Amores (Insel der Liebenden). Von dort geht es zur Coroa, einer Sandbank mitten im Una-Fluss und weiter bis zum traumhaften, 20 km langen Strand Ponta do Curral. Nach einer kurzen Erfrischung ist das n\u00e4chste Ziel Gamboa, ein Dorf wo Sie freie Zeit f\u00fcrs Mittagessen haben. Anschliessend gibt es ein lustiges Schlammbad beim Strand Porto de Cima. Die R\u00fcckkehr nach Morro de S\u00e3o Paulo ist am sp\u00e4ten Nachmittag, rechtzeitig um noch den wundersch\u00f6nen Sonnenuntergang zu geniessen.","og_url":"https:\/\/www.toursbahia.com.br\/de\/loja\/ausfluge\/ilha-dos-amores-ponta-do-curral-coroa-und-gamboa-ausfluge\/","og_site_name":"Tours Bahia","article_publisher":"https:\/\/www.facebook.com\/toursbahiainternational","article_modified_time":"2025-06-07T08:18:04+00:00","og_image":[{"width":900,"height":550,"url":"https:\/\/www.toursbahia.com.br\/wp-content\/uploads\/2018\/12\/foto-01-ilha-dos-amores-ponta-do-curral-coroa-e-de-gamboa-tours-bahia.jpg","type":"image\/jpeg"}],"twitter_card":"summary_large_image","schema":{"@context":"https:\/\/schema.org","@graph":[{"@type":"WebSite","@id":"https:\/\/www.toursbahia.com.br\/#website","url":"https:\/\/www.toursbahia.com.br\/","name":"Tours Bahia","description":"","potentialAction":[{"@type":"SearchAction","target":{"@type":"EntryPoint","urlTemplate":"https:\/\/www.toursbahia.com.br\/?s={search_term_string}"},"query-input":"required name=search_term_string"}],"inLanguage":"de-DE"},{"@type":"ImageObject","inLanguage":"de-DE","@id":"https:\/\/www.toursbahia.com.br\/de\/loja\/ausfluge\/ilha-dos-amores-ponta-do-curral-coroa-und-gamboa-ausfluge\/#primaryimage","url":"https:\/\/www.toursbahia.com.br\/wp-content\/uploads\/2018\/12\/foto-01-ilha-dos-amores-ponta-do-curral-coroa-e-de-gamboa-tours-bahia.jpg","contentUrl":"https:\/\/www.toursbahia.com.br\/wp-content\/uploads\/2018\/12\/foto-01-ilha-dos-amores-ponta-do-curral-coroa-e-de-gamboa-tours-bahia.jpg","width":900,"height":550},{"@type":"WebPage","@id":"https:\/\/www.toursbahia.com.br\/de\/loja\/ausfluge\/ilha-dos-amores-ponta-do-curral-coroa-und-gamboa-ausfluge\/","url":"https:\/\/www.toursbahia.com.br\/de\/loja\/ausfluge\/ilha-dos-amores-ponta-do-curral-coroa-und-gamboa-ausfluge\/","name":"Ilha dos amores, Ponta do curral, Coroa und Gamboa - Ausfl\u00fcge - Tours Bahia","isPartOf":{"@id":"https:\/\/www.toursbahia.com.br\/#website"},"primaryImageOfPage":{"@id":"https:\/\/www.toursbahia.com.br\/de\/loja\/ausfluge\/ilha-dos-amores-ponta-do-curral-coroa-und-gamboa-ausfluge\/#primaryimage"},"datePublished":"2019-01-21T17:39:57+00:00","dateModified":"2025-06-07T08:18:04+00:00","breadcrumb":{"@id":"https:\/\/www.toursbahia.com.br\/de\/loja\/ausfluge\/ilha-dos-amores-ponta-do-curral-coroa-und-gamboa-ausfluge\/#breadcrumb"},"inLanguage":"de-DE","potentialAction":[{"@type":"ReadAction","target":["https:\/\/www.toursbahia.com.br\/de\/loja\/ausfluge\/ilha-dos-amores-ponta-do-curral-coroa-und-gamboa-ausfluge\/"]}]},{"@type":"BreadcrumbList","@id":"https:\/\/www.toursbahia.com.br\/de\/loja\/ausfluge\/ilha-dos-amores-ponta-do-curral-coroa-und-gamboa-ausfluge\/#breadcrumb","itemListElement":[{"@type":"ListItem","position":1,"name":"In\u00edcio","item":"https:\/\/www.toursbahia.com.br\/de\/"},{"@type":"ListItem","position":2,"name":"Store","item":"https:\/\/www.toursbahia.com.br\/de\/store-tours-bahia-internacional\/"},{"@type":"ListItem","position":3,"name":"Ilha dos amores, Ponta do curral, Coroa und Gamboa &#8211; Ausfl\u00fcge"}]}]}},"_links":{"self":[{"href":"https:\/\/www.toursbahia.com.br\/de\/wp-json\/wp\/v2\/product\/3489"}],"collection":[{"href":"https:\/\/www.toursbahia.com.br\/de\/wp-json\/wp\/v2\/product"}],"about":[{"href":"https:\/\/www.toursbahia.com.br\/de\/wp-json\/wp\/v2\/types\/product"}],"replies":[{"embeddable":true,"href":"https:\/\/www.toursbahia.com.br\/de\/wp-json\/wp\/v2\/comments?post=3489"}],"wp:featuredmedia":[{"embeddable":true,"href":"https:\/\/www.toursbahia.com.br\/de\/wp-json\/wp\/v2\/media\/3490"}],"wp:attachment":[{"href":"https:\/\/www.toursbahia.com.br\/de\/wp-json\/wp\/v2\/media?parent=3489"}],"wp:term":[{"taxonomy":"product_cat","embeddable":true,"href":"https:\/\/www.toursbahia.com.br\/de\/wp-json\/wp\/v2\/product_cat?post=3489"},{"taxonomy":"product_tag","embeddable":true,"href":"https:\/\/www.toursbahia.com.br\/de\/wp-json\/wp\/v2\/product_tag?post=3489"}],"curies":[{"name":"wp","href":"https:\/\/api.w.org\/{rel}","templated":true}]}}