{"id":3493,"date":"2019-01-21T15:36:28","date_gmt":"2019-01-21T17:36:28","guid":{"rendered":"https:\/\/www.toursbahia.com.br\/\/produto\/unkategorisiert\/floresta-viva-passeio\/"},"modified":"2025-06-03T23:56:57","modified_gmt":"2025-06-04T02:56:57","slug":"floresta-viva-ausfluge","status":"publish","type":"product","link":"https:\/\/www.toursbahia.com.br\/de\/loja\/ausfluge\/floresta-viva-ausfluge\/","title":{"rendered":"Floresta Viva &#8211; Ausfl\u00fcge"},"content":{"rendered":"","protected":false},"excerpt":{"rendered":"<p>Das Institut Floresta Viva (IFV) wurde 2003 durch ein Programm des Sozial- und Umweltwissenschaftlichen Instituts von S\u00fcdbahia (IESB) gegr\u00fcndet. Es basiert auf einer Pionier-Umwelttechnologie, welche die lokale Entwicklung durch \u00d6ko-Tourismus, Agrar\u00f6kologie und die Errichtung von Schutzgebieten im s\u00fcdlichen Bahia f\u00f6rdert. Die Aufgaben umfassen die Konservierung\/Restaurierung der Natur und eine nachhaltige Entwicklung vor Ort durch die Produktion von Samen und Setzlingen einheimischer Arten.<\/p>\n<p>Das IFV tauscht die Erfahrungen und Ergebnisse der APA von Itacar\u00e9 \/ Serra Grande mit anderen Institutionen im S\u00fcden Bahias aus, um eine mikroregionale Dimension im brasilianischen Regenwald zu erreichen. Der Ort ist etwa 40 Minuten von Ilh\u00e9us entfernt. Ein Experte f\u00fcr Regenwaldkunde begleitet Sie bei Ihrem Besuch<\/p>\n","protected":false},"featured_media":2233,"comment_status":"open","ping_status":"closed","template":"","meta":[],"product_cat":[835,836,851,849],"product_tag":[],"yoast_head":"<!-- This site is optimized with the Yoast SEO plugin v19.3 - https:\/\/yoast.com\/wordpress\/plugins\/seo\/ -->\n<title>Floresta Viva - Ausfl\u00fcge - Tours Bahia<\/title>\n<meta name=\"robots\" content=\"index, follow, max-snippet:-1, max-image-preview:large, max-video-preview:-1\" \/>\n<link rel=\"canonical\" href=\"https:\/\/www.toursbahia.com.br\/de\/loja\/ausfluge\/floresta-viva-ausfluge\/\" \/>\n<meta property=\"og:locale\" content=\"de_DE\" \/>\n<meta property=\"og:type\" content=\"article\" \/>\n<meta property=\"og:title\" content=\"Floresta Viva - Ausfl\u00fcge - Tours Bahia\" \/>\n<meta property=\"og:description\" content=\"Das Institut Floresta Viva (IFV) wurde 2003 durch ein Programm des Sozial- und Umweltwissenschaftlichen Instituts von S\u00fcdbahia (IESB) gegr\u00fcndet. Es basiert auf einer Pionier-Umwelttechnologie, welche die lokale Entwicklung durch \u00d6ko-Tourismus, Agrar\u00f6kologie und die Errichtung von Schutzgebieten im s\u00fcdlichen Bahia f\u00f6rdert. Die Aufgaben umfassen die Konservierung\/Restaurierung der Natur und eine nachhaltige Entwicklung vor Ort durch die Produktion von Samen und Setzlingen einheimischer Arten.  Das IFV tauscht die Erfahrungen und Ergebnisse der APA von Itacar\u00e9 \/ Serra Grande mit anderen Institutionen im S\u00fcden Bahias aus, um eine mikroregionale Dimension im brasilianischen Regenwald zu erreichen. Der Ort ist etwa 40 Minuten von Ilh\u00e9us entfernt. Ein Experte f\u00fcr Regenwaldkunde begleitet Sie bei Ihrem Besuch\" \/>\n<meta property=\"og:url\" content=\"https:\/\/www.toursbahia.com.br\/de\/loja\/ausfluge\/floresta-viva-ausfluge\/\" \/>\n<meta property=\"og:site_name\" content=\"Tours Bahia\" \/>\n<meta property=\"article:publisher\" content=\"https:\/\/www.facebook.com\/toursbahiainternational\" \/>\n<meta property=\"article:modified_time\" content=\"2025-06-04T02:56:57+00:00\" \/>\n<meta property=\"og:image\" content=\"https:\/\/www.toursbahia.com.br\/wp-content\/uploads\/2019\/01\/Floresta-Viva-\u2013-Ilh\u00e9us-Foto-04.jpg\" \/>\n\t<meta property=\"og:image:width\" content=\"733\" \/>\n\t<meta property=\"og:image:height\" content=\"492\" \/>\n\t<meta property=\"og:image:type\" content=\"image\/jpeg\" \/>\n<meta name=\"twitter:card\" content=\"summary_large_image\" \/>\n<script type=\"application\/ld+json\" class=\"yoast-schema-graph\">{\"@context\":\"https:\/\/schema.org\",\"@graph\":[{\"@type\":\"WebSite\",\"@id\":\"https:\/\/www.toursbahia.com.br\/#website\",\"url\":\"https:\/\/www.toursbahia.com.br\/\",\"name\":\"Tours Bahia\",\"description\":\"\",\"potentialAction\":[{\"@type\":\"SearchAction\",\"target\":{\"@type\":\"EntryPoint\",\"urlTemplate\":\"https:\/\/www.toursbahia.com.br\/?s={search_term_string}\"},\"query-input\":\"required name=search_term_string\"}],\"inLanguage\":\"de-DE\"},{\"@type\":\"ImageObject\",\"inLanguage\":\"de-DE\",\"@id\":\"https:\/\/www.toursbahia.com.br\/de\/loja\/ausfluge\/floresta-viva-ausfluge\/#primaryimage\",\"url\":\"https:\/\/www.toursbahia.com.br\/wp-content\/uploads\/2019\/01\/Floresta-Viva-\u2013-Ilh\u00e9us-Foto-04.jpg\",\"contentUrl\":\"https:\/\/www.toursbahia.com.br\/wp-content\/uploads\/2019\/01\/Floresta-Viva-\u2013-Ilh\u00e9us-Foto-04.jpg\",\"width\":733,\"height\":492},{\"@type\":\"WebPage\",\"@id\":\"https:\/\/www.toursbahia.com.br\/de\/loja\/ausfluge\/floresta-viva-ausfluge\/\",\"url\":\"https:\/\/www.toursbahia.com.br\/de\/loja\/ausfluge\/floresta-viva-ausfluge\/\",\"name\":\"Floresta Viva - Ausfl\u00fcge - Tours Bahia\",\"isPartOf\":{\"@id\":\"https:\/\/www.toursbahia.com.br\/#website\"},\"primaryImageOfPage\":{\"@id\":\"https:\/\/www.toursbahia.com.br\/de\/loja\/ausfluge\/floresta-viva-ausfluge\/#primaryimage\"},\"datePublished\":\"2019-01-21T17:36:28+00:00\",\"dateModified\":\"2025-06-04T02:56:57+00:00\",\"breadcrumb\":{\"@id\":\"https:\/\/www.toursbahia.com.br\/de\/loja\/ausfluge\/floresta-viva-ausfluge\/#breadcrumb\"},\"inLanguage\":\"de-DE\",\"potentialAction\":[{\"@type\":\"ReadAction\",\"target\":[\"https:\/\/www.toursbahia.com.br\/de\/loja\/ausfluge\/floresta-viva-ausfluge\/\"]}]},{\"@type\":\"BreadcrumbList\",\"@id\":\"https:\/\/www.toursbahia.com.br\/de\/loja\/ausfluge\/floresta-viva-ausfluge\/#breadcrumb\",\"itemListElement\":[{\"@type\":\"ListItem\",\"position\":1,\"name\":\"In\u00edcio\",\"item\":\"https:\/\/www.toursbahia.com.br\/de\/\"},{\"@type\":\"ListItem\",\"position\":2,\"name\":\"Store\",\"item\":\"https:\/\/www.toursbahia.com.br\/de\/store-tours-bahia-internacional\/\"},{\"@type\":\"ListItem\",\"position\":3,\"name\":\"Floresta Viva &#8211; Ausfl\u00fcge\"}]}]}<\/script>\n<!-- \/ Yoast SEO plugin. -->","yoast_head_json":{"title":"Floresta Viva - Ausfl\u00fcge - Tours Bahia","robots":{"index":"index","follow":"follow","max-snippet":"max-snippet:-1","max-image-preview":"max-image-preview:large","max-video-preview":"max-video-preview:-1"},"canonical":"https:\/\/www.toursbahia.com.br\/de\/loja\/ausfluge\/floresta-viva-ausfluge\/","og_locale":"de_DE","og_type":"article","og_title":"Floresta Viva - Ausfl\u00fcge - Tours Bahia","og_description":"Das Institut Floresta Viva (IFV) wurde 2003 durch ein Programm des Sozial- und Umweltwissenschaftlichen Instituts von S\u00fcdbahia (IESB) gegr\u00fcndet. Es basiert auf einer Pionier-Umwelttechnologie, welche die lokale Entwicklung durch \u00d6ko-Tourismus, Agrar\u00f6kologie und die Errichtung von Schutzgebieten im s\u00fcdlichen Bahia f\u00f6rdert. Die Aufgaben umfassen die Konservierung\/Restaurierung der Natur und eine nachhaltige Entwicklung vor Ort durch die Produktion von Samen und Setzlingen einheimischer Arten.  Das IFV tauscht die Erfahrungen und Ergebnisse der APA von Itacar\u00e9 \/ Serra Grande mit anderen Institutionen im S\u00fcden Bahias aus, um eine mikroregionale Dimension im brasilianischen Regenwald zu erreichen. Der Ort ist etwa 40 Minuten von Ilh\u00e9us entfernt. Ein Experte f\u00fcr Regenwaldkunde begleitet Sie bei Ihrem Besuch","og_url":"https:\/\/www.toursbahia.com.br\/de\/loja\/ausfluge\/floresta-viva-ausfluge\/","og_site_name":"Tours Bahia","article_publisher":"https:\/\/www.facebook.com\/toursbahiainternational","article_modified_time":"2025-06-04T02:56:57+00:00","og_image":[{"width":733,"height":492,"url":"https:\/\/www.toursbahia.com.br\/wp-content\/uploads\/2019\/01\/Floresta-Viva-\u2013-Ilh\u00e9us-Foto-04.jpg","type":"image\/jpeg"}],"twitter_card":"summary_large_image","schema":{"@context":"https:\/\/schema.org","@graph":[{"@type":"WebSite","@id":"https:\/\/www.toursbahia.com.br\/#website","url":"https:\/\/www.toursbahia.com.br\/","name":"Tours Bahia","description":"","potentialAction":[{"@type":"SearchAction","target":{"@type":"EntryPoint","urlTemplate":"https:\/\/www.toursbahia.com.br\/?s={search_term_string}"},"query-input":"required name=search_term_string"}],"inLanguage":"de-DE"},{"@type":"ImageObject","inLanguage":"de-DE","@id":"https:\/\/www.toursbahia.com.br\/de\/loja\/ausfluge\/floresta-viva-ausfluge\/#primaryimage","url":"https:\/\/www.toursbahia.com.br\/wp-content\/uploads\/2019\/01\/Floresta-Viva-\u2013-Ilh\u00e9us-Foto-04.jpg","contentUrl":"https:\/\/www.toursbahia.com.br\/wp-content\/uploads\/2019\/01\/Floresta-Viva-\u2013-Ilh\u00e9us-Foto-04.jpg","width":733,"height":492},{"@type":"WebPage","@id":"https:\/\/www.toursbahia.com.br\/de\/loja\/ausfluge\/floresta-viva-ausfluge\/","url":"https:\/\/www.toursbahia.com.br\/de\/loja\/ausfluge\/floresta-viva-ausfluge\/","name":"Floresta Viva - Ausfl\u00fcge - Tours Bahia","isPartOf":{"@id":"https:\/\/www.toursbahia.com.br\/#website"},"primaryImageOfPage":{"@id":"https:\/\/www.toursbahia.com.br\/de\/loja\/ausfluge\/floresta-viva-ausfluge\/#primaryimage"},"datePublished":"2019-01-21T17:36:28+00:00","dateModified":"2025-06-04T02:56:57+00:00","breadcrumb":{"@id":"https:\/\/www.toursbahia.com.br\/de\/loja\/ausfluge\/floresta-viva-ausfluge\/#breadcrumb"},"inLanguage":"de-DE","potentialAction":[{"@type":"ReadAction","target":["https:\/\/www.toursbahia.com.br\/de\/loja\/ausfluge\/floresta-viva-ausfluge\/"]}]},{"@type":"BreadcrumbList","@id":"https:\/\/www.toursbahia.com.br\/de\/loja\/ausfluge\/floresta-viva-ausfluge\/#breadcrumb","itemListElement":[{"@type":"ListItem","position":1,"name":"In\u00edcio","item":"https:\/\/www.toursbahia.com.br\/de\/"},{"@type":"ListItem","position":2,"name":"Store","item":"https:\/\/www.toursbahia.com.br\/de\/store-tours-bahia-internacional\/"},{"@type":"ListItem","position":3,"name":"Floresta Viva &#8211; Ausfl\u00fcge"}]}]}},"_links":{"self":[{"href":"https:\/\/www.toursbahia.com.br\/de\/wp-json\/wp\/v2\/product\/3493"}],"collection":[{"href":"https:\/\/www.toursbahia.com.br\/de\/wp-json\/wp\/v2\/product"}],"about":[{"href":"https:\/\/www.toursbahia.com.br\/de\/wp-json\/wp\/v2\/types\/product"}],"replies":[{"embeddable":true,"href":"https:\/\/www.toursbahia.com.br\/de\/wp-json\/wp\/v2\/comments?post=3493"}],"wp:featuredmedia":[{"embeddable":true,"href":"https:\/\/www.toursbahia.com.br\/de\/wp-json\/wp\/v2\/media\/2233"}],"wp:attachment":[{"href":"https:\/\/www.toursbahia.com.br\/de\/wp-json\/wp\/v2\/media?parent=3493"}],"wp:term":[{"taxonomy":"product_cat","embeddable":true,"href":"https:\/\/www.toursbahia.com.br\/de\/wp-json\/wp\/v2\/product_cat?post=3493"},{"taxonomy":"product_tag","embeddable":true,"href":"https:\/\/www.toursbahia.com.br\/de\/wp-json\/wp\/v2\/product_tag?post=3493"}],"curies":[{"name":"wp","href":"https:\/\/api.w.org\/{rel}","templated":true}]}}