{"id":3495,"date":"2019-01-21T15:34:20","date_gmt":"2019-01-21T17:34:20","guid":{"rendered":"https:\/\/www.toursbahia.com.br\/\/produto\/unkategorisiert\/passeio-pelas-ilhas-da-baia-de-camamu-em-lancha-privativa-passeio\/"},"modified":"2019-02-05T23:01:18","modified_gmt":"2019-02-06T01:01:18","slug":"ausflug-zu-den-inseln-der-camamu-bucht-mit-einem-privaten-schnellboot-ausfluge","status":"publish","type":"product","link":"https:\/\/www.toursbahia.com.br\/de\/loja\/ausfluge\/ausflug-zu-den-inseln-der-camamu-bucht-mit-einem-privaten-schnellboot-ausfluge\/","title":{"rendered":"Ausflug zu den Inseln der Camamu Bucht mit einem privaten Schnellboot &#8211; Ausfl\u00fcge"},"content":{"rendered":"","protected":false},"excerpt":{"rendered":"<p>Die Camamu Bucht, drittgr\u00f6sste Bucht Brasiliens und noch kaum besiedelt, ist ein wahres Paradies f\u00fcr Schifffahrten. Wir erreichen den Wasserfall Trememb\u00e9, der direkt aus dem Atlantischen Regenwald in das salzige Meerwasser st\u00fcrzt. Wir geniessen dieses faszinierende Spektakel sowie ein erfrischendes Bad im sprudelnden Wasser des Trememb\u00e9 Wasserfalls, ehe wir weiter zu den Mangroven fahren, der Wiege des gesamten Meeres-\u00d6kosystems, und dem Dorf Cajaiba. Die Hauptbesch\u00e4ftigung dessen Bewohner ist der Bau von Schiffen. Einer dieser Werkst\u00e4tten, wo gro\u00dfe Holzboote auf traditionelle Weise gezimmert werden, statten wir einen Besuch ab. Anschliessend fahren wir mit unserem Boot weiter zur kleinen Insel Pedra Furada mit kristallklarem Wasser, die ihren Namen einer Schneckenart verdankt, welche die Felsen durchl\u00f6chert. Ein Tag, den Sie bestimmt nicht so schnell vergessen werden.<\/p>\n","protected":false},"featured_media":2835,"comment_status":"open","ping_status":"closed","template":"","meta":[],"product_cat":[835,852,836,849],"product_tag":[],"yoast_head":"<!-- This site is optimized with the Yoast SEO plugin v19.3 - https:\/\/yoast.com\/wordpress\/plugins\/seo\/ -->\n<title>Ausflug zu den Inseln der Camamu Bucht mit einem privaten Schnellboot - Ausfl\u00fcge - Tours Bahia<\/title>\n<meta name=\"robots\" content=\"index, follow, max-snippet:-1, max-image-preview:large, max-video-preview:-1\" \/>\n<link rel=\"canonical\" href=\"https:\/\/www.toursbahia.com.br\/de\/loja\/ausfluge\/ausflug-zu-den-inseln-der-camamu-bucht-mit-einem-privaten-schnellboot-ausfluge\/\" \/>\n<meta property=\"og:locale\" content=\"de_DE\" \/>\n<meta property=\"og:type\" content=\"article\" \/>\n<meta property=\"og:title\" content=\"Ausflug zu den Inseln der Camamu Bucht mit einem privaten Schnellboot - Ausfl\u00fcge - Tours Bahia\" \/>\n<meta property=\"og:description\" content=\"Die Camamu Bucht, drittgr\u00f6sste Bucht Brasiliens und noch kaum besiedelt, ist ein wahres Paradies f\u00fcr Schifffahrten. Wir erreichen den Wasserfall Trememb\u00e9, der direkt aus dem Atlantischen Regenwald in das salzige Meerwasser st\u00fcrzt. Wir geniessen dieses faszinierende Spektakel sowie ein erfrischendes Bad im sprudelnden Wasser des Trememb\u00e9 Wasserfalls, ehe wir weiter zu den Mangroven fahren, der Wiege des gesamten Meeres-\u00d6kosystems, und dem Dorf Cajaiba. Die Hauptbesch\u00e4ftigung dessen Bewohner ist der Bau von Schiffen. Einer dieser Werkst\u00e4tten, wo gro\u00dfe Holzboote auf traditionelle Weise gezimmert werden, statten wir einen Besuch ab. Anschliessend fahren wir mit unserem Boot weiter zur kleinen Insel Pedra Furada mit kristallklarem Wasser, die ihren Namen einer Schneckenart verdankt, welche die Felsen durchl\u00f6chert. Ein Tag, den Sie bestimmt nicht so schnell vergessen werden.\" \/>\n<meta property=\"og:url\" content=\"https:\/\/www.toursbahia.com.br\/de\/loja\/ausfluge\/ausflug-zu-den-inseln-der-camamu-bucht-mit-einem-privaten-schnellboot-ausfluge\/\" \/>\n<meta property=\"og:site_name\" content=\"Tours Bahia\" \/>\n<meta property=\"article:publisher\" content=\"https:\/\/www.facebook.com\/toursbahiainternational\" \/>\n<meta property=\"article:modified_time\" content=\"2019-02-06T01:01:18+00:00\" \/>\n<meta property=\"og:image\" content=\"https:\/\/www.toursbahia.com.br\/wp-content\/uploads\/2019\/01\/Passeio-pelas-ilhas-da-Baia-de-Camamu-em-lancha-privativa-Foto-02.jpg\" \/>\n\t<meta property=\"og:image:width\" content=\"900\" \/>\n\t<meta property=\"og:image:height\" content=\"550\" \/>\n\t<meta property=\"og:image:type\" content=\"image\/jpeg\" \/>\n<meta name=\"twitter:card\" content=\"summary_large_image\" \/>\n<script type=\"application\/ld+json\" class=\"yoast-schema-graph\">{\"@context\":\"https:\/\/schema.org\",\"@graph\":[{\"@type\":\"WebSite\",\"@id\":\"https:\/\/www.toursbahia.com.br\/#website\",\"url\":\"https:\/\/www.toursbahia.com.br\/\",\"name\":\"Tours Bahia\",\"description\":\"\",\"potentialAction\":[{\"@type\":\"SearchAction\",\"target\":{\"@type\":\"EntryPoint\",\"urlTemplate\":\"https:\/\/www.toursbahia.com.br\/?s={search_term_string}\"},\"query-input\":\"required name=search_term_string\"}],\"inLanguage\":\"de-DE\"},{\"@type\":\"ImageObject\",\"inLanguage\":\"de-DE\",\"@id\":\"https:\/\/www.toursbahia.com.br\/de\/loja\/ausfluge\/ausflug-zu-den-inseln-der-camamu-bucht-mit-einem-privaten-schnellboot-ausfluge\/#primaryimage\",\"url\":\"https:\/\/www.toursbahia.com.br\/wp-content\/uploads\/2019\/01\/Passeio-pelas-ilhas-da-Baia-de-Camamu-em-lancha-privativa-Foto-02.jpg\",\"contentUrl\":\"https:\/\/www.toursbahia.com.br\/wp-content\/uploads\/2019\/01\/Passeio-pelas-ilhas-da-Baia-de-Camamu-em-lancha-privativa-Foto-02.jpg\",\"width\":900,\"height\":550},{\"@type\":\"WebPage\",\"@id\":\"https:\/\/www.toursbahia.com.br\/de\/loja\/ausfluge\/ausflug-zu-den-inseln-der-camamu-bucht-mit-einem-privaten-schnellboot-ausfluge\/\",\"url\":\"https:\/\/www.toursbahia.com.br\/de\/loja\/ausfluge\/ausflug-zu-den-inseln-der-camamu-bucht-mit-einem-privaten-schnellboot-ausfluge\/\",\"name\":\"Ausflug zu den Inseln der Camamu Bucht mit einem privaten Schnellboot - Ausfl\u00fcge - Tours Bahia\",\"isPartOf\":{\"@id\":\"https:\/\/www.toursbahia.com.br\/#website\"},\"primaryImageOfPage\":{\"@id\":\"https:\/\/www.toursbahia.com.br\/de\/loja\/ausfluge\/ausflug-zu-den-inseln-der-camamu-bucht-mit-einem-privaten-schnellboot-ausfluge\/#primaryimage\"},\"datePublished\":\"2019-01-21T17:34:20+00:00\",\"dateModified\":\"2019-02-06T01:01:18+00:00\",\"breadcrumb\":{\"@id\":\"https:\/\/www.toursbahia.com.br\/de\/loja\/ausfluge\/ausflug-zu-den-inseln-der-camamu-bucht-mit-einem-privaten-schnellboot-ausfluge\/#breadcrumb\"},\"inLanguage\":\"de-DE\",\"potentialAction\":[{\"@type\":\"ReadAction\",\"target\":[\"https:\/\/www.toursbahia.com.br\/de\/loja\/ausfluge\/ausflug-zu-den-inseln-der-camamu-bucht-mit-einem-privaten-schnellboot-ausfluge\/\"]}]},{\"@type\":\"BreadcrumbList\",\"@id\":\"https:\/\/www.toursbahia.com.br\/de\/loja\/ausfluge\/ausflug-zu-den-inseln-der-camamu-bucht-mit-einem-privaten-schnellboot-ausfluge\/#breadcrumb\",\"itemListElement\":[{\"@type\":\"ListItem\",\"position\":1,\"name\":\"In\u00edcio\",\"item\":\"https:\/\/www.toursbahia.com.br\/de\/\"},{\"@type\":\"ListItem\",\"position\":2,\"name\":\"Store\",\"item\":\"https:\/\/www.toursbahia.com.br\/de\/store-tours-bahia-internacional\/\"},{\"@type\":\"ListItem\",\"position\":3,\"name\":\"Ausflug zu den Inseln der Camamu Bucht mit einem privaten Schnellboot &#8211; Ausfl\u00fcge\"}]}]}<\/script>\n<!-- \/ Yoast SEO plugin. -->","yoast_head_json":{"title":"Ausflug zu den Inseln der Camamu Bucht mit einem privaten Schnellboot - Ausfl\u00fcge - Tours Bahia","robots":{"index":"index","follow":"follow","max-snippet":"max-snippet:-1","max-image-preview":"max-image-preview:large","max-video-preview":"max-video-preview:-1"},"canonical":"https:\/\/www.toursbahia.com.br\/de\/loja\/ausfluge\/ausflug-zu-den-inseln-der-camamu-bucht-mit-einem-privaten-schnellboot-ausfluge\/","og_locale":"de_DE","og_type":"article","og_title":"Ausflug zu den Inseln der Camamu Bucht mit einem privaten Schnellboot - Ausfl\u00fcge - Tours Bahia","og_description":"Die Camamu Bucht, drittgr\u00f6sste Bucht Brasiliens und noch kaum besiedelt, ist ein wahres Paradies f\u00fcr Schifffahrten. Wir erreichen den Wasserfall Trememb\u00e9, der direkt aus dem Atlantischen Regenwald in das salzige Meerwasser st\u00fcrzt. Wir geniessen dieses faszinierende Spektakel sowie ein erfrischendes Bad im sprudelnden Wasser des Trememb\u00e9 Wasserfalls, ehe wir weiter zu den Mangroven fahren, der Wiege des gesamten Meeres-\u00d6kosystems, und dem Dorf Cajaiba. Die Hauptbesch\u00e4ftigung dessen Bewohner ist der Bau von Schiffen. Einer dieser Werkst\u00e4tten, wo gro\u00dfe Holzboote auf traditionelle Weise gezimmert werden, statten wir einen Besuch ab. Anschliessend fahren wir mit unserem Boot weiter zur kleinen Insel Pedra Furada mit kristallklarem Wasser, die ihren Namen einer Schneckenart verdankt, welche die Felsen durchl\u00f6chert. Ein Tag, den Sie bestimmt nicht so schnell vergessen werden.","og_url":"https:\/\/www.toursbahia.com.br\/de\/loja\/ausfluge\/ausflug-zu-den-inseln-der-camamu-bucht-mit-einem-privaten-schnellboot-ausfluge\/","og_site_name":"Tours Bahia","article_publisher":"https:\/\/www.facebook.com\/toursbahiainternational","article_modified_time":"2019-02-06T01:01:18+00:00","og_image":[{"width":900,"height":550,"url":"https:\/\/www.toursbahia.com.br\/wp-content\/uploads\/2019\/01\/Passeio-pelas-ilhas-da-Baia-de-Camamu-em-lancha-privativa-Foto-02.jpg","type":"image\/jpeg"}],"twitter_card":"summary_large_image","schema":{"@context":"https:\/\/schema.org","@graph":[{"@type":"WebSite","@id":"https:\/\/www.toursbahia.com.br\/#website","url":"https:\/\/www.toursbahia.com.br\/","name":"Tours Bahia","description":"","potentialAction":[{"@type":"SearchAction","target":{"@type":"EntryPoint","urlTemplate":"https:\/\/www.toursbahia.com.br\/?s={search_term_string}"},"query-input":"required name=search_term_string"}],"inLanguage":"de-DE"},{"@type":"ImageObject","inLanguage":"de-DE","@id":"https:\/\/www.toursbahia.com.br\/de\/loja\/ausfluge\/ausflug-zu-den-inseln-der-camamu-bucht-mit-einem-privaten-schnellboot-ausfluge\/#primaryimage","url":"https:\/\/www.toursbahia.com.br\/wp-content\/uploads\/2019\/01\/Passeio-pelas-ilhas-da-Baia-de-Camamu-em-lancha-privativa-Foto-02.jpg","contentUrl":"https:\/\/www.toursbahia.com.br\/wp-content\/uploads\/2019\/01\/Passeio-pelas-ilhas-da-Baia-de-Camamu-em-lancha-privativa-Foto-02.jpg","width":900,"height":550},{"@type":"WebPage","@id":"https:\/\/www.toursbahia.com.br\/de\/loja\/ausfluge\/ausflug-zu-den-inseln-der-camamu-bucht-mit-einem-privaten-schnellboot-ausfluge\/","url":"https:\/\/www.toursbahia.com.br\/de\/loja\/ausfluge\/ausflug-zu-den-inseln-der-camamu-bucht-mit-einem-privaten-schnellboot-ausfluge\/","name":"Ausflug zu den Inseln der Camamu Bucht mit einem privaten Schnellboot - Ausfl\u00fcge - Tours Bahia","isPartOf":{"@id":"https:\/\/www.toursbahia.com.br\/#website"},"primaryImageOfPage":{"@id":"https:\/\/www.toursbahia.com.br\/de\/loja\/ausfluge\/ausflug-zu-den-inseln-der-camamu-bucht-mit-einem-privaten-schnellboot-ausfluge\/#primaryimage"},"datePublished":"2019-01-21T17:34:20+00:00","dateModified":"2019-02-06T01:01:18+00:00","breadcrumb":{"@id":"https:\/\/www.toursbahia.com.br\/de\/loja\/ausfluge\/ausflug-zu-den-inseln-der-camamu-bucht-mit-einem-privaten-schnellboot-ausfluge\/#breadcrumb"},"inLanguage":"de-DE","potentialAction":[{"@type":"ReadAction","target":["https:\/\/www.toursbahia.com.br\/de\/loja\/ausfluge\/ausflug-zu-den-inseln-der-camamu-bucht-mit-einem-privaten-schnellboot-ausfluge\/"]}]},{"@type":"BreadcrumbList","@id":"https:\/\/www.toursbahia.com.br\/de\/loja\/ausfluge\/ausflug-zu-den-inseln-der-camamu-bucht-mit-einem-privaten-schnellboot-ausfluge\/#breadcrumb","itemListElement":[{"@type":"ListItem","position":1,"name":"In\u00edcio","item":"https:\/\/www.toursbahia.com.br\/de\/"},{"@type":"ListItem","position":2,"name":"Store","item":"https:\/\/www.toursbahia.com.br\/de\/store-tours-bahia-internacional\/"},{"@type":"ListItem","position":3,"name":"Ausflug zu den Inseln der Camamu Bucht mit einem privaten Schnellboot &#8211; Ausfl\u00fcge"}]}]}},"_links":{"self":[{"href":"https:\/\/www.toursbahia.com.br\/de\/wp-json\/wp\/v2\/product\/3495"}],"collection":[{"href":"https:\/\/www.toursbahia.com.br\/de\/wp-json\/wp\/v2\/product"}],"about":[{"href":"https:\/\/www.toursbahia.com.br\/de\/wp-json\/wp\/v2\/types\/product"}],"replies":[{"embeddable":true,"href":"https:\/\/www.toursbahia.com.br\/de\/wp-json\/wp\/v2\/comments?post=3495"}],"wp:featuredmedia":[{"embeddable":true,"href":"https:\/\/www.toursbahia.com.br\/de\/wp-json\/wp\/v2\/media\/2835"}],"wp:attachment":[{"href":"https:\/\/www.toursbahia.com.br\/de\/wp-json\/wp\/v2\/media?parent=3495"}],"wp:term":[{"taxonomy":"product_cat","embeddable":true,"href":"https:\/\/www.toursbahia.com.br\/de\/wp-json\/wp\/v2\/product_cat?post=3495"},{"taxonomy":"product_tag","embeddable":true,"href":"https:\/\/www.toursbahia.com.br\/de\/wp-json\/wp\/v2\/product_tag?post=3495"}],"curies":[{"name":"wp","href":"https:\/\/api.w.org\/{rel}","templated":true}]}}