{"id":3498,"date":"2019-01-21T15:32:15","date_gmt":"2019-01-21T17:32:15","guid":{"rendered":"https:\/\/www.toursbahia.com.br\/\/produto\/unkategorisiert\/penisula-de-marau-terrestre-passeio\/"},"modified":"2025-06-03T13:05:21","modified_gmt":"2025-06-03T16:05:21","slug":"halbinsel-marau-ausfluge","status":"publish","type":"product","link":"https:\/\/www.toursbahia.com.br\/de\/loja\/ausfluge\/halbinsel-marau-ausfluge\/","title":{"rendered":"Halbinsel Mara\u00fa &#8211; Ausfl\u00fcge"},"content":{"rendered":"","protected":false},"excerpt":{"rendered":"<p>Die Halbinsel befindet sich im S\u00fcdosten des Bundesstaats Bahia zwischen Dende-K\u00fcste und Camamu-Bucht, die drittgr\u00f6sste Bucht Brasiliens und sicherlich eine der sch\u00f6nsten. Mit einem 4\u00d74 fahren wir rund 50 km auf einer Schotterstrasse und halten am Morro do Celular, um die atemberaubende Aussicht \u00fcber die Lagoa do Cassange und Lagoa Azul zu geniessen. Weiter geht es bis nach Taip\u00fa de Fora, wo uns mehr als 7 km Strand, Palmen, Korallenriffe und weisser Sand erwarten. Der Strand von Taip\u00fa de Fora ist einer der beliebtesten Str\u00e4nde der Halbinsel. Hier k\u00f6nnen wir baden und (je nach Gezeiten) in einem riesigen nat\u00fcrlichen Schwimmbecken schnorcheln. Ein wahres Muss! Nach einem herrlichen Badeaufenthalt folgen wir einem Pfad mit Palmen und riesigen Bromelien. Ein Spektakel, bei dem wir die \u00fcppige Natur der tropischen Landschaft dieser Region erleben k\u00f6nnen.<\/p>\n<p>Dauer ca. 7 Std.<\/p>\n","protected":false},"featured_media":2861,"comment_status":"open","ping_status":"closed","template":"","meta":[],"product_cat":[835,836,853,849],"product_tag":[],"yoast_head":"<!-- This site is optimized with the Yoast SEO plugin v19.3 - https:\/\/yoast.com\/wordpress\/plugins\/seo\/ -->\n<title>Halbinsel Mara\u00fa - Ausfl\u00fcge - Tours Bahia<\/title>\n<meta name=\"robots\" content=\"index, follow, max-snippet:-1, max-image-preview:large, max-video-preview:-1\" \/>\n<link rel=\"canonical\" href=\"https:\/\/www.toursbahia.com.br\/de\/loja\/ausfluge\/halbinsel-marau-ausfluge\/\" \/>\n<meta property=\"og:locale\" content=\"de_DE\" \/>\n<meta property=\"og:type\" content=\"article\" \/>\n<meta property=\"og:title\" content=\"Halbinsel Mara\u00fa - Ausfl\u00fcge - Tours Bahia\" \/>\n<meta property=\"og:description\" content=\"Die Halbinsel befindet sich im S\u00fcdosten des Bundesstaats Bahia zwischen Dende-K\u00fcste und Camamu-Bucht, die drittgr\u00f6sste Bucht Brasiliens und sicherlich eine der sch\u00f6nsten. Mit einem 4\u00d74 fahren wir rund 50 km auf einer Schotterstrasse und halten am Morro do Celular, um die atemberaubende Aussicht \u00fcber die Lagoa do Cassange und Lagoa Azul zu geniessen. Weiter geht es bis nach Taip\u00fa de Fora, wo uns mehr als 7 km Strand, Palmen, Korallenriffe und weisser Sand erwarten. Der Strand von Taip\u00fa de Fora ist einer der beliebtesten Str\u00e4nde der Halbinsel. Hier k\u00f6nnen wir baden und (je nach Gezeiten) in einem riesigen nat\u00fcrlichen Schwimmbecken schnorcheln. Ein wahres Muss! Nach einem herrlichen Badeaufenthalt folgen wir einem Pfad mit Palmen und riesigen Bromelien. Ein Spektakel, bei dem wir die \u00fcppige Natur der tropischen Landschaft dieser Region erleben k\u00f6nnen.  Dauer ca. 7 Std.\" \/>\n<meta property=\"og:url\" content=\"https:\/\/www.toursbahia.com.br\/de\/loja\/ausfluge\/halbinsel-marau-ausfluge\/\" \/>\n<meta property=\"og:site_name\" content=\"Tours Bahia\" \/>\n<meta property=\"article:publisher\" content=\"https:\/\/www.facebook.com\/toursbahiainternational\" \/>\n<meta property=\"article:modified_time\" content=\"2025-06-03T16:05:21+00:00\" \/>\n<meta property=\"og:image\" content=\"https:\/\/www.toursbahia.com.br\/wp-content\/uploads\/2018\/12\/Pen\u00edsula-de-Mara\u00fa-\u2013-terrestre-Foto-03.jpg\" \/>\n\t<meta property=\"og:image:width\" content=\"900\" \/>\n\t<meta property=\"og:image:height\" content=\"550\" \/>\n\t<meta property=\"og:image:type\" content=\"image\/jpeg\" \/>\n<meta name=\"twitter:card\" content=\"summary_large_image\" \/>\n<script type=\"application\/ld+json\" class=\"yoast-schema-graph\">{\"@context\":\"https:\/\/schema.org\",\"@graph\":[{\"@type\":\"WebSite\",\"@id\":\"https:\/\/www.toursbahia.com.br\/#website\",\"url\":\"https:\/\/www.toursbahia.com.br\/\",\"name\":\"Tours Bahia\",\"description\":\"\",\"potentialAction\":[{\"@type\":\"SearchAction\",\"target\":{\"@type\":\"EntryPoint\",\"urlTemplate\":\"https:\/\/www.toursbahia.com.br\/?s={search_term_string}\"},\"query-input\":\"required name=search_term_string\"}],\"inLanguage\":\"de-DE\"},{\"@type\":\"ImageObject\",\"inLanguage\":\"de-DE\",\"@id\":\"https:\/\/www.toursbahia.com.br\/de\/loja\/ausfluge\/halbinsel-marau-ausfluge\/#primaryimage\",\"url\":\"https:\/\/www.toursbahia.com.br\/wp-content\/uploads\/2018\/12\/Pen\u00edsula-de-Mara\u00fa-\u2013-terrestre-Foto-03.jpg\",\"contentUrl\":\"https:\/\/www.toursbahia.com.br\/wp-content\/uploads\/2018\/12\/Pen\u00edsula-de-Mara\u00fa-\u2013-terrestre-Foto-03.jpg\",\"width\":900,\"height\":550},{\"@type\":\"WebPage\",\"@id\":\"https:\/\/www.toursbahia.com.br\/de\/loja\/ausfluge\/halbinsel-marau-ausfluge\/\",\"url\":\"https:\/\/www.toursbahia.com.br\/de\/loja\/ausfluge\/halbinsel-marau-ausfluge\/\",\"name\":\"Halbinsel Mara\u00fa - Ausfl\u00fcge - Tours Bahia\",\"isPartOf\":{\"@id\":\"https:\/\/www.toursbahia.com.br\/#website\"},\"primaryImageOfPage\":{\"@id\":\"https:\/\/www.toursbahia.com.br\/de\/loja\/ausfluge\/halbinsel-marau-ausfluge\/#primaryimage\"},\"datePublished\":\"2019-01-21T17:32:15+00:00\",\"dateModified\":\"2025-06-03T16:05:21+00:00\",\"breadcrumb\":{\"@id\":\"https:\/\/www.toursbahia.com.br\/de\/loja\/ausfluge\/halbinsel-marau-ausfluge\/#breadcrumb\"},\"inLanguage\":\"de-DE\",\"potentialAction\":[{\"@type\":\"ReadAction\",\"target\":[\"https:\/\/www.toursbahia.com.br\/de\/loja\/ausfluge\/halbinsel-marau-ausfluge\/\"]}]},{\"@type\":\"BreadcrumbList\",\"@id\":\"https:\/\/www.toursbahia.com.br\/de\/loja\/ausfluge\/halbinsel-marau-ausfluge\/#breadcrumb\",\"itemListElement\":[{\"@type\":\"ListItem\",\"position\":1,\"name\":\"In\u00edcio\",\"item\":\"https:\/\/www.toursbahia.com.br\/de\/\"},{\"@type\":\"ListItem\",\"position\":2,\"name\":\"Store\",\"item\":\"https:\/\/www.toursbahia.com.br\/de\/store-tours-bahia-internacional\/\"},{\"@type\":\"ListItem\",\"position\":3,\"name\":\"Halbinsel Mara\u00fa &#8211; Ausfl\u00fcge\"}]}]}<\/script>\n<!-- \/ Yoast SEO plugin. -->","yoast_head_json":{"title":"Halbinsel Mara\u00fa - Ausfl\u00fcge - Tours Bahia","robots":{"index":"index","follow":"follow","max-snippet":"max-snippet:-1","max-image-preview":"max-image-preview:large","max-video-preview":"max-video-preview:-1"},"canonical":"https:\/\/www.toursbahia.com.br\/de\/loja\/ausfluge\/halbinsel-marau-ausfluge\/","og_locale":"de_DE","og_type":"article","og_title":"Halbinsel Mara\u00fa - Ausfl\u00fcge - Tours Bahia","og_description":"Die Halbinsel befindet sich im S\u00fcdosten des Bundesstaats Bahia zwischen Dende-K\u00fcste und Camamu-Bucht, die drittgr\u00f6sste Bucht Brasiliens und sicherlich eine der sch\u00f6nsten. Mit einem 4\u00d74 fahren wir rund 50 km auf einer Schotterstrasse und halten am Morro do Celular, um die atemberaubende Aussicht \u00fcber die Lagoa do Cassange und Lagoa Azul zu geniessen. Weiter geht es bis nach Taip\u00fa de Fora, wo uns mehr als 7 km Strand, Palmen, Korallenriffe und weisser Sand erwarten. Der Strand von Taip\u00fa de Fora ist einer der beliebtesten Str\u00e4nde der Halbinsel. Hier k\u00f6nnen wir baden und (je nach Gezeiten) in einem riesigen nat\u00fcrlichen Schwimmbecken schnorcheln. Ein wahres Muss! Nach einem herrlichen Badeaufenthalt folgen wir einem Pfad mit Palmen und riesigen Bromelien. Ein Spektakel, bei dem wir die \u00fcppige Natur der tropischen Landschaft dieser Region erleben k\u00f6nnen.  Dauer ca. 7 Std.","og_url":"https:\/\/www.toursbahia.com.br\/de\/loja\/ausfluge\/halbinsel-marau-ausfluge\/","og_site_name":"Tours Bahia","article_publisher":"https:\/\/www.facebook.com\/toursbahiainternational","article_modified_time":"2025-06-03T16:05:21+00:00","og_image":[{"width":900,"height":550,"url":"https:\/\/www.toursbahia.com.br\/wp-content\/uploads\/2018\/12\/Pen\u00edsula-de-Mara\u00fa-\u2013-terrestre-Foto-03.jpg","type":"image\/jpeg"}],"twitter_card":"summary_large_image","schema":{"@context":"https:\/\/schema.org","@graph":[{"@type":"WebSite","@id":"https:\/\/www.toursbahia.com.br\/#website","url":"https:\/\/www.toursbahia.com.br\/","name":"Tours Bahia","description":"","potentialAction":[{"@type":"SearchAction","target":{"@type":"EntryPoint","urlTemplate":"https:\/\/www.toursbahia.com.br\/?s={search_term_string}"},"query-input":"required name=search_term_string"}],"inLanguage":"de-DE"},{"@type":"ImageObject","inLanguage":"de-DE","@id":"https:\/\/www.toursbahia.com.br\/de\/loja\/ausfluge\/halbinsel-marau-ausfluge\/#primaryimage","url":"https:\/\/www.toursbahia.com.br\/wp-content\/uploads\/2018\/12\/Pen\u00edsula-de-Mara\u00fa-\u2013-terrestre-Foto-03.jpg","contentUrl":"https:\/\/www.toursbahia.com.br\/wp-content\/uploads\/2018\/12\/Pen\u00edsula-de-Mara\u00fa-\u2013-terrestre-Foto-03.jpg","width":900,"height":550},{"@type":"WebPage","@id":"https:\/\/www.toursbahia.com.br\/de\/loja\/ausfluge\/halbinsel-marau-ausfluge\/","url":"https:\/\/www.toursbahia.com.br\/de\/loja\/ausfluge\/halbinsel-marau-ausfluge\/","name":"Halbinsel Mara\u00fa - Ausfl\u00fcge - Tours Bahia","isPartOf":{"@id":"https:\/\/www.toursbahia.com.br\/#website"},"primaryImageOfPage":{"@id":"https:\/\/www.toursbahia.com.br\/de\/loja\/ausfluge\/halbinsel-marau-ausfluge\/#primaryimage"},"datePublished":"2019-01-21T17:32:15+00:00","dateModified":"2025-06-03T16:05:21+00:00","breadcrumb":{"@id":"https:\/\/www.toursbahia.com.br\/de\/loja\/ausfluge\/halbinsel-marau-ausfluge\/#breadcrumb"},"inLanguage":"de-DE","potentialAction":[{"@type":"ReadAction","target":["https:\/\/www.toursbahia.com.br\/de\/loja\/ausfluge\/halbinsel-marau-ausfluge\/"]}]},{"@type":"BreadcrumbList","@id":"https:\/\/www.toursbahia.com.br\/de\/loja\/ausfluge\/halbinsel-marau-ausfluge\/#breadcrumb","itemListElement":[{"@type":"ListItem","position":1,"name":"In\u00edcio","item":"https:\/\/www.toursbahia.com.br\/de\/"},{"@type":"ListItem","position":2,"name":"Store","item":"https:\/\/www.toursbahia.com.br\/de\/store-tours-bahia-internacional\/"},{"@type":"ListItem","position":3,"name":"Halbinsel Mara\u00fa &#8211; Ausfl\u00fcge"}]}]}},"_links":{"self":[{"href":"https:\/\/www.toursbahia.com.br\/de\/wp-json\/wp\/v2\/product\/3498"}],"collection":[{"href":"https:\/\/www.toursbahia.com.br\/de\/wp-json\/wp\/v2\/product"}],"about":[{"href":"https:\/\/www.toursbahia.com.br\/de\/wp-json\/wp\/v2\/types\/product"}],"replies":[{"embeddable":true,"href":"https:\/\/www.toursbahia.com.br\/de\/wp-json\/wp\/v2\/comments?post=3498"}],"wp:featuredmedia":[{"embeddable":true,"href":"https:\/\/www.toursbahia.com.br\/de\/wp-json\/wp\/v2\/media\/2861"}],"wp:attachment":[{"href":"https:\/\/www.toursbahia.com.br\/de\/wp-json\/wp\/v2\/media?parent=3498"}],"wp:term":[{"taxonomy":"product_cat","embeddable":true,"href":"https:\/\/www.toursbahia.com.br\/de\/wp-json\/wp\/v2\/product_cat?post=3498"},{"taxonomy":"product_tag","embeddable":true,"href":"https:\/\/www.toursbahia.com.br\/de\/wp-json\/wp\/v2\/product_tag?post=3498"}],"curies":[{"name":"wp","href":"https:\/\/api.w.org\/{rel}","templated":true}]}}