{"id":3501,"date":"2019-01-21T15:29:43","date_gmt":"2019-01-21T17:29:43","guid":{"rendered":"https:\/\/www.toursbahia.com.br\/\/produto\/unkategorisiert\/rafting-no-rio-de-contas-em-taboquinhas-passeio\/"},"modified":"2025-05-31T20:51:53","modified_gmt":"2025-05-31T23:51:53","slug":"rafting-auf-dem-rio-de-contas-in-taboquinhas-ausfluge","status":"publish","type":"product","link":"https:\/\/www.toursbahia.com.br\/de\/loja\/ausfluge\/rafting-auf-dem-rio-de-contas-in-taboquinhas-ausfluge\/","title":{"rendered":"Rafting auf dem Rio de Contas in Taboquinhas &#8211; Ausfl\u00fcge"},"content":{"rendered":"","protected":false},"excerpt":{"rendered":"<p>Von Itacar\u00e9 sind es etwa 26 km \u00fcber eine Schotterstrasse bis zum Dorf Taboquinhas. Von hier geht es f\u00fcr ca. 2 Stunden flussabw\u00e4rts auf dem Rio de Contas \u2013 einem Fluss der in der 570 km entfernten Chapada Diamantina entspringt \u2013 mit einer Folge von Stromschnellen der Stufen 2 bis 5, die f\u00fcr diesen Sport perfekt sind. Rafting ist die ber\u00fchmteste Abenteuertour von Taboquinhas und zudem ein professioneller Sport, in dem Brasilien Doppel-Weltmeister ist. Beim Ausflug \u00fcber Stromschnellen und Wasserf\u00e4lle mit bis zu 3 m Fallh\u00f6he werden Schlauchboote benutzt, die 6 bis 8 Personen inklusive Fahrer aufnehmen. Ein Abenteuer mit viel Adrenalin, aber auch Sicherheit! Aus Sicherheitsgr\u00fcnden m\u00fcssen Sie w\u00e4hrend dem Rafting Hemd und Schuhe tragen. Aus diesem Grund empfehlen wir Ersatzkleider mitzubringen, um nach dem Ausflug aus den nassen Sachen schl\u00fcpfen zu k\u00f6nnen.<\/p>\n<p>Dauer ca. 5 Std.<\/p>\n","protected":false},"featured_media":2227,"comment_status":"open","ping_status":"closed","template":"","meta":[],"product_cat":[835,836,849,855],"product_tag":[],"yoast_head":"<!-- This site is optimized with the Yoast SEO plugin v19.3 - https:\/\/yoast.com\/wordpress\/plugins\/seo\/ -->\n<title>Rafting auf dem Rio de Contas in Taboquinhas - Ausfl\u00fcge - Tours Bahia<\/title>\n<meta name=\"robots\" content=\"index, follow, max-snippet:-1, max-image-preview:large, max-video-preview:-1\" \/>\n<link rel=\"canonical\" href=\"https:\/\/www.toursbahia.com.br\/de\/loja\/ausfluge\/rafting-auf-dem-rio-de-contas-in-taboquinhas-ausfluge\/\" \/>\n<meta property=\"og:locale\" content=\"de_DE\" \/>\n<meta property=\"og:type\" content=\"article\" \/>\n<meta property=\"og:title\" content=\"Rafting auf dem Rio de Contas in Taboquinhas - Ausfl\u00fcge - Tours Bahia\" \/>\n<meta property=\"og:description\" content=\"Von Itacar\u00e9 sind es etwa 26 km \u00fcber eine Schotterstrasse bis zum Dorf Taboquinhas. Von hier geht es f\u00fcr ca. 2 Stunden flussabw\u00e4rts auf dem Rio de Contas \u2013 einem Fluss der in der 570 km entfernten Chapada Diamantina entspringt \u2013 mit einer Folge von Stromschnellen der Stufen 2 bis 5, die f\u00fcr diesen Sport perfekt sind. Rafting ist die ber\u00fchmteste Abenteuertour von Taboquinhas und zudem ein professioneller Sport, in dem Brasilien Doppel-Weltmeister ist. Beim Ausflug \u00fcber Stromschnellen und Wasserf\u00e4lle mit bis zu 3 m Fallh\u00f6he werden Schlauchboote benutzt, die 6 bis 8 Personen inklusive Fahrer aufnehmen. Ein Abenteuer mit viel Adrenalin, aber auch Sicherheit! Aus Sicherheitsgr\u00fcnden m\u00fcssen Sie w\u00e4hrend dem Rafting Hemd und Schuhe tragen. Aus diesem Grund empfehlen wir Ersatzkleider mitzubringen, um nach dem Ausflug aus den nassen Sachen schl\u00fcpfen zu k\u00f6nnen.  Dauer ca. 5 Std.\" \/>\n<meta property=\"og:url\" content=\"https:\/\/www.toursbahia.com.br\/de\/loja\/ausfluge\/rafting-auf-dem-rio-de-contas-in-taboquinhas-ausfluge\/\" \/>\n<meta property=\"og:site_name\" content=\"Tours Bahia\" \/>\n<meta property=\"article:publisher\" content=\"https:\/\/www.facebook.com\/toursbahiainternational\" \/>\n<meta property=\"article:modified_time\" content=\"2025-05-31T23:51:53+00:00\" \/>\n<meta property=\"og:image\" content=\"https:\/\/www.toursbahia.com.br\/wp-content\/uploads\/2019\/01\/Rafting-no-Rio-de-Contas-Foto-04.jpg\" \/>\n\t<meta property=\"og:image:width\" content=\"900\" \/>\n\t<meta property=\"og:image:height\" content=\"550\" \/>\n\t<meta property=\"og:image:type\" content=\"image\/jpeg\" \/>\n<meta name=\"twitter:card\" content=\"summary_large_image\" \/>\n<script type=\"application\/ld+json\" class=\"yoast-schema-graph\">{\"@context\":\"https:\/\/schema.org\",\"@graph\":[{\"@type\":\"WebSite\",\"@id\":\"https:\/\/www.toursbahia.com.br\/#website\",\"url\":\"https:\/\/www.toursbahia.com.br\/\",\"name\":\"Tours Bahia\",\"description\":\"\",\"potentialAction\":[{\"@type\":\"SearchAction\",\"target\":{\"@type\":\"EntryPoint\",\"urlTemplate\":\"https:\/\/www.toursbahia.com.br\/?s={search_term_string}\"},\"query-input\":\"required name=search_term_string\"}],\"inLanguage\":\"de-DE\"},{\"@type\":\"ImageObject\",\"inLanguage\":\"de-DE\",\"@id\":\"https:\/\/www.toursbahia.com.br\/de\/loja\/ausfluge\/rafting-auf-dem-rio-de-contas-in-taboquinhas-ausfluge\/#primaryimage\",\"url\":\"https:\/\/www.toursbahia.com.br\/wp-content\/uploads\/2019\/01\/Rafting-no-Rio-de-Contas-Foto-04.jpg\",\"contentUrl\":\"https:\/\/www.toursbahia.com.br\/wp-content\/uploads\/2019\/01\/Rafting-no-Rio-de-Contas-Foto-04.jpg\",\"width\":900,\"height\":550},{\"@type\":\"WebPage\",\"@id\":\"https:\/\/www.toursbahia.com.br\/de\/loja\/ausfluge\/rafting-auf-dem-rio-de-contas-in-taboquinhas-ausfluge\/\",\"url\":\"https:\/\/www.toursbahia.com.br\/de\/loja\/ausfluge\/rafting-auf-dem-rio-de-contas-in-taboquinhas-ausfluge\/\",\"name\":\"Rafting auf dem Rio de Contas in Taboquinhas - Ausfl\u00fcge - Tours Bahia\",\"isPartOf\":{\"@id\":\"https:\/\/www.toursbahia.com.br\/#website\"},\"primaryImageOfPage\":{\"@id\":\"https:\/\/www.toursbahia.com.br\/de\/loja\/ausfluge\/rafting-auf-dem-rio-de-contas-in-taboquinhas-ausfluge\/#primaryimage\"},\"datePublished\":\"2019-01-21T17:29:43+00:00\",\"dateModified\":\"2025-05-31T23:51:53+00:00\",\"breadcrumb\":{\"@id\":\"https:\/\/www.toursbahia.com.br\/de\/loja\/ausfluge\/rafting-auf-dem-rio-de-contas-in-taboquinhas-ausfluge\/#breadcrumb\"},\"inLanguage\":\"de-DE\",\"potentialAction\":[{\"@type\":\"ReadAction\",\"target\":[\"https:\/\/www.toursbahia.com.br\/de\/loja\/ausfluge\/rafting-auf-dem-rio-de-contas-in-taboquinhas-ausfluge\/\"]}]},{\"@type\":\"BreadcrumbList\",\"@id\":\"https:\/\/www.toursbahia.com.br\/de\/loja\/ausfluge\/rafting-auf-dem-rio-de-contas-in-taboquinhas-ausfluge\/#breadcrumb\",\"itemListElement\":[{\"@type\":\"ListItem\",\"position\":1,\"name\":\"In\u00edcio\",\"item\":\"https:\/\/www.toursbahia.com.br\/de\/\"},{\"@type\":\"ListItem\",\"position\":2,\"name\":\"Store\",\"item\":\"https:\/\/www.toursbahia.com.br\/de\/store-tours-bahia-internacional\/\"},{\"@type\":\"ListItem\",\"position\":3,\"name\":\"Rafting auf dem Rio de Contas in Taboquinhas &#8211; Ausfl\u00fcge\"}]}]}<\/script>\n<!-- \/ Yoast SEO plugin. -->","yoast_head_json":{"title":"Rafting auf dem Rio de Contas in Taboquinhas - Ausfl\u00fcge - Tours Bahia","robots":{"index":"index","follow":"follow","max-snippet":"max-snippet:-1","max-image-preview":"max-image-preview:large","max-video-preview":"max-video-preview:-1"},"canonical":"https:\/\/www.toursbahia.com.br\/de\/loja\/ausfluge\/rafting-auf-dem-rio-de-contas-in-taboquinhas-ausfluge\/","og_locale":"de_DE","og_type":"article","og_title":"Rafting auf dem Rio de Contas in Taboquinhas - Ausfl\u00fcge - Tours Bahia","og_description":"Von Itacar\u00e9 sind es etwa 26 km \u00fcber eine Schotterstrasse bis zum Dorf Taboquinhas. Von hier geht es f\u00fcr ca. 2 Stunden flussabw\u00e4rts auf dem Rio de Contas \u2013 einem Fluss der in der 570 km entfernten Chapada Diamantina entspringt \u2013 mit einer Folge von Stromschnellen der Stufen 2 bis 5, die f\u00fcr diesen Sport perfekt sind. Rafting ist die ber\u00fchmteste Abenteuertour von Taboquinhas und zudem ein professioneller Sport, in dem Brasilien Doppel-Weltmeister ist. Beim Ausflug \u00fcber Stromschnellen und Wasserf\u00e4lle mit bis zu 3 m Fallh\u00f6he werden Schlauchboote benutzt, die 6 bis 8 Personen inklusive Fahrer aufnehmen. Ein Abenteuer mit viel Adrenalin, aber auch Sicherheit! Aus Sicherheitsgr\u00fcnden m\u00fcssen Sie w\u00e4hrend dem Rafting Hemd und Schuhe tragen. Aus diesem Grund empfehlen wir Ersatzkleider mitzubringen, um nach dem Ausflug aus den nassen Sachen schl\u00fcpfen zu k\u00f6nnen.  Dauer ca. 5 Std.","og_url":"https:\/\/www.toursbahia.com.br\/de\/loja\/ausfluge\/rafting-auf-dem-rio-de-contas-in-taboquinhas-ausfluge\/","og_site_name":"Tours Bahia","article_publisher":"https:\/\/www.facebook.com\/toursbahiainternational","article_modified_time":"2025-05-31T23:51:53+00:00","og_image":[{"width":900,"height":550,"url":"https:\/\/www.toursbahia.com.br\/wp-content\/uploads\/2019\/01\/Rafting-no-Rio-de-Contas-Foto-04.jpg","type":"image\/jpeg"}],"twitter_card":"summary_large_image","schema":{"@context":"https:\/\/schema.org","@graph":[{"@type":"WebSite","@id":"https:\/\/www.toursbahia.com.br\/#website","url":"https:\/\/www.toursbahia.com.br\/","name":"Tours Bahia","description":"","potentialAction":[{"@type":"SearchAction","target":{"@type":"EntryPoint","urlTemplate":"https:\/\/www.toursbahia.com.br\/?s={search_term_string}"},"query-input":"required name=search_term_string"}],"inLanguage":"de-DE"},{"@type":"ImageObject","inLanguage":"de-DE","@id":"https:\/\/www.toursbahia.com.br\/de\/loja\/ausfluge\/rafting-auf-dem-rio-de-contas-in-taboquinhas-ausfluge\/#primaryimage","url":"https:\/\/www.toursbahia.com.br\/wp-content\/uploads\/2019\/01\/Rafting-no-Rio-de-Contas-Foto-04.jpg","contentUrl":"https:\/\/www.toursbahia.com.br\/wp-content\/uploads\/2019\/01\/Rafting-no-Rio-de-Contas-Foto-04.jpg","width":900,"height":550},{"@type":"WebPage","@id":"https:\/\/www.toursbahia.com.br\/de\/loja\/ausfluge\/rafting-auf-dem-rio-de-contas-in-taboquinhas-ausfluge\/","url":"https:\/\/www.toursbahia.com.br\/de\/loja\/ausfluge\/rafting-auf-dem-rio-de-contas-in-taboquinhas-ausfluge\/","name":"Rafting auf dem Rio de Contas in Taboquinhas - Ausfl\u00fcge - Tours Bahia","isPartOf":{"@id":"https:\/\/www.toursbahia.com.br\/#website"},"primaryImageOfPage":{"@id":"https:\/\/www.toursbahia.com.br\/de\/loja\/ausfluge\/rafting-auf-dem-rio-de-contas-in-taboquinhas-ausfluge\/#primaryimage"},"datePublished":"2019-01-21T17:29:43+00:00","dateModified":"2025-05-31T23:51:53+00:00","breadcrumb":{"@id":"https:\/\/www.toursbahia.com.br\/de\/loja\/ausfluge\/rafting-auf-dem-rio-de-contas-in-taboquinhas-ausfluge\/#breadcrumb"},"inLanguage":"de-DE","potentialAction":[{"@type":"ReadAction","target":["https:\/\/www.toursbahia.com.br\/de\/loja\/ausfluge\/rafting-auf-dem-rio-de-contas-in-taboquinhas-ausfluge\/"]}]},{"@type":"BreadcrumbList","@id":"https:\/\/www.toursbahia.com.br\/de\/loja\/ausfluge\/rafting-auf-dem-rio-de-contas-in-taboquinhas-ausfluge\/#breadcrumb","itemListElement":[{"@type":"ListItem","position":1,"name":"In\u00edcio","item":"https:\/\/www.toursbahia.com.br\/de\/"},{"@type":"ListItem","position":2,"name":"Store","item":"https:\/\/www.toursbahia.com.br\/de\/store-tours-bahia-internacional\/"},{"@type":"ListItem","position":3,"name":"Rafting auf dem Rio de Contas in Taboquinhas &#8211; Ausfl\u00fcge"}]}]}},"_links":{"self":[{"href":"https:\/\/www.toursbahia.com.br\/de\/wp-json\/wp\/v2\/product\/3501"}],"collection":[{"href":"https:\/\/www.toursbahia.com.br\/de\/wp-json\/wp\/v2\/product"}],"about":[{"href":"https:\/\/www.toursbahia.com.br\/de\/wp-json\/wp\/v2\/types\/product"}],"replies":[{"embeddable":true,"href":"https:\/\/www.toursbahia.com.br\/de\/wp-json\/wp\/v2\/comments?post=3501"}],"wp:featuredmedia":[{"embeddable":true,"href":"https:\/\/www.toursbahia.com.br\/de\/wp-json\/wp\/v2\/media\/2227"}],"wp:attachment":[{"href":"https:\/\/www.toursbahia.com.br\/de\/wp-json\/wp\/v2\/media?parent=3501"}],"wp:term":[{"taxonomy":"product_cat","embeddable":true,"href":"https:\/\/www.toursbahia.com.br\/de\/wp-json\/wp\/v2\/product_cat?post=3501"},{"taxonomy":"product_tag","embeddable":true,"href":"https:\/\/www.toursbahia.com.br\/de\/wp-json\/wp\/v2\/product_tag?post=3501"}],"curies":[{"name":"wp","href":"https:\/\/api.w.org\/{rel}","templated":true}]}}