{"id":3504,"date":"2019-01-21T15:27:43","date_gmt":"2019-01-21T17:27:43","guid":{"rendered":"https:\/\/www.toursbahia.com.br\/\/produto\/unkategorisiert\/arvorismo-e-tirolesa-em-itacare-passeio\/"},"modified":"2025-06-06T15:48:07","modified_gmt":"2025-06-06T18:48:07","slug":"canopy-und-zipline-in-itacare-ausfluge","status":"publish","type":"product","link":"https:\/\/www.toursbahia.com.br\/de\/loja\/ausfluge\/canopy-und-zipline-in-itacare-ausfluge\/","title":{"rendered":"Canopy und Zipline in Itacar\u00e9 &#8211; Ausfl\u00fcge"},"content":{"rendered":"","protected":false},"excerpt":{"rendered":"<p>Ein Abenteuer in den Baumwipfeln des Atlantischen Regenwalds mit sch\u00f6ner Aussicht aufs Meer! Der Canopy besteht aus H\u00e4ngeseilbr\u00fccken, die mehrere B\u00e4ume miteinander verbinden und so eine akrobatische Strecke durch den Wald bilden. Aktivit\u00e4ten mit Trapezen, Fangnetzen und Ziplines (Seilrutschen) sind nur einige der Herausforderungen, denen Sie sich beim Canopy stellen m\u00fcssen. Zudem bekommen Sie w\u00e4hrend Ihrem Hochseil-Abenteuer die M\u00f6glichkeit, die Flora und Fauna von der H\u00f6he der Baumwipfel aus zu geniessen. Zu den etwa 20 Hindernissen geh\u00f6ren 7 Ziplines, deren H\u00f6henunterschied von 2 bis 50 m variiert. Die l\u00e4ngste davon ist die Mega-Zipline Ribeira mit ca. 280 m L\u00e4nge und 40 m H\u00f6henunterschied. Erfahrung wird nicht vorausgesetzt. Vor dem Beginn des Abenteuers bekommen Sie eine kurze Einweisung zur korrekten Verwendung der Ausr\u00fcstung auf einem 2 m hohen Seil.<\/p>\n<p>Was Sie mitbringen sollten: Badesachen, Sonnencr\u00e8me, Fotoapparat, M\u00fcckenschutz. Joggingschuhe oder feste Sandalen sind Voraussetzung. Wir empfehlen T-Shirts und kurze Hosen.<\/p>\n<p>Dauer ca. 2,5 Std.<\/p>\n","protected":false},"featured_media":2296,"comment_status":"open","ping_status":"closed","template":"","meta":[],"product_cat":[835,836,850,849],"product_tag":[],"yoast_head":"<!-- This site is optimized with the Yoast SEO plugin v19.3 - https:\/\/yoast.com\/wordpress\/plugins\/seo\/ -->\n<title>Canopy und Zipline in Itacar\u00e9 - Ausfl\u00fcge - Tours Bahia<\/title>\n<meta name=\"robots\" content=\"index, follow, max-snippet:-1, max-image-preview:large, max-video-preview:-1\" \/>\n<link rel=\"canonical\" href=\"https:\/\/www.toursbahia.com.br\/de\/loja\/ausfluge\/canopy-und-zipline-in-itacare-ausfluge\/\" \/>\n<meta property=\"og:locale\" content=\"de_DE\" \/>\n<meta property=\"og:type\" content=\"article\" \/>\n<meta property=\"og:title\" content=\"Canopy und Zipline in Itacar\u00e9 - Ausfl\u00fcge - Tours Bahia\" \/>\n<meta property=\"og:description\" content=\"Ein Abenteuer in den Baumwipfeln des Atlantischen Regenwalds mit sch\u00f6ner Aussicht aufs Meer! Der Canopy besteht aus H\u00e4ngeseilbr\u00fccken, die mehrere B\u00e4ume miteinander verbinden und so eine akrobatische Strecke durch den Wald bilden. Aktivit\u00e4ten mit Trapezen, Fangnetzen und Ziplines (Seilrutschen) sind nur einige der Herausforderungen, denen Sie sich beim Canopy stellen m\u00fcssen. Zudem bekommen Sie w\u00e4hrend Ihrem Hochseil-Abenteuer die M\u00f6glichkeit, die Flora und Fauna von der H\u00f6he der Baumwipfel aus zu geniessen. Zu den etwa 20 Hindernissen geh\u00f6ren 7 Ziplines, deren H\u00f6henunterschied von 2 bis 50 m variiert. Die l\u00e4ngste davon ist die Mega-Zipline Ribeira mit ca. 280 m L\u00e4nge und 40 m H\u00f6henunterschied. Erfahrung wird nicht vorausgesetzt. Vor dem Beginn des Abenteuers bekommen Sie eine kurze Einweisung zur korrekten Verwendung der Ausr\u00fcstung auf einem 2 m hohen Seil.  Was Sie mitbringen sollten: Badesachen, Sonnencr\u00e8me, Fotoapparat, M\u00fcckenschutz. Joggingschuhe oder feste Sandalen sind Voraussetzung. Wir empfehlen T-Shirts und kurze Hosen.  Dauer ca. 2,5 Std.\" \/>\n<meta property=\"og:url\" content=\"https:\/\/www.toursbahia.com.br\/de\/loja\/ausfluge\/canopy-und-zipline-in-itacare-ausfluge\/\" \/>\n<meta property=\"og:site_name\" content=\"Tours Bahia\" \/>\n<meta property=\"article:publisher\" content=\"https:\/\/www.facebook.com\/toursbahiainternational\" \/>\n<meta property=\"article:modified_time\" content=\"2025-06-06T18:48:07+00:00\" \/>\n<meta property=\"og:image\" content=\"https:\/\/www.toursbahia.com.br\/wp-content\/uploads\/2018\/12\/Arvorismo-e-Tirolesa-em-Itacar\u00e9-Foto-04.jpg\" \/>\n\t<meta property=\"og:image:width\" content=\"900\" \/>\n\t<meta property=\"og:image:height\" content=\"550\" \/>\n\t<meta property=\"og:image:type\" content=\"image\/jpeg\" \/>\n<meta name=\"twitter:card\" content=\"summary_large_image\" \/>\n<script type=\"application\/ld+json\" class=\"yoast-schema-graph\">{\"@context\":\"https:\/\/schema.org\",\"@graph\":[{\"@type\":\"WebSite\",\"@id\":\"https:\/\/www.toursbahia.com.br\/#website\",\"url\":\"https:\/\/www.toursbahia.com.br\/\",\"name\":\"Tours Bahia\",\"description\":\"\",\"potentialAction\":[{\"@type\":\"SearchAction\",\"target\":{\"@type\":\"EntryPoint\",\"urlTemplate\":\"https:\/\/www.toursbahia.com.br\/?s={search_term_string}\"},\"query-input\":\"required name=search_term_string\"}],\"inLanguage\":\"de-DE\"},{\"@type\":\"ImageObject\",\"inLanguage\":\"de-DE\",\"@id\":\"https:\/\/www.toursbahia.com.br\/de\/loja\/ausfluge\/canopy-und-zipline-in-itacare-ausfluge\/#primaryimage\",\"url\":\"https:\/\/www.toursbahia.com.br\/wp-content\/uploads\/2018\/12\/Arvorismo-e-Tirolesa-em-Itacar\u00e9-Foto-04.jpg\",\"contentUrl\":\"https:\/\/www.toursbahia.com.br\/wp-content\/uploads\/2018\/12\/Arvorismo-e-Tirolesa-em-Itacar\u00e9-Foto-04.jpg\",\"width\":900,\"height\":550},{\"@type\":\"WebPage\",\"@id\":\"https:\/\/www.toursbahia.com.br\/de\/loja\/ausfluge\/canopy-und-zipline-in-itacare-ausfluge\/\",\"url\":\"https:\/\/www.toursbahia.com.br\/de\/loja\/ausfluge\/canopy-und-zipline-in-itacare-ausfluge\/\",\"name\":\"Canopy und Zipline in Itacar\u00e9 - Ausfl\u00fcge - Tours Bahia\",\"isPartOf\":{\"@id\":\"https:\/\/www.toursbahia.com.br\/#website\"},\"primaryImageOfPage\":{\"@id\":\"https:\/\/www.toursbahia.com.br\/de\/loja\/ausfluge\/canopy-und-zipline-in-itacare-ausfluge\/#primaryimage\"},\"datePublished\":\"2019-01-21T17:27:43+00:00\",\"dateModified\":\"2025-06-06T18:48:07+00:00\",\"breadcrumb\":{\"@id\":\"https:\/\/www.toursbahia.com.br\/de\/loja\/ausfluge\/canopy-und-zipline-in-itacare-ausfluge\/#breadcrumb\"},\"inLanguage\":\"de-DE\",\"potentialAction\":[{\"@type\":\"ReadAction\",\"target\":[\"https:\/\/www.toursbahia.com.br\/de\/loja\/ausfluge\/canopy-und-zipline-in-itacare-ausfluge\/\"]}]},{\"@type\":\"BreadcrumbList\",\"@id\":\"https:\/\/www.toursbahia.com.br\/de\/loja\/ausfluge\/canopy-und-zipline-in-itacare-ausfluge\/#breadcrumb\",\"itemListElement\":[{\"@type\":\"ListItem\",\"position\":1,\"name\":\"In\u00edcio\",\"item\":\"https:\/\/www.toursbahia.com.br\/de\/\"},{\"@type\":\"ListItem\",\"position\":2,\"name\":\"Store\",\"item\":\"https:\/\/www.toursbahia.com.br\/de\/store-tours-bahia-internacional\/\"},{\"@type\":\"ListItem\",\"position\":3,\"name\":\"Canopy und Zipline in Itacar\u00e9 &#8211; Ausfl\u00fcge\"}]}]}<\/script>\n<!-- \/ Yoast SEO plugin. -->","yoast_head_json":{"title":"Canopy und Zipline in Itacar\u00e9 - Ausfl\u00fcge - Tours Bahia","robots":{"index":"index","follow":"follow","max-snippet":"max-snippet:-1","max-image-preview":"max-image-preview:large","max-video-preview":"max-video-preview:-1"},"canonical":"https:\/\/www.toursbahia.com.br\/de\/loja\/ausfluge\/canopy-und-zipline-in-itacare-ausfluge\/","og_locale":"de_DE","og_type":"article","og_title":"Canopy und Zipline in Itacar\u00e9 - Ausfl\u00fcge - Tours Bahia","og_description":"Ein Abenteuer in den Baumwipfeln des Atlantischen Regenwalds mit sch\u00f6ner Aussicht aufs Meer! Der Canopy besteht aus H\u00e4ngeseilbr\u00fccken, die mehrere B\u00e4ume miteinander verbinden und so eine akrobatische Strecke durch den Wald bilden. Aktivit\u00e4ten mit Trapezen, Fangnetzen und Ziplines (Seilrutschen) sind nur einige der Herausforderungen, denen Sie sich beim Canopy stellen m\u00fcssen. Zudem bekommen Sie w\u00e4hrend Ihrem Hochseil-Abenteuer die M\u00f6glichkeit, die Flora und Fauna von der H\u00f6he der Baumwipfel aus zu geniessen. Zu den etwa 20 Hindernissen geh\u00f6ren 7 Ziplines, deren H\u00f6henunterschied von 2 bis 50 m variiert. Die l\u00e4ngste davon ist die Mega-Zipline Ribeira mit ca. 280 m L\u00e4nge und 40 m H\u00f6henunterschied. Erfahrung wird nicht vorausgesetzt. Vor dem Beginn des Abenteuers bekommen Sie eine kurze Einweisung zur korrekten Verwendung der Ausr\u00fcstung auf einem 2 m hohen Seil.  Was Sie mitbringen sollten: Badesachen, Sonnencr\u00e8me, Fotoapparat, M\u00fcckenschutz. Joggingschuhe oder feste Sandalen sind Voraussetzung. Wir empfehlen T-Shirts und kurze Hosen.  Dauer ca. 2,5 Std.","og_url":"https:\/\/www.toursbahia.com.br\/de\/loja\/ausfluge\/canopy-und-zipline-in-itacare-ausfluge\/","og_site_name":"Tours Bahia","article_publisher":"https:\/\/www.facebook.com\/toursbahiainternational","article_modified_time":"2025-06-06T18:48:07+00:00","og_image":[{"width":900,"height":550,"url":"https:\/\/www.toursbahia.com.br\/wp-content\/uploads\/2018\/12\/Arvorismo-e-Tirolesa-em-Itacar\u00e9-Foto-04.jpg","type":"image\/jpeg"}],"twitter_card":"summary_large_image","schema":{"@context":"https:\/\/schema.org","@graph":[{"@type":"WebSite","@id":"https:\/\/www.toursbahia.com.br\/#website","url":"https:\/\/www.toursbahia.com.br\/","name":"Tours Bahia","description":"","potentialAction":[{"@type":"SearchAction","target":{"@type":"EntryPoint","urlTemplate":"https:\/\/www.toursbahia.com.br\/?s={search_term_string}"},"query-input":"required name=search_term_string"}],"inLanguage":"de-DE"},{"@type":"ImageObject","inLanguage":"de-DE","@id":"https:\/\/www.toursbahia.com.br\/de\/loja\/ausfluge\/canopy-und-zipline-in-itacare-ausfluge\/#primaryimage","url":"https:\/\/www.toursbahia.com.br\/wp-content\/uploads\/2018\/12\/Arvorismo-e-Tirolesa-em-Itacar\u00e9-Foto-04.jpg","contentUrl":"https:\/\/www.toursbahia.com.br\/wp-content\/uploads\/2018\/12\/Arvorismo-e-Tirolesa-em-Itacar\u00e9-Foto-04.jpg","width":900,"height":550},{"@type":"WebPage","@id":"https:\/\/www.toursbahia.com.br\/de\/loja\/ausfluge\/canopy-und-zipline-in-itacare-ausfluge\/","url":"https:\/\/www.toursbahia.com.br\/de\/loja\/ausfluge\/canopy-und-zipline-in-itacare-ausfluge\/","name":"Canopy und Zipline in Itacar\u00e9 - Ausfl\u00fcge - Tours Bahia","isPartOf":{"@id":"https:\/\/www.toursbahia.com.br\/#website"},"primaryImageOfPage":{"@id":"https:\/\/www.toursbahia.com.br\/de\/loja\/ausfluge\/canopy-und-zipline-in-itacare-ausfluge\/#primaryimage"},"datePublished":"2019-01-21T17:27:43+00:00","dateModified":"2025-06-06T18:48:07+00:00","breadcrumb":{"@id":"https:\/\/www.toursbahia.com.br\/de\/loja\/ausfluge\/canopy-und-zipline-in-itacare-ausfluge\/#breadcrumb"},"inLanguage":"de-DE","potentialAction":[{"@type":"ReadAction","target":["https:\/\/www.toursbahia.com.br\/de\/loja\/ausfluge\/canopy-und-zipline-in-itacare-ausfluge\/"]}]},{"@type":"BreadcrumbList","@id":"https:\/\/www.toursbahia.com.br\/de\/loja\/ausfluge\/canopy-und-zipline-in-itacare-ausfluge\/#breadcrumb","itemListElement":[{"@type":"ListItem","position":1,"name":"In\u00edcio","item":"https:\/\/www.toursbahia.com.br\/de\/"},{"@type":"ListItem","position":2,"name":"Store","item":"https:\/\/www.toursbahia.com.br\/de\/store-tours-bahia-internacional\/"},{"@type":"ListItem","position":3,"name":"Canopy und Zipline in Itacar\u00e9 &#8211; Ausfl\u00fcge"}]}]}},"_links":{"self":[{"href":"https:\/\/www.toursbahia.com.br\/de\/wp-json\/wp\/v2\/product\/3504"}],"collection":[{"href":"https:\/\/www.toursbahia.com.br\/de\/wp-json\/wp\/v2\/product"}],"about":[{"href":"https:\/\/www.toursbahia.com.br\/de\/wp-json\/wp\/v2\/types\/product"}],"replies":[{"embeddable":true,"href":"https:\/\/www.toursbahia.com.br\/de\/wp-json\/wp\/v2\/comments?post=3504"}],"wp:featuredmedia":[{"embeddable":true,"href":"https:\/\/www.toursbahia.com.br\/de\/wp-json\/wp\/v2\/media\/2296"}],"wp:attachment":[{"href":"https:\/\/www.toursbahia.com.br\/de\/wp-json\/wp\/v2\/media?parent=3504"}],"wp:term":[{"taxonomy":"product_cat","embeddable":true,"href":"https:\/\/www.toursbahia.com.br\/de\/wp-json\/wp\/v2\/product_cat?post=3504"},{"taxonomy":"product_tag","embeddable":true,"href":"https:\/\/www.toursbahia.com.br\/de\/wp-json\/wp\/v2\/product_tag?post=3504"}],"curies":[{"name":"wp","href":"https:\/\/api.w.org\/{rel}","templated":true}]}}