{"id":3507,"date":"2019-01-21T15:23:43","date_gmt":"2019-01-21T17:23:43","guid":{"rendered":"https:\/\/www.toursbahia.com.br\/\/produto\/unkategorisiert\/praia-da-engenhoca-com-cachoeira-de-tijuipe-passeio\/"},"modified":"2025-05-31T17:51:57","modified_gmt":"2025-05-31T20:51:57","slug":"engenhoca-strand-und-tijuipe-wasserfall-ausfluge","status":"publish","type":"product","link":"https:\/\/www.toursbahia.com.br\/de\/loja\/ausfluge\/engenhoca-strand-und-tijuipe-wasserfall-ausfluge\/","title":{"rendered":"Engenhoca-Strand und Tiju\u00edpe-Wasserfall &#8211; Ausfl\u00fcge"},"content":{"rendered":"","protected":false},"excerpt":{"rendered":"<p>Engenhoca ist ein traumhafter und fast menschenleerer Strand, umgeben vom Atlantischen Regenwald. Mit seinem paradiesischen Aussehen ein Ort, den Sie nicht verpassen sollten. Der Weg zum Strand gilt als einer der sch\u00f6nsten Itacar\u00e9s und bietet mehrere Aussichtspunkte, von denen Sie die felsige K\u00fcste und das Meer sehen k\u00f6nnen. Die ca. 30-min\u00fctige Wanderung f\u00fchrt vorbei an vielen Palmen und dichtem Regenwald. Nur der Bau eines Luxusresorts, das nie fertiggestellt wurde, hat den Charakter ein wenig ver\u00e4ndert. Die atemberaubende Natur ist jedoch weiterhin reizvoll und imposant. Nach einem angenehmen Strandaufenthalt gehen wir weiter zum Wasserfall Tijuipe, um in seinem klaren Wasser zu baden. Mit seinen 15 m Breite und einer Vielzahl von Stromschnellen und nat\u00fcrlichen Pools ist eine Erfrischung garantiert! Neben der F\u00fclle an typischen Pflanzen des Atlantischen Regenwaldes gibt es an diesem Ort auch hervorragende Restaurants.<\/p>\n<p>Dauer ca. 7 Std.<\/p>\n","protected":false},"featured_media":2251,"comment_status":"open","ping_status":"closed","template":"","meta":[],"product_cat":[835,836,854,849],"product_tag":[],"yoast_head":"<!-- This site is optimized with the Yoast SEO plugin v19.3 - https:\/\/yoast.com\/wordpress\/plugins\/seo\/ -->\n<title>Engenhoca-Strand und Tiju\u00edpe-Wasserfall - Ausfl\u00fcge - Tours Bahia<\/title>\n<meta name=\"robots\" content=\"index, follow, max-snippet:-1, max-image-preview:large, max-video-preview:-1\" \/>\n<link rel=\"canonical\" href=\"https:\/\/www.toursbahia.com.br\/de\/loja\/ausfluge\/engenhoca-strand-und-tijuipe-wasserfall-ausfluge\/\" \/>\n<meta property=\"og:locale\" content=\"de_DE\" \/>\n<meta property=\"og:type\" content=\"article\" \/>\n<meta property=\"og:title\" content=\"Engenhoca-Strand und Tiju\u00edpe-Wasserfall - Ausfl\u00fcge - Tours Bahia\" \/>\n<meta property=\"og:description\" content=\"Engenhoca ist ein traumhafter und fast menschenleerer Strand, umgeben vom Atlantischen Regenwald. Mit seinem paradiesischen Aussehen ein Ort, den Sie nicht verpassen sollten. Der Weg zum Strand gilt als einer der sch\u00f6nsten Itacar\u00e9s und bietet mehrere Aussichtspunkte, von denen Sie die felsige K\u00fcste und das Meer sehen k\u00f6nnen. Die ca. 30-min\u00fctige Wanderung f\u00fchrt vorbei an vielen Palmen und dichtem Regenwald. Nur der Bau eines Luxusresorts, das nie fertiggestellt wurde, hat den Charakter ein wenig ver\u00e4ndert. Die atemberaubende Natur ist jedoch weiterhin reizvoll und imposant. Nach einem angenehmen Strandaufenthalt gehen wir weiter zum Wasserfall Tijuipe, um in seinem klaren Wasser zu baden. Mit seinen 15 m Breite und einer Vielzahl von Stromschnellen und nat\u00fcrlichen Pools ist eine Erfrischung garantiert! Neben der F\u00fclle an typischen Pflanzen des Atlantischen Regenwaldes gibt es an diesem Ort auch hervorragende Restaurants.  Dauer ca. 7 Std.\" \/>\n<meta property=\"og:url\" content=\"https:\/\/www.toursbahia.com.br\/de\/loja\/ausfluge\/engenhoca-strand-und-tijuipe-wasserfall-ausfluge\/\" \/>\n<meta property=\"og:site_name\" content=\"Tours Bahia\" \/>\n<meta property=\"article:publisher\" content=\"https:\/\/www.facebook.com\/toursbahiainternational\" \/>\n<meta property=\"article:modified_time\" content=\"2025-05-31T20:51:57+00:00\" \/>\n<meta property=\"og:image\" content=\"https:\/\/www.toursbahia.com.br\/wp-content\/uploads\/2018\/12\/Praia-da-Engenhoca-com-Cachoeira-de-Tiju\u00edpe-Foto-03.jpg\" \/>\n\t<meta property=\"og:image:width\" content=\"900\" \/>\n\t<meta property=\"og:image:height\" content=\"550\" \/>\n\t<meta property=\"og:image:type\" content=\"image\/jpeg\" \/>\n<meta name=\"twitter:card\" content=\"summary_large_image\" \/>\n<script type=\"application\/ld+json\" class=\"yoast-schema-graph\">{\"@context\":\"https:\/\/schema.org\",\"@graph\":[{\"@type\":\"WebSite\",\"@id\":\"https:\/\/www.toursbahia.com.br\/#website\",\"url\":\"https:\/\/www.toursbahia.com.br\/\",\"name\":\"Tours Bahia\",\"description\":\"\",\"potentialAction\":[{\"@type\":\"SearchAction\",\"target\":{\"@type\":\"EntryPoint\",\"urlTemplate\":\"https:\/\/www.toursbahia.com.br\/?s={search_term_string}\"},\"query-input\":\"required name=search_term_string\"}],\"inLanguage\":\"de-DE\"},{\"@type\":\"ImageObject\",\"inLanguage\":\"de-DE\",\"@id\":\"https:\/\/www.toursbahia.com.br\/de\/loja\/ausfluge\/engenhoca-strand-und-tijuipe-wasserfall-ausfluge\/#primaryimage\",\"url\":\"https:\/\/www.toursbahia.com.br\/wp-content\/uploads\/2018\/12\/Praia-da-Engenhoca-com-Cachoeira-de-Tiju\u00edpe-Foto-03.jpg\",\"contentUrl\":\"https:\/\/www.toursbahia.com.br\/wp-content\/uploads\/2018\/12\/Praia-da-Engenhoca-com-Cachoeira-de-Tiju\u00edpe-Foto-03.jpg\",\"width\":900,\"height\":550},{\"@type\":\"WebPage\",\"@id\":\"https:\/\/www.toursbahia.com.br\/de\/loja\/ausfluge\/engenhoca-strand-und-tijuipe-wasserfall-ausfluge\/\",\"url\":\"https:\/\/www.toursbahia.com.br\/de\/loja\/ausfluge\/engenhoca-strand-und-tijuipe-wasserfall-ausfluge\/\",\"name\":\"Engenhoca-Strand und Tiju\u00edpe-Wasserfall - Ausfl\u00fcge - Tours Bahia\",\"isPartOf\":{\"@id\":\"https:\/\/www.toursbahia.com.br\/#website\"},\"primaryImageOfPage\":{\"@id\":\"https:\/\/www.toursbahia.com.br\/de\/loja\/ausfluge\/engenhoca-strand-und-tijuipe-wasserfall-ausfluge\/#primaryimage\"},\"datePublished\":\"2019-01-21T17:23:43+00:00\",\"dateModified\":\"2025-05-31T20:51:57+00:00\",\"breadcrumb\":{\"@id\":\"https:\/\/www.toursbahia.com.br\/de\/loja\/ausfluge\/engenhoca-strand-und-tijuipe-wasserfall-ausfluge\/#breadcrumb\"},\"inLanguage\":\"de-DE\",\"potentialAction\":[{\"@type\":\"ReadAction\",\"target\":[\"https:\/\/www.toursbahia.com.br\/de\/loja\/ausfluge\/engenhoca-strand-und-tijuipe-wasserfall-ausfluge\/\"]}]},{\"@type\":\"BreadcrumbList\",\"@id\":\"https:\/\/www.toursbahia.com.br\/de\/loja\/ausfluge\/engenhoca-strand-und-tijuipe-wasserfall-ausfluge\/#breadcrumb\",\"itemListElement\":[{\"@type\":\"ListItem\",\"position\":1,\"name\":\"In\u00edcio\",\"item\":\"https:\/\/www.toursbahia.com.br\/de\/\"},{\"@type\":\"ListItem\",\"position\":2,\"name\":\"Store\",\"item\":\"https:\/\/www.toursbahia.com.br\/de\/store-tours-bahia-internacional\/\"},{\"@type\":\"ListItem\",\"position\":3,\"name\":\"Engenhoca-Strand und Tiju\u00edpe-Wasserfall &#8211; Ausfl\u00fcge\"}]}]}<\/script>\n<!-- \/ Yoast SEO plugin. -->","yoast_head_json":{"title":"Engenhoca-Strand und Tiju\u00edpe-Wasserfall - Ausfl\u00fcge - Tours Bahia","robots":{"index":"index","follow":"follow","max-snippet":"max-snippet:-1","max-image-preview":"max-image-preview:large","max-video-preview":"max-video-preview:-1"},"canonical":"https:\/\/www.toursbahia.com.br\/de\/loja\/ausfluge\/engenhoca-strand-und-tijuipe-wasserfall-ausfluge\/","og_locale":"de_DE","og_type":"article","og_title":"Engenhoca-Strand und Tiju\u00edpe-Wasserfall - Ausfl\u00fcge - Tours Bahia","og_description":"Engenhoca ist ein traumhafter und fast menschenleerer Strand, umgeben vom Atlantischen Regenwald. Mit seinem paradiesischen Aussehen ein Ort, den Sie nicht verpassen sollten. Der Weg zum Strand gilt als einer der sch\u00f6nsten Itacar\u00e9s und bietet mehrere Aussichtspunkte, von denen Sie die felsige K\u00fcste und das Meer sehen k\u00f6nnen. Die ca. 30-min\u00fctige Wanderung f\u00fchrt vorbei an vielen Palmen und dichtem Regenwald. Nur der Bau eines Luxusresorts, das nie fertiggestellt wurde, hat den Charakter ein wenig ver\u00e4ndert. Die atemberaubende Natur ist jedoch weiterhin reizvoll und imposant. Nach einem angenehmen Strandaufenthalt gehen wir weiter zum Wasserfall Tijuipe, um in seinem klaren Wasser zu baden. Mit seinen 15 m Breite und einer Vielzahl von Stromschnellen und nat\u00fcrlichen Pools ist eine Erfrischung garantiert! Neben der F\u00fclle an typischen Pflanzen des Atlantischen Regenwaldes gibt es an diesem Ort auch hervorragende Restaurants.  Dauer ca. 7 Std.","og_url":"https:\/\/www.toursbahia.com.br\/de\/loja\/ausfluge\/engenhoca-strand-und-tijuipe-wasserfall-ausfluge\/","og_site_name":"Tours Bahia","article_publisher":"https:\/\/www.facebook.com\/toursbahiainternational","article_modified_time":"2025-05-31T20:51:57+00:00","og_image":[{"width":900,"height":550,"url":"https:\/\/www.toursbahia.com.br\/wp-content\/uploads\/2018\/12\/Praia-da-Engenhoca-com-Cachoeira-de-Tiju\u00edpe-Foto-03.jpg","type":"image\/jpeg"}],"twitter_card":"summary_large_image","schema":{"@context":"https:\/\/schema.org","@graph":[{"@type":"WebSite","@id":"https:\/\/www.toursbahia.com.br\/#website","url":"https:\/\/www.toursbahia.com.br\/","name":"Tours Bahia","description":"","potentialAction":[{"@type":"SearchAction","target":{"@type":"EntryPoint","urlTemplate":"https:\/\/www.toursbahia.com.br\/?s={search_term_string}"},"query-input":"required name=search_term_string"}],"inLanguage":"de-DE"},{"@type":"ImageObject","inLanguage":"de-DE","@id":"https:\/\/www.toursbahia.com.br\/de\/loja\/ausfluge\/engenhoca-strand-und-tijuipe-wasserfall-ausfluge\/#primaryimage","url":"https:\/\/www.toursbahia.com.br\/wp-content\/uploads\/2018\/12\/Praia-da-Engenhoca-com-Cachoeira-de-Tiju\u00edpe-Foto-03.jpg","contentUrl":"https:\/\/www.toursbahia.com.br\/wp-content\/uploads\/2018\/12\/Praia-da-Engenhoca-com-Cachoeira-de-Tiju\u00edpe-Foto-03.jpg","width":900,"height":550},{"@type":"WebPage","@id":"https:\/\/www.toursbahia.com.br\/de\/loja\/ausfluge\/engenhoca-strand-und-tijuipe-wasserfall-ausfluge\/","url":"https:\/\/www.toursbahia.com.br\/de\/loja\/ausfluge\/engenhoca-strand-und-tijuipe-wasserfall-ausfluge\/","name":"Engenhoca-Strand und Tiju\u00edpe-Wasserfall - Ausfl\u00fcge - Tours Bahia","isPartOf":{"@id":"https:\/\/www.toursbahia.com.br\/#website"},"primaryImageOfPage":{"@id":"https:\/\/www.toursbahia.com.br\/de\/loja\/ausfluge\/engenhoca-strand-und-tijuipe-wasserfall-ausfluge\/#primaryimage"},"datePublished":"2019-01-21T17:23:43+00:00","dateModified":"2025-05-31T20:51:57+00:00","breadcrumb":{"@id":"https:\/\/www.toursbahia.com.br\/de\/loja\/ausfluge\/engenhoca-strand-und-tijuipe-wasserfall-ausfluge\/#breadcrumb"},"inLanguage":"de-DE","potentialAction":[{"@type":"ReadAction","target":["https:\/\/www.toursbahia.com.br\/de\/loja\/ausfluge\/engenhoca-strand-und-tijuipe-wasserfall-ausfluge\/"]}]},{"@type":"BreadcrumbList","@id":"https:\/\/www.toursbahia.com.br\/de\/loja\/ausfluge\/engenhoca-strand-und-tijuipe-wasserfall-ausfluge\/#breadcrumb","itemListElement":[{"@type":"ListItem","position":1,"name":"In\u00edcio","item":"https:\/\/www.toursbahia.com.br\/de\/"},{"@type":"ListItem","position":2,"name":"Store","item":"https:\/\/www.toursbahia.com.br\/de\/store-tours-bahia-internacional\/"},{"@type":"ListItem","position":3,"name":"Engenhoca-Strand und Tiju\u00edpe-Wasserfall &#8211; Ausfl\u00fcge"}]}]}},"_links":{"self":[{"href":"https:\/\/www.toursbahia.com.br\/de\/wp-json\/wp\/v2\/product\/3507"}],"collection":[{"href":"https:\/\/www.toursbahia.com.br\/de\/wp-json\/wp\/v2\/product"}],"about":[{"href":"https:\/\/www.toursbahia.com.br\/de\/wp-json\/wp\/v2\/types\/product"}],"replies":[{"embeddable":true,"href":"https:\/\/www.toursbahia.com.br\/de\/wp-json\/wp\/v2\/comments?post=3507"}],"wp:featuredmedia":[{"embeddable":true,"href":"https:\/\/www.toursbahia.com.br\/de\/wp-json\/wp\/v2\/media\/2251"}],"wp:attachment":[{"href":"https:\/\/www.toursbahia.com.br\/de\/wp-json\/wp\/v2\/media?parent=3507"}],"wp:term":[{"taxonomy":"product_cat","embeddable":true,"href":"https:\/\/www.toursbahia.com.br\/de\/wp-json\/wp\/v2\/product_cat?post=3507"},{"taxonomy":"product_tag","embeddable":true,"href":"https:\/\/www.toursbahia.com.br\/de\/wp-json\/wp\/v2\/product_tag?post=3507"}],"curies":[{"name":"wp","href":"https:\/\/api.w.org\/{rel}","templated":true}]}}