{"id":3510,"date":"2019-01-21T15:21:17","date_gmt":"2019-01-21T17:21:17","guid":{"rendered":"https:\/\/www.toursbahia.com.br\/\/produto\/unkategorisiert\/trekking-pelas-quatro-praias-mais-lindas-de-itacare-passeio\/"},"modified":"2025-05-30T17:30:24","modified_gmt":"2025-05-30T20:30:24","slug":"trekking-zu-den-vier-schonsten-stranden-von-itacare-ausfluge","status":"publish","type":"product","link":"https:\/\/www.toursbahia.com.br\/de\/loja\/ausfluge\/trekking-zu-den-vier-schonsten-stranden-von-itacare-ausfluge\/","title":{"rendered":"Trekking zu den vier sch\u00f6nsten Str\u00e4nden von Itacar\u00e9 &#8211; Ausfl\u00fcge"},"content":{"rendered":"","protected":false},"excerpt":{"rendered":"<p>Auf einer Wanderung durch den Atlantischen Regenwald erreichen wir vier unber\u00fchrte und paradiesische Str\u00e4nde. Das Abenteuer beginnt beim Hava\u00edzinho, einem Strand mit einzigartigem Charme, wo Sie sich wie im tropischen Eden f\u00fchlen werden! Wir folgen dem Pfad weitere 30 Minuten und erreichen den fast menschenleeren Strand Engenhoca, mit seinen perfekten Wellen ein Paradies f\u00fcr Surfer, wo das smaragdgr\u00fcne Meer mit der \u00fcppigen Vegetation zu verschmelzen scheint. Weiter geht es zum Strand Camboinha, wo ein kleiner Wasserfall mit S\u00fcsswasser uns besonders an heissen Tagen eine herrliche Erfrischung erm\u00f6glicht und wir unsere Energien aufladen k\u00f6nnen, bevor wir zum breiten und komfortablen Strand Itacar\u00e9zinho kommen. Dieser ist der einzige der vier Str\u00e4nde mit einer Infrastruktur wie kleinen H\u00fctten und Restaurants.<\/p>\n<p>Dauer ca. 6 Std.<\/p>\n","protected":false},"featured_media":2842,"comment_status":"open","ping_status":"closed","template":"","meta":[],"product_cat":[835,836,849,856],"product_tag":[],"yoast_head":"<!-- This site is optimized with the Yoast SEO plugin v19.3 - https:\/\/yoast.com\/wordpress\/plugins\/seo\/ -->\n<title>Trekking zu den vier sch\u00f6nsten Str\u00e4nden von Itacar\u00e9 - Ausfl\u00fcge - Tours Bahia<\/title>\n<meta name=\"robots\" content=\"index, follow, max-snippet:-1, max-image-preview:large, max-video-preview:-1\" \/>\n<link rel=\"canonical\" href=\"https:\/\/www.toursbahia.com.br\/de\/loja\/ausfluge\/trekking-zu-den-vier-schonsten-stranden-von-itacare-ausfluge\/\" \/>\n<meta property=\"og:locale\" content=\"de_DE\" \/>\n<meta property=\"og:type\" content=\"article\" \/>\n<meta property=\"og:title\" content=\"Trekking zu den vier sch\u00f6nsten Str\u00e4nden von Itacar\u00e9 - Ausfl\u00fcge - Tours Bahia\" \/>\n<meta property=\"og:description\" content=\"Auf einer Wanderung durch den Atlantischen Regenwald erreichen wir vier unber\u00fchrte und paradiesische Str\u00e4nde. Das Abenteuer beginnt beim Hava\u00edzinho, einem Strand mit einzigartigem Charme, wo Sie sich wie im tropischen Eden f\u00fchlen werden! Wir folgen dem Pfad weitere 30 Minuten und erreichen den fast menschenleeren Strand Engenhoca, mit seinen perfekten Wellen ein Paradies f\u00fcr Surfer, wo das smaragdgr\u00fcne Meer mit der \u00fcppigen Vegetation zu verschmelzen scheint. Weiter geht es zum Strand Camboinha, wo ein kleiner Wasserfall mit S\u00fcsswasser uns besonders an heissen Tagen eine herrliche Erfrischung erm\u00f6glicht und wir unsere Energien aufladen k\u00f6nnen, bevor wir zum breiten und komfortablen Strand Itacar\u00e9zinho kommen. Dieser ist der einzige der vier Str\u00e4nde mit einer Infrastruktur wie kleinen H\u00fctten und Restaurants.  Dauer ca. 6 Std.\" \/>\n<meta property=\"og:url\" content=\"https:\/\/www.toursbahia.com.br\/de\/loja\/ausfluge\/trekking-zu-den-vier-schonsten-stranden-von-itacare-ausfluge\/\" \/>\n<meta property=\"og:site_name\" content=\"Tours Bahia\" \/>\n<meta property=\"article:publisher\" content=\"https:\/\/www.facebook.com\/toursbahiainternational\" \/>\n<meta property=\"article:modified_time\" content=\"2025-05-30T20:30:24+00:00\" \/>\n<meta property=\"og:image\" content=\"https:\/\/www.toursbahia.com.br\/wp-content\/uploads\/2018\/12\/Trekking-pelas-quatro-praias-mais-lindas-de-Itacar\u00e9-Foto-04.jpg\" \/>\n\t<meta property=\"og:image:width\" content=\"900\" \/>\n\t<meta property=\"og:image:height\" content=\"550\" \/>\n\t<meta property=\"og:image:type\" content=\"image\/jpeg\" \/>\n<meta name=\"twitter:card\" content=\"summary_large_image\" \/>\n<script type=\"application\/ld+json\" class=\"yoast-schema-graph\">{\"@context\":\"https:\/\/schema.org\",\"@graph\":[{\"@type\":\"WebSite\",\"@id\":\"https:\/\/www.toursbahia.com.br\/#website\",\"url\":\"https:\/\/www.toursbahia.com.br\/\",\"name\":\"Tours Bahia\",\"description\":\"\",\"potentialAction\":[{\"@type\":\"SearchAction\",\"target\":{\"@type\":\"EntryPoint\",\"urlTemplate\":\"https:\/\/www.toursbahia.com.br\/?s={search_term_string}\"},\"query-input\":\"required name=search_term_string\"}],\"inLanguage\":\"de-DE\"},{\"@type\":\"ImageObject\",\"inLanguage\":\"de-DE\",\"@id\":\"https:\/\/www.toursbahia.com.br\/de\/loja\/ausfluge\/trekking-zu-den-vier-schonsten-stranden-von-itacare-ausfluge\/#primaryimage\",\"url\":\"https:\/\/www.toursbahia.com.br\/wp-content\/uploads\/2018\/12\/Trekking-pelas-quatro-praias-mais-lindas-de-Itacar\u00e9-Foto-04.jpg\",\"contentUrl\":\"https:\/\/www.toursbahia.com.br\/wp-content\/uploads\/2018\/12\/Trekking-pelas-quatro-praias-mais-lindas-de-Itacar\u00e9-Foto-04.jpg\",\"width\":900,\"height\":550},{\"@type\":\"WebPage\",\"@id\":\"https:\/\/www.toursbahia.com.br\/de\/loja\/ausfluge\/trekking-zu-den-vier-schonsten-stranden-von-itacare-ausfluge\/\",\"url\":\"https:\/\/www.toursbahia.com.br\/de\/loja\/ausfluge\/trekking-zu-den-vier-schonsten-stranden-von-itacare-ausfluge\/\",\"name\":\"Trekking zu den vier sch\u00f6nsten Str\u00e4nden von Itacar\u00e9 - Ausfl\u00fcge - Tours Bahia\",\"isPartOf\":{\"@id\":\"https:\/\/www.toursbahia.com.br\/#website\"},\"primaryImageOfPage\":{\"@id\":\"https:\/\/www.toursbahia.com.br\/de\/loja\/ausfluge\/trekking-zu-den-vier-schonsten-stranden-von-itacare-ausfluge\/#primaryimage\"},\"datePublished\":\"2019-01-21T17:21:17+00:00\",\"dateModified\":\"2025-05-30T20:30:24+00:00\",\"breadcrumb\":{\"@id\":\"https:\/\/www.toursbahia.com.br\/de\/loja\/ausfluge\/trekking-zu-den-vier-schonsten-stranden-von-itacare-ausfluge\/#breadcrumb\"},\"inLanguage\":\"de-DE\",\"potentialAction\":[{\"@type\":\"ReadAction\",\"target\":[\"https:\/\/www.toursbahia.com.br\/de\/loja\/ausfluge\/trekking-zu-den-vier-schonsten-stranden-von-itacare-ausfluge\/\"]}]},{\"@type\":\"BreadcrumbList\",\"@id\":\"https:\/\/www.toursbahia.com.br\/de\/loja\/ausfluge\/trekking-zu-den-vier-schonsten-stranden-von-itacare-ausfluge\/#breadcrumb\",\"itemListElement\":[{\"@type\":\"ListItem\",\"position\":1,\"name\":\"In\u00edcio\",\"item\":\"https:\/\/www.toursbahia.com.br\/de\/\"},{\"@type\":\"ListItem\",\"position\":2,\"name\":\"Store\",\"item\":\"https:\/\/www.toursbahia.com.br\/de\/store-tours-bahia-internacional\/\"},{\"@type\":\"ListItem\",\"position\":3,\"name\":\"Trekking zu den vier sch\u00f6nsten Str\u00e4nden von Itacar\u00e9 &#8211; Ausfl\u00fcge\"}]}]}<\/script>\n<!-- \/ Yoast SEO plugin. -->","yoast_head_json":{"title":"Trekking zu den vier sch\u00f6nsten Str\u00e4nden von Itacar\u00e9 - Ausfl\u00fcge - Tours Bahia","robots":{"index":"index","follow":"follow","max-snippet":"max-snippet:-1","max-image-preview":"max-image-preview:large","max-video-preview":"max-video-preview:-1"},"canonical":"https:\/\/www.toursbahia.com.br\/de\/loja\/ausfluge\/trekking-zu-den-vier-schonsten-stranden-von-itacare-ausfluge\/","og_locale":"de_DE","og_type":"article","og_title":"Trekking zu den vier sch\u00f6nsten Str\u00e4nden von Itacar\u00e9 - Ausfl\u00fcge - Tours Bahia","og_description":"Auf einer Wanderung durch den Atlantischen Regenwald erreichen wir vier unber\u00fchrte und paradiesische Str\u00e4nde. Das Abenteuer beginnt beim Hava\u00edzinho, einem Strand mit einzigartigem Charme, wo Sie sich wie im tropischen Eden f\u00fchlen werden! Wir folgen dem Pfad weitere 30 Minuten und erreichen den fast menschenleeren Strand Engenhoca, mit seinen perfekten Wellen ein Paradies f\u00fcr Surfer, wo das smaragdgr\u00fcne Meer mit der \u00fcppigen Vegetation zu verschmelzen scheint. Weiter geht es zum Strand Camboinha, wo ein kleiner Wasserfall mit S\u00fcsswasser uns besonders an heissen Tagen eine herrliche Erfrischung erm\u00f6glicht und wir unsere Energien aufladen k\u00f6nnen, bevor wir zum breiten und komfortablen Strand Itacar\u00e9zinho kommen. Dieser ist der einzige der vier Str\u00e4nde mit einer Infrastruktur wie kleinen H\u00fctten und Restaurants.  Dauer ca. 6 Std.","og_url":"https:\/\/www.toursbahia.com.br\/de\/loja\/ausfluge\/trekking-zu-den-vier-schonsten-stranden-von-itacare-ausfluge\/","og_site_name":"Tours Bahia","article_publisher":"https:\/\/www.facebook.com\/toursbahiainternational","article_modified_time":"2025-05-30T20:30:24+00:00","og_image":[{"width":900,"height":550,"url":"https:\/\/www.toursbahia.com.br\/wp-content\/uploads\/2018\/12\/Trekking-pelas-quatro-praias-mais-lindas-de-Itacar\u00e9-Foto-04.jpg","type":"image\/jpeg"}],"twitter_card":"summary_large_image","schema":{"@context":"https:\/\/schema.org","@graph":[{"@type":"WebSite","@id":"https:\/\/www.toursbahia.com.br\/#website","url":"https:\/\/www.toursbahia.com.br\/","name":"Tours Bahia","description":"","potentialAction":[{"@type":"SearchAction","target":{"@type":"EntryPoint","urlTemplate":"https:\/\/www.toursbahia.com.br\/?s={search_term_string}"},"query-input":"required name=search_term_string"}],"inLanguage":"de-DE"},{"@type":"ImageObject","inLanguage":"de-DE","@id":"https:\/\/www.toursbahia.com.br\/de\/loja\/ausfluge\/trekking-zu-den-vier-schonsten-stranden-von-itacare-ausfluge\/#primaryimage","url":"https:\/\/www.toursbahia.com.br\/wp-content\/uploads\/2018\/12\/Trekking-pelas-quatro-praias-mais-lindas-de-Itacar\u00e9-Foto-04.jpg","contentUrl":"https:\/\/www.toursbahia.com.br\/wp-content\/uploads\/2018\/12\/Trekking-pelas-quatro-praias-mais-lindas-de-Itacar\u00e9-Foto-04.jpg","width":900,"height":550},{"@type":"WebPage","@id":"https:\/\/www.toursbahia.com.br\/de\/loja\/ausfluge\/trekking-zu-den-vier-schonsten-stranden-von-itacare-ausfluge\/","url":"https:\/\/www.toursbahia.com.br\/de\/loja\/ausfluge\/trekking-zu-den-vier-schonsten-stranden-von-itacare-ausfluge\/","name":"Trekking zu den vier sch\u00f6nsten Str\u00e4nden von Itacar\u00e9 - Ausfl\u00fcge - Tours Bahia","isPartOf":{"@id":"https:\/\/www.toursbahia.com.br\/#website"},"primaryImageOfPage":{"@id":"https:\/\/www.toursbahia.com.br\/de\/loja\/ausfluge\/trekking-zu-den-vier-schonsten-stranden-von-itacare-ausfluge\/#primaryimage"},"datePublished":"2019-01-21T17:21:17+00:00","dateModified":"2025-05-30T20:30:24+00:00","breadcrumb":{"@id":"https:\/\/www.toursbahia.com.br\/de\/loja\/ausfluge\/trekking-zu-den-vier-schonsten-stranden-von-itacare-ausfluge\/#breadcrumb"},"inLanguage":"de-DE","potentialAction":[{"@type":"ReadAction","target":["https:\/\/www.toursbahia.com.br\/de\/loja\/ausfluge\/trekking-zu-den-vier-schonsten-stranden-von-itacare-ausfluge\/"]}]},{"@type":"BreadcrumbList","@id":"https:\/\/www.toursbahia.com.br\/de\/loja\/ausfluge\/trekking-zu-den-vier-schonsten-stranden-von-itacare-ausfluge\/#breadcrumb","itemListElement":[{"@type":"ListItem","position":1,"name":"In\u00edcio","item":"https:\/\/www.toursbahia.com.br\/de\/"},{"@type":"ListItem","position":2,"name":"Store","item":"https:\/\/www.toursbahia.com.br\/de\/store-tours-bahia-internacional\/"},{"@type":"ListItem","position":3,"name":"Trekking zu den vier sch\u00f6nsten Str\u00e4nden von Itacar\u00e9 &#8211; Ausfl\u00fcge"}]}]}},"_links":{"self":[{"href":"https:\/\/www.toursbahia.com.br\/de\/wp-json\/wp\/v2\/product\/3510"}],"collection":[{"href":"https:\/\/www.toursbahia.com.br\/de\/wp-json\/wp\/v2\/product"}],"about":[{"href":"https:\/\/www.toursbahia.com.br\/de\/wp-json\/wp\/v2\/types\/product"}],"replies":[{"embeddable":true,"href":"https:\/\/www.toursbahia.com.br\/de\/wp-json\/wp\/v2\/comments?post=3510"}],"wp:featuredmedia":[{"embeddable":true,"href":"https:\/\/www.toursbahia.com.br\/de\/wp-json\/wp\/v2\/media\/2842"}],"wp:attachment":[{"href":"https:\/\/www.toursbahia.com.br\/de\/wp-json\/wp\/v2\/media?parent=3510"}],"wp:term":[{"taxonomy":"product_cat","embeddable":true,"href":"https:\/\/www.toursbahia.com.br\/de\/wp-json\/wp\/v2\/product_cat?post=3510"},{"taxonomy":"product_tag","embeddable":true,"href":"https:\/\/www.toursbahia.com.br\/de\/wp-json\/wp\/v2\/product_tag?post=3510"}],"curies":[{"name":"wp","href":"https:\/\/api.w.org\/{rel}","templated":true}]}}