{"id":3513,"date":"2019-01-21T14:47:58","date_gmt":"2019-01-21T16:47:58","guid":{"rendered":"https:\/\/www.toursbahia.com.br\/\/produto\/unkategorisiert\/observacao-de-baleias-passeio\/"},"modified":"2025-06-05T15:32:45","modified_gmt":"2025-06-05T18:32:45","slug":"walbeobachtung-ausfluge","status":"publish","type":"product","link":"https:\/\/www.toursbahia.com.br\/de\/loja\/ausfluge\/walbeobachtung-ausfluge\/","title":{"rendered":"Walbeobachtung &#8211; Ausfl\u00fcge"},"content":{"rendered":"","protected":false},"excerpt":{"rendered":"<p>Dieser Ausflug beginnt mit einem 30- bis 40-min\u00fctigen Vortrag am Buckelwal-Institut in Praia do Forte. Anschliessend sind es ca. 10\u201315 Minuten zu Fuss bis zum Strand, wo bereits das Boot wartet. Von einem Reiseleiter f\u00fcr Meeresbiologie begleitet, starten Sie zur Beobachtung dieser riesigen S\u00e4ugetiere. Die Wahrscheinlichkeit einer Walsichtung liegt bei \u00fcber 90%! Sollte ausnahmsweise kein Wal zu sehen sein, wird der bezahlte Betrag nicht zur\u00fcckerstattet \u2013 daf\u00fcr besteht die M\u00f6glichkeit, den Ausflug an einem anderen Tag nochmals zu machen, sofern es Platz im Boot hat.<\/p>\n","protected":false},"featured_media":2926,"comment_status":"open","ping_status":"closed","template":"","meta":[],"product_cat":[835,836,860,865],"product_tag":[],"yoast_head":"<!-- This site is optimized with the Yoast SEO plugin v19.3 - https:\/\/yoast.com\/wordpress\/plugins\/seo\/ -->\n<title>Walbeobachtung - Ausfl\u00fcge - Tours Bahia<\/title>\n<meta name=\"robots\" content=\"index, follow, max-snippet:-1, max-image-preview:large, max-video-preview:-1\" \/>\n<link rel=\"canonical\" href=\"https:\/\/www.toursbahia.com.br\/de\/loja\/ausfluge\/walbeobachtung-ausfluge\/\" \/>\n<meta property=\"og:locale\" content=\"de_DE\" \/>\n<meta property=\"og:type\" content=\"article\" \/>\n<meta property=\"og:title\" content=\"Walbeobachtung - Ausfl\u00fcge - Tours Bahia\" \/>\n<meta property=\"og:description\" content=\"Dieser Ausflug beginnt mit einem 30- bis 40-min\u00fctigen Vortrag am Buckelwal-Institut in Praia do Forte. Anschliessend sind es ca. 10\u201315 Minuten zu Fuss bis zum Strand, wo bereits das Boot wartet. Von einem Reiseleiter f\u00fcr Meeresbiologie begleitet, starten Sie zur Beobachtung dieser riesigen S\u00e4ugetiere. Die Wahrscheinlichkeit einer Walsichtung liegt bei \u00fcber 90%! Sollte ausnahmsweise kein Wal zu sehen sein, wird der bezahlte Betrag nicht zur\u00fcckerstattet \u2013 daf\u00fcr besteht die M\u00f6glichkeit, den Ausflug an einem anderen Tag nochmals zu machen, sofern es Platz im Boot hat.\" \/>\n<meta property=\"og:url\" content=\"https:\/\/www.toursbahia.com.br\/de\/loja\/ausfluge\/walbeobachtung-ausfluge\/\" \/>\n<meta property=\"og:site_name\" content=\"Tours Bahia\" \/>\n<meta property=\"article:publisher\" content=\"https:\/\/www.facebook.com\/toursbahiainternational\" \/>\n<meta property=\"article:modified_time\" content=\"2025-06-05T18:32:45+00:00\" \/>\n<meta property=\"og:image\" content=\"https:\/\/www.toursbahia.com.br\/wp-content\/uploads\/2019\/01\/Observa\u00e7\u00e3o-de-Baleias-Foto-04.jpg\" \/>\n\t<meta property=\"og:image:width\" content=\"900\" \/>\n\t<meta property=\"og:image:height\" content=\"550\" \/>\n\t<meta property=\"og:image:type\" content=\"image\/jpeg\" \/>\n<meta name=\"twitter:card\" content=\"summary_large_image\" \/>\n<script type=\"application\/ld+json\" class=\"yoast-schema-graph\">{\"@context\":\"https:\/\/schema.org\",\"@graph\":[{\"@type\":\"WebSite\",\"@id\":\"https:\/\/www.toursbahia.com.br\/#website\",\"url\":\"https:\/\/www.toursbahia.com.br\/\",\"name\":\"Tours Bahia\",\"description\":\"\",\"potentialAction\":[{\"@type\":\"SearchAction\",\"target\":{\"@type\":\"EntryPoint\",\"urlTemplate\":\"https:\/\/www.toursbahia.com.br\/?s={search_term_string}\"},\"query-input\":\"required name=search_term_string\"}],\"inLanguage\":\"de-DE\"},{\"@type\":\"ImageObject\",\"inLanguage\":\"de-DE\",\"@id\":\"https:\/\/www.toursbahia.com.br\/de\/loja\/ausfluge\/walbeobachtung-ausfluge\/#primaryimage\",\"url\":\"https:\/\/www.toursbahia.com.br\/wp-content\/uploads\/2019\/01\/Observa\u00e7\u00e3o-de-Baleias-Foto-04.jpg\",\"contentUrl\":\"https:\/\/www.toursbahia.com.br\/wp-content\/uploads\/2019\/01\/Observa\u00e7\u00e3o-de-Baleias-Foto-04.jpg\",\"width\":900,\"height\":550},{\"@type\":\"WebPage\",\"@id\":\"https:\/\/www.toursbahia.com.br\/de\/loja\/ausfluge\/walbeobachtung-ausfluge\/\",\"url\":\"https:\/\/www.toursbahia.com.br\/de\/loja\/ausfluge\/walbeobachtung-ausfluge\/\",\"name\":\"Walbeobachtung - Ausfl\u00fcge - Tours Bahia\",\"isPartOf\":{\"@id\":\"https:\/\/www.toursbahia.com.br\/#website\"},\"primaryImageOfPage\":{\"@id\":\"https:\/\/www.toursbahia.com.br\/de\/loja\/ausfluge\/walbeobachtung-ausfluge\/#primaryimage\"},\"datePublished\":\"2019-01-21T16:47:58+00:00\",\"dateModified\":\"2025-06-05T18:32:45+00:00\",\"breadcrumb\":{\"@id\":\"https:\/\/www.toursbahia.com.br\/de\/loja\/ausfluge\/walbeobachtung-ausfluge\/#breadcrumb\"},\"inLanguage\":\"de-DE\",\"potentialAction\":[{\"@type\":\"ReadAction\",\"target\":[\"https:\/\/www.toursbahia.com.br\/de\/loja\/ausfluge\/walbeobachtung-ausfluge\/\"]}]},{\"@type\":\"BreadcrumbList\",\"@id\":\"https:\/\/www.toursbahia.com.br\/de\/loja\/ausfluge\/walbeobachtung-ausfluge\/#breadcrumb\",\"itemListElement\":[{\"@type\":\"ListItem\",\"position\":1,\"name\":\"In\u00edcio\",\"item\":\"https:\/\/www.toursbahia.com.br\/de\/\"},{\"@type\":\"ListItem\",\"position\":2,\"name\":\"Store\",\"item\":\"https:\/\/www.toursbahia.com.br\/de\/store-tours-bahia-internacional\/\"},{\"@type\":\"ListItem\",\"position\":3,\"name\":\"Walbeobachtung &#8211; Ausfl\u00fcge\"}]}]}<\/script>\n<!-- \/ Yoast SEO plugin. -->","yoast_head_json":{"title":"Walbeobachtung - Ausfl\u00fcge - Tours Bahia","robots":{"index":"index","follow":"follow","max-snippet":"max-snippet:-1","max-image-preview":"max-image-preview:large","max-video-preview":"max-video-preview:-1"},"canonical":"https:\/\/www.toursbahia.com.br\/de\/loja\/ausfluge\/walbeobachtung-ausfluge\/","og_locale":"de_DE","og_type":"article","og_title":"Walbeobachtung - Ausfl\u00fcge - Tours Bahia","og_description":"Dieser Ausflug beginnt mit einem 30- bis 40-min\u00fctigen Vortrag am Buckelwal-Institut in Praia do Forte. Anschliessend sind es ca. 10\u201315 Minuten zu Fuss bis zum Strand, wo bereits das Boot wartet. Von einem Reiseleiter f\u00fcr Meeresbiologie begleitet, starten Sie zur Beobachtung dieser riesigen S\u00e4ugetiere. Die Wahrscheinlichkeit einer Walsichtung liegt bei \u00fcber 90%! Sollte ausnahmsweise kein Wal zu sehen sein, wird der bezahlte Betrag nicht zur\u00fcckerstattet \u2013 daf\u00fcr besteht die M\u00f6glichkeit, den Ausflug an einem anderen Tag nochmals zu machen, sofern es Platz im Boot hat.","og_url":"https:\/\/www.toursbahia.com.br\/de\/loja\/ausfluge\/walbeobachtung-ausfluge\/","og_site_name":"Tours Bahia","article_publisher":"https:\/\/www.facebook.com\/toursbahiainternational","article_modified_time":"2025-06-05T18:32:45+00:00","og_image":[{"width":900,"height":550,"url":"https:\/\/www.toursbahia.com.br\/wp-content\/uploads\/2019\/01\/Observa\u00e7\u00e3o-de-Baleias-Foto-04.jpg","type":"image\/jpeg"}],"twitter_card":"summary_large_image","schema":{"@context":"https:\/\/schema.org","@graph":[{"@type":"WebSite","@id":"https:\/\/www.toursbahia.com.br\/#website","url":"https:\/\/www.toursbahia.com.br\/","name":"Tours Bahia","description":"","potentialAction":[{"@type":"SearchAction","target":{"@type":"EntryPoint","urlTemplate":"https:\/\/www.toursbahia.com.br\/?s={search_term_string}"},"query-input":"required name=search_term_string"}],"inLanguage":"de-DE"},{"@type":"ImageObject","inLanguage":"de-DE","@id":"https:\/\/www.toursbahia.com.br\/de\/loja\/ausfluge\/walbeobachtung-ausfluge\/#primaryimage","url":"https:\/\/www.toursbahia.com.br\/wp-content\/uploads\/2019\/01\/Observa\u00e7\u00e3o-de-Baleias-Foto-04.jpg","contentUrl":"https:\/\/www.toursbahia.com.br\/wp-content\/uploads\/2019\/01\/Observa\u00e7\u00e3o-de-Baleias-Foto-04.jpg","width":900,"height":550},{"@type":"WebPage","@id":"https:\/\/www.toursbahia.com.br\/de\/loja\/ausfluge\/walbeobachtung-ausfluge\/","url":"https:\/\/www.toursbahia.com.br\/de\/loja\/ausfluge\/walbeobachtung-ausfluge\/","name":"Walbeobachtung - Ausfl\u00fcge - Tours Bahia","isPartOf":{"@id":"https:\/\/www.toursbahia.com.br\/#website"},"primaryImageOfPage":{"@id":"https:\/\/www.toursbahia.com.br\/de\/loja\/ausfluge\/walbeobachtung-ausfluge\/#primaryimage"},"datePublished":"2019-01-21T16:47:58+00:00","dateModified":"2025-06-05T18:32:45+00:00","breadcrumb":{"@id":"https:\/\/www.toursbahia.com.br\/de\/loja\/ausfluge\/walbeobachtung-ausfluge\/#breadcrumb"},"inLanguage":"de-DE","potentialAction":[{"@type":"ReadAction","target":["https:\/\/www.toursbahia.com.br\/de\/loja\/ausfluge\/walbeobachtung-ausfluge\/"]}]},{"@type":"BreadcrumbList","@id":"https:\/\/www.toursbahia.com.br\/de\/loja\/ausfluge\/walbeobachtung-ausfluge\/#breadcrumb","itemListElement":[{"@type":"ListItem","position":1,"name":"In\u00edcio","item":"https:\/\/www.toursbahia.com.br\/de\/"},{"@type":"ListItem","position":2,"name":"Store","item":"https:\/\/www.toursbahia.com.br\/de\/store-tours-bahia-internacional\/"},{"@type":"ListItem","position":3,"name":"Walbeobachtung &#8211; Ausfl\u00fcge"}]}]}},"_links":{"self":[{"href":"https:\/\/www.toursbahia.com.br\/de\/wp-json\/wp\/v2\/product\/3513"}],"collection":[{"href":"https:\/\/www.toursbahia.com.br\/de\/wp-json\/wp\/v2\/product"}],"about":[{"href":"https:\/\/www.toursbahia.com.br\/de\/wp-json\/wp\/v2\/types\/product"}],"replies":[{"embeddable":true,"href":"https:\/\/www.toursbahia.com.br\/de\/wp-json\/wp\/v2\/comments?post=3513"}],"wp:featuredmedia":[{"embeddable":true,"href":"https:\/\/www.toursbahia.com.br\/de\/wp-json\/wp\/v2\/media\/2926"}],"wp:attachment":[{"href":"https:\/\/www.toursbahia.com.br\/de\/wp-json\/wp\/v2\/media?parent=3513"}],"wp:term":[{"taxonomy":"product_cat","embeddable":true,"href":"https:\/\/www.toursbahia.com.br\/de\/wp-json\/wp\/v2\/product_cat?post=3513"},{"taxonomy":"product_tag","embeddable":true,"href":"https:\/\/www.toursbahia.com.br\/de\/wp-json\/wp\/v2\/product_tag?post=3513"}],"curies":[{"name":"wp","href":"https:\/\/api.w.org\/{rel}","templated":true}]}}