{"id":3516,"date":"2019-01-21T14:46:06","date_gmt":"2019-01-21T16:46:06","guid":{"rendered":"https:\/\/www.toursbahia.com.br\/\/produto\/unkategorisiert\/jeep-tour-praias-castelo-e-floresta-passeio\/"},"modified":"2025-05-30T19:16:36","modified_gmt":"2025-05-30T22:16:36","slug":"jeep-tour-strande-burg-und-wald-ausfluge","status":"publish","type":"product","link":"https:\/\/www.toursbahia.com.br\/de\/loja\/ausfluge\/jeep-tour-strande-burg-und-wald-ausfluge\/","title":{"rendered":"Jeep-Tour \u2013 Str\u00e4nde \/ Burg und Wald &#8211; Ausfl\u00fcge"},"content":{"rendered":"","protected":false},"excerpt":{"rendered":"<p>Ausflug mit dem Jeep von Praia do Forte zu den n\u00f6rdlich gelegenen Str\u00e4nden mit Badestopp in Imbassa\u00ed (1 Std.) und Santo Ant\u00f4nio (1 Std.). Auf dem R\u00fcckweg halten wir im \u00d6rtchen Diogo (1,5 Std.). Hier besteht die M\u00f6glichkeit, im Restaurant Sombra da Mangueira zu Mittag zu essen.<\/p>\n<p>Dauer: 3\u20134 Std.<\/p>\n","protected":false},"featured_media":2872,"comment_status":"open","ping_status":"closed","template":"","meta":[],"product_cat":[835,836,863,860],"product_tag":[],"yoast_head":"<!-- This site is optimized with the Yoast SEO plugin v19.3 - https:\/\/yoast.com\/wordpress\/plugins\/seo\/ -->\n<title>Jeep-Tour \u2013 Str\u00e4nde \/ Burg und Wald - Ausfl\u00fcge - Tours Bahia<\/title>\n<meta name=\"robots\" content=\"index, follow, max-snippet:-1, max-image-preview:large, max-video-preview:-1\" \/>\n<link rel=\"canonical\" href=\"https:\/\/www.toursbahia.com.br\/de\/loja\/ausfluge\/jeep-tour-strande-burg-und-wald-ausfluge\/\" \/>\n<meta property=\"og:locale\" content=\"de_DE\" \/>\n<meta property=\"og:type\" content=\"article\" \/>\n<meta property=\"og:title\" content=\"Jeep-Tour \u2013 Str\u00e4nde \/ Burg und Wald - Ausfl\u00fcge - Tours Bahia\" \/>\n<meta property=\"og:description\" content=\"Ausflug mit dem Jeep von Praia do Forte zu den n\u00f6rdlich gelegenen Str\u00e4nden mit Badestopp in Imbassa\u00ed (1 Std.) und Santo Ant\u00f4nio (1 Std.). Auf dem R\u00fcckweg halten wir im \u00d6rtchen Diogo (1,5 Std.). Hier besteht die M\u00f6glichkeit, im Restaurant Sombra da Mangueira zu Mittag zu essen.  Dauer: 3\u20134 Std.\" \/>\n<meta property=\"og:url\" content=\"https:\/\/www.toursbahia.com.br\/de\/loja\/ausfluge\/jeep-tour-strande-burg-und-wald-ausfluge\/\" \/>\n<meta property=\"og:site_name\" content=\"Tours Bahia\" \/>\n<meta property=\"article:publisher\" content=\"https:\/\/www.facebook.com\/toursbahiainternational\" \/>\n<meta property=\"article:modified_time\" content=\"2025-05-30T22:16:36+00:00\" \/>\n<meta property=\"og:image\" content=\"https:\/\/www.toursbahia.com.br\/wp-content\/uploads\/2019\/01\/Jeep-Tour-\u2013-Praias-Castelo-e-Floresta-Foto-04.jpg\" \/>\n\t<meta property=\"og:image:width\" content=\"900\" \/>\n\t<meta property=\"og:image:height\" content=\"550\" \/>\n\t<meta property=\"og:image:type\" content=\"image\/jpeg\" \/>\n<meta name=\"twitter:card\" content=\"summary_large_image\" \/>\n<script type=\"application\/ld+json\" class=\"yoast-schema-graph\">{\"@context\":\"https:\/\/schema.org\",\"@graph\":[{\"@type\":\"WebSite\",\"@id\":\"https:\/\/www.toursbahia.com.br\/#website\",\"url\":\"https:\/\/www.toursbahia.com.br\/\",\"name\":\"Tours Bahia\",\"description\":\"\",\"potentialAction\":[{\"@type\":\"SearchAction\",\"target\":{\"@type\":\"EntryPoint\",\"urlTemplate\":\"https:\/\/www.toursbahia.com.br\/?s={search_term_string}\"},\"query-input\":\"required name=search_term_string\"}],\"inLanguage\":\"de-DE\"},{\"@type\":\"ImageObject\",\"inLanguage\":\"de-DE\",\"@id\":\"https:\/\/www.toursbahia.com.br\/de\/loja\/ausfluge\/jeep-tour-strande-burg-und-wald-ausfluge\/#primaryimage\",\"url\":\"https:\/\/www.toursbahia.com.br\/wp-content\/uploads\/2019\/01\/Jeep-Tour-\u2013-Praias-Castelo-e-Floresta-Foto-04.jpg\",\"contentUrl\":\"https:\/\/www.toursbahia.com.br\/wp-content\/uploads\/2019\/01\/Jeep-Tour-\u2013-Praias-Castelo-e-Floresta-Foto-04.jpg\",\"width\":900,\"height\":550},{\"@type\":\"WebPage\",\"@id\":\"https:\/\/www.toursbahia.com.br\/de\/loja\/ausfluge\/jeep-tour-strande-burg-und-wald-ausfluge\/\",\"url\":\"https:\/\/www.toursbahia.com.br\/de\/loja\/ausfluge\/jeep-tour-strande-burg-und-wald-ausfluge\/\",\"name\":\"Jeep-Tour \u2013 Str\u00e4nde \/ Burg und Wald - Ausfl\u00fcge - Tours Bahia\",\"isPartOf\":{\"@id\":\"https:\/\/www.toursbahia.com.br\/#website\"},\"primaryImageOfPage\":{\"@id\":\"https:\/\/www.toursbahia.com.br\/de\/loja\/ausfluge\/jeep-tour-strande-burg-und-wald-ausfluge\/#primaryimage\"},\"datePublished\":\"2019-01-21T16:46:06+00:00\",\"dateModified\":\"2025-05-30T22:16:36+00:00\",\"breadcrumb\":{\"@id\":\"https:\/\/www.toursbahia.com.br\/de\/loja\/ausfluge\/jeep-tour-strande-burg-und-wald-ausfluge\/#breadcrumb\"},\"inLanguage\":\"de-DE\",\"potentialAction\":[{\"@type\":\"ReadAction\",\"target\":[\"https:\/\/www.toursbahia.com.br\/de\/loja\/ausfluge\/jeep-tour-strande-burg-und-wald-ausfluge\/\"]}]},{\"@type\":\"BreadcrumbList\",\"@id\":\"https:\/\/www.toursbahia.com.br\/de\/loja\/ausfluge\/jeep-tour-strande-burg-und-wald-ausfluge\/#breadcrumb\",\"itemListElement\":[{\"@type\":\"ListItem\",\"position\":1,\"name\":\"In\u00edcio\",\"item\":\"https:\/\/www.toursbahia.com.br\/de\/\"},{\"@type\":\"ListItem\",\"position\":2,\"name\":\"Store\",\"item\":\"https:\/\/www.toursbahia.com.br\/de\/store-tours-bahia-internacional\/\"},{\"@type\":\"ListItem\",\"position\":3,\"name\":\"Jeep-Tour \u2013 Str\u00e4nde \/ Burg und Wald &#8211; Ausfl\u00fcge\"}]}]}<\/script>\n<!-- \/ Yoast SEO plugin. -->","yoast_head_json":{"title":"Jeep-Tour \u2013 Str\u00e4nde \/ Burg und Wald - Ausfl\u00fcge - Tours Bahia","robots":{"index":"index","follow":"follow","max-snippet":"max-snippet:-1","max-image-preview":"max-image-preview:large","max-video-preview":"max-video-preview:-1"},"canonical":"https:\/\/www.toursbahia.com.br\/de\/loja\/ausfluge\/jeep-tour-strande-burg-und-wald-ausfluge\/","og_locale":"de_DE","og_type":"article","og_title":"Jeep-Tour \u2013 Str\u00e4nde \/ Burg und Wald - Ausfl\u00fcge - Tours Bahia","og_description":"Ausflug mit dem Jeep von Praia do Forte zu den n\u00f6rdlich gelegenen Str\u00e4nden mit Badestopp in Imbassa\u00ed (1 Std.) und Santo Ant\u00f4nio (1 Std.). Auf dem R\u00fcckweg halten wir im \u00d6rtchen Diogo (1,5 Std.). Hier besteht die M\u00f6glichkeit, im Restaurant Sombra da Mangueira zu Mittag zu essen.  Dauer: 3\u20134 Std.","og_url":"https:\/\/www.toursbahia.com.br\/de\/loja\/ausfluge\/jeep-tour-strande-burg-und-wald-ausfluge\/","og_site_name":"Tours Bahia","article_publisher":"https:\/\/www.facebook.com\/toursbahiainternational","article_modified_time":"2025-05-30T22:16:36+00:00","og_image":[{"width":900,"height":550,"url":"https:\/\/www.toursbahia.com.br\/wp-content\/uploads\/2019\/01\/Jeep-Tour-\u2013-Praias-Castelo-e-Floresta-Foto-04.jpg","type":"image\/jpeg"}],"twitter_card":"summary_large_image","schema":{"@context":"https:\/\/schema.org","@graph":[{"@type":"WebSite","@id":"https:\/\/www.toursbahia.com.br\/#website","url":"https:\/\/www.toursbahia.com.br\/","name":"Tours Bahia","description":"","potentialAction":[{"@type":"SearchAction","target":{"@type":"EntryPoint","urlTemplate":"https:\/\/www.toursbahia.com.br\/?s={search_term_string}"},"query-input":"required name=search_term_string"}],"inLanguage":"de-DE"},{"@type":"ImageObject","inLanguage":"de-DE","@id":"https:\/\/www.toursbahia.com.br\/de\/loja\/ausfluge\/jeep-tour-strande-burg-und-wald-ausfluge\/#primaryimage","url":"https:\/\/www.toursbahia.com.br\/wp-content\/uploads\/2019\/01\/Jeep-Tour-\u2013-Praias-Castelo-e-Floresta-Foto-04.jpg","contentUrl":"https:\/\/www.toursbahia.com.br\/wp-content\/uploads\/2019\/01\/Jeep-Tour-\u2013-Praias-Castelo-e-Floresta-Foto-04.jpg","width":900,"height":550},{"@type":"WebPage","@id":"https:\/\/www.toursbahia.com.br\/de\/loja\/ausfluge\/jeep-tour-strande-burg-und-wald-ausfluge\/","url":"https:\/\/www.toursbahia.com.br\/de\/loja\/ausfluge\/jeep-tour-strande-burg-und-wald-ausfluge\/","name":"Jeep-Tour \u2013 Str\u00e4nde \/ Burg und Wald - Ausfl\u00fcge - Tours Bahia","isPartOf":{"@id":"https:\/\/www.toursbahia.com.br\/#website"},"primaryImageOfPage":{"@id":"https:\/\/www.toursbahia.com.br\/de\/loja\/ausfluge\/jeep-tour-strande-burg-und-wald-ausfluge\/#primaryimage"},"datePublished":"2019-01-21T16:46:06+00:00","dateModified":"2025-05-30T22:16:36+00:00","breadcrumb":{"@id":"https:\/\/www.toursbahia.com.br\/de\/loja\/ausfluge\/jeep-tour-strande-burg-und-wald-ausfluge\/#breadcrumb"},"inLanguage":"de-DE","potentialAction":[{"@type":"ReadAction","target":["https:\/\/www.toursbahia.com.br\/de\/loja\/ausfluge\/jeep-tour-strande-burg-und-wald-ausfluge\/"]}]},{"@type":"BreadcrumbList","@id":"https:\/\/www.toursbahia.com.br\/de\/loja\/ausfluge\/jeep-tour-strande-burg-und-wald-ausfluge\/#breadcrumb","itemListElement":[{"@type":"ListItem","position":1,"name":"In\u00edcio","item":"https:\/\/www.toursbahia.com.br\/de\/"},{"@type":"ListItem","position":2,"name":"Store","item":"https:\/\/www.toursbahia.com.br\/de\/store-tours-bahia-internacional\/"},{"@type":"ListItem","position":3,"name":"Jeep-Tour \u2013 Str\u00e4nde \/ Burg und Wald &#8211; Ausfl\u00fcge"}]}]}},"_links":{"self":[{"href":"https:\/\/www.toursbahia.com.br\/de\/wp-json\/wp\/v2\/product\/3516"}],"collection":[{"href":"https:\/\/www.toursbahia.com.br\/de\/wp-json\/wp\/v2\/product"}],"about":[{"href":"https:\/\/www.toursbahia.com.br\/de\/wp-json\/wp\/v2\/types\/product"}],"replies":[{"embeddable":true,"href":"https:\/\/www.toursbahia.com.br\/de\/wp-json\/wp\/v2\/comments?post=3516"}],"wp:featuredmedia":[{"embeddable":true,"href":"https:\/\/www.toursbahia.com.br\/de\/wp-json\/wp\/v2\/media\/2872"}],"wp:attachment":[{"href":"https:\/\/www.toursbahia.com.br\/de\/wp-json\/wp\/v2\/media?parent=3516"}],"wp:term":[{"taxonomy":"product_cat","embeddable":true,"href":"https:\/\/www.toursbahia.com.br\/de\/wp-json\/wp\/v2\/product_cat?post=3516"},{"taxonomy":"product_tag","embeddable":true,"href":"https:\/\/www.toursbahia.com.br\/de\/wp-json\/wp\/v2\/product_tag?post=3516"}],"curies":[{"name":"wp","href":"https:\/\/api.w.org\/{rel}","templated":true}]}}