{"id":3525,"date":"2019-01-21T14:39:57","date_gmt":"2019-01-21T16:39:57","guid":{"rendered":"https:\/\/www.toursbahia.com.br\/\/produto\/unkategorisiert\/passeio-de-lancha-com-banana-boat-e-mergulho-passeio\/"},"modified":"2019-02-05T23:39:19","modified_gmt":"2019-02-06T01:39:19","slug":"bootsausflug-mit-bananen-boot-und-schnorchel-ausfluge","status":"publish","type":"product","link":"https:\/\/www.toursbahia.com.br\/de\/loja\/ausfluge\/bootsausflug-mit-bananen-boot-und-schnorchel-ausfluge\/","title":{"rendered":"Bootsausflug mit Bananen-Boot und Schnorchel &#8211; Ausfl\u00fcge"},"content":{"rendered":"","protected":false},"excerpt":{"rendered":"<p>Dieser Bootsausflug mit einem Bananen-Boot im Schlepptau f\u00fchrt entlang der K\u00fcste von Praia do Forte bis nach Itacimirim. An der Flussm\u00fcndung des Rio Pojuca vorbei fahren wir bis zum Strand Praia da Espera, wo einst der brasilianische Seefahrer Amir Klynk nach seiner Atlantik\u00fcberquerung ankam. Bei Ebbe legen wir einen Schnorchelstopp bei den nat\u00fcrlichen Schwimmbecken von Itacimirim ein, ehe es zur\u00fcck nach Praia do Forte geht.<\/p>\n","protected":false},"featured_media":2954,"comment_status":"open","ping_status":"closed","template":"","meta":[],"product_cat":[835,836,867,860],"product_tag":[],"yoast_head":"<!-- This site is optimized with the Yoast SEO plugin v19.3 - https:\/\/yoast.com\/wordpress\/plugins\/seo\/ -->\n<title>Bootsausflug mit Bananen-Boot und Schnorchel - Ausfl\u00fcge - Tours Bahia<\/title>\n<meta name=\"robots\" content=\"index, follow, max-snippet:-1, max-image-preview:large, max-video-preview:-1\" \/>\n<link rel=\"canonical\" href=\"https:\/\/www.toursbahia.com.br\/de\/loja\/ausfluge\/bootsausflug-mit-bananen-boot-und-schnorchel-ausfluge\/\" \/>\n<meta property=\"og:locale\" content=\"de_DE\" \/>\n<meta property=\"og:type\" content=\"article\" \/>\n<meta property=\"og:title\" content=\"Bootsausflug mit Bananen-Boot und Schnorchel - Ausfl\u00fcge - Tours Bahia\" \/>\n<meta property=\"og:description\" content=\"Dieser Bootsausflug mit einem Bananen-Boot im Schlepptau f\u00fchrt entlang der K\u00fcste von Praia do Forte bis nach Itacimirim. An der Flussm\u00fcndung des Rio Pojuca vorbei fahren wir bis zum Strand Praia da Espera, wo einst der brasilianische Seefahrer Amir Klynk nach seiner Atlantik\u00fcberquerung ankam. Bei Ebbe legen wir einen Schnorchelstopp bei den nat\u00fcrlichen Schwimmbecken von Itacimirim ein, ehe es zur\u00fcck nach Praia do Forte geht.\" \/>\n<meta property=\"og:url\" content=\"https:\/\/www.toursbahia.com.br\/de\/loja\/ausfluge\/bootsausflug-mit-bananen-boot-und-schnorchel-ausfluge\/\" \/>\n<meta property=\"og:site_name\" content=\"Tours Bahia\" \/>\n<meta property=\"article:publisher\" content=\"https:\/\/www.facebook.com\/toursbahiainternational\" \/>\n<meta property=\"article:modified_time\" content=\"2019-02-06T01:39:19+00:00\" \/>\n<meta property=\"og:image\" content=\"https:\/\/www.toursbahia.com.br\/wp-content\/uploads\/2018\/12\/Passeio-de-Lancha-com-Banana-Boat-e-Mergulho-Foto-05.jpg\" \/>\n\t<meta property=\"og:image:width\" content=\"900\" \/>\n\t<meta property=\"og:image:height\" content=\"550\" \/>\n\t<meta property=\"og:image:type\" content=\"image\/jpeg\" \/>\n<meta name=\"twitter:card\" content=\"summary_large_image\" \/>\n<script type=\"application\/ld+json\" class=\"yoast-schema-graph\">{\"@context\":\"https:\/\/schema.org\",\"@graph\":[{\"@type\":\"WebSite\",\"@id\":\"https:\/\/www.toursbahia.com.br\/#website\",\"url\":\"https:\/\/www.toursbahia.com.br\/\",\"name\":\"Tours Bahia\",\"description\":\"\",\"potentialAction\":[{\"@type\":\"SearchAction\",\"target\":{\"@type\":\"EntryPoint\",\"urlTemplate\":\"https:\/\/www.toursbahia.com.br\/?s={search_term_string}\"},\"query-input\":\"required name=search_term_string\"}],\"inLanguage\":\"de-DE\"},{\"@type\":\"ImageObject\",\"inLanguage\":\"de-DE\",\"@id\":\"https:\/\/www.toursbahia.com.br\/de\/loja\/ausfluge\/bootsausflug-mit-bananen-boot-und-schnorchel-ausfluge\/#primaryimage\",\"url\":\"https:\/\/www.toursbahia.com.br\/wp-content\/uploads\/2018\/12\/Passeio-de-Lancha-com-Banana-Boat-e-Mergulho-Foto-05.jpg\",\"contentUrl\":\"https:\/\/www.toursbahia.com.br\/wp-content\/uploads\/2018\/12\/Passeio-de-Lancha-com-Banana-Boat-e-Mergulho-Foto-05.jpg\",\"width\":900,\"height\":550},{\"@type\":\"WebPage\",\"@id\":\"https:\/\/www.toursbahia.com.br\/de\/loja\/ausfluge\/bootsausflug-mit-bananen-boot-und-schnorchel-ausfluge\/\",\"url\":\"https:\/\/www.toursbahia.com.br\/de\/loja\/ausfluge\/bootsausflug-mit-bananen-boot-und-schnorchel-ausfluge\/\",\"name\":\"Bootsausflug mit Bananen-Boot und Schnorchel - Ausfl\u00fcge - Tours Bahia\",\"isPartOf\":{\"@id\":\"https:\/\/www.toursbahia.com.br\/#website\"},\"primaryImageOfPage\":{\"@id\":\"https:\/\/www.toursbahia.com.br\/de\/loja\/ausfluge\/bootsausflug-mit-bananen-boot-und-schnorchel-ausfluge\/#primaryimage\"},\"datePublished\":\"2019-01-21T16:39:57+00:00\",\"dateModified\":\"2019-02-06T01:39:19+00:00\",\"breadcrumb\":{\"@id\":\"https:\/\/www.toursbahia.com.br\/de\/loja\/ausfluge\/bootsausflug-mit-bananen-boot-und-schnorchel-ausfluge\/#breadcrumb\"},\"inLanguage\":\"de-DE\",\"potentialAction\":[{\"@type\":\"ReadAction\",\"target\":[\"https:\/\/www.toursbahia.com.br\/de\/loja\/ausfluge\/bootsausflug-mit-bananen-boot-und-schnorchel-ausfluge\/\"]}]},{\"@type\":\"BreadcrumbList\",\"@id\":\"https:\/\/www.toursbahia.com.br\/de\/loja\/ausfluge\/bootsausflug-mit-bananen-boot-und-schnorchel-ausfluge\/#breadcrumb\",\"itemListElement\":[{\"@type\":\"ListItem\",\"position\":1,\"name\":\"In\u00edcio\",\"item\":\"https:\/\/www.toursbahia.com.br\/de\/\"},{\"@type\":\"ListItem\",\"position\":2,\"name\":\"Store\",\"item\":\"https:\/\/www.toursbahia.com.br\/de\/store-tours-bahia-internacional\/\"},{\"@type\":\"ListItem\",\"position\":3,\"name\":\"Bootsausflug mit Bananen-Boot und Schnorchel &#8211; Ausfl\u00fcge\"}]}]}<\/script>\n<!-- \/ Yoast SEO plugin. -->","yoast_head_json":{"title":"Bootsausflug mit Bananen-Boot und Schnorchel - Ausfl\u00fcge - Tours Bahia","robots":{"index":"index","follow":"follow","max-snippet":"max-snippet:-1","max-image-preview":"max-image-preview:large","max-video-preview":"max-video-preview:-1"},"canonical":"https:\/\/www.toursbahia.com.br\/de\/loja\/ausfluge\/bootsausflug-mit-bananen-boot-und-schnorchel-ausfluge\/","og_locale":"de_DE","og_type":"article","og_title":"Bootsausflug mit Bananen-Boot und Schnorchel - Ausfl\u00fcge - Tours Bahia","og_description":"Dieser Bootsausflug mit einem Bananen-Boot im Schlepptau f\u00fchrt entlang der K\u00fcste von Praia do Forte bis nach Itacimirim. An der Flussm\u00fcndung des Rio Pojuca vorbei fahren wir bis zum Strand Praia da Espera, wo einst der brasilianische Seefahrer Amir Klynk nach seiner Atlantik\u00fcberquerung ankam. Bei Ebbe legen wir einen Schnorchelstopp bei den nat\u00fcrlichen Schwimmbecken von Itacimirim ein, ehe es zur\u00fcck nach Praia do Forte geht.","og_url":"https:\/\/www.toursbahia.com.br\/de\/loja\/ausfluge\/bootsausflug-mit-bananen-boot-und-schnorchel-ausfluge\/","og_site_name":"Tours Bahia","article_publisher":"https:\/\/www.facebook.com\/toursbahiainternational","article_modified_time":"2019-02-06T01:39:19+00:00","og_image":[{"width":900,"height":550,"url":"https:\/\/www.toursbahia.com.br\/wp-content\/uploads\/2018\/12\/Passeio-de-Lancha-com-Banana-Boat-e-Mergulho-Foto-05.jpg","type":"image\/jpeg"}],"twitter_card":"summary_large_image","schema":{"@context":"https:\/\/schema.org","@graph":[{"@type":"WebSite","@id":"https:\/\/www.toursbahia.com.br\/#website","url":"https:\/\/www.toursbahia.com.br\/","name":"Tours Bahia","description":"","potentialAction":[{"@type":"SearchAction","target":{"@type":"EntryPoint","urlTemplate":"https:\/\/www.toursbahia.com.br\/?s={search_term_string}"},"query-input":"required name=search_term_string"}],"inLanguage":"de-DE"},{"@type":"ImageObject","inLanguage":"de-DE","@id":"https:\/\/www.toursbahia.com.br\/de\/loja\/ausfluge\/bootsausflug-mit-bananen-boot-und-schnorchel-ausfluge\/#primaryimage","url":"https:\/\/www.toursbahia.com.br\/wp-content\/uploads\/2018\/12\/Passeio-de-Lancha-com-Banana-Boat-e-Mergulho-Foto-05.jpg","contentUrl":"https:\/\/www.toursbahia.com.br\/wp-content\/uploads\/2018\/12\/Passeio-de-Lancha-com-Banana-Boat-e-Mergulho-Foto-05.jpg","width":900,"height":550},{"@type":"WebPage","@id":"https:\/\/www.toursbahia.com.br\/de\/loja\/ausfluge\/bootsausflug-mit-bananen-boot-und-schnorchel-ausfluge\/","url":"https:\/\/www.toursbahia.com.br\/de\/loja\/ausfluge\/bootsausflug-mit-bananen-boot-und-schnorchel-ausfluge\/","name":"Bootsausflug mit Bananen-Boot und Schnorchel - Ausfl\u00fcge - Tours Bahia","isPartOf":{"@id":"https:\/\/www.toursbahia.com.br\/#website"},"primaryImageOfPage":{"@id":"https:\/\/www.toursbahia.com.br\/de\/loja\/ausfluge\/bootsausflug-mit-bananen-boot-und-schnorchel-ausfluge\/#primaryimage"},"datePublished":"2019-01-21T16:39:57+00:00","dateModified":"2019-02-06T01:39:19+00:00","breadcrumb":{"@id":"https:\/\/www.toursbahia.com.br\/de\/loja\/ausfluge\/bootsausflug-mit-bananen-boot-und-schnorchel-ausfluge\/#breadcrumb"},"inLanguage":"de-DE","potentialAction":[{"@type":"ReadAction","target":["https:\/\/www.toursbahia.com.br\/de\/loja\/ausfluge\/bootsausflug-mit-bananen-boot-und-schnorchel-ausfluge\/"]}]},{"@type":"BreadcrumbList","@id":"https:\/\/www.toursbahia.com.br\/de\/loja\/ausfluge\/bootsausflug-mit-bananen-boot-und-schnorchel-ausfluge\/#breadcrumb","itemListElement":[{"@type":"ListItem","position":1,"name":"In\u00edcio","item":"https:\/\/www.toursbahia.com.br\/de\/"},{"@type":"ListItem","position":2,"name":"Store","item":"https:\/\/www.toursbahia.com.br\/de\/store-tours-bahia-internacional\/"},{"@type":"ListItem","position":3,"name":"Bootsausflug mit Bananen-Boot und Schnorchel &#8211; Ausfl\u00fcge"}]}]}},"_links":{"self":[{"href":"https:\/\/www.toursbahia.com.br\/de\/wp-json\/wp\/v2\/product\/3525"}],"collection":[{"href":"https:\/\/www.toursbahia.com.br\/de\/wp-json\/wp\/v2\/product"}],"about":[{"href":"https:\/\/www.toursbahia.com.br\/de\/wp-json\/wp\/v2\/types\/product"}],"replies":[{"embeddable":true,"href":"https:\/\/www.toursbahia.com.br\/de\/wp-json\/wp\/v2\/comments?post=3525"}],"wp:featuredmedia":[{"embeddable":true,"href":"https:\/\/www.toursbahia.com.br\/de\/wp-json\/wp\/v2\/media\/2954"}],"wp:attachment":[{"href":"https:\/\/www.toursbahia.com.br\/de\/wp-json\/wp\/v2\/media?parent=3525"}],"wp:term":[{"taxonomy":"product_cat","embeddable":true,"href":"https:\/\/www.toursbahia.com.br\/de\/wp-json\/wp\/v2\/product_cat?post=3525"},{"taxonomy":"product_tag","embeddable":true,"href":"https:\/\/www.toursbahia.com.br\/de\/wp-json\/wp\/v2\/product_tag?post=3525"}],"curies":[{"name":"wp","href":"https:\/\/api.w.org\/{rel}","templated":true}]}}