{"id":3553,"date":"2019-01-21T13:56:25","date_gmt":"2019-01-21T15:56:25","guid":{"rendered":"https:\/\/www.toursbahia.com.br\/\/produto\/unkategorisiert\/tour-comunitario-passeio\/"},"modified":"2025-06-03T05:41:17","modified_gmt":"2025-06-03T08:41:17","slug":"community-tour-ausfluge","status":"publish","type":"product","link":"https:\/\/www.toursbahia.com.br\/de\/loja\/ausfluge\/community-tour-ausfluge\/","title":{"rendered":"Community Tour &#8211; Ausfl\u00fcge"},"content":{"rendered":"","protected":false},"excerpt":{"rendered":"<p>Ausflug ist ideal f\u00fcr alle, die gerne ein erfolgreiches Sozialprojekte kennenlernen m\u00f6chten und daran interessiert sind, durch den direkten Kontakt und Austausch mit einer lokalen Gemeinde und ihren Einwohnern, einen Stadtteil zu erkunden, der in den 70 Jahren die gr\u00f6sste Stelzen-Siedlung in Brasilien war. Wir besuchen einige der Sozialprojekte dieser Gemeinde, und werden neben deren Geschichte und Alltag auch deren Wichtigkeit zur Verbesserung der Lebensqualit\u00e4t, besonders f\u00fcr die Kinder und Jugendlichen, erfahren.<\/p>\n<p>Zun\u00e4chst besuchen wir das Kulturzentrum von Alagados, wo den Kindern und Jugendlichen der Gemeinde neben einem angenehmen Ort mit Spielsachen und Verpflegung auch Theater, Tanzen, Musik und Nachhilfeunterricht geboten wird. Danach lernen wir die Gemeinschaftsschule Luiza Mahin kennen, die von Frauen (M\u00fcttern) der Gemeinde, aus Mangel einer \u00f6rtlichen Schule f\u00fcr ihre Kinder, gegr\u00fcndet wurde. Heute ist diese sch\u00f6ne und gut strukturierte Schule ein wichtiges Zentrum zur Unterst\u00fctzung der Eltern und Kinder in diesem Stadtteil. Unser Besuch bietet die M\u00f6glichkeit einer direkten Interaktion mit den Kindern und Bev\u00f6lkerung dieser Gemeinschaft. Wir spazieren durch das Viertel, geniessen ein Eis und lernen die wahre Realit\u00e4t dieser Gemeinde kennen.<\/p>\n","protected":false},"featured_media":3067,"comment_status":"open","ping_status":"closed","template":"","meta":[],"product_cat":[835,836,888,869],"product_tag":[],"yoast_head":"<!-- This site is optimized with the Yoast SEO plugin v19.3 - https:\/\/yoast.com\/wordpress\/plugins\/seo\/ -->\n<title>Community Tour - Ausfl\u00fcge - Tours Bahia<\/title>\n<meta name=\"robots\" content=\"index, follow, max-snippet:-1, max-image-preview:large, max-video-preview:-1\" \/>\n<link rel=\"canonical\" href=\"https:\/\/www.toursbahia.com.br\/de\/loja\/ausfluge\/community-tour-ausfluge\/\" \/>\n<meta property=\"og:locale\" content=\"de_DE\" \/>\n<meta property=\"og:type\" content=\"article\" \/>\n<meta property=\"og:title\" content=\"Community Tour - Ausfl\u00fcge - Tours Bahia\" \/>\n<meta property=\"og:description\" content=\"Ausflug ist ideal f\u00fcr alle, die gerne ein erfolgreiches Sozialprojekte kennenlernen m\u00f6chten und daran interessiert sind, durch den direkten Kontakt und Austausch mit einer lokalen Gemeinde und ihren Einwohnern, einen Stadtteil zu erkunden, der in den 70 Jahren die gr\u00f6sste Stelzen-Siedlung in Brasilien war. Wir besuchen einige der Sozialprojekte dieser Gemeinde, und werden neben deren Geschichte und Alltag auch deren Wichtigkeit zur Verbesserung der Lebensqualit\u00e4t, besonders f\u00fcr die Kinder und Jugendlichen, erfahren.  Zun\u00e4chst besuchen wir das Kulturzentrum von Alagados, wo den Kindern und Jugendlichen der Gemeinde neben einem angenehmen Ort mit Spielsachen und Verpflegung auch Theater, Tanzen, Musik und Nachhilfeunterricht geboten wird. Danach lernen wir die Gemeinschaftsschule Luiza Mahin kennen, die von Frauen (M\u00fcttern) der Gemeinde, aus Mangel einer \u00f6rtlichen Schule f\u00fcr ihre Kinder, gegr\u00fcndet wurde. Heute ist diese sch\u00f6ne und gut strukturierte Schule ein wichtiges Zentrum zur Unterst\u00fctzung der Eltern und Kinder in diesem Stadtteil. Unser Besuch bietet die M\u00f6glichkeit einer direkten Interaktion mit den Kindern und Bev\u00f6lkerung dieser Gemeinschaft. Wir spazieren durch das Viertel, geniessen ein Eis und lernen die wahre Realit\u00e4t dieser Gemeinde kennen.\" \/>\n<meta property=\"og:url\" content=\"https:\/\/www.toursbahia.com.br\/de\/loja\/ausfluge\/community-tour-ausfluge\/\" \/>\n<meta property=\"og:site_name\" content=\"Tours Bahia\" \/>\n<meta property=\"article:publisher\" content=\"https:\/\/www.facebook.com\/toursbahiainternational\" \/>\n<meta property=\"article:modified_time\" content=\"2025-06-03T08:41:17+00:00\" \/>\n<meta property=\"og:image\" content=\"https:\/\/www.toursbahia.com.br\/wp-content\/uploads\/2018\/12\/Tour-Comunit\u00e1rio-Foto-03.jpg\" \/>\n\t<meta property=\"og:image:width\" content=\"900\" \/>\n\t<meta property=\"og:image:height\" content=\"550\" \/>\n\t<meta property=\"og:image:type\" content=\"image\/jpeg\" \/>\n<meta name=\"twitter:card\" content=\"summary_large_image\" \/>\n<script type=\"application\/ld+json\" class=\"yoast-schema-graph\">{\"@context\":\"https:\/\/schema.org\",\"@graph\":[{\"@type\":\"WebSite\",\"@id\":\"https:\/\/www.toursbahia.com.br\/#website\",\"url\":\"https:\/\/www.toursbahia.com.br\/\",\"name\":\"Tours Bahia\",\"description\":\"\",\"potentialAction\":[{\"@type\":\"SearchAction\",\"target\":{\"@type\":\"EntryPoint\",\"urlTemplate\":\"https:\/\/www.toursbahia.com.br\/?s={search_term_string}\"},\"query-input\":\"required name=search_term_string\"}],\"inLanguage\":\"de-DE\"},{\"@type\":\"ImageObject\",\"inLanguage\":\"de-DE\",\"@id\":\"https:\/\/www.toursbahia.com.br\/de\/loja\/ausfluge\/community-tour-ausfluge\/#primaryimage\",\"url\":\"https:\/\/www.toursbahia.com.br\/wp-content\/uploads\/2018\/12\/Tour-Comunit\u00e1rio-Foto-03.jpg\",\"contentUrl\":\"https:\/\/www.toursbahia.com.br\/wp-content\/uploads\/2018\/12\/Tour-Comunit\u00e1rio-Foto-03.jpg\",\"width\":900,\"height\":550},{\"@type\":\"WebPage\",\"@id\":\"https:\/\/www.toursbahia.com.br\/de\/loja\/ausfluge\/community-tour-ausfluge\/\",\"url\":\"https:\/\/www.toursbahia.com.br\/de\/loja\/ausfluge\/community-tour-ausfluge\/\",\"name\":\"Community Tour - Ausfl\u00fcge - Tours Bahia\",\"isPartOf\":{\"@id\":\"https:\/\/www.toursbahia.com.br\/#website\"},\"primaryImageOfPage\":{\"@id\":\"https:\/\/www.toursbahia.com.br\/de\/loja\/ausfluge\/community-tour-ausfluge\/#primaryimage\"},\"datePublished\":\"2019-01-21T15:56:25+00:00\",\"dateModified\":\"2025-06-03T08:41:17+00:00\",\"breadcrumb\":{\"@id\":\"https:\/\/www.toursbahia.com.br\/de\/loja\/ausfluge\/community-tour-ausfluge\/#breadcrumb\"},\"inLanguage\":\"de-DE\",\"potentialAction\":[{\"@type\":\"ReadAction\",\"target\":[\"https:\/\/www.toursbahia.com.br\/de\/loja\/ausfluge\/community-tour-ausfluge\/\"]}]},{\"@type\":\"BreadcrumbList\",\"@id\":\"https:\/\/www.toursbahia.com.br\/de\/loja\/ausfluge\/community-tour-ausfluge\/#breadcrumb\",\"itemListElement\":[{\"@type\":\"ListItem\",\"position\":1,\"name\":\"In\u00edcio\",\"item\":\"https:\/\/www.toursbahia.com.br\/de\/\"},{\"@type\":\"ListItem\",\"position\":2,\"name\":\"Store\",\"item\":\"https:\/\/www.toursbahia.com.br\/de\/store-tours-bahia-internacional\/\"},{\"@type\":\"ListItem\",\"position\":3,\"name\":\"Community Tour &#8211; Ausfl\u00fcge\"}]}]}<\/script>\n<!-- \/ Yoast SEO plugin. -->","yoast_head_json":{"title":"Community Tour - Ausfl\u00fcge - Tours Bahia","robots":{"index":"index","follow":"follow","max-snippet":"max-snippet:-1","max-image-preview":"max-image-preview:large","max-video-preview":"max-video-preview:-1"},"canonical":"https:\/\/www.toursbahia.com.br\/de\/loja\/ausfluge\/community-tour-ausfluge\/","og_locale":"de_DE","og_type":"article","og_title":"Community Tour - Ausfl\u00fcge - Tours Bahia","og_description":"Ausflug ist ideal f\u00fcr alle, die gerne ein erfolgreiches Sozialprojekte kennenlernen m\u00f6chten und daran interessiert sind, durch den direkten Kontakt und Austausch mit einer lokalen Gemeinde und ihren Einwohnern, einen Stadtteil zu erkunden, der in den 70 Jahren die gr\u00f6sste Stelzen-Siedlung in Brasilien war. Wir besuchen einige der Sozialprojekte dieser Gemeinde, und werden neben deren Geschichte und Alltag auch deren Wichtigkeit zur Verbesserung der Lebensqualit\u00e4t, besonders f\u00fcr die Kinder und Jugendlichen, erfahren.  Zun\u00e4chst besuchen wir das Kulturzentrum von Alagados, wo den Kindern und Jugendlichen der Gemeinde neben einem angenehmen Ort mit Spielsachen und Verpflegung auch Theater, Tanzen, Musik und Nachhilfeunterricht geboten wird. Danach lernen wir die Gemeinschaftsschule Luiza Mahin kennen, die von Frauen (M\u00fcttern) der Gemeinde, aus Mangel einer \u00f6rtlichen Schule f\u00fcr ihre Kinder, gegr\u00fcndet wurde. Heute ist diese sch\u00f6ne und gut strukturierte Schule ein wichtiges Zentrum zur Unterst\u00fctzung der Eltern und Kinder in diesem Stadtteil. Unser Besuch bietet die M\u00f6glichkeit einer direkten Interaktion mit den Kindern und Bev\u00f6lkerung dieser Gemeinschaft. Wir spazieren durch das Viertel, geniessen ein Eis und lernen die wahre Realit\u00e4t dieser Gemeinde kennen.","og_url":"https:\/\/www.toursbahia.com.br\/de\/loja\/ausfluge\/community-tour-ausfluge\/","og_site_name":"Tours Bahia","article_publisher":"https:\/\/www.facebook.com\/toursbahiainternational","article_modified_time":"2025-06-03T08:41:17+00:00","og_image":[{"width":900,"height":550,"url":"https:\/\/www.toursbahia.com.br\/wp-content\/uploads\/2018\/12\/Tour-Comunit\u00e1rio-Foto-03.jpg","type":"image\/jpeg"}],"twitter_card":"summary_large_image","schema":{"@context":"https:\/\/schema.org","@graph":[{"@type":"WebSite","@id":"https:\/\/www.toursbahia.com.br\/#website","url":"https:\/\/www.toursbahia.com.br\/","name":"Tours Bahia","description":"","potentialAction":[{"@type":"SearchAction","target":{"@type":"EntryPoint","urlTemplate":"https:\/\/www.toursbahia.com.br\/?s={search_term_string}"},"query-input":"required name=search_term_string"}],"inLanguage":"de-DE"},{"@type":"ImageObject","inLanguage":"de-DE","@id":"https:\/\/www.toursbahia.com.br\/de\/loja\/ausfluge\/community-tour-ausfluge\/#primaryimage","url":"https:\/\/www.toursbahia.com.br\/wp-content\/uploads\/2018\/12\/Tour-Comunit\u00e1rio-Foto-03.jpg","contentUrl":"https:\/\/www.toursbahia.com.br\/wp-content\/uploads\/2018\/12\/Tour-Comunit\u00e1rio-Foto-03.jpg","width":900,"height":550},{"@type":"WebPage","@id":"https:\/\/www.toursbahia.com.br\/de\/loja\/ausfluge\/community-tour-ausfluge\/","url":"https:\/\/www.toursbahia.com.br\/de\/loja\/ausfluge\/community-tour-ausfluge\/","name":"Community Tour - Ausfl\u00fcge - Tours Bahia","isPartOf":{"@id":"https:\/\/www.toursbahia.com.br\/#website"},"primaryImageOfPage":{"@id":"https:\/\/www.toursbahia.com.br\/de\/loja\/ausfluge\/community-tour-ausfluge\/#primaryimage"},"datePublished":"2019-01-21T15:56:25+00:00","dateModified":"2025-06-03T08:41:17+00:00","breadcrumb":{"@id":"https:\/\/www.toursbahia.com.br\/de\/loja\/ausfluge\/community-tour-ausfluge\/#breadcrumb"},"inLanguage":"de-DE","potentialAction":[{"@type":"ReadAction","target":["https:\/\/www.toursbahia.com.br\/de\/loja\/ausfluge\/community-tour-ausfluge\/"]}]},{"@type":"BreadcrumbList","@id":"https:\/\/www.toursbahia.com.br\/de\/loja\/ausfluge\/community-tour-ausfluge\/#breadcrumb","itemListElement":[{"@type":"ListItem","position":1,"name":"In\u00edcio","item":"https:\/\/www.toursbahia.com.br\/de\/"},{"@type":"ListItem","position":2,"name":"Store","item":"https:\/\/www.toursbahia.com.br\/de\/store-tours-bahia-internacional\/"},{"@type":"ListItem","position":3,"name":"Community Tour &#8211; Ausfl\u00fcge"}]}]}},"_links":{"self":[{"href":"https:\/\/www.toursbahia.com.br\/de\/wp-json\/wp\/v2\/product\/3553"}],"collection":[{"href":"https:\/\/www.toursbahia.com.br\/de\/wp-json\/wp\/v2\/product"}],"about":[{"href":"https:\/\/www.toursbahia.com.br\/de\/wp-json\/wp\/v2\/types\/product"}],"replies":[{"embeddable":true,"href":"https:\/\/www.toursbahia.com.br\/de\/wp-json\/wp\/v2\/comments?post=3553"}],"wp:featuredmedia":[{"embeddable":true,"href":"https:\/\/www.toursbahia.com.br\/de\/wp-json\/wp\/v2\/media\/3067"}],"wp:attachment":[{"href":"https:\/\/www.toursbahia.com.br\/de\/wp-json\/wp\/v2\/media?parent=3553"}],"wp:term":[{"taxonomy":"product_cat","embeddable":true,"href":"https:\/\/www.toursbahia.com.br\/de\/wp-json\/wp\/v2\/product_cat?post=3553"},{"taxonomy":"product_tag","embeddable":true,"href":"https:\/\/www.toursbahia.com.br\/de\/wp-json\/wp\/v2\/product_tag?post=3553"}],"curies":[{"name":"wp","href":"https:\/\/api.w.org\/{rel}","templated":true}]}}