{"id":3560,"date":"2019-01-21T13:50:10","date_gmt":"2019-01-21T15:50:10","guid":{"rendered":"https:\/\/www.toursbahia.com.br\/\/produto\/unkategorisiert\/tour-popular-passeio\/"},"modified":"2025-06-03T05:45:00","modified_gmt":"2025-06-03T08:45:00","slug":"tour-popular-ausfluge","status":"publish","type":"product","link":"https:\/\/www.toursbahia.com.br\/de\/loja\/ausfluge\/tour-popular-ausfluge\/","title":{"rendered":"Tour Popular &#8211; Ausfl\u00fcge"},"content":{"rendered":"","protected":false},"excerpt":{"rendered":"<p>ERLEBEN SIE DEN ALLTAG DER BAIANOS!<\/p>\n<p>Um die Kultur eines Volkes kennenzulernen, gibt es nichts Besseres, als seine M\u00e4rkte zu besuchen. Dieser Ausflug bringt Sie u.a. zum typischen und farbenfrohen Markt S\u00e3o Joaquim im Stadtteil \u00c1gua de Meninos. In diesem grossen und offenen Markt finden Sie Korbwaren und Keramik, Gem\u00fcse, Obst, Fleisch, Kr\u00e4uter, Lederwaren, Heiligt\u00fcmer des Candombl\u00e9 und vieles mehr. Alles zu einem sehr erschwinglichen Preis nat\u00fcrlich! Auch lernen Sie auf diesem Ausflug den Stadtteil Liberdade kennen, einen der gr\u00f6ssten von Salvador und einer der bev\u00f6lkerungsreichsten der Welt. Hier konzentriert sich die gr\u00f6sste Zahl der afrikanischen Nachkommen in Bahia und hier befindet sich der Sitz der ber\u00fchmten Karnevalsgruppe Afro Il\u00ea Ai\u00ea, zu der jedes Jahr Tausende von Touristen kommen, um die Proben f\u00fcr den n\u00e4chsten Karneval zu bestaunen.<\/p>\n","protected":false},"featured_media":3561,"comment_status":"open","ping_status":"closed","template":"","meta":[],"product_cat":[835,836,869,890],"product_tag":[],"yoast_head":"<!-- This site is optimized with the Yoast SEO plugin v19.3 - https:\/\/yoast.com\/wordpress\/plugins\/seo\/ -->\n<title>Tour Popular - Ausfl\u00fcge - Tours Bahia<\/title>\n<meta name=\"robots\" content=\"index, follow, max-snippet:-1, max-image-preview:large, max-video-preview:-1\" \/>\n<link rel=\"canonical\" href=\"https:\/\/www.toursbahia.com.br\/de\/loja\/ausfluge\/tour-popular-ausfluge\/\" \/>\n<meta property=\"og:locale\" content=\"de_DE\" \/>\n<meta property=\"og:type\" content=\"article\" \/>\n<meta property=\"og:title\" content=\"Tour Popular - Ausfl\u00fcge - Tours Bahia\" \/>\n<meta property=\"og:description\" content=\"ERLEBEN SIE DEN ALLTAG DER BAIANOS!  Um die Kultur eines Volkes kennenzulernen, gibt es nichts Besseres, als seine M\u00e4rkte zu besuchen. Dieser Ausflug bringt Sie u.a. zum typischen und farbenfrohen Markt S\u00e3o Joaquim im Stadtteil \u00c1gua de Meninos. In diesem grossen und offenen Markt finden Sie Korbwaren und Keramik, Gem\u00fcse, Obst, Fleisch, Kr\u00e4uter, Lederwaren, Heiligt\u00fcmer des Candombl\u00e9 und vieles mehr. Alles zu einem sehr erschwinglichen Preis nat\u00fcrlich! Auch lernen Sie auf diesem Ausflug den Stadtteil Liberdade kennen, einen der gr\u00f6ssten von Salvador und einer der bev\u00f6lkerungsreichsten der Welt. Hier konzentriert sich die gr\u00f6sste Zahl der afrikanischen Nachkommen in Bahia und hier befindet sich der Sitz der ber\u00fchmten Karnevalsgruppe Afro Il\u00ea Ai\u00ea, zu der jedes Jahr Tausende von Touristen kommen, um die Proben f\u00fcr den n\u00e4chsten Karneval zu bestaunen.\" \/>\n<meta property=\"og:url\" content=\"https:\/\/www.toursbahia.com.br\/de\/loja\/ausfluge\/tour-popular-ausfluge\/\" \/>\n<meta property=\"og:site_name\" content=\"Tours Bahia\" \/>\n<meta property=\"article:publisher\" content=\"https:\/\/www.facebook.com\/toursbahiainternational\" \/>\n<meta property=\"article:modified_time\" content=\"2025-06-03T08:45:00+00:00\" \/>\n<meta property=\"og:image\" content=\"https:\/\/www.toursbahia.com.br\/wp-content\/uploads\/2018\/12\/Tour-Popular-Foto-05.jpg\" \/>\n\t<meta property=\"og:image:width\" content=\"900\" \/>\n\t<meta property=\"og:image:height\" content=\"550\" \/>\n\t<meta property=\"og:image:type\" content=\"image\/jpeg\" \/>\n<meta name=\"twitter:card\" content=\"summary_large_image\" \/>\n<script type=\"application\/ld+json\" class=\"yoast-schema-graph\">{\"@context\":\"https:\/\/schema.org\",\"@graph\":[{\"@type\":\"WebSite\",\"@id\":\"https:\/\/www.toursbahia.com.br\/#website\",\"url\":\"https:\/\/www.toursbahia.com.br\/\",\"name\":\"Tours Bahia\",\"description\":\"\",\"potentialAction\":[{\"@type\":\"SearchAction\",\"target\":{\"@type\":\"EntryPoint\",\"urlTemplate\":\"https:\/\/www.toursbahia.com.br\/?s={search_term_string}\"},\"query-input\":\"required name=search_term_string\"}],\"inLanguage\":\"de-DE\"},{\"@type\":\"ImageObject\",\"inLanguage\":\"de-DE\",\"@id\":\"https:\/\/www.toursbahia.com.br\/de\/loja\/ausfluge\/tour-popular-ausfluge\/#primaryimage\",\"url\":\"https:\/\/www.toursbahia.com.br\/wp-content\/uploads\/2018\/12\/Tour-Popular-Foto-05.jpg\",\"contentUrl\":\"https:\/\/www.toursbahia.com.br\/wp-content\/uploads\/2018\/12\/Tour-Popular-Foto-05.jpg\",\"width\":900,\"height\":550},{\"@type\":\"WebPage\",\"@id\":\"https:\/\/www.toursbahia.com.br\/de\/loja\/ausfluge\/tour-popular-ausfluge\/\",\"url\":\"https:\/\/www.toursbahia.com.br\/de\/loja\/ausfluge\/tour-popular-ausfluge\/\",\"name\":\"Tour Popular - Ausfl\u00fcge - Tours Bahia\",\"isPartOf\":{\"@id\":\"https:\/\/www.toursbahia.com.br\/#website\"},\"primaryImageOfPage\":{\"@id\":\"https:\/\/www.toursbahia.com.br\/de\/loja\/ausfluge\/tour-popular-ausfluge\/#primaryimage\"},\"datePublished\":\"2019-01-21T15:50:10+00:00\",\"dateModified\":\"2025-06-03T08:45:00+00:00\",\"breadcrumb\":{\"@id\":\"https:\/\/www.toursbahia.com.br\/de\/loja\/ausfluge\/tour-popular-ausfluge\/#breadcrumb\"},\"inLanguage\":\"de-DE\",\"potentialAction\":[{\"@type\":\"ReadAction\",\"target\":[\"https:\/\/www.toursbahia.com.br\/de\/loja\/ausfluge\/tour-popular-ausfluge\/\"]}]},{\"@type\":\"BreadcrumbList\",\"@id\":\"https:\/\/www.toursbahia.com.br\/de\/loja\/ausfluge\/tour-popular-ausfluge\/#breadcrumb\",\"itemListElement\":[{\"@type\":\"ListItem\",\"position\":1,\"name\":\"In\u00edcio\",\"item\":\"https:\/\/www.toursbahia.com.br\/de\/\"},{\"@type\":\"ListItem\",\"position\":2,\"name\":\"Store\",\"item\":\"https:\/\/www.toursbahia.com.br\/de\/store-tours-bahia-internacional\/\"},{\"@type\":\"ListItem\",\"position\":3,\"name\":\"Tour Popular &#8211; Ausfl\u00fcge\"}]}]}<\/script>\n<!-- \/ Yoast SEO plugin. -->","yoast_head_json":{"title":"Tour Popular - Ausfl\u00fcge - Tours Bahia","robots":{"index":"index","follow":"follow","max-snippet":"max-snippet:-1","max-image-preview":"max-image-preview:large","max-video-preview":"max-video-preview:-1"},"canonical":"https:\/\/www.toursbahia.com.br\/de\/loja\/ausfluge\/tour-popular-ausfluge\/","og_locale":"de_DE","og_type":"article","og_title":"Tour Popular - Ausfl\u00fcge - Tours Bahia","og_description":"ERLEBEN SIE DEN ALLTAG DER BAIANOS!  Um die Kultur eines Volkes kennenzulernen, gibt es nichts Besseres, als seine M\u00e4rkte zu besuchen. Dieser Ausflug bringt Sie u.a. zum typischen und farbenfrohen Markt S\u00e3o Joaquim im Stadtteil \u00c1gua de Meninos. In diesem grossen und offenen Markt finden Sie Korbwaren und Keramik, Gem\u00fcse, Obst, Fleisch, Kr\u00e4uter, Lederwaren, Heiligt\u00fcmer des Candombl\u00e9 und vieles mehr. Alles zu einem sehr erschwinglichen Preis nat\u00fcrlich! Auch lernen Sie auf diesem Ausflug den Stadtteil Liberdade kennen, einen der gr\u00f6ssten von Salvador und einer der bev\u00f6lkerungsreichsten der Welt. Hier konzentriert sich die gr\u00f6sste Zahl der afrikanischen Nachkommen in Bahia und hier befindet sich der Sitz der ber\u00fchmten Karnevalsgruppe Afro Il\u00ea Ai\u00ea, zu der jedes Jahr Tausende von Touristen kommen, um die Proben f\u00fcr den n\u00e4chsten Karneval zu bestaunen.","og_url":"https:\/\/www.toursbahia.com.br\/de\/loja\/ausfluge\/tour-popular-ausfluge\/","og_site_name":"Tours Bahia","article_publisher":"https:\/\/www.facebook.com\/toursbahiainternational","article_modified_time":"2025-06-03T08:45:00+00:00","og_image":[{"width":900,"height":550,"url":"https:\/\/www.toursbahia.com.br\/wp-content\/uploads\/2018\/12\/Tour-Popular-Foto-05.jpg","type":"image\/jpeg"}],"twitter_card":"summary_large_image","schema":{"@context":"https:\/\/schema.org","@graph":[{"@type":"WebSite","@id":"https:\/\/www.toursbahia.com.br\/#website","url":"https:\/\/www.toursbahia.com.br\/","name":"Tours Bahia","description":"","potentialAction":[{"@type":"SearchAction","target":{"@type":"EntryPoint","urlTemplate":"https:\/\/www.toursbahia.com.br\/?s={search_term_string}"},"query-input":"required name=search_term_string"}],"inLanguage":"de-DE"},{"@type":"ImageObject","inLanguage":"de-DE","@id":"https:\/\/www.toursbahia.com.br\/de\/loja\/ausfluge\/tour-popular-ausfluge\/#primaryimage","url":"https:\/\/www.toursbahia.com.br\/wp-content\/uploads\/2018\/12\/Tour-Popular-Foto-05.jpg","contentUrl":"https:\/\/www.toursbahia.com.br\/wp-content\/uploads\/2018\/12\/Tour-Popular-Foto-05.jpg","width":900,"height":550},{"@type":"WebPage","@id":"https:\/\/www.toursbahia.com.br\/de\/loja\/ausfluge\/tour-popular-ausfluge\/","url":"https:\/\/www.toursbahia.com.br\/de\/loja\/ausfluge\/tour-popular-ausfluge\/","name":"Tour Popular - Ausfl\u00fcge - Tours Bahia","isPartOf":{"@id":"https:\/\/www.toursbahia.com.br\/#website"},"primaryImageOfPage":{"@id":"https:\/\/www.toursbahia.com.br\/de\/loja\/ausfluge\/tour-popular-ausfluge\/#primaryimage"},"datePublished":"2019-01-21T15:50:10+00:00","dateModified":"2025-06-03T08:45:00+00:00","breadcrumb":{"@id":"https:\/\/www.toursbahia.com.br\/de\/loja\/ausfluge\/tour-popular-ausfluge\/#breadcrumb"},"inLanguage":"de-DE","potentialAction":[{"@type":"ReadAction","target":["https:\/\/www.toursbahia.com.br\/de\/loja\/ausfluge\/tour-popular-ausfluge\/"]}]},{"@type":"BreadcrumbList","@id":"https:\/\/www.toursbahia.com.br\/de\/loja\/ausfluge\/tour-popular-ausfluge\/#breadcrumb","itemListElement":[{"@type":"ListItem","position":1,"name":"In\u00edcio","item":"https:\/\/www.toursbahia.com.br\/de\/"},{"@type":"ListItem","position":2,"name":"Store","item":"https:\/\/www.toursbahia.com.br\/de\/store-tours-bahia-internacional\/"},{"@type":"ListItem","position":3,"name":"Tour Popular &#8211; Ausfl\u00fcge"}]}]}},"_links":{"self":[{"href":"https:\/\/www.toursbahia.com.br\/de\/wp-json\/wp\/v2\/product\/3560"}],"collection":[{"href":"https:\/\/www.toursbahia.com.br\/de\/wp-json\/wp\/v2\/product"}],"about":[{"href":"https:\/\/www.toursbahia.com.br\/de\/wp-json\/wp\/v2\/types\/product"}],"replies":[{"embeddable":true,"href":"https:\/\/www.toursbahia.com.br\/de\/wp-json\/wp\/v2\/comments?post=3560"}],"wp:featuredmedia":[{"embeddable":true,"href":"https:\/\/www.toursbahia.com.br\/de\/wp-json\/wp\/v2\/media\/3561"}],"wp:attachment":[{"href":"https:\/\/www.toursbahia.com.br\/de\/wp-json\/wp\/v2\/media?parent=3560"}],"wp:term":[{"taxonomy":"product_cat","embeddable":true,"href":"https:\/\/www.toursbahia.com.br\/de\/wp-json\/wp\/v2\/product_cat?post=3560"},{"taxonomy":"product_tag","embeddable":true,"href":"https:\/\/www.toursbahia.com.br\/de\/wp-json\/wp\/v2\/product_tag?post=3560"}],"curies":[{"name":"wp","href":"https:\/\/api.w.org\/{rel}","templated":true}]}}