{"id":3565,"date":"2019-01-21T13:48:06","date_gmt":"2019-01-21T15:48:06","guid":{"rendered":"https:\/\/www.toursbahia.com.br\/\/produto\/unkategorisiert\/bahia-mistica-passeio\/"},"modified":"2025-06-02T18:20:00","modified_gmt":"2025-06-02T21:20:00","slug":"mystisches-bahia-ausfluge","status":"publish","type":"product","link":"https:\/\/www.toursbahia.com.br\/de\/loja\/ausfluge\/mystisches-bahia-ausfluge\/","title":{"rendered":"Mystisches Bahia &#8211; Ausfl\u00fcge"},"content":{"rendered":"","protected":false},"excerpt":{"rendered":"<p>EIN TREFFEN MIT DEM RELIGI\u00d6SEN SYNKRETISMUS!<\/p>\n<p>Dies ist der perfekte Ausflug f\u00fcr diejenigen, die einige Geheimnisse und Kuriosit\u00e4ten der von Sklaven aus Afrika eingef\u00fchrten und inzwischen verwurzelten Religion erfahren wollen. Der Ausflug beginnt mit dem Besuch des Dique do Toror\u00f3, wo Ihnen anhand von Skulpturen des K\u00fcnstlers Tati Moreno einige der Candombl\u00e9-Charaktere vorgestellt werden. Weiter geht es zum Markt S\u00e3o Joaquim, wo die meisten der in Zeremonien benutzten Artefakte verkauft werden: K\u00f6rbe f\u00fcr Opfergaben, Bl\u00e4tter f\u00fcr Heilb\u00e4der und viele Kr\u00e4uter. Um den Ausflug mit viel Ax\u00e9 zu beenden, besuchen wir noch eines der traditionellsten Terreiros des Candombl\u00e9 in Salvador. Hier haben Sie die M\u00f6glichkeit, mehr \u00fcber die Geschichte der Religion, ihren Ursprung sowie ihre Gottheiten zu erfahren und direkten Kontakt zu den Bewohnern des Hofes zu bekommen \u2013 sicherlich eine einzigartige und erstaunliche Erfahrung.<\/p>\n","protected":false},"featured_media":3215,"comment_status":"open","ping_status":"closed","template":"","meta":[],"product_cat":[835,836,875,869],"product_tag":[],"yoast_head":"<!-- This site is optimized with the Yoast SEO plugin v19.3 - https:\/\/yoast.com\/wordpress\/plugins\/seo\/ -->\n<title>Mystisches Bahia - Ausfl\u00fcge - Tours Bahia<\/title>\n<meta name=\"robots\" content=\"index, follow, max-snippet:-1, max-image-preview:large, max-video-preview:-1\" \/>\n<link rel=\"canonical\" href=\"https:\/\/www.toursbahia.com.br\/de\/loja\/ausfluge\/mystisches-bahia-ausfluge\/\" \/>\n<meta property=\"og:locale\" content=\"de_DE\" \/>\n<meta property=\"og:type\" content=\"article\" \/>\n<meta property=\"og:title\" content=\"Mystisches Bahia - Ausfl\u00fcge - Tours Bahia\" \/>\n<meta property=\"og:description\" content=\"EIN TREFFEN MIT DEM RELIGI\u00d6SEN SYNKRETISMUS!  Dies ist der perfekte Ausflug f\u00fcr diejenigen, die einige Geheimnisse und Kuriosit\u00e4ten der von Sklaven aus Afrika eingef\u00fchrten und inzwischen verwurzelten Religion erfahren wollen. Der Ausflug beginnt mit dem Besuch des Dique do Toror\u00f3, wo Ihnen anhand von Skulpturen des K\u00fcnstlers Tati Moreno einige der Candombl\u00e9-Charaktere vorgestellt werden. Weiter geht es zum Markt S\u00e3o Joaquim, wo die meisten der in Zeremonien benutzten Artefakte verkauft werden: K\u00f6rbe f\u00fcr Opfergaben, Bl\u00e4tter f\u00fcr Heilb\u00e4der und viele Kr\u00e4uter. Um den Ausflug mit viel Ax\u00e9 zu beenden, besuchen wir noch eines der traditionellsten Terreiros des Candombl\u00e9 in Salvador. Hier haben Sie die M\u00f6glichkeit, mehr \u00fcber die Geschichte der Religion, ihren Ursprung sowie ihre Gottheiten zu erfahren und direkten Kontakt zu den Bewohnern des Hofes zu bekommen \u2013 sicherlich eine einzigartige und erstaunliche Erfahrung.\" \/>\n<meta property=\"og:url\" content=\"https:\/\/www.toursbahia.com.br\/de\/loja\/ausfluge\/mystisches-bahia-ausfluge\/\" \/>\n<meta property=\"og:site_name\" content=\"Tours Bahia\" \/>\n<meta property=\"article:publisher\" content=\"https:\/\/www.facebook.com\/toursbahiainternational\" \/>\n<meta property=\"article:modified_time\" content=\"2025-06-02T21:20:00+00:00\" \/>\n<meta property=\"og:image\" content=\"https:\/\/www.toursbahia.com.br\/wp-content\/uploads\/2018\/12\/Bahia-M\u00edstica-Foto-04.jpg\" \/>\n\t<meta property=\"og:image:width\" content=\"900\" \/>\n\t<meta property=\"og:image:height\" content=\"550\" \/>\n\t<meta property=\"og:image:type\" content=\"image\/jpeg\" \/>\n<meta name=\"twitter:card\" content=\"summary_large_image\" \/>\n<script type=\"application\/ld+json\" class=\"yoast-schema-graph\">{\"@context\":\"https:\/\/schema.org\",\"@graph\":[{\"@type\":\"WebSite\",\"@id\":\"https:\/\/www.toursbahia.com.br\/#website\",\"url\":\"https:\/\/www.toursbahia.com.br\/\",\"name\":\"Tours Bahia\",\"description\":\"\",\"potentialAction\":[{\"@type\":\"SearchAction\",\"target\":{\"@type\":\"EntryPoint\",\"urlTemplate\":\"https:\/\/www.toursbahia.com.br\/?s={search_term_string}\"},\"query-input\":\"required name=search_term_string\"}],\"inLanguage\":\"de-DE\"},{\"@type\":\"ImageObject\",\"inLanguage\":\"de-DE\",\"@id\":\"https:\/\/www.toursbahia.com.br\/de\/loja\/ausfluge\/mystisches-bahia-ausfluge\/#primaryimage\",\"url\":\"https:\/\/www.toursbahia.com.br\/wp-content\/uploads\/2018\/12\/Bahia-M\u00edstica-Foto-04.jpg\",\"contentUrl\":\"https:\/\/www.toursbahia.com.br\/wp-content\/uploads\/2018\/12\/Bahia-M\u00edstica-Foto-04.jpg\",\"width\":900,\"height\":550},{\"@type\":\"WebPage\",\"@id\":\"https:\/\/www.toursbahia.com.br\/de\/loja\/ausfluge\/mystisches-bahia-ausfluge\/\",\"url\":\"https:\/\/www.toursbahia.com.br\/de\/loja\/ausfluge\/mystisches-bahia-ausfluge\/\",\"name\":\"Mystisches Bahia - Ausfl\u00fcge - Tours Bahia\",\"isPartOf\":{\"@id\":\"https:\/\/www.toursbahia.com.br\/#website\"},\"primaryImageOfPage\":{\"@id\":\"https:\/\/www.toursbahia.com.br\/de\/loja\/ausfluge\/mystisches-bahia-ausfluge\/#primaryimage\"},\"datePublished\":\"2019-01-21T15:48:06+00:00\",\"dateModified\":\"2025-06-02T21:20:00+00:00\",\"breadcrumb\":{\"@id\":\"https:\/\/www.toursbahia.com.br\/de\/loja\/ausfluge\/mystisches-bahia-ausfluge\/#breadcrumb\"},\"inLanguage\":\"de-DE\",\"potentialAction\":[{\"@type\":\"ReadAction\",\"target\":[\"https:\/\/www.toursbahia.com.br\/de\/loja\/ausfluge\/mystisches-bahia-ausfluge\/\"]}]},{\"@type\":\"BreadcrumbList\",\"@id\":\"https:\/\/www.toursbahia.com.br\/de\/loja\/ausfluge\/mystisches-bahia-ausfluge\/#breadcrumb\",\"itemListElement\":[{\"@type\":\"ListItem\",\"position\":1,\"name\":\"In\u00edcio\",\"item\":\"https:\/\/www.toursbahia.com.br\/de\/\"},{\"@type\":\"ListItem\",\"position\":2,\"name\":\"Store\",\"item\":\"https:\/\/www.toursbahia.com.br\/de\/store-tours-bahia-internacional\/\"},{\"@type\":\"ListItem\",\"position\":3,\"name\":\"Mystisches Bahia &#8211; Ausfl\u00fcge\"}]}]}<\/script>\n<!-- \/ Yoast SEO plugin. -->","yoast_head_json":{"title":"Mystisches Bahia - Ausfl\u00fcge - Tours Bahia","robots":{"index":"index","follow":"follow","max-snippet":"max-snippet:-1","max-image-preview":"max-image-preview:large","max-video-preview":"max-video-preview:-1"},"canonical":"https:\/\/www.toursbahia.com.br\/de\/loja\/ausfluge\/mystisches-bahia-ausfluge\/","og_locale":"de_DE","og_type":"article","og_title":"Mystisches Bahia - Ausfl\u00fcge - Tours Bahia","og_description":"EIN TREFFEN MIT DEM RELIGI\u00d6SEN SYNKRETISMUS!  Dies ist der perfekte Ausflug f\u00fcr diejenigen, die einige Geheimnisse und Kuriosit\u00e4ten der von Sklaven aus Afrika eingef\u00fchrten und inzwischen verwurzelten Religion erfahren wollen. Der Ausflug beginnt mit dem Besuch des Dique do Toror\u00f3, wo Ihnen anhand von Skulpturen des K\u00fcnstlers Tati Moreno einige der Candombl\u00e9-Charaktere vorgestellt werden. Weiter geht es zum Markt S\u00e3o Joaquim, wo die meisten der in Zeremonien benutzten Artefakte verkauft werden: K\u00f6rbe f\u00fcr Opfergaben, Bl\u00e4tter f\u00fcr Heilb\u00e4der und viele Kr\u00e4uter. Um den Ausflug mit viel Ax\u00e9 zu beenden, besuchen wir noch eines der traditionellsten Terreiros des Candombl\u00e9 in Salvador. Hier haben Sie die M\u00f6glichkeit, mehr \u00fcber die Geschichte der Religion, ihren Ursprung sowie ihre Gottheiten zu erfahren und direkten Kontakt zu den Bewohnern des Hofes zu bekommen \u2013 sicherlich eine einzigartige und erstaunliche Erfahrung.","og_url":"https:\/\/www.toursbahia.com.br\/de\/loja\/ausfluge\/mystisches-bahia-ausfluge\/","og_site_name":"Tours Bahia","article_publisher":"https:\/\/www.facebook.com\/toursbahiainternational","article_modified_time":"2025-06-02T21:20:00+00:00","og_image":[{"width":900,"height":550,"url":"https:\/\/www.toursbahia.com.br\/wp-content\/uploads\/2018\/12\/Bahia-M\u00edstica-Foto-04.jpg","type":"image\/jpeg"}],"twitter_card":"summary_large_image","schema":{"@context":"https:\/\/schema.org","@graph":[{"@type":"WebSite","@id":"https:\/\/www.toursbahia.com.br\/#website","url":"https:\/\/www.toursbahia.com.br\/","name":"Tours Bahia","description":"","potentialAction":[{"@type":"SearchAction","target":{"@type":"EntryPoint","urlTemplate":"https:\/\/www.toursbahia.com.br\/?s={search_term_string}"},"query-input":"required name=search_term_string"}],"inLanguage":"de-DE"},{"@type":"ImageObject","inLanguage":"de-DE","@id":"https:\/\/www.toursbahia.com.br\/de\/loja\/ausfluge\/mystisches-bahia-ausfluge\/#primaryimage","url":"https:\/\/www.toursbahia.com.br\/wp-content\/uploads\/2018\/12\/Bahia-M\u00edstica-Foto-04.jpg","contentUrl":"https:\/\/www.toursbahia.com.br\/wp-content\/uploads\/2018\/12\/Bahia-M\u00edstica-Foto-04.jpg","width":900,"height":550},{"@type":"WebPage","@id":"https:\/\/www.toursbahia.com.br\/de\/loja\/ausfluge\/mystisches-bahia-ausfluge\/","url":"https:\/\/www.toursbahia.com.br\/de\/loja\/ausfluge\/mystisches-bahia-ausfluge\/","name":"Mystisches Bahia - Ausfl\u00fcge - Tours Bahia","isPartOf":{"@id":"https:\/\/www.toursbahia.com.br\/#website"},"primaryImageOfPage":{"@id":"https:\/\/www.toursbahia.com.br\/de\/loja\/ausfluge\/mystisches-bahia-ausfluge\/#primaryimage"},"datePublished":"2019-01-21T15:48:06+00:00","dateModified":"2025-06-02T21:20:00+00:00","breadcrumb":{"@id":"https:\/\/www.toursbahia.com.br\/de\/loja\/ausfluge\/mystisches-bahia-ausfluge\/#breadcrumb"},"inLanguage":"de-DE","potentialAction":[{"@type":"ReadAction","target":["https:\/\/www.toursbahia.com.br\/de\/loja\/ausfluge\/mystisches-bahia-ausfluge\/"]}]},{"@type":"BreadcrumbList","@id":"https:\/\/www.toursbahia.com.br\/de\/loja\/ausfluge\/mystisches-bahia-ausfluge\/#breadcrumb","itemListElement":[{"@type":"ListItem","position":1,"name":"In\u00edcio","item":"https:\/\/www.toursbahia.com.br\/de\/"},{"@type":"ListItem","position":2,"name":"Store","item":"https:\/\/www.toursbahia.com.br\/de\/store-tours-bahia-internacional\/"},{"@type":"ListItem","position":3,"name":"Mystisches Bahia &#8211; Ausfl\u00fcge"}]}]}},"_links":{"self":[{"href":"https:\/\/www.toursbahia.com.br\/de\/wp-json\/wp\/v2\/product\/3565"}],"collection":[{"href":"https:\/\/www.toursbahia.com.br\/de\/wp-json\/wp\/v2\/product"}],"about":[{"href":"https:\/\/www.toursbahia.com.br\/de\/wp-json\/wp\/v2\/types\/product"}],"replies":[{"embeddable":true,"href":"https:\/\/www.toursbahia.com.br\/de\/wp-json\/wp\/v2\/comments?post=3565"}],"wp:featuredmedia":[{"embeddable":true,"href":"https:\/\/www.toursbahia.com.br\/de\/wp-json\/wp\/v2\/media\/3215"}],"wp:attachment":[{"href":"https:\/\/www.toursbahia.com.br\/de\/wp-json\/wp\/v2\/media?parent=3565"}],"wp:term":[{"taxonomy":"product_cat","embeddable":true,"href":"https:\/\/www.toursbahia.com.br\/de\/wp-json\/wp\/v2\/product_cat?post=3565"},{"taxonomy":"product_tag","embeddable":true,"href":"https:\/\/www.toursbahia.com.br\/de\/wp-json\/wp\/v2\/product_tag?post=3565"}],"curies":[{"name":"wp","href":"https:\/\/api.w.org\/{rel}","templated":true}]}}