{"id":3568,"date":"2019-01-21T13:45:42","date_gmt":"2019-01-21T15:45:42","guid":{"rendered":"https:\/\/www.toursbahia.com.br\/\/produto\/unkategorisiert\/tour-panoramico-passeio\/"},"modified":"2025-06-06T22:31:02","modified_gmt":"2025-06-07T01:31:02","slug":"panorama-stadtbesichtigung-ausfluge","status":"publish","type":"product","link":"https:\/\/www.toursbahia.com.br\/de\/loja\/ausfluge\/panorama-stadtbesichtigung-ausfluge\/","title":{"rendered":"Panorama \u2013 Stadtbesichtigung &#8211; Ausfl\u00fcge"},"content":{"rendered":"","protected":false},"excerpt":{"rendered":"<p>DER SEGEN VOM SENHOR DO BONFIM!<\/p>\n<p>Auf diesem Ausflug machen Sie eine sch\u00f6ne Rundfahrt durch die Unterstadt von Salvador. Ein Ort voller Geschichte, Kultur, Kunst und atemberaubenden Landschaften, wenn man auf die Halbinsel Itapagipe blickt. An der Eisdiele von Ribeira legen wir einen kurzen Halt ein, um uns mit einem leckeren Eis aus typischen tropischen Fr\u00fcchten zu erfrischen. Es folgt ein Besuch bei der ber\u00fchmten Kirche Senhor do Bonfim, die jedes Jahr am zweiten Donnerstag im Januar Schauplatz eines der gr\u00f6ssten religi\u00f6sen Feste von Bahia ist. Von hier aus geht es weiter zur Festung Monte Serrat, wo nachgebaute Kriegswaffen bestaunt werden k\u00f6nnen. Gleich nebenan liegt die Ponta de Humait\u00e1 mit ihrem kleinen Leuchtturm. Hier k\u00f6nnen Sie traumhafte Sonnenunterg\u00e4nge erleben! Bevor der Ausflug endet, halten wir noch f\u00fcr ein paar Minuten am Mercado Modelo, dem gr\u00f6ssten Handwerkszentrum von Bahia. Eventuell finden Sie hier ein sch\u00f6nes Souvenir!<\/p>\n","protected":false},"featured_media":3058,"comment_status":"open","ping_status":"closed","template":"","meta":[],"product_cat":[835,836,891,869],"product_tag":[],"yoast_head":"<!-- This site is optimized with the Yoast SEO plugin v19.3 - https:\/\/yoast.com\/wordpress\/plugins\/seo\/ -->\n<title>Panorama \u2013 Stadtbesichtigung - Ausfl\u00fcge - Tours Bahia<\/title>\n<meta name=\"robots\" content=\"index, follow, max-snippet:-1, max-image-preview:large, max-video-preview:-1\" \/>\n<link rel=\"canonical\" href=\"https:\/\/www.toursbahia.com.br\/de\/loja\/ausfluge\/panorama-stadtbesichtigung-ausfluge\/\" \/>\n<meta property=\"og:locale\" content=\"de_DE\" \/>\n<meta property=\"og:type\" content=\"article\" \/>\n<meta property=\"og:title\" content=\"Panorama \u2013 Stadtbesichtigung - Ausfl\u00fcge - Tours Bahia\" \/>\n<meta property=\"og:description\" content=\"DER SEGEN VOM SENHOR DO BONFIM!  Auf diesem Ausflug machen Sie eine sch\u00f6ne Rundfahrt durch die Unterstadt von Salvador. Ein Ort voller Geschichte, Kultur, Kunst und atemberaubenden Landschaften, wenn man auf die Halbinsel Itapagipe blickt. An der Eisdiele von Ribeira legen wir einen kurzen Halt ein, um uns mit einem leckeren Eis aus typischen tropischen Fr\u00fcchten zu erfrischen. Es folgt ein Besuch bei der ber\u00fchmten Kirche Senhor do Bonfim, die jedes Jahr am zweiten Donnerstag im Januar Schauplatz eines der gr\u00f6ssten religi\u00f6sen Feste von Bahia ist. Von hier aus geht es weiter zur Festung Monte Serrat, wo nachgebaute Kriegswaffen bestaunt werden k\u00f6nnen. Gleich nebenan liegt die Ponta de Humait\u00e1 mit ihrem kleinen Leuchtturm. Hier k\u00f6nnen Sie traumhafte Sonnenunterg\u00e4nge erleben! Bevor der Ausflug endet, halten wir noch f\u00fcr ein paar Minuten am Mercado Modelo, dem gr\u00f6ssten Handwerkszentrum von Bahia. Eventuell finden Sie hier ein sch\u00f6nes Souvenir!\" \/>\n<meta property=\"og:url\" content=\"https:\/\/www.toursbahia.com.br\/de\/loja\/ausfluge\/panorama-stadtbesichtigung-ausfluge\/\" \/>\n<meta property=\"og:site_name\" content=\"Tours Bahia\" \/>\n<meta property=\"article:publisher\" content=\"https:\/\/www.facebook.com\/toursbahiainternational\" \/>\n<meta property=\"article:modified_time\" content=\"2025-06-07T01:31:02+00:00\" \/>\n<meta property=\"og:image\" content=\"https:\/\/www.toursbahia.com.br\/wp-content\/uploads\/2018\/12\/Tour-Panor\u00e2mico-Foto-06.jpg\" \/>\n\t<meta property=\"og:image:width\" content=\"900\" \/>\n\t<meta property=\"og:image:height\" content=\"550\" \/>\n\t<meta property=\"og:image:type\" content=\"image\/jpeg\" \/>\n<meta name=\"twitter:card\" content=\"summary_large_image\" \/>\n<script type=\"application\/ld+json\" class=\"yoast-schema-graph\">{\"@context\":\"https:\/\/schema.org\",\"@graph\":[{\"@type\":\"WebSite\",\"@id\":\"https:\/\/www.toursbahia.com.br\/#website\",\"url\":\"https:\/\/www.toursbahia.com.br\/\",\"name\":\"Tours Bahia\",\"description\":\"\",\"potentialAction\":[{\"@type\":\"SearchAction\",\"target\":{\"@type\":\"EntryPoint\",\"urlTemplate\":\"https:\/\/www.toursbahia.com.br\/?s={search_term_string}\"},\"query-input\":\"required name=search_term_string\"}],\"inLanguage\":\"de-DE\"},{\"@type\":\"ImageObject\",\"inLanguage\":\"de-DE\",\"@id\":\"https:\/\/www.toursbahia.com.br\/de\/loja\/ausfluge\/panorama-stadtbesichtigung-ausfluge\/#primaryimage\",\"url\":\"https:\/\/www.toursbahia.com.br\/wp-content\/uploads\/2018\/12\/Tour-Panor\u00e2mico-Foto-06.jpg\",\"contentUrl\":\"https:\/\/www.toursbahia.com.br\/wp-content\/uploads\/2018\/12\/Tour-Panor\u00e2mico-Foto-06.jpg\",\"width\":900,\"height\":550},{\"@type\":\"WebPage\",\"@id\":\"https:\/\/www.toursbahia.com.br\/de\/loja\/ausfluge\/panorama-stadtbesichtigung-ausfluge\/\",\"url\":\"https:\/\/www.toursbahia.com.br\/de\/loja\/ausfluge\/panorama-stadtbesichtigung-ausfluge\/\",\"name\":\"Panorama \u2013 Stadtbesichtigung - Ausfl\u00fcge - Tours Bahia\",\"isPartOf\":{\"@id\":\"https:\/\/www.toursbahia.com.br\/#website\"},\"primaryImageOfPage\":{\"@id\":\"https:\/\/www.toursbahia.com.br\/de\/loja\/ausfluge\/panorama-stadtbesichtigung-ausfluge\/#primaryimage\"},\"datePublished\":\"2019-01-21T15:45:42+00:00\",\"dateModified\":\"2025-06-07T01:31:02+00:00\",\"breadcrumb\":{\"@id\":\"https:\/\/www.toursbahia.com.br\/de\/loja\/ausfluge\/panorama-stadtbesichtigung-ausfluge\/#breadcrumb\"},\"inLanguage\":\"de-DE\",\"potentialAction\":[{\"@type\":\"ReadAction\",\"target\":[\"https:\/\/www.toursbahia.com.br\/de\/loja\/ausfluge\/panorama-stadtbesichtigung-ausfluge\/\"]}]},{\"@type\":\"BreadcrumbList\",\"@id\":\"https:\/\/www.toursbahia.com.br\/de\/loja\/ausfluge\/panorama-stadtbesichtigung-ausfluge\/#breadcrumb\",\"itemListElement\":[{\"@type\":\"ListItem\",\"position\":1,\"name\":\"In\u00edcio\",\"item\":\"https:\/\/www.toursbahia.com.br\/de\/\"},{\"@type\":\"ListItem\",\"position\":2,\"name\":\"Store\",\"item\":\"https:\/\/www.toursbahia.com.br\/de\/store-tours-bahia-internacional\/\"},{\"@type\":\"ListItem\",\"position\":3,\"name\":\"Panorama \u2013 Stadtbesichtigung &#8211; Ausfl\u00fcge\"}]}]}<\/script>\n<!-- \/ Yoast SEO plugin. -->","yoast_head_json":{"title":"Panorama \u2013 Stadtbesichtigung - Ausfl\u00fcge - Tours Bahia","robots":{"index":"index","follow":"follow","max-snippet":"max-snippet:-1","max-image-preview":"max-image-preview:large","max-video-preview":"max-video-preview:-1"},"canonical":"https:\/\/www.toursbahia.com.br\/de\/loja\/ausfluge\/panorama-stadtbesichtigung-ausfluge\/","og_locale":"de_DE","og_type":"article","og_title":"Panorama \u2013 Stadtbesichtigung - Ausfl\u00fcge - Tours Bahia","og_description":"DER SEGEN VOM SENHOR DO BONFIM!  Auf diesem Ausflug machen Sie eine sch\u00f6ne Rundfahrt durch die Unterstadt von Salvador. Ein Ort voller Geschichte, Kultur, Kunst und atemberaubenden Landschaften, wenn man auf die Halbinsel Itapagipe blickt. An der Eisdiele von Ribeira legen wir einen kurzen Halt ein, um uns mit einem leckeren Eis aus typischen tropischen Fr\u00fcchten zu erfrischen. Es folgt ein Besuch bei der ber\u00fchmten Kirche Senhor do Bonfim, die jedes Jahr am zweiten Donnerstag im Januar Schauplatz eines der gr\u00f6ssten religi\u00f6sen Feste von Bahia ist. Von hier aus geht es weiter zur Festung Monte Serrat, wo nachgebaute Kriegswaffen bestaunt werden k\u00f6nnen. Gleich nebenan liegt die Ponta de Humait\u00e1 mit ihrem kleinen Leuchtturm. Hier k\u00f6nnen Sie traumhafte Sonnenunterg\u00e4nge erleben! Bevor der Ausflug endet, halten wir noch f\u00fcr ein paar Minuten am Mercado Modelo, dem gr\u00f6ssten Handwerkszentrum von Bahia. Eventuell finden Sie hier ein sch\u00f6nes Souvenir!","og_url":"https:\/\/www.toursbahia.com.br\/de\/loja\/ausfluge\/panorama-stadtbesichtigung-ausfluge\/","og_site_name":"Tours Bahia","article_publisher":"https:\/\/www.facebook.com\/toursbahiainternational","article_modified_time":"2025-06-07T01:31:02+00:00","og_image":[{"width":900,"height":550,"url":"https:\/\/www.toursbahia.com.br\/wp-content\/uploads\/2018\/12\/Tour-Panor\u00e2mico-Foto-06.jpg","type":"image\/jpeg"}],"twitter_card":"summary_large_image","schema":{"@context":"https:\/\/schema.org","@graph":[{"@type":"WebSite","@id":"https:\/\/www.toursbahia.com.br\/#website","url":"https:\/\/www.toursbahia.com.br\/","name":"Tours Bahia","description":"","potentialAction":[{"@type":"SearchAction","target":{"@type":"EntryPoint","urlTemplate":"https:\/\/www.toursbahia.com.br\/?s={search_term_string}"},"query-input":"required name=search_term_string"}],"inLanguage":"de-DE"},{"@type":"ImageObject","inLanguage":"de-DE","@id":"https:\/\/www.toursbahia.com.br\/de\/loja\/ausfluge\/panorama-stadtbesichtigung-ausfluge\/#primaryimage","url":"https:\/\/www.toursbahia.com.br\/wp-content\/uploads\/2018\/12\/Tour-Panor\u00e2mico-Foto-06.jpg","contentUrl":"https:\/\/www.toursbahia.com.br\/wp-content\/uploads\/2018\/12\/Tour-Panor\u00e2mico-Foto-06.jpg","width":900,"height":550},{"@type":"WebPage","@id":"https:\/\/www.toursbahia.com.br\/de\/loja\/ausfluge\/panorama-stadtbesichtigung-ausfluge\/","url":"https:\/\/www.toursbahia.com.br\/de\/loja\/ausfluge\/panorama-stadtbesichtigung-ausfluge\/","name":"Panorama \u2013 Stadtbesichtigung - Ausfl\u00fcge - Tours Bahia","isPartOf":{"@id":"https:\/\/www.toursbahia.com.br\/#website"},"primaryImageOfPage":{"@id":"https:\/\/www.toursbahia.com.br\/de\/loja\/ausfluge\/panorama-stadtbesichtigung-ausfluge\/#primaryimage"},"datePublished":"2019-01-21T15:45:42+00:00","dateModified":"2025-06-07T01:31:02+00:00","breadcrumb":{"@id":"https:\/\/www.toursbahia.com.br\/de\/loja\/ausfluge\/panorama-stadtbesichtigung-ausfluge\/#breadcrumb"},"inLanguage":"de-DE","potentialAction":[{"@type":"ReadAction","target":["https:\/\/www.toursbahia.com.br\/de\/loja\/ausfluge\/panorama-stadtbesichtigung-ausfluge\/"]}]},{"@type":"BreadcrumbList","@id":"https:\/\/www.toursbahia.com.br\/de\/loja\/ausfluge\/panorama-stadtbesichtigung-ausfluge\/#breadcrumb","itemListElement":[{"@type":"ListItem","position":1,"name":"In\u00edcio","item":"https:\/\/www.toursbahia.com.br\/de\/"},{"@type":"ListItem","position":2,"name":"Store","item":"https:\/\/www.toursbahia.com.br\/de\/store-tours-bahia-internacional\/"},{"@type":"ListItem","position":3,"name":"Panorama \u2013 Stadtbesichtigung &#8211; Ausfl\u00fcge"}]}]}},"_links":{"self":[{"href":"https:\/\/www.toursbahia.com.br\/de\/wp-json\/wp\/v2\/product\/3568"}],"collection":[{"href":"https:\/\/www.toursbahia.com.br\/de\/wp-json\/wp\/v2\/product"}],"about":[{"href":"https:\/\/www.toursbahia.com.br\/de\/wp-json\/wp\/v2\/types\/product"}],"replies":[{"embeddable":true,"href":"https:\/\/www.toursbahia.com.br\/de\/wp-json\/wp\/v2\/comments?post=3568"}],"wp:featuredmedia":[{"embeddable":true,"href":"https:\/\/www.toursbahia.com.br\/de\/wp-json\/wp\/v2\/media\/3058"}],"wp:attachment":[{"href":"https:\/\/www.toursbahia.com.br\/de\/wp-json\/wp\/v2\/media?parent=3568"}],"wp:term":[{"taxonomy":"product_cat","embeddable":true,"href":"https:\/\/www.toursbahia.com.br\/de\/wp-json\/wp\/v2\/product_cat?post=3568"},{"taxonomy":"product_tag","embeddable":true,"href":"https:\/\/www.toursbahia.com.br\/de\/wp-json\/wp\/v2\/product_tag?post=3568"}],"curies":[{"name":"wp","href":"https:\/\/api.w.org\/{rel}","templated":true}]}}