{"id":3571,"date":"2019-01-21T13:43:44","date_gmt":"2019-01-21T15:43:44","guid":{"rendered":"https:\/\/www.toursbahia.com.br\/\/produto\/unkategorisiert\/historico-passeio\/"},"modified":"2025-06-07T17:14:56","modified_gmt":"2025-06-07T20:14:56","slug":"historische-stadtbesichtigung-ausfluge","status":"publish","type":"product","link":"https:\/\/www.toursbahia.com.br\/de\/loja\/ausfluge\/historische-stadtbesichtigung-ausfluge\/","title":{"rendered":"Historische Stadtbesichtigung &#8211; Ausfl\u00fcge"},"content":{"rendered":"","protected":false},"excerpt":{"rendered":"<p>DIE SEHENSW\u00dcRDIGKEITEN DER ERSTEN HAUPTSTADT BRASILIENS!<\/p>\n<p>Auf der historischen Stadtbesichtigung l\u00e4dt Tours Bahia Sie ein, einige der Postkartenansichten von Brasilien kennenzulernen. Der Ausflug beginnt mit einem Besuch des Leuchtturms Farol da Barra, wo Sie ein paar Minuten Zeit haben, um die Sch\u00f6nheit und Pracht zu geniessen und ein paar Fotos zu machen. Weiter folgen wir der Nobelstrasse Corredor da Vit\u00f3ria und vorbei am Hauptplatz Campo Grande, den Laufstegen der trios el\u00e9tricos w\u00e4hrend dem Karneval. In der Altstadt angekommen, setzen wir unseren Ausflug zu Fuss fort. Enge Gassen, H\u00fcgel und viele koloniale H\u00e4user versetzen Sie in eine andere Zeit. Pl\u00e4tze, Kirchen, Museen und Kunstgalerien geben dem Pelourinho seinen Reiz. Die H\u00f6hepunkt sind: Hauptplatz Terreiro de Jesus, Kirche S\u00e3o Francisco, Museum Miseric\u00f3rdia, Haus des Jorge Amado, Haus von Olodum sowie weitere Attraktionen. Es lohnt sich, die Freunde (meinst Du Freuden\/Lebensfreunde?) des bahianischen Volkes aus n\u00e4chster N\u00e4he zu erleben.<\/p>\n","protected":false},"featured_media":3120,"comment_status":"open","ping_status":"closed","template":"","meta":[],"product_cat":[835,836,883,869],"product_tag":[],"yoast_head":"<!-- This site is optimized with the Yoast SEO plugin v19.3 - https:\/\/yoast.com\/wordpress\/plugins\/seo\/ -->\n<title>Historische Stadtbesichtigung - Ausfl\u00fcge - Tours Bahia<\/title>\n<meta name=\"robots\" content=\"index, follow, max-snippet:-1, max-image-preview:large, max-video-preview:-1\" \/>\n<link rel=\"canonical\" href=\"https:\/\/www.toursbahia.com.br\/de\/loja\/ausfluge\/historische-stadtbesichtigung-ausfluge\/\" \/>\n<meta property=\"og:locale\" content=\"de_DE\" \/>\n<meta property=\"og:type\" content=\"article\" \/>\n<meta property=\"og:title\" content=\"Historische Stadtbesichtigung - Ausfl\u00fcge - Tours Bahia\" \/>\n<meta property=\"og:description\" content=\"DIE SEHENSW\u00dcRDIGKEITEN DER ERSTEN HAUPTSTADT BRASILIENS!  Auf der historischen Stadtbesichtigung l\u00e4dt Tours Bahia Sie ein, einige der Postkartenansichten von Brasilien kennenzulernen. Der Ausflug beginnt mit einem Besuch des Leuchtturms Farol da Barra, wo Sie ein paar Minuten Zeit haben, um die Sch\u00f6nheit und Pracht zu geniessen und ein paar Fotos zu machen. Weiter folgen wir der Nobelstrasse Corredor da Vit\u00f3ria und vorbei am Hauptplatz Campo Grande, den Laufstegen der trios el\u00e9tricos w\u00e4hrend dem Karneval. In der Altstadt angekommen, setzen wir unseren Ausflug zu Fuss fort. Enge Gassen, H\u00fcgel und viele koloniale H\u00e4user versetzen Sie in eine andere Zeit. Pl\u00e4tze, Kirchen, Museen und Kunstgalerien geben dem Pelourinho seinen Reiz. Die H\u00f6hepunkt sind: Hauptplatz Terreiro de Jesus, Kirche S\u00e3o Francisco, Museum Miseric\u00f3rdia, Haus des Jorge Amado, Haus von Olodum sowie weitere Attraktionen. Es lohnt sich, die Freunde (meinst Du Freuden\/Lebensfreunde?) des bahianischen Volkes aus n\u00e4chster N\u00e4he zu erleben.\" \/>\n<meta property=\"og:url\" content=\"https:\/\/www.toursbahia.com.br\/de\/loja\/ausfluge\/historische-stadtbesichtigung-ausfluge\/\" \/>\n<meta property=\"og:site_name\" content=\"Tours Bahia\" \/>\n<meta property=\"article:publisher\" content=\"https:\/\/www.facebook.com\/toursbahiainternational\" \/>\n<meta property=\"article:modified_time\" content=\"2025-06-07T20:14:56+00:00\" \/>\n<meta property=\"og:image\" content=\"https:\/\/www.toursbahia.com.br\/wp-content\/uploads\/2018\/12\/Hist\u00f3rico-Foto-03.jpg\" \/>\n\t<meta property=\"og:image:width\" content=\"900\" \/>\n\t<meta property=\"og:image:height\" content=\"550\" \/>\n\t<meta property=\"og:image:type\" content=\"image\/jpeg\" \/>\n<meta name=\"twitter:card\" content=\"summary_large_image\" \/>\n<script type=\"application\/ld+json\" class=\"yoast-schema-graph\">{\"@context\":\"https:\/\/schema.org\",\"@graph\":[{\"@type\":\"WebSite\",\"@id\":\"https:\/\/www.toursbahia.com.br\/#website\",\"url\":\"https:\/\/www.toursbahia.com.br\/\",\"name\":\"Tours Bahia\",\"description\":\"\",\"potentialAction\":[{\"@type\":\"SearchAction\",\"target\":{\"@type\":\"EntryPoint\",\"urlTemplate\":\"https:\/\/www.toursbahia.com.br\/?s={search_term_string}\"},\"query-input\":\"required name=search_term_string\"}],\"inLanguage\":\"de-DE\"},{\"@type\":\"ImageObject\",\"inLanguage\":\"de-DE\",\"@id\":\"https:\/\/www.toursbahia.com.br\/de\/loja\/ausfluge\/historische-stadtbesichtigung-ausfluge\/#primaryimage\",\"url\":\"https:\/\/www.toursbahia.com.br\/wp-content\/uploads\/2018\/12\/Hist\u00f3rico-Foto-03.jpg\",\"contentUrl\":\"https:\/\/www.toursbahia.com.br\/wp-content\/uploads\/2018\/12\/Hist\u00f3rico-Foto-03.jpg\",\"width\":900,\"height\":550},{\"@type\":\"WebPage\",\"@id\":\"https:\/\/www.toursbahia.com.br\/de\/loja\/ausfluge\/historische-stadtbesichtigung-ausfluge\/\",\"url\":\"https:\/\/www.toursbahia.com.br\/de\/loja\/ausfluge\/historische-stadtbesichtigung-ausfluge\/\",\"name\":\"Historische Stadtbesichtigung - Ausfl\u00fcge - Tours Bahia\",\"isPartOf\":{\"@id\":\"https:\/\/www.toursbahia.com.br\/#website\"},\"primaryImageOfPage\":{\"@id\":\"https:\/\/www.toursbahia.com.br\/de\/loja\/ausfluge\/historische-stadtbesichtigung-ausfluge\/#primaryimage\"},\"datePublished\":\"2019-01-21T15:43:44+00:00\",\"dateModified\":\"2025-06-07T20:14:56+00:00\",\"breadcrumb\":{\"@id\":\"https:\/\/www.toursbahia.com.br\/de\/loja\/ausfluge\/historische-stadtbesichtigung-ausfluge\/#breadcrumb\"},\"inLanguage\":\"de-DE\",\"potentialAction\":[{\"@type\":\"ReadAction\",\"target\":[\"https:\/\/www.toursbahia.com.br\/de\/loja\/ausfluge\/historische-stadtbesichtigung-ausfluge\/\"]}]},{\"@type\":\"BreadcrumbList\",\"@id\":\"https:\/\/www.toursbahia.com.br\/de\/loja\/ausfluge\/historische-stadtbesichtigung-ausfluge\/#breadcrumb\",\"itemListElement\":[{\"@type\":\"ListItem\",\"position\":1,\"name\":\"In\u00edcio\",\"item\":\"https:\/\/www.toursbahia.com.br\/de\/\"},{\"@type\":\"ListItem\",\"position\":2,\"name\":\"Store\",\"item\":\"https:\/\/www.toursbahia.com.br\/de\/store-tours-bahia-internacional\/\"},{\"@type\":\"ListItem\",\"position\":3,\"name\":\"Historische Stadtbesichtigung &#8211; Ausfl\u00fcge\"}]}]}<\/script>\n<!-- \/ Yoast SEO plugin. -->","yoast_head_json":{"title":"Historische Stadtbesichtigung - Ausfl\u00fcge - Tours Bahia","robots":{"index":"index","follow":"follow","max-snippet":"max-snippet:-1","max-image-preview":"max-image-preview:large","max-video-preview":"max-video-preview:-1"},"canonical":"https:\/\/www.toursbahia.com.br\/de\/loja\/ausfluge\/historische-stadtbesichtigung-ausfluge\/","og_locale":"de_DE","og_type":"article","og_title":"Historische Stadtbesichtigung - Ausfl\u00fcge - Tours Bahia","og_description":"DIE SEHENSW\u00dcRDIGKEITEN DER ERSTEN HAUPTSTADT BRASILIENS!  Auf der historischen Stadtbesichtigung l\u00e4dt Tours Bahia Sie ein, einige der Postkartenansichten von Brasilien kennenzulernen. Der Ausflug beginnt mit einem Besuch des Leuchtturms Farol da Barra, wo Sie ein paar Minuten Zeit haben, um die Sch\u00f6nheit und Pracht zu geniessen und ein paar Fotos zu machen. Weiter folgen wir der Nobelstrasse Corredor da Vit\u00f3ria und vorbei am Hauptplatz Campo Grande, den Laufstegen der trios el\u00e9tricos w\u00e4hrend dem Karneval. In der Altstadt angekommen, setzen wir unseren Ausflug zu Fuss fort. Enge Gassen, H\u00fcgel und viele koloniale H\u00e4user versetzen Sie in eine andere Zeit. Pl\u00e4tze, Kirchen, Museen und Kunstgalerien geben dem Pelourinho seinen Reiz. Die H\u00f6hepunkt sind: Hauptplatz Terreiro de Jesus, Kirche S\u00e3o Francisco, Museum Miseric\u00f3rdia, Haus des Jorge Amado, Haus von Olodum sowie weitere Attraktionen. Es lohnt sich, die Freunde (meinst Du Freuden\/Lebensfreunde?) des bahianischen Volkes aus n\u00e4chster N\u00e4he zu erleben.","og_url":"https:\/\/www.toursbahia.com.br\/de\/loja\/ausfluge\/historische-stadtbesichtigung-ausfluge\/","og_site_name":"Tours Bahia","article_publisher":"https:\/\/www.facebook.com\/toursbahiainternational","article_modified_time":"2025-06-07T20:14:56+00:00","og_image":[{"width":900,"height":550,"url":"https:\/\/www.toursbahia.com.br\/wp-content\/uploads\/2018\/12\/Hist\u00f3rico-Foto-03.jpg","type":"image\/jpeg"}],"twitter_card":"summary_large_image","schema":{"@context":"https:\/\/schema.org","@graph":[{"@type":"WebSite","@id":"https:\/\/www.toursbahia.com.br\/#website","url":"https:\/\/www.toursbahia.com.br\/","name":"Tours Bahia","description":"","potentialAction":[{"@type":"SearchAction","target":{"@type":"EntryPoint","urlTemplate":"https:\/\/www.toursbahia.com.br\/?s={search_term_string}"},"query-input":"required name=search_term_string"}],"inLanguage":"de-DE"},{"@type":"ImageObject","inLanguage":"de-DE","@id":"https:\/\/www.toursbahia.com.br\/de\/loja\/ausfluge\/historische-stadtbesichtigung-ausfluge\/#primaryimage","url":"https:\/\/www.toursbahia.com.br\/wp-content\/uploads\/2018\/12\/Hist\u00f3rico-Foto-03.jpg","contentUrl":"https:\/\/www.toursbahia.com.br\/wp-content\/uploads\/2018\/12\/Hist\u00f3rico-Foto-03.jpg","width":900,"height":550},{"@type":"WebPage","@id":"https:\/\/www.toursbahia.com.br\/de\/loja\/ausfluge\/historische-stadtbesichtigung-ausfluge\/","url":"https:\/\/www.toursbahia.com.br\/de\/loja\/ausfluge\/historische-stadtbesichtigung-ausfluge\/","name":"Historische Stadtbesichtigung - Ausfl\u00fcge - Tours Bahia","isPartOf":{"@id":"https:\/\/www.toursbahia.com.br\/#website"},"primaryImageOfPage":{"@id":"https:\/\/www.toursbahia.com.br\/de\/loja\/ausfluge\/historische-stadtbesichtigung-ausfluge\/#primaryimage"},"datePublished":"2019-01-21T15:43:44+00:00","dateModified":"2025-06-07T20:14:56+00:00","breadcrumb":{"@id":"https:\/\/www.toursbahia.com.br\/de\/loja\/ausfluge\/historische-stadtbesichtigung-ausfluge\/#breadcrumb"},"inLanguage":"de-DE","potentialAction":[{"@type":"ReadAction","target":["https:\/\/www.toursbahia.com.br\/de\/loja\/ausfluge\/historische-stadtbesichtigung-ausfluge\/"]}]},{"@type":"BreadcrumbList","@id":"https:\/\/www.toursbahia.com.br\/de\/loja\/ausfluge\/historische-stadtbesichtigung-ausfluge\/#breadcrumb","itemListElement":[{"@type":"ListItem","position":1,"name":"In\u00edcio","item":"https:\/\/www.toursbahia.com.br\/de\/"},{"@type":"ListItem","position":2,"name":"Store","item":"https:\/\/www.toursbahia.com.br\/de\/store-tours-bahia-internacional\/"},{"@type":"ListItem","position":3,"name":"Historische Stadtbesichtigung &#8211; Ausfl\u00fcge"}]}]}},"_links":{"self":[{"href":"https:\/\/www.toursbahia.com.br\/de\/wp-json\/wp\/v2\/product\/3571"}],"collection":[{"href":"https:\/\/www.toursbahia.com.br\/de\/wp-json\/wp\/v2\/product"}],"about":[{"href":"https:\/\/www.toursbahia.com.br\/de\/wp-json\/wp\/v2\/types\/product"}],"replies":[{"embeddable":true,"href":"https:\/\/www.toursbahia.com.br\/de\/wp-json\/wp\/v2\/comments?post=3571"}],"wp:featuredmedia":[{"embeddable":true,"href":"https:\/\/www.toursbahia.com.br\/de\/wp-json\/wp\/v2\/media\/3120"}],"wp:attachment":[{"href":"https:\/\/www.toursbahia.com.br\/de\/wp-json\/wp\/v2\/media?parent=3571"}],"wp:term":[{"taxonomy":"product_cat","embeddable":true,"href":"https:\/\/www.toursbahia.com.br\/de\/wp-json\/wp\/v2\/product_cat?post=3571"},{"taxonomy":"product_tag","embeddable":true,"href":"https:\/\/www.toursbahia.com.br\/de\/wp-json\/wp\/v2\/product_tag?post=3571"}],"curies":[{"name":"wp","href":"https:\/\/api.w.org\/{rel}","templated":true}]}}