{"id":3574,"date":"2019-01-21T13:52:16","date_gmt":"2019-01-21T15:52:16","guid":{"rendered":"https:\/\/www.toursbahia.com.br\/\/produto\/unkategorisiert\/bahia-noite-passeio\/"},"modified":"2019-02-06T00:23:39","modified_gmt":"2019-02-06T02:23:39","slug":"bahia-bei-nacht-ausfluge","status":"publish","type":"product","link":"https:\/\/www.toursbahia.com.br\/de\/loja\/ausfluge\/bahia-bei-nacht-ausfluge\/","title":{"rendered":"Bahia Bei Nacht &#8211; Ausfl\u00fcge"},"content":{"rendered":"","protected":false},"excerpt":{"rendered":"<p>DIE BAHIANISCHE NACHT IST EIN SPEKTAKEL!<\/p>\n<p>Auf diesem Ausflug erleben Sie eine Show der wichtigsten Folklore- und Kulturveranstaltungen von Bahia, pr\u00e4sentiert durch das ausgezeichnete Folklore-Ballett Bahias. Eine Show aus Licht, Kl\u00e4ngen und derart raffiniert einstudierten Bewegungen, dass Sie Ihre Augen nicht von der B\u00fchne losreissen k\u00f6nnen. Maculel\u00ea, Xaxado, Tanz der Orishas, Netzeinfangen der Fischer, Samba de Roda und Capoeira werden Sie zum Tanz verf\u00fchren. Nicht zu vergessen das k\u00f6stliche Abendessen, serviert mit einem der typischen Gerichte aus der K\u00fcche von Bahia. Es wird sicherlich eine unvergessliche Nacht!<\/p>\n<p>&nbsp;<\/p>\n","protected":false},"featured_media":2543,"comment_status":"open","ping_status":"closed","template":"","meta":[],"product_cat":[835,836,877,869],"product_tag":[],"yoast_head":"<!-- This site is optimized with the Yoast SEO plugin v19.3 - https:\/\/yoast.com\/wordpress\/plugins\/seo\/ -->\n<title>Bahia Bei Nacht - Ausfl\u00fcge - Tours Bahia<\/title>\n<meta name=\"robots\" content=\"index, follow, max-snippet:-1, max-image-preview:large, max-video-preview:-1\" \/>\n<link rel=\"canonical\" href=\"https:\/\/www.toursbahia.com.br\/de\/loja\/ausfluge\/bahia-bei-nacht-ausfluge\/\" \/>\n<meta property=\"og:locale\" content=\"de_DE\" \/>\n<meta property=\"og:type\" content=\"article\" \/>\n<meta property=\"og:title\" content=\"Bahia Bei Nacht - Ausfl\u00fcge - Tours Bahia\" \/>\n<meta property=\"og:description\" content=\"DIE BAHIANISCHE NACHT IST EIN SPEKTAKEL!  Auf diesem Ausflug erleben Sie eine Show der wichtigsten Folklore- und Kulturveranstaltungen von Bahia, pr\u00e4sentiert durch das ausgezeichnete Folklore-Ballett Bahias. Eine Show aus Licht, Kl\u00e4ngen und derart raffiniert einstudierten Bewegungen, dass Sie Ihre Augen nicht von der B\u00fchne losreissen k\u00f6nnen. Maculel\u00ea, Xaxado, Tanz der Orishas, Netzeinfangen der Fischer, Samba de Roda und Capoeira werden Sie zum Tanz verf\u00fchren. Nicht zu vergessen das k\u00f6stliche Abendessen, serviert mit einem der typischen Gerichte aus der K\u00fcche von Bahia. Es wird sicherlich eine unvergessliche Nacht!  &nbsp;\" \/>\n<meta property=\"og:url\" content=\"https:\/\/www.toursbahia.com.br\/de\/loja\/ausfluge\/bahia-bei-nacht-ausfluge\/\" \/>\n<meta property=\"og:site_name\" content=\"Tours Bahia\" \/>\n<meta property=\"article:publisher\" content=\"https:\/\/www.facebook.com\/toursbahiainternational\" \/>\n<meta property=\"article:modified_time\" content=\"2019-02-06T02:23:39+00:00\" \/>\n<meta property=\"og:image\" content=\"https:\/\/www.toursbahia.com.br\/wp-content\/uploads\/2018\/12\/Bahia-Noite-Foto-04.jpg\" \/>\n\t<meta property=\"og:image:width\" content=\"900\" \/>\n\t<meta property=\"og:image:height\" content=\"550\" \/>\n\t<meta property=\"og:image:type\" content=\"image\/jpeg\" \/>\n<meta name=\"twitter:card\" content=\"summary_large_image\" \/>\n<script type=\"application\/ld+json\" class=\"yoast-schema-graph\">{\"@context\":\"https:\/\/schema.org\",\"@graph\":[{\"@type\":\"WebSite\",\"@id\":\"https:\/\/www.toursbahia.com.br\/#website\",\"url\":\"https:\/\/www.toursbahia.com.br\/\",\"name\":\"Tours Bahia\",\"description\":\"\",\"potentialAction\":[{\"@type\":\"SearchAction\",\"target\":{\"@type\":\"EntryPoint\",\"urlTemplate\":\"https:\/\/www.toursbahia.com.br\/?s={search_term_string}\"},\"query-input\":\"required name=search_term_string\"}],\"inLanguage\":\"de-DE\"},{\"@type\":\"ImageObject\",\"inLanguage\":\"de-DE\",\"@id\":\"https:\/\/www.toursbahia.com.br\/de\/loja\/ausfluge\/bahia-bei-nacht-ausfluge\/#primaryimage\",\"url\":\"https:\/\/www.toursbahia.com.br\/wp-content\/uploads\/2018\/12\/Bahia-Noite-Foto-04.jpg\",\"contentUrl\":\"https:\/\/www.toursbahia.com.br\/wp-content\/uploads\/2018\/12\/Bahia-Noite-Foto-04.jpg\",\"width\":900,\"height\":550},{\"@type\":\"WebPage\",\"@id\":\"https:\/\/www.toursbahia.com.br\/de\/loja\/ausfluge\/bahia-bei-nacht-ausfluge\/\",\"url\":\"https:\/\/www.toursbahia.com.br\/de\/loja\/ausfluge\/bahia-bei-nacht-ausfluge\/\",\"name\":\"Bahia Bei Nacht - Ausfl\u00fcge - Tours Bahia\",\"isPartOf\":{\"@id\":\"https:\/\/www.toursbahia.com.br\/#website\"},\"primaryImageOfPage\":{\"@id\":\"https:\/\/www.toursbahia.com.br\/de\/loja\/ausfluge\/bahia-bei-nacht-ausfluge\/#primaryimage\"},\"datePublished\":\"2019-01-21T15:52:16+00:00\",\"dateModified\":\"2019-02-06T02:23:39+00:00\",\"breadcrumb\":{\"@id\":\"https:\/\/www.toursbahia.com.br\/de\/loja\/ausfluge\/bahia-bei-nacht-ausfluge\/#breadcrumb\"},\"inLanguage\":\"de-DE\",\"potentialAction\":[{\"@type\":\"ReadAction\",\"target\":[\"https:\/\/www.toursbahia.com.br\/de\/loja\/ausfluge\/bahia-bei-nacht-ausfluge\/\"]}]},{\"@type\":\"BreadcrumbList\",\"@id\":\"https:\/\/www.toursbahia.com.br\/de\/loja\/ausfluge\/bahia-bei-nacht-ausfluge\/#breadcrumb\",\"itemListElement\":[{\"@type\":\"ListItem\",\"position\":1,\"name\":\"In\u00edcio\",\"item\":\"https:\/\/www.toursbahia.com.br\/de\/\"},{\"@type\":\"ListItem\",\"position\":2,\"name\":\"Store\",\"item\":\"https:\/\/www.toursbahia.com.br\/de\/store-tours-bahia-internacional\/\"},{\"@type\":\"ListItem\",\"position\":3,\"name\":\"Bahia Bei Nacht &#8211; Ausfl\u00fcge\"}]}]}<\/script>\n<!-- \/ Yoast SEO plugin. -->","yoast_head_json":{"title":"Bahia Bei Nacht - Ausfl\u00fcge - Tours Bahia","robots":{"index":"index","follow":"follow","max-snippet":"max-snippet:-1","max-image-preview":"max-image-preview:large","max-video-preview":"max-video-preview:-1"},"canonical":"https:\/\/www.toursbahia.com.br\/de\/loja\/ausfluge\/bahia-bei-nacht-ausfluge\/","og_locale":"de_DE","og_type":"article","og_title":"Bahia Bei Nacht - Ausfl\u00fcge - Tours Bahia","og_description":"DIE BAHIANISCHE NACHT IST EIN SPEKTAKEL!  Auf diesem Ausflug erleben Sie eine Show der wichtigsten Folklore- und Kulturveranstaltungen von Bahia, pr\u00e4sentiert durch das ausgezeichnete Folklore-Ballett Bahias. Eine Show aus Licht, Kl\u00e4ngen und derart raffiniert einstudierten Bewegungen, dass Sie Ihre Augen nicht von der B\u00fchne losreissen k\u00f6nnen. Maculel\u00ea, Xaxado, Tanz der Orishas, Netzeinfangen der Fischer, Samba de Roda und Capoeira werden Sie zum Tanz verf\u00fchren. Nicht zu vergessen das k\u00f6stliche Abendessen, serviert mit einem der typischen Gerichte aus der K\u00fcche von Bahia. Es wird sicherlich eine unvergessliche Nacht!  &nbsp;","og_url":"https:\/\/www.toursbahia.com.br\/de\/loja\/ausfluge\/bahia-bei-nacht-ausfluge\/","og_site_name":"Tours Bahia","article_publisher":"https:\/\/www.facebook.com\/toursbahiainternational","article_modified_time":"2019-02-06T02:23:39+00:00","og_image":[{"width":900,"height":550,"url":"https:\/\/www.toursbahia.com.br\/wp-content\/uploads\/2018\/12\/Bahia-Noite-Foto-04.jpg","type":"image\/jpeg"}],"twitter_card":"summary_large_image","schema":{"@context":"https:\/\/schema.org","@graph":[{"@type":"WebSite","@id":"https:\/\/www.toursbahia.com.br\/#website","url":"https:\/\/www.toursbahia.com.br\/","name":"Tours Bahia","description":"","potentialAction":[{"@type":"SearchAction","target":{"@type":"EntryPoint","urlTemplate":"https:\/\/www.toursbahia.com.br\/?s={search_term_string}"},"query-input":"required name=search_term_string"}],"inLanguage":"de-DE"},{"@type":"ImageObject","inLanguage":"de-DE","@id":"https:\/\/www.toursbahia.com.br\/de\/loja\/ausfluge\/bahia-bei-nacht-ausfluge\/#primaryimage","url":"https:\/\/www.toursbahia.com.br\/wp-content\/uploads\/2018\/12\/Bahia-Noite-Foto-04.jpg","contentUrl":"https:\/\/www.toursbahia.com.br\/wp-content\/uploads\/2018\/12\/Bahia-Noite-Foto-04.jpg","width":900,"height":550},{"@type":"WebPage","@id":"https:\/\/www.toursbahia.com.br\/de\/loja\/ausfluge\/bahia-bei-nacht-ausfluge\/","url":"https:\/\/www.toursbahia.com.br\/de\/loja\/ausfluge\/bahia-bei-nacht-ausfluge\/","name":"Bahia Bei Nacht - Ausfl\u00fcge - Tours Bahia","isPartOf":{"@id":"https:\/\/www.toursbahia.com.br\/#website"},"primaryImageOfPage":{"@id":"https:\/\/www.toursbahia.com.br\/de\/loja\/ausfluge\/bahia-bei-nacht-ausfluge\/#primaryimage"},"datePublished":"2019-01-21T15:52:16+00:00","dateModified":"2019-02-06T02:23:39+00:00","breadcrumb":{"@id":"https:\/\/www.toursbahia.com.br\/de\/loja\/ausfluge\/bahia-bei-nacht-ausfluge\/#breadcrumb"},"inLanguage":"de-DE","potentialAction":[{"@type":"ReadAction","target":["https:\/\/www.toursbahia.com.br\/de\/loja\/ausfluge\/bahia-bei-nacht-ausfluge\/"]}]},{"@type":"BreadcrumbList","@id":"https:\/\/www.toursbahia.com.br\/de\/loja\/ausfluge\/bahia-bei-nacht-ausfluge\/#breadcrumb","itemListElement":[{"@type":"ListItem","position":1,"name":"In\u00edcio","item":"https:\/\/www.toursbahia.com.br\/de\/"},{"@type":"ListItem","position":2,"name":"Store","item":"https:\/\/www.toursbahia.com.br\/de\/store-tours-bahia-internacional\/"},{"@type":"ListItem","position":3,"name":"Bahia Bei Nacht &#8211; Ausfl\u00fcge"}]}]}},"_links":{"self":[{"href":"https:\/\/www.toursbahia.com.br\/de\/wp-json\/wp\/v2\/product\/3574"}],"collection":[{"href":"https:\/\/www.toursbahia.com.br\/de\/wp-json\/wp\/v2\/product"}],"about":[{"href":"https:\/\/www.toursbahia.com.br\/de\/wp-json\/wp\/v2\/types\/product"}],"replies":[{"embeddable":true,"href":"https:\/\/www.toursbahia.com.br\/de\/wp-json\/wp\/v2\/comments?post=3574"}],"wp:featuredmedia":[{"embeddable":true,"href":"https:\/\/www.toursbahia.com.br\/de\/wp-json\/wp\/v2\/media\/2543"}],"wp:attachment":[{"href":"https:\/\/www.toursbahia.com.br\/de\/wp-json\/wp\/v2\/media?parent=3574"}],"wp:term":[{"taxonomy":"product_cat","embeddable":true,"href":"https:\/\/www.toursbahia.com.br\/de\/wp-json\/wp\/v2\/product_cat?post=3574"},{"taxonomy":"product_tag","embeddable":true,"href":"https:\/\/www.toursbahia.com.br\/de\/wp-json\/wp\/v2\/product_tag?post=3574"}],"curies":[{"name":"wp","href":"https:\/\/api.w.org\/{rel}","templated":true}]}}