{"id":3586,"date":"2019-01-21T13:41:11","date_gmt":"2019-01-21T15:41:11","guid":{"rendered":"https:\/\/www.toursbahia.com.br\/\/produto\/unkategorisiert\/cachoeira-passeio\/"},"modified":"2019-02-06T00:52:44","modified_gmt":"2019-02-06T02:52:44","slug":"cachoeira-ausfluge","status":"publish","type":"product","link":"https:\/\/www.toursbahia.com.br\/de\/loja\/ausfluge\/cachoeira-ausfluge\/","title":{"rendered":"Cachoeira &#8211; Ausfl\u00fcge"},"content":{"rendered":"","protected":false},"excerpt":{"rendered":"<p>LERNEN SIE DAS HINTERLAND BAHIAS KENNEN!<\/p>\n<p>Tours Bahia nimmt Sie mit auf eine unglaubliche Reise durch die Zeit. Auf diesem Ausflug lernen Sie einige Zeugen des imperialen Brasilien kennen, als der Adel das Reconcavo Baiano (Bahias Hinterland) bewohnte. Die erste Stadt die wir besuchen, ist Santo Amaro da Purifica\u00e7\u00e3o. Neben dem faszinierenden Markt finden Sie hier einige imposante Geb\u00e4ude aus dem 18. Jahrhundert wie z.B. die Kapelle von Santo Amaro oder das Solar Para\u00edso.<\/p>\n<p>Weiter geht es in Richtung Cachoeira, das zum \u201cNationalen Stadt-Monument\u201d erhoben wurde. Hier finden Sie einige der wichtigsten Bauwerke, die zur Geschichte Brasiliens geh\u00f6ren, so z.B. die Hansen Bahia-Stiftung, die den K\u00f6nig D. Pedro II im Jahr 1858 und die Prinzessin Isabel im Jahr 1885 beherbergte, die Kirche des Dritten Ordens des Carmo mit ihren vergoldeten S\u00e4ulen und Alt\u00e4ren sowie das Kloster S\u00e3o Francisco do Paraguassu, eines der \u00e4ltesten in Brasilien. Auf der anderen Seite des Paraguassu-Flusses liegt der Ort S\u00e3o Felix, wo ein Besuch beim Dannemann-Kulturzentrum auf dem Programm steht. Hier werden die besten handgemachten Zigarren des Landes hergestellt \u2013 ein spannender und sehenswerter Prozess. Das Mittagessen wird auf einer typischen Fazenda aus dieser Epoche des Reichtums mit wundersch\u00f6ner Aussicht serviert, so erh\u00e4lt dieser Ausflug eine spezielle Note.<\/p>\n","protected":false},"featured_media":3193,"comment_status":"open","ping_status":"closed","template":"","meta":[],"product_cat":[835,836,879,869],"product_tag":[],"yoast_head":"<!-- This site is optimized with the Yoast SEO plugin v19.3 - https:\/\/yoast.com\/wordpress\/plugins\/seo\/ -->\n<title>Cachoeira - Ausfl\u00fcge - Tours Bahia<\/title>\n<meta name=\"robots\" content=\"index, follow, max-snippet:-1, max-image-preview:large, max-video-preview:-1\" \/>\n<link rel=\"canonical\" href=\"https:\/\/www.toursbahia.com.br\/de\/loja\/ausfluge\/cachoeira-ausfluge\/\" \/>\n<meta property=\"og:locale\" content=\"de_DE\" \/>\n<meta property=\"og:type\" content=\"article\" \/>\n<meta property=\"og:title\" content=\"Cachoeira - Ausfl\u00fcge - Tours Bahia\" \/>\n<meta property=\"og:description\" content=\"LERNEN SIE DAS HINTERLAND BAHIAS KENNEN!  Tours Bahia nimmt Sie mit auf eine unglaubliche Reise durch die Zeit. Auf diesem Ausflug lernen Sie einige Zeugen des imperialen Brasilien kennen, als der Adel das Reconcavo Baiano (Bahias Hinterland) bewohnte. Die erste Stadt die wir besuchen, ist Santo Amaro da Purifica\u00e7\u00e3o. Neben dem faszinierenden Markt finden Sie hier einige imposante Geb\u00e4ude aus dem 18. Jahrhundert wie z.B. die Kapelle von Santo Amaro oder das Solar Para\u00edso.  Weiter geht es in Richtung Cachoeira, das zum \u201cNationalen Stadt-Monument\u201d erhoben wurde. Hier finden Sie einige der wichtigsten Bauwerke, die zur Geschichte Brasiliens geh\u00f6ren, so z.B. die Hansen Bahia-Stiftung, die den K\u00f6nig D. Pedro II im Jahr 1858 und die Prinzessin Isabel im Jahr 1885 beherbergte, die Kirche des Dritten Ordens des Carmo mit ihren vergoldeten S\u00e4ulen und Alt\u00e4ren sowie das Kloster S\u00e3o Francisco do Paraguassu, eines der \u00e4ltesten in Brasilien. Auf der anderen Seite des Paraguassu-Flusses liegt der Ort S\u00e3o Felix, wo ein Besuch beim Dannemann-Kulturzentrum auf dem Programm steht. Hier werden die besten handgemachten Zigarren des Landes hergestellt \u2013 ein spannender und sehenswerter Prozess. Das Mittagessen wird auf einer typischen Fazenda aus dieser Epoche des Reichtums mit wundersch\u00f6ner Aussicht serviert, so erh\u00e4lt dieser Ausflug eine spezielle Note.\" \/>\n<meta property=\"og:url\" content=\"https:\/\/www.toursbahia.com.br\/de\/loja\/ausfluge\/cachoeira-ausfluge\/\" \/>\n<meta property=\"og:site_name\" content=\"Tours Bahia\" \/>\n<meta property=\"article:publisher\" content=\"https:\/\/www.facebook.com\/toursbahiainternational\" \/>\n<meta property=\"article:modified_time\" content=\"2019-02-06T02:52:44+00:00\" \/>\n<meta property=\"og:image\" content=\"https:\/\/www.toursbahia.com.br\/wp-content\/uploads\/2018\/12\/Cachoeira-Foto-03.jpg\" \/>\n\t<meta property=\"og:image:width\" content=\"900\" \/>\n\t<meta property=\"og:image:height\" content=\"550\" \/>\n\t<meta property=\"og:image:type\" content=\"image\/jpeg\" \/>\n<meta name=\"twitter:card\" content=\"summary_large_image\" \/>\n<script type=\"application\/ld+json\" class=\"yoast-schema-graph\">{\"@context\":\"https:\/\/schema.org\",\"@graph\":[{\"@type\":\"WebSite\",\"@id\":\"https:\/\/www.toursbahia.com.br\/#website\",\"url\":\"https:\/\/www.toursbahia.com.br\/\",\"name\":\"Tours Bahia\",\"description\":\"\",\"potentialAction\":[{\"@type\":\"SearchAction\",\"target\":{\"@type\":\"EntryPoint\",\"urlTemplate\":\"https:\/\/www.toursbahia.com.br\/?s={search_term_string}\"},\"query-input\":\"required name=search_term_string\"}],\"inLanguage\":\"de-DE\"},{\"@type\":\"ImageObject\",\"inLanguage\":\"de-DE\",\"@id\":\"https:\/\/www.toursbahia.com.br\/de\/loja\/ausfluge\/cachoeira-ausfluge\/#primaryimage\",\"url\":\"https:\/\/www.toursbahia.com.br\/wp-content\/uploads\/2018\/12\/Cachoeira-Foto-03.jpg\",\"contentUrl\":\"https:\/\/www.toursbahia.com.br\/wp-content\/uploads\/2018\/12\/Cachoeira-Foto-03.jpg\",\"width\":900,\"height\":550},{\"@type\":\"WebPage\",\"@id\":\"https:\/\/www.toursbahia.com.br\/de\/loja\/ausfluge\/cachoeira-ausfluge\/\",\"url\":\"https:\/\/www.toursbahia.com.br\/de\/loja\/ausfluge\/cachoeira-ausfluge\/\",\"name\":\"Cachoeira - Ausfl\u00fcge - Tours Bahia\",\"isPartOf\":{\"@id\":\"https:\/\/www.toursbahia.com.br\/#website\"},\"primaryImageOfPage\":{\"@id\":\"https:\/\/www.toursbahia.com.br\/de\/loja\/ausfluge\/cachoeira-ausfluge\/#primaryimage\"},\"datePublished\":\"2019-01-21T15:41:11+00:00\",\"dateModified\":\"2019-02-06T02:52:44+00:00\",\"breadcrumb\":{\"@id\":\"https:\/\/www.toursbahia.com.br\/de\/loja\/ausfluge\/cachoeira-ausfluge\/#breadcrumb\"},\"inLanguage\":\"de-DE\",\"potentialAction\":[{\"@type\":\"ReadAction\",\"target\":[\"https:\/\/www.toursbahia.com.br\/de\/loja\/ausfluge\/cachoeira-ausfluge\/\"]}]},{\"@type\":\"BreadcrumbList\",\"@id\":\"https:\/\/www.toursbahia.com.br\/de\/loja\/ausfluge\/cachoeira-ausfluge\/#breadcrumb\",\"itemListElement\":[{\"@type\":\"ListItem\",\"position\":1,\"name\":\"In\u00edcio\",\"item\":\"https:\/\/www.toursbahia.com.br\/de\/\"},{\"@type\":\"ListItem\",\"position\":2,\"name\":\"Store\",\"item\":\"https:\/\/www.toursbahia.com.br\/de\/store-tours-bahia-internacional\/\"},{\"@type\":\"ListItem\",\"position\":3,\"name\":\"Cachoeira &#8211; Ausfl\u00fcge\"}]}]}<\/script>\n<!-- \/ Yoast SEO plugin. -->","yoast_head_json":{"title":"Cachoeira - Ausfl\u00fcge - Tours Bahia","robots":{"index":"index","follow":"follow","max-snippet":"max-snippet:-1","max-image-preview":"max-image-preview:large","max-video-preview":"max-video-preview:-1"},"canonical":"https:\/\/www.toursbahia.com.br\/de\/loja\/ausfluge\/cachoeira-ausfluge\/","og_locale":"de_DE","og_type":"article","og_title":"Cachoeira - Ausfl\u00fcge - Tours Bahia","og_description":"LERNEN SIE DAS HINTERLAND BAHIAS KENNEN!  Tours Bahia nimmt Sie mit auf eine unglaubliche Reise durch die Zeit. Auf diesem Ausflug lernen Sie einige Zeugen des imperialen Brasilien kennen, als der Adel das Reconcavo Baiano (Bahias Hinterland) bewohnte. Die erste Stadt die wir besuchen, ist Santo Amaro da Purifica\u00e7\u00e3o. Neben dem faszinierenden Markt finden Sie hier einige imposante Geb\u00e4ude aus dem 18. Jahrhundert wie z.B. die Kapelle von Santo Amaro oder das Solar Para\u00edso.  Weiter geht es in Richtung Cachoeira, das zum \u201cNationalen Stadt-Monument\u201d erhoben wurde. Hier finden Sie einige der wichtigsten Bauwerke, die zur Geschichte Brasiliens geh\u00f6ren, so z.B. die Hansen Bahia-Stiftung, die den K\u00f6nig D. Pedro II im Jahr 1858 und die Prinzessin Isabel im Jahr 1885 beherbergte, die Kirche des Dritten Ordens des Carmo mit ihren vergoldeten S\u00e4ulen und Alt\u00e4ren sowie das Kloster S\u00e3o Francisco do Paraguassu, eines der \u00e4ltesten in Brasilien. Auf der anderen Seite des Paraguassu-Flusses liegt der Ort S\u00e3o Felix, wo ein Besuch beim Dannemann-Kulturzentrum auf dem Programm steht. Hier werden die besten handgemachten Zigarren des Landes hergestellt \u2013 ein spannender und sehenswerter Prozess. Das Mittagessen wird auf einer typischen Fazenda aus dieser Epoche des Reichtums mit wundersch\u00f6ner Aussicht serviert, so erh\u00e4lt dieser Ausflug eine spezielle Note.","og_url":"https:\/\/www.toursbahia.com.br\/de\/loja\/ausfluge\/cachoeira-ausfluge\/","og_site_name":"Tours Bahia","article_publisher":"https:\/\/www.facebook.com\/toursbahiainternational","article_modified_time":"2019-02-06T02:52:44+00:00","og_image":[{"width":900,"height":550,"url":"https:\/\/www.toursbahia.com.br\/wp-content\/uploads\/2018\/12\/Cachoeira-Foto-03.jpg","type":"image\/jpeg"}],"twitter_card":"summary_large_image","schema":{"@context":"https:\/\/schema.org","@graph":[{"@type":"WebSite","@id":"https:\/\/www.toursbahia.com.br\/#website","url":"https:\/\/www.toursbahia.com.br\/","name":"Tours Bahia","description":"","potentialAction":[{"@type":"SearchAction","target":{"@type":"EntryPoint","urlTemplate":"https:\/\/www.toursbahia.com.br\/?s={search_term_string}"},"query-input":"required name=search_term_string"}],"inLanguage":"de-DE"},{"@type":"ImageObject","inLanguage":"de-DE","@id":"https:\/\/www.toursbahia.com.br\/de\/loja\/ausfluge\/cachoeira-ausfluge\/#primaryimage","url":"https:\/\/www.toursbahia.com.br\/wp-content\/uploads\/2018\/12\/Cachoeira-Foto-03.jpg","contentUrl":"https:\/\/www.toursbahia.com.br\/wp-content\/uploads\/2018\/12\/Cachoeira-Foto-03.jpg","width":900,"height":550},{"@type":"WebPage","@id":"https:\/\/www.toursbahia.com.br\/de\/loja\/ausfluge\/cachoeira-ausfluge\/","url":"https:\/\/www.toursbahia.com.br\/de\/loja\/ausfluge\/cachoeira-ausfluge\/","name":"Cachoeira - Ausfl\u00fcge - Tours Bahia","isPartOf":{"@id":"https:\/\/www.toursbahia.com.br\/#website"},"primaryImageOfPage":{"@id":"https:\/\/www.toursbahia.com.br\/de\/loja\/ausfluge\/cachoeira-ausfluge\/#primaryimage"},"datePublished":"2019-01-21T15:41:11+00:00","dateModified":"2019-02-06T02:52:44+00:00","breadcrumb":{"@id":"https:\/\/www.toursbahia.com.br\/de\/loja\/ausfluge\/cachoeira-ausfluge\/#breadcrumb"},"inLanguage":"de-DE","potentialAction":[{"@type":"ReadAction","target":["https:\/\/www.toursbahia.com.br\/de\/loja\/ausfluge\/cachoeira-ausfluge\/"]}]},{"@type":"BreadcrumbList","@id":"https:\/\/www.toursbahia.com.br\/de\/loja\/ausfluge\/cachoeira-ausfluge\/#breadcrumb","itemListElement":[{"@type":"ListItem","position":1,"name":"In\u00edcio","item":"https:\/\/www.toursbahia.com.br\/de\/"},{"@type":"ListItem","position":2,"name":"Store","item":"https:\/\/www.toursbahia.com.br\/de\/store-tours-bahia-internacional\/"},{"@type":"ListItem","position":3,"name":"Cachoeira &#8211; Ausfl\u00fcge"}]}]}},"_links":{"self":[{"href":"https:\/\/www.toursbahia.com.br\/de\/wp-json\/wp\/v2\/product\/3586"}],"collection":[{"href":"https:\/\/www.toursbahia.com.br\/de\/wp-json\/wp\/v2\/product"}],"about":[{"href":"https:\/\/www.toursbahia.com.br\/de\/wp-json\/wp\/v2\/types\/product"}],"replies":[{"embeddable":true,"href":"https:\/\/www.toursbahia.com.br\/de\/wp-json\/wp\/v2\/comments?post=3586"}],"wp:featuredmedia":[{"embeddable":true,"href":"https:\/\/www.toursbahia.com.br\/de\/wp-json\/wp\/v2\/media\/3193"}],"wp:attachment":[{"href":"https:\/\/www.toursbahia.com.br\/de\/wp-json\/wp\/v2\/media?parent=3586"}],"wp:term":[{"taxonomy":"product_cat","embeddable":true,"href":"https:\/\/www.toursbahia.com.br\/de\/wp-json\/wp\/v2\/product_cat?post=3586"},{"taxonomy":"product_tag","embeddable":true,"href":"https:\/\/www.toursbahia.com.br\/de\/wp-json\/wp\/v2\/product_tag?post=3586"}],"curies":[{"name":"wp","href":"https:\/\/api.w.org\/{rel}","templated":true}]}}