{"id":3589,"date":"2019-01-21T13:39:00","date_gmt":"2019-01-21T15:39:00","guid":{"rendered":"https:\/\/www.toursbahia.com.br\/\/produto\/unkategorisiert\/praia-do-forte-passeio\/"},"modified":"2025-06-03T01:13:54","modified_gmt":"2025-06-03T04:13:54","slug":"praia-do-forte-ausfluge","status":"publish","type":"product","link":"https:\/\/www.toursbahia.com.br\/de\/loja\/ausfluge\/praia-do-forte-ausfluge\/","title":{"rendered":"Praia do Forte &#8211; Ausfl\u00fcge"},"content":{"rendered":"","protected":false},"excerpt":{"rendered":"<p>HERZLICH WILLKOMMEN IM BRASILIANISCHEN POLYNESIEN!<\/p>\n<p>Strand, Sonne, Meer und viel Gr\u00fcn bilden eine atemberaubende Kulisse an der Nordk\u00fcste von Bahia. Auf diesem Ausflug, den Sie unbedingt einplanen sollten, bringen wir Sie zu einem der sch\u00f6nsten Str\u00e4nde von Brasilien, Praia do Forte. Ein typisches Fischerdorf, das trotz st\u00e4ndiger Modernisierung nichts von seinem Charme und Flair verloren hat. Spazieren Sie durch die idyllische Fussg\u00e4ngerzone und geniessen Sie die lokale Handwerkskunst. Ein Besuch beim Tamar-Projekt, das sich um den Schutz der Meeresschildkr\u00f6ten bem\u00fcht, lohnt sich ebenso. Nach dem Aufenthalt in Praia do Forte fahren wir zum traumhaften Strand von Guarajuba. Hier k\u00f6nnen Sie in einer der Strandh\u00fctten zu Mittag essen und ein Bad im Meer geniessen.<\/p>\n","protected":false},"featured_media":3590,"comment_status":"open","ping_status":"closed","template":"","meta":[],"product_cat":[835,836,886,869],"product_tag":[],"yoast_head":"<!-- This site is optimized with the Yoast SEO plugin v19.3 - https:\/\/yoast.com\/wordpress\/plugins\/seo\/ -->\n<title>Praia do Forte - Ausfl\u00fcge - Tours Bahia<\/title>\n<meta name=\"robots\" content=\"index, follow, max-snippet:-1, max-image-preview:large, max-video-preview:-1\" \/>\n<link rel=\"canonical\" href=\"https:\/\/www.toursbahia.com.br\/de\/loja\/ausfluge\/praia-do-forte-ausfluge\/\" \/>\n<meta property=\"og:locale\" content=\"de_DE\" \/>\n<meta property=\"og:type\" content=\"article\" \/>\n<meta property=\"og:title\" content=\"Praia do Forte - Ausfl\u00fcge - Tours Bahia\" \/>\n<meta property=\"og:description\" content=\"HERZLICH WILLKOMMEN IM BRASILIANISCHEN POLYNESIEN!  Strand, Sonne, Meer und viel Gr\u00fcn bilden eine atemberaubende Kulisse an der Nordk\u00fcste von Bahia. Auf diesem Ausflug, den Sie unbedingt einplanen sollten, bringen wir Sie zu einem der sch\u00f6nsten Str\u00e4nde von Brasilien, Praia do Forte. Ein typisches Fischerdorf, das trotz st\u00e4ndiger Modernisierung nichts von seinem Charme und Flair verloren hat. Spazieren Sie durch die idyllische Fussg\u00e4ngerzone und geniessen Sie die lokale Handwerkskunst. Ein Besuch beim Tamar-Projekt, das sich um den Schutz der Meeresschildkr\u00f6ten bem\u00fcht, lohnt sich ebenso. Nach dem Aufenthalt in Praia do Forte fahren wir zum traumhaften Strand von Guarajuba. Hier k\u00f6nnen Sie in einer der Strandh\u00fctten zu Mittag essen und ein Bad im Meer geniessen.\" \/>\n<meta property=\"og:url\" content=\"https:\/\/www.toursbahia.com.br\/de\/loja\/ausfluge\/praia-do-forte-ausfluge\/\" \/>\n<meta property=\"og:site_name\" content=\"Tours Bahia\" \/>\n<meta property=\"article:publisher\" content=\"https:\/\/www.facebook.com\/toursbahiainternational\" \/>\n<meta property=\"article:modified_time\" content=\"2025-06-03T04:13:54+00:00\" \/>\n<meta property=\"og:image\" content=\"https:\/\/www.toursbahia.com.br\/wp-content\/uploads\/2019\/01\/Praia-do-Forte-Foto-01.jpg\" \/>\n\t<meta property=\"og:image:width\" content=\"900\" \/>\n\t<meta property=\"og:image:height\" content=\"550\" \/>\n\t<meta property=\"og:image:type\" content=\"image\/jpeg\" \/>\n<meta name=\"twitter:card\" content=\"summary_large_image\" \/>\n<script type=\"application\/ld+json\" class=\"yoast-schema-graph\">{\"@context\":\"https:\/\/schema.org\",\"@graph\":[{\"@type\":\"WebSite\",\"@id\":\"https:\/\/www.toursbahia.com.br\/#website\",\"url\":\"https:\/\/www.toursbahia.com.br\/\",\"name\":\"Tours Bahia\",\"description\":\"\",\"potentialAction\":[{\"@type\":\"SearchAction\",\"target\":{\"@type\":\"EntryPoint\",\"urlTemplate\":\"https:\/\/www.toursbahia.com.br\/?s={search_term_string}\"},\"query-input\":\"required name=search_term_string\"}],\"inLanguage\":\"de-DE\"},{\"@type\":\"ImageObject\",\"inLanguage\":\"de-DE\",\"@id\":\"https:\/\/www.toursbahia.com.br\/de\/loja\/ausfluge\/praia-do-forte-ausfluge\/#primaryimage\",\"url\":\"https:\/\/www.toursbahia.com.br\/wp-content\/uploads\/2019\/01\/Praia-do-Forte-Foto-01.jpg\",\"contentUrl\":\"https:\/\/www.toursbahia.com.br\/wp-content\/uploads\/2019\/01\/Praia-do-Forte-Foto-01.jpg\",\"width\":900,\"height\":550},{\"@type\":\"WebPage\",\"@id\":\"https:\/\/www.toursbahia.com.br\/de\/loja\/ausfluge\/praia-do-forte-ausfluge\/\",\"url\":\"https:\/\/www.toursbahia.com.br\/de\/loja\/ausfluge\/praia-do-forte-ausfluge\/\",\"name\":\"Praia do Forte - Ausfl\u00fcge - Tours Bahia\",\"isPartOf\":{\"@id\":\"https:\/\/www.toursbahia.com.br\/#website\"},\"primaryImageOfPage\":{\"@id\":\"https:\/\/www.toursbahia.com.br\/de\/loja\/ausfluge\/praia-do-forte-ausfluge\/#primaryimage\"},\"datePublished\":\"2019-01-21T15:39:00+00:00\",\"dateModified\":\"2025-06-03T04:13:54+00:00\",\"breadcrumb\":{\"@id\":\"https:\/\/www.toursbahia.com.br\/de\/loja\/ausfluge\/praia-do-forte-ausfluge\/#breadcrumb\"},\"inLanguage\":\"de-DE\",\"potentialAction\":[{\"@type\":\"ReadAction\",\"target\":[\"https:\/\/www.toursbahia.com.br\/de\/loja\/ausfluge\/praia-do-forte-ausfluge\/\"]}]},{\"@type\":\"BreadcrumbList\",\"@id\":\"https:\/\/www.toursbahia.com.br\/de\/loja\/ausfluge\/praia-do-forte-ausfluge\/#breadcrumb\",\"itemListElement\":[{\"@type\":\"ListItem\",\"position\":1,\"name\":\"In\u00edcio\",\"item\":\"https:\/\/www.toursbahia.com.br\/de\/\"},{\"@type\":\"ListItem\",\"position\":2,\"name\":\"Store\",\"item\":\"https:\/\/www.toursbahia.com.br\/de\/store-tours-bahia-internacional\/\"},{\"@type\":\"ListItem\",\"position\":3,\"name\":\"Praia do Forte &#8211; Ausfl\u00fcge\"}]}]}<\/script>\n<!-- \/ Yoast SEO plugin. -->","yoast_head_json":{"title":"Praia do Forte - Ausfl\u00fcge - Tours Bahia","robots":{"index":"index","follow":"follow","max-snippet":"max-snippet:-1","max-image-preview":"max-image-preview:large","max-video-preview":"max-video-preview:-1"},"canonical":"https:\/\/www.toursbahia.com.br\/de\/loja\/ausfluge\/praia-do-forte-ausfluge\/","og_locale":"de_DE","og_type":"article","og_title":"Praia do Forte - Ausfl\u00fcge - Tours Bahia","og_description":"HERZLICH WILLKOMMEN IM BRASILIANISCHEN POLYNESIEN!  Strand, Sonne, Meer und viel Gr\u00fcn bilden eine atemberaubende Kulisse an der Nordk\u00fcste von Bahia. Auf diesem Ausflug, den Sie unbedingt einplanen sollten, bringen wir Sie zu einem der sch\u00f6nsten Str\u00e4nde von Brasilien, Praia do Forte. Ein typisches Fischerdorf, das trotz st\u00e4ndiger Modernisierung nichts von seinem Charme und Flair verloren hat. Spazieren Sie durch die idyllische Fussg\u00e4ngerzone und geniessen Sie die lokale Handwerkskunst. Ein Besuch beim Tamar-Projekt, das sich um den Schutz der Meeresschildkr\u00f6ten bem\u00fcht, lohnt sich ebenso. Nach dem Aufenthalt in Praia do Forte fahren wir zum traumhaften Strand von Guarajuba. Hier k\u00f6nnen Sie in einer der Strandh\u00fctten zu Mittag essen und ein Bad im Meer geniessen.","og_url":"https:\/\/www.toursbahia.com.br\/de\/loja\/ausfluge\/praia-do-forte-ausfluge\/","og_site_name":"Tours Bahia","article_publisher":"https:\/\/www.facebook.com\/toursbahiainternational","article_modified_time":"2025-06-03T04:13:54+00:00","og_image":[{"width":900,"height":550,"url":"https:\/\/www.toursbahia.com.br\/wp-content\/uploads\/2019\/01\/Praia-do-Forte-Foto-01.jpg","type":"image\/jpeg"}],"twitter_card":"summary_large_image","schema":{"@context":"https:\/\/schema.org","@graph":[{"@type":"WebSite","@id":"https:\/\/www.toursbahia.com.br\/#website","url":"https:\/\/www.toursbahia.com.br\/","name":"Tours Bahia","description":"","potentialAction":[{"@type":"SearchAction","target":{"@type":"EntryPoint","urlTemplate":"https:\/\/www.toursbahia.com.br\/?s={search_term_string}"},"query-input":"required name=search_term_string"}],"inLanguage":"de-DE"},{"@type":"ImageObject","inLanguage":"de-DE","@id":"https:\/\/www.toursbahia.com.br\/de\/loja\/ausfluge\/praia-do-forte-ausfluge\/#primaryimage","url":"https:\/\/www.toursbahia.com.br\/wp-content\/uploads\/2019\/01\/Praia-do-Forte-Foto-01.jpg","contentUrl":"https:\/\/www.toursbahia.com.br\/wp-content\/uploads\/2019\/01\/Praia-do-Forte-Foto-01.jpg","width":900,"height":550},{"@type":"WebPage","@id":"https:\/\/www.toursbahia.com.br\/de\/loja\/ausfluge\/praia-do-forte-ausfluge\/","url":"https:\/\/www.toursbahia.com.br\/de\/loja\/ausfluge\/praia-do-forte-ausfluge\/","name":"Praia do Forte - Ausfl\u00fcge - Tours Bahia","isPartOf":{"@id":"https:\/\/www.toursbahia.com.br\/#website"},"primaryImageOfPage":{"@id":"https:\/\/www.toursbahia.com.br\/de\/loja\/ausfluge\/praia-do-forte-ausfluge\/#primaryimage"},"datePublished":"2019-01-21T15:39:00+00:00","dateModified":"2025-06-03T04:13:54+00:00","breadcrumb":{"@id":"https:\/\/www.toursbahia.com.br\/de\/loja\/ausfluge\/praia-do-forte-ausfluge\/#breadcrumb"},"inLanguage":"de-DE","potentialAction":[{"@type":"ReadAction","target":["https:\/\/www.toursbahia.com.br\/de\/loja\/ausfluge\/praia-do-forte-ausfluge\/"]}]},{"@type":"BreadcrumbList","@id":"https:\/\/www.toursbahia.com.br\/de\/loja\/ausfluge\/praia-do-forte-ausfluge\/#breadcrumb","itemListElement":[{"@type":"ListItem","position":1,"name":"In\u00edcio","item":"https:\/\/www.toursbahia.com.br\/de\/"},{"@type":"ListItem","position":2,"name":"Store","item":"https:\/\/www.toursbahia.com.br\/de\/store-tours-bahia-internacional\/"},{"@type":"ListItem","position":3,"name":"Praia do Forte &#8211; Ausfl\u00fcge"}]}]}},"_links":{"self":[{"href":"https:\/\/www.toursbahia.com.br\/de\/wp-json\/wp\/v2\/product\/3589"}],"collection":[{"href":"https:\/\/www.toursbahia.com.br\/de\/wp-json\/wp\/v2\/product"}],"about":[{"href":"https:\/\/www.toursbahia.com.br\/de\/wp-json\/wp\/v2\/types\/product"}],"replies":[{"embeddable":true,"href":"https:\/\/www.toursbahia.com.br\/de\/wp-json\/wp\/v2\/comments?post=3589"}],"wp:featuredmedia":[{"embeddable":true,"href":"https:\/\/www.toursbahia.com.br\/de\/wp-json\/wp\/v2\/media\/3590"}],"wp:attachment":[{"href":"https:\/\/www.toursbahia.com.br\/de\/wp-json\/wp\/v2\/media?parent=3589"}],"wp:term":[{"taxonomy":"product_cat","embeddable":true,"href":"https:\/\/www.toursbahia.com.br\/de\/wp-json\/wp\/v2\/product_cat?post=3589"},{"taxonomy":"product_tag","embeddable":true,"href":"https:\/\/www.toursbahia.com.br\/de\/wp-json\/wp\/v2\/product_tag?post=3589"}],"curies":[{"name":"wp","href":"https:\/\/api.w.org\/{rel}","templated":true}]}}