{"id":3593,"date":"2019-01-21T13:37:05","date_gmt":"2019-01-21T15:37:05","guid":{"rendered":"https:\/\/www.toursbahia.com.br\/\/produto\/unkategorisiert\/ilha-dos-frades-e-itaparica-passeio\/"},"modified":"2025-05-30T19:27:00","modified_gmt":"2025-05-30T22:27:00","slug":"frades-und-itaparica-insel-ausfluge","status":"publish","type":"product","link":"https:\/\/www.toursbahia.com.br\/de\/loja\/ausfluge\/frades-und-itaparica-insel-ausfluge\/","title":{"rendered":"Frades und Itaparica Insel &#8211; Ausfl\u00fcge"},"content":{"rendered":"","protected":false},"excerpt":{"rendered":"<p>Kommen Sie auf einen fantastischen Ausflug zu den zwei sehenswertesten Inseln in der Allerheiligen-Bucht: Insel Frades und Insel Itaparica. An Bord eines Schoners geht es mit viel Unterhaltung in etwa 1,5 Stunden zur Insel Frades, einem Paradies mit ruhigem Wasser und viel Gr\u00fcn. Dort k\u00f6nnen Sie die Zeit nutzen, um die Sch\u00f6nheit der Insel zu erkunden, die Kirche der heiligen Guadalupe zu besuchen, am Strand Wassersport zu betreiben oder einfach nur am Meer zu entspannen. Zur\u00fcck auf dem Schoner geht es weiter zur Insel Itaparica (Ponta de Areia), wo das Mittagessen in einem typischen Restaurant mit einer gro\u00dfen Auswahl an regionalen Gerichten serviert wird. Wer m\u00f6chte, kann nach dem Essen eine optionale Tour zur Altstadt der Insel Itaparica mitmachen. Und wer lieber entspannt und die Ruhe geniesst, kann sich in eine der H\u00e4ngematten oder an den ruhigen Strand legen und im seichten Wasser baden.<\/p>\n","protected":false},"featured_media":3091,"comment_status":"open","ping_status":"closed","template":"","meta":[],"product_cat":[835,836,885,869],"product_tag":[],"yoast_head":"<!-- This site is optimized with the Yoast SEO plugin v19.3 - https:\/\/yoast.com\/wordpress\/plugins\/seo\/ -->\n<title>Frades und Itaparica Insel - Ausfl\u00fcge - Tours Bahia<\/title>\n<meta name=\"robots\" content=\"index, follow, max-snippet:-1, max-image-preview:large, max-video-preview:-1\" \/>\n<link rel=\"canonical\" href=\"https:\/\/www.toursbahia.com.br\/de\/loja\/ausfluge\/frades-und-itaparica-insel-ausfluge\/\" \/>\n<meta property=\"og:locale\" content=\"de_DE\" \/>\n<meta property=\"og:type\" content=\"article\" \/>\n<meta property=\"og:title\" content=\"Frades und Itaparica Insel - Ausfl\u00fcge - Tours Bahia\" \/>\n<meta property=\"og:description\" content=\"Kommen Sie auf einen fantastischen Ausflug zu den zwei sehenswertesten Inseln in der Allerheiligen-Bucht: Insel Frades und Insel Itaparica. An Bord eines Schoners geht es mit viel Unterhaltung in etwa 1,5 Stunden zur Insel Frades, einem Paradies mit ruhigem Wasser und viel Gr\u00fcn. Dort k\u00f6nnen Sie die Zeit nutzen, um die Sch\u00f6nheit der Insel zu erkunden, die Kirche der heiligen Guadalupe zu besuchen, am Strand Wassersport zu betreiben oder einfach nur am Meer zu entspannen. Zur\u00fcck auf dem Schoner geht es weiter zur Insel Itaparica (Ponta de Areia), wo das Mittagessen in einem typischen Restaurant mit einer gro\u00dfen Auswahl an regionalen Gerichten serviert wird. Wer m\u00f6chte, kann nach dem Essen eine optionale Tour zur Altstadt der Insel Itaparica mitmachen. Und wer lieber entspannt und die Ruhe geniesst, kann sich in eine der H\u00e4ngematten oder an den ruhigen Strand legen und im seichten Wasser baden.\" \/>\n<meta property=\"og:url\" content=\"https:\/\/www.toursbahia.com.br\/de\/loja\/ausfluge\/frades-und-itaparica-insel-ausfluge\/\" \/>\n<meta property=\"og:site_name\" content=\"Tours Bahia\" \/>\n<meta property=\"article:publisher\" content=\"https:\/\/www.facebook.com\/toursbahiainternational\" \/>\n<meta property=\"article:modified_time\" content=\"2025-05-30T22:27:00+00:00\" \/>\n<meta property=\"og:image\" content=\"https:\/\/www.toursbahia.com.br\/wp-content\/uploads\/2018\/12\/Ilha-dos-Frades-e-Itaparica-Foto-07.jpg\" \/>\n\t<meta property=\"og:image:width\" content=\"900\" \/>\n\t<meta property=\"og:image:height\" content=\"550\" \/>\n\t<meta property=\"og:image:type\" content=\"image\/jpeg\" \/>\n<meta name=\"twitter:card\" content=\"summary_large_image\" \/>\n<script type=\"application\/ld+json\" class=\"yoast-schema-graph\">{\"@context\":\"https:\/\/schema.org\",\"@graph\":[{\"@type\":\"WebSite\",\"@id\":\"https:\/\/www.toursbahia.com.br\/#website\",\"url\":\"https:\/\/www.toursbahia.com.br\/\",\"name\":\"Tours Bahia\",\"description\":\"\",\"potentialAction\":[{\"@type\":\"SearchAction\",\"target\":{\"@type\":\"EntryPoint\",\"urlTemplate\":\"https:\/\/www.toursbahia.com.br\/?s={search_term_string}\"},\"query-input\":\"required name=search_term_string\"}],\"inLanguage\":\"de-DE\"},{\"@type\":\"ImageObject\",\"inLanguage\":\"de-DE\",\"@id\":\"https:\/\/www.toursbahia.com.br\/de\/loja\/ausfluge\/frades-und-itaparica-insel-ausfluge\/#primaryimage\",\"url\":\"https:\/\/www.toursbahia.com.br\/wp-content\/uploads\/2018\/12\/Ilha-dos-Frades-e-Itaparica-Foto-07.jpg\",\"contentUrl\":\"https:\/\/www.toursbahia.com.br\/wp-content\/uploads\/2018\/12\/Ilha-dos-Frades-e-Itaparica-Foto-07.jpg\",\"width\":900,\"height\":550},{\"@type\":\"WebPage\",\"@id\":\"https:\/\/www.toursbahia.com.br\/de\/loja\/ausfluge\/frades-und-itaparica-insel-ausfluge\/\",\"url\":\"https:\/\/www.toursbahia.com.br\/de\/loja\/ausfluge\/frades-und-itaparica-insel-ausfluge\/\",\"name\":\"Frades und Itaparica Insel - Ausfl\u00fcge - Tours Bahia\",\"isPartOf\":{\"@id\":\"https:\/\/www.toursbahia.com.br\/#website\"},\"primaryImageOfPage\":{\"@id\":\"https:\/\/www.toursbahia.com.br\/de\/loja\/ausfluge\/frades-und-itaparica-insel-ausfluge\/#primaryimage\"},\"datePublished\":\"2019-01-21T15:37:05+00:00\",\"dateModified\":\"2025-05-30T22:27:00+00:00\",\"breadcrumb\":{\"@id\":\"https:\/\/www.toursbahia.com.br\/de\/loja\/ausfluge\/frades-und-itaparica-insel-ausfluge\/#breadcrumb\"},\"inLanguage\":\"de-DE\",\"potentialAction\":[{\"@type\":\"ReadAction\",\"target\":[\"https:\/\/www.toursbahia.com.br\/de\/loja\/ausfluge\/frades-und-itaparica-insel-ausfluge\/\"]}]},{\"@type\":\"BreadcrumbList\",\"@id\":\"https:\/\/www.toursbahia.com.br\/de\/loja\/ausfluge\/frades-und-itaparica-insel-ausfluge\/#breadcrumb\",\"itemListElement\":[{\"@type\":\"ListItem\",\"position\":1,\"name\":\"In\u00edcio\",\"item\":\"https:\/\/www.toursbahia.com.br\/de\/\"},{\"@type\":\"ListItem\",\"position\":2,\"name\":\"Store\",\"item\":\"https:\/\/www.toursbahia.com.br\/de\/store-tours-bahia-internacional\/\"},{\"@type\":\"ListItem\",\"position\":3,\"name\":\"Frades und Itaparica Insel &#8211; Ausfl\u00fcge\"}]}]}<\/script>\n<!-- \/ Yoast SEO plugin. -->","yoast_head_json":{"title":"Frades und Itaparica Insel - Ausfl\u00fcge - Tours Bahia","robots":{"index":"index","follow":"follow","max-snippet":"max-snippet:-1","max-image-preview":"max-image-preview:large","max-video-preview":"max-video-preview:-1"},"canonical":"https:\/\/www.toursbahia.com.br\/de\/loja\/ausfluge\/frades-und-itaparica-insel-ausfluge\/","og_locale":"de_DE","og_type":"article","og_title":"Frades und Itaparica Insel - Ausfl\u00fcge - Tours Bahia","og_description":"Kommen Sie auf einen fantastischen Ausflug zu den zwei sehenswertesten Inseln in der Allerheiligen-Bucht: Insel Frades und Insel Itaparica. An Bord eines Schoners geht es mit viel Unterhaltung in etwa 1,5 Stunden zur Insel Frades, einem Paradies mit ruhigem Wasser und viel Gr\u00fcn. Dort k\u00f6nnen Sie die Zeit nutzen, um die Sch\u00f6nheit der Insel zu erkunden, die Kirche der heiligen Guadalupe zu besuchen, am Strand Wassersport zu betreiben oder einfach nur am Meer zu entspannen. Zur\u00fcck auf dem Schoner geht es weiter zur Insel Itaparica (Ponta de Areia), wo das Mittagessen in einem typischen Restaurant mit einer gro\u00dfen Auswahl an regionalen Gerichten serviert wird. Wer m\u00f6chte, kann nach dem Essen eine optionale Tour zur Altstadt der Insel Itaparica mitmachen. Und wer lieber entspannt und die Ruhe geniesst, kann sich in eine der H\u00e4ngematten oder an den ruhigen Strand legen und im seichten Wasser baden.","og_url":"https:\/\/www.toursbahia.com.br\/de\/loja\/ausfluge\/frades-und-itaparica-insel-ausfluge\/","og_site_name":"Tours Bahia","article_publisher":"https:\/\/www.facebook.com\/toursbahiainternational","article_modified_time":"2025-05-30T22:27:00+00:00","og_image":[{"width":900,"height":550,"url":"https:\/\/www.toursbahia.com.br\/wp-content\/uploads\/2018\/12\/Ilha-dos-Frades-e-Itaparica-Foto-07.jpg","type":"image\/jpeg"}],"twitter_card":"summary_large_image","schema":{"@context":"https:\/\/schema.org","@graph":[{"@type":"WebSite","@id":"https:\/\/www.toursbahia.com.br\/#website","url":"https:\/\/www.toursbahia.com.br\/","name":"Tours Bahia","description":"","potentialAction":[{"@type":"SearchAction","target":{"@type":"EntryPoint","urlTemplate":"https:\/\/www.toursbahia.com.br\/?s={search_term_string}"},"query-input":"required name=search_term_string"}],"inLanguage":"de-DE"},{"@type":"ImageObject","inLanguage":"de-DE","@id":"https:\/\/www.toursbahia.com.br\/de\/loja\/ausfluge\/frades-und-itaparica-insel-ausfluge\/#primaryimage","url":"https:\/\/www.toursbahia.com.br\/wp-content\/uploads\/2018\/12\/Ilha-dos-Frades-e-Itaparica-Foto-07.jpg","contentUrl":"https:\/\/www.toursbahia.com.br\/wp-content\/uploads\/2018\/12\/Ilha-dos-Frades-e-Itaparica-Foto-07.jpg","width":900,"height":550},{"@type":"WebPage","@id":"https:\/\/www.toursbahia.com.br\/de\/loja\/ausfluge\/frades-und-itaparica-insel-ausfluge\/","url":"https:\/\/www.toursbahia.com.br\/de\/loja\/ausfluge\/frades-und-itaparica-insel-ausfluge\/","name":"Frades und Itaparica Insel - Ausfl\u00fcge - Tours Bahia","isPartOf":{"@id":"https:\/\/www.toursbahia.com.br\/#website"},"primaryImageOfPage":{"@id":"https:\/\/www.toursbahia.com.br\/de\/loja\/ausfluge\/frades-und-itaparica-insel-ausfluge\/#primaryimage"},"datePublished":"2019-01-21T15:37:05+00:00","dateModified":"2025-05-30T22:27:00+00:00","breadcrumb":{"@id":"https:\/\/www.toursbahia.com.br\/de\/loja\/ausfluge\/frades-und-itaparica-insel-ausfluge\/#breadcrumb"},"inLanguage":"de-DE","potentialAction":[{"@type":"ReadAction","target":["https:\/\/www.toursbahia.com.br\/de\/loja\/ausfluge\/frades-und-itaparica-insel-ausfluge\/"]}]},{"@type":"BreadcrumbList","@id":"https:\/\/www.toursbahia.com.br\/de\/loja\/ausfluge\/frades-und-itaparica-insel-ausfluge\/#breadcrumb","itemListElement":[{"@type":"ListItem","position":1,"name":"In\u00edcio","item":"https:\/\/www.toursbahia.com.br\/de\/"},{"@type":"ListItem","position":2,"name":"Store","item":"https:\/\/www.toursbahia.com.br\/de\/store-tours-bahia-internacional\/"},{"@type":"ListItem","position":3,"name":"Frades und Itaparica Insel &#8211; Ausfl\u00fcge"}]}]}},"_links":{"self":[{"href":"https:\/\/www.toursbahia.com.br\/de\/wp-json\/wp\/v2\/product\/3593"}],"collection":[{"href":"https:\/\/www.toursbahia.com.br\/de\/wp-json\/wp\/v2\/product"}],"about":[{"href":"https:\/\/www.toursbahia.com.br\/de\/wp-json\/wp\/v2\/types\/product"}],"replies":[{"embeddable":true,"href":"https:\/\/www.toursbahia.com.br\/de\/wp-json\/wp\/v2\/comments?post=3593"}],"wp:featuredmedia":[{"embeddable":true,"href":"https:\/\/www.toursbahia.com.br\/de\/wp-json\/wp\/v2\/media\/3091"}],"wp:attachment":[{"href":"https:\/\/www.toursbahia.com.br\/de\/wp-json\/wp\/v2\/media?parent=3593"}],"wp:term":[{"taxonomy":"product_cat","embeddable":true,"href":"https:\/\/www.toursbahia.com.br\/de\/wp-json\/wp\/v2\/product_cat?post=3593"},{"taxonomy":"product_tag","embeddable":true,"href":"https:\/\/www.toursbahia.com.br\/de\/wp-json\/wp\/v2\/product_tag?post=3593"}],"curies":[{"name":"wp","href":"https:\/\/api.w.org\/{rel}","templated":true}]}}