{"id":3596,"date":"2019-01-21T13:34:41","date_gmt":"2019-01-21T15:34:41","guid":{"rendered":"https:\/\/www.toursbahia.com.br\/\/produto\/unkategorisiert\/bahia-negra-um-mergulho-na-cultura-afro-brasileira-passeio\/"},"modified":"2019-02-06T01:03:58","modified_gmt":"2019-02-06T03:03:58","slug":"bahia-negra-eintauchen-in-die-afro-brasilianische-kultur-ausfluge","status":"publish","type":"product","link":"https:\/\/www.toursbahia.com.br\/de\/loja\/ausfluge\/bahia-negra-eintauchen-in-die-afro-brasilianische-kultur-ausfluge\/","title":{"rendered":"Bahia Negra: Eintauchen in die afro-brasilianische kultur &#8211; Ausfl\u00fcge"},"content":{"rendered":"","protected":false},"excerpt":{"rendered":"<p>Dieser Ausflug richtet sich an diejenigen, die Interesse und den Wunsch haben, ein bisschen tiefer in die afro-brasilianische Kultur und Religion einzutauchen: Wir besuchen einen Babalorix\u00e1 (Priester), um durch diesen direkten Kontakt etwas mehr \u00fcber den Candoml\u00e9 zu erfahren. Anschliessend treffen wir uns mit einem Capoeira Meister und k\u00f6nnen mit etwas Gl\u00fcck seinen Sch\u00fclern bei einer Kampfeinlage zusehen. Wir lernen bei einer Informationsrunde die Besonderheiten dieser f\u00fcr Brasilien und speziell Bahia charakteristischen Kampfsportart kennen.<\/p>\n<p>Mit den \u00f6ffentlichen Verkehrsmittel fahren wir weiter zum \u201cFeira de S\u00e3o Joaquim\u201d, dem gr\u00f6ssten und traditionellsten Markt von Salvador und Umgebung. Es ist ein sehr exotischer und einzigartiger Markt. Ein wunderbarer Ort, um sich unter das Volk von Salvador zu mischen und sowohl die Gew\u00fcrze als auch Geheimnisse der lokalen Kultur zu probieren und die Vielfalt der St\u00e4nde zu bewundern, die sich dem afro-brasilianischen Kult widmen.<\/p>\n<p>Zum Abschluss fahren wir mit dem \u00f6ffentlichen Bus vom Markt zum ber\u00fchmten Lacerda Fahrstuhl, der uns hoch in die historische Altstadt bef\u00f6rdert. Wer sich noch ein bisschen mehr in den Alltag der Stadt eintauchen m\u00f6chte, empfehlen wir die Community Tour: Interaktion mit der lokalen Bev\u00f6lkerung.<\/p>\n","protected":false},"featured_media":2549,"comment_status":"open","ping_status":"closed","template":"","meta":[],"product_cat":[835,836,876,869],"product_tag":[],"yoast_head":"<!-- This site is optimized with the Yoast SEO plugin v19.3 - https:\/\/yoast.com\/wordpress\/plugins\/seo\/ -->\n<title>Bahia Negra: Eintauchen in die afro-brasilianische kultur - Ausfl\u00fcge - Tours Bahia<\/title>\n<meta name=\"robots\" content=\"index, follow, max-snippet:-1, max-image-preview:large, max-video-preview:-1\" \/>\n<link rel=\"canonical\" href=\"https:\/\/www.toursbahia.com.br\/de\/loja\/ausfluge\/bahia-negra-eintauchen-in-die-afro-brasilianische-kultur-ausfluge\/\" \/>\n<meta property=\"og:locale\" content=\"de_DE\" \/>\n<meta property=\"og:type\" content=\"article\" \/>\n<meta property=\"og:title\" content=\"Bahia Negra: Eintauchen in die afro-brasilianische kultur - Ausfl\u00fcge - Tours Bahia\" \/>\n<meta property=\"og:description\" content=\"Dieser Ausflug richtet sich an diejenigen, die Interesse und den Wunsch haben, ein bisschen tiefer in die afro-brasilianische Kultur und Religion einzutauchen: Wir besuchen einen Babalorix\u00e1 (Priester), um durch diesen direkten Kontakt etwas mehr \u00fcber den Candoml\u00e9 zu erfahren. Anschliessend treffen wir uns mit einem Capoeira Meister und k\u00f6nnen mit etwas Gl\u00fcck seinen Sch\u00fclern bei einer Kampfeinlage zusehen. Wir lernen bei einer Informationsrunde die Besonderheiten dieser f\u00fcr Brasilien und speziell Bahia charakteristischen Kampfsportart kennen.  Mit den \u00f6ffentlichen Verkehrsmittel fahren wir weiter zum \u201cFeira de S\u00e3o Joaquim\u201d, dem gr\u00f6ssten und traditionellsten Markt von Salvador und Umgebung. Es ist ein sehr exotischer und einzigartiger Markt. Ein wunderbarer Ort, um sich unter das Volk von Salvador zu mischen und sowohl die Gew\u00fcrze als auch Geheimnisse der lokalen Kultur zu probieren und die Vielfalt der St\u00e4nde zu bewundern, die sich dem afro-brasilianischen Kult widmen.  Zum Abschluss fahren wir mit dem \u00f6ffentlichen Bus vom Markt zum ber\u00fchmten Lacerda Fahrstuhl, der uns hoch in die historische Altstadt bef\u00f6rdert. Wer sich noch ein bisschen mehr in den Alltag der Stadt eintauchen m\u00f6chte, empfehlen wir die Community Tour: Interaktion mit der lokalen Bev\u00f6lkerung.\" \/>\n<meta property=\"og:url\" content=\"https:\/\/www.toursbahia.com.br\/de\/loja\/ausfluge\/bahia-negra-eintauchen-in-die-afro-brasilianische-kultur-ausfluge\/\" \/>\n<meta property=\"og:site_name\" content=\"Tours Bahia\" \/>\n<meta property=\"article:publisher\" content=\"https:\/\/www.facebook.com\/toursbahiainternational\" \/>\n<meta property=\"article:modified_time\" content=\"2019-02-06T03:03:58+00:00\" \/>\n<meta property=\"og:image\" content=\"https:\/\/www.toursbahia.com.br\/wp-content\/uploads\/2018\/12\/Bahia-Negra-\u2013-Um-mergulho-na-cultura-afro-brasileira-Foto-03.jpg\" \/>\n\t<meta property=\"og:image:width\" content=\"900\" \/>\n\t<meta property=\"og:image:height\" content=\"550\" \/>\n\t<meta property=\"og:image:type\" content=\"image\/jpeg\" \/>\n<meta name=\"twitter:card\" content=\"summary_large_image\" \/>\n<script type=\"application\/ld+json\" class=\"yoast-schema-graph\">{\"@context\":\"https:\/\/schema.org\",\"@graph\":[{\"@type\":\"WebSite\",\"@id\":\"https:\/\/www.toursbahia.com.br\/#website\",\"url\":\"https:\/\/www.toursbahia.com.br\/\",\"name\":\"Tours Bahia\",\"description\":\"\",\"potentialAction\":[{\"@type\":\"SearchAction\",\"target\":{\"@type\":\"EntryPoint\",\"urlTemplate\":\"https:\/\/www.toursbahia.com.br\/?s={search_term_string}\"},\"query-input\":\"required name=search_term_string\"}],\"inLanguage\":\"de-DE\"},{\"@type\":\"ImageObject\",\"inLanguage\":\"de-DE\",\"@id\":\"https:\/\/www.toursbahia.com.br\/de\/loja\/ausfluge\/bahia-negra-eintauchen-in-die-afro-brasilianische-kultur-ausfluge\/#primaryimage\",\"url\":\"https:\/\/www.toursbahia.com.br\/wp-content\/uploads\/2018\/12\/Bahia-Negra-\u2013-Um-mergulho-na-cultura-afro-brasileira-Foto-03.jpg\",\"contentUrl\":\"https:\/\/www.toursbahia.com.br\/wp-content\/uploads\/2018\/12\/Bahia-Negra-\u2013-Um-mergulho-na-cultura-afro-brasileira-Foto-03.jpg\",\"width\":900,\"height\":550},{\"@type\":\"WebPage\",\"@id\":\"https:\/\/www.toursbahia.com.br\/de\/loja\/ausfluge\/bahia-negra-eintauchen-in-die-afro-brasilianische-kultur-ausfluge\/\",\"url\":\"https:\/\/www.toursbahia.com.br\/de\/loja\/ausfluge\/bahia-negra-eintauchen-in-die-afro-brasilianische-kultur-ausfluge\/\",\"name\":\"Bahia Negra: Eintauchen in die afro-brasilianische kultur - Ausfl\u00fcge - Tours Bahia\",\"isPartOf\":{\"@id\":\"https:\/\/www.toursbahia.com.br\/#website\"},\"primaryImageOfPage\":{\"@id\":\"https:\/\/www.toursbahia.com.br\/de\/loja\/ausfluge\/bahia-negra-eintauchen-in-die-afro-brasilianische-kultur-ausfluge\/#primaryimage\"},\"datePublished\":\"2019-01-21T15:34:41+00:00\",\"dateModified\":\"2019-02-06T03:03:58+00:00\",\"breadcrumb\":{\"@id\":\"https:\/\/www.toursbahia.com.br\/de\/loja\/ausfluge\/bahia-negra-eintauchen-in-die-afro-brasilianische-kultur-ausfluge\/#breadcrumb\"},\"inLanguage\":\"de-DE\",\"potentialAction\":[{\"@type\":\"ReadAction\",\"target\":[\"https:\/\/www.toursbahia.com.br\/de\/loja\/ausfluge\/bahia-negra-eintauchen-in-die-afro-brasilianische-kultur-ausfluge\/\"]}]},{\"@type\":\"BreadcrumbList\",\"@id\":\"https:\/\/www.toursbahia.com.br\/de\/loja\/ausfluge\/bahia-negra-eintauchen-in-die-afro-brasilianische-kultur-ausfluge\/#breadcrumb\",\"itemListElement\":[{\"@type\":\"ListItem\",\"position\":1,\"name\":\"In\u00edcio\",\"item\":\"https:\/\/www.toursbahia.com.br\/de\/\"},{\"@type\":\"ListItem\",\"position\":2,\"name\":\"Store\",\"item\":\"https:\/\/www.toursbahia.com.br\/de\/store-tours-bahia-internacional\/\"},{\"@type\":\"ListItem\",\"position\":3,\"name\":\"Bahia Negra: Eintauchen in die afro-brasilianische kultur &#8211; Ausfl\u00fcge\"}]}]}<\/script>\n<!-- \/ Yoast SEO plugin. -->","yoast_head_json":{"title":"Bahia Negra: Eintauchen in die afro-brasilianische kultur - Ausfl\u00fcge - Tours Bahia","robots":{"index":"index","follow":"follow","max-snippet":"max-snippet:-1","max-image-preview":"max-image-preview:large","max-video-preview":"max-video-preview:-1"},"canonical":"https:\/\/www.toursbahia.com.br\/de\/loja\/ausfluge\/bahia-negra-eintauchen-in-die-afro-brasilianische-kultur-ausfluge\/","og_locale":"de_DE","og_type":"article","og_title":"Bahia Negra: Eintauchen in die afro-brasilianische kultur - Ausfl\u00fcge - Tours Bahia","og_description":"Dieser Ausflug richtet sich an diejenigen, die Interesse und den Wunsch haben, ein bisschen tiefer in die afro-brasilianische Kultur und Religion einzutauchen: Wir besuchen einen Babalorix\u00e1 (Priester), um durch diesen direkten Kontakt etwas mehr \u00fcber den Candoml\u00e9 zu erfahren. Anschliessend treffen wir uns mit einem Capoeira Meister und k\u00f6nnen mit etwas Gl\u00fcck seinen Sch\u00fclern bei einer Kampfeinlage zusehen. Wir lernen bei einer Informationsrunde die Besonderheiten dieser f\u00fcr Brasilien und speziell Bahia charakteristischen Kampfsportart kennen.  Mit den \u00f6ffentlichen Verkehrsmittel fahren wir weiter zum \u201cFeira de S\u00e3o Joaquim\u201d, dem gr\u00f6ssten und traditionellsten Markt von Salvador und Umgebung. Es ist ein sehr exotischer und einzigartiger Markt. Ein wunderbarer Ort, um sich unter das Volk von Salvador zu mischen und sowohl die Gew\u00fcrze als auch Geheimnisse der lokalen Kultur zu probieren und die Vielfalt der St\u00e4nde zu bewundern, die sich dem afro-brasilianischen Kult widmen.  Zum Abschluss fahren wir mit dem \u00f6ffentlichen Bus vom Markt zum ber\u00fchmten Lacerda Fahrstuhl, der uns hoch in die historische Altstadt bef\u00f6rdert. Wer sich noch ein bisschen mehr in den Alltag der Stadt eintauchen m\u00f6chte, empfehlen wir die Community Tour: Interaktion mit der lokalen Bev\u00f6lkerung.","og_url":"https:\/\/www.toursbahia.com.br\/de\/loja\/ausfluge\/bahia-negra-eintauchen-in-die-afro-brasilianische-kultur-ausfluge\/","og_site_name":"Tours Bahia","article_publisher":"https:\/\/www.facebook.com\/toursbahiainternational","article_modified_time":"2019-02-06T03:03:58+00:00","og_image":[{"width":900,"height":550,"url":"https:\/\/www.toursbahia.com.br\/wp-content\/uploads\/2018\/12\/Bahia-Negra-\u2013-Um-mergulho-na-cultura-afro-brasileira-Foto-03.jpg","type":"image\/jpeg"}],"twitter_card":"summary_large_image","schema":{"@context":"https:\/\/schema.org","@graph":[{"@type":"WebSite","@id":"https:\/\/www.toursbahia.com.br\/#website","url":"https:\/\/www.toursbahia.com.br\/","name":"Tours Bahia","description":"","potentialAction":[{"@type":"SearchAction","target":{"@type":"EntryPoint","urlTemplate":"https:\/\/www.toursbahia.com.br\/?s={search_term_string}"},"query-input":"required name=search_term_string"}],"inLanguage":"de-DE"},{"@type":"ImageObject","inLanguage":"de-DE","@id":"https:\/\/www.toursbahia.com.br\/de\/loja\/ausfluge\/bahia-negra-eintauchen-in-die-afro-brasilianische-kultur-ausfluge\/#primaryimage","url":"https:\/\/www.toursbahia.com.br\/wp-content\/uploads\/2018\/12\/Bahia-Negra-\u2013-Um-mergulho-na-cultura-afro-brasileira-Foto-03.jpg","contentUrl":"https:\/\/www.toursbahia.com.br\/wp-content\/uploads\/2018\/12\/Bahia-Negra-\u2013-Um-mergulho-na-cultura-afro-brasileira-Foto-03.jpg","width":900,"height":550},{"@type":"WebPage","@id":"https:\/\/www.toursbahia.com.br\/de\/loja\/ausfluge\/bahia-negra-eintauchen-in-die-afro-brasilianische-kultur-ausfluge\/","url":"https:\/\/www.toursbahia.com.br\/de\/loja\/ausfluge\/bahia-negra-eintauchen-in-die-afro-brasilianische-kultur-ausfluge\/","name":"Bahia Negra: Eintauchen in die afro-brasilianische kultur - Ausfl\u00fcge - Tours Bahia","isPartOf":{"@id":"https:\/\/www.toursbahia.com.br\/#website"},"primaryImageOfPage":{"@id":"https:\/\/www.toursbahia.com.br\/de\/loja\/ausfluge\/bahia-negra-eintauchen-in-die-afro-brasilianische-kultur-ausfluge\/#primaryimage"},"datePublished":"2019-01-21T15:34:41+00:00","dateModified":"2019-02-06T03:03:58+00:00","breadcrumb":{"@id":"https:\/\/www.toursbahia.com.br\/de\/loja\/ausfluge\/bahia-negra-eintauchen-in-die-afro-brasilianische-kultur-ausfluge\/#breadcrumb"},"inLanguage":"de-DE","potentialAction":[{"@type":"ReadAction","target":["https:\/\/www.toursbahia.com.br\/de\/loja\/ausfluge\/bahia-negra-eintauchen-in-die-afro-brasilianische-kultur-ausfluge\/"]}]},{"@type":"BreadcrumbList","@id":"https:\/\/www.toursbahia.com.br\/de\/loja\/ausfluge\/bahia-negra-eintauchen-in-die-afro-brasilianische-kultur-ausfluge\/#breadcrumb","itemListElement":[{"@type":"ListItem","position":1,"name":"In\u00edcio","item":"https:\/\/www.toursbahia.com.br\/de\/"},{"@type":"ListItem","position":2,"name":"Store","item":"https:\/\/www.toursbahia.com.br\/de\/store-tours-bahia-internacional\/"},{"@type":"ListItem","position":3,"name":"Bahia Negra: Eintauchen in die afro-brasilianische kultur &#8211; Ausfl\u00fcge"}]}]}},"_links":{"self":[{"href":"https:\/\/www.toursbahia.com.br\/de\/wp-json\/wp\/v2\/product\/3596"}],"collection":[{"href":"https:\/\/www.toursbahia.com.br\/de\/wp-json\/wp\/v2\/product"}],"about":[{"href":"https:\/\/www.toursbahia.com.br\/de\/wp-json\/wp\/v2\/types\/product"}],"replies":[{"embeddable":true,"href":"https:\/\/www.toursbahia.com.br\/de\/wp-json\/wp\/v2\/comments?post=3596"}],"wp:featuredmedia":[{"embeddable":true,"href":"https:\/\/www.toursbahia.com.br\/de\/wp-json\/wp\/v2\/media\/2549"}],"wp:attachment":[{"href":"https:\/\/www.toursbahia.com.br\/de\/wp-json\/wp\/v2\/media?parent=3596"}],"wp:term":[{"taxonomy":"product_cat","embeddable":true,"href":"https:\/\/www.toursbahia.com.br\/de\/wp-json\/wp\/v2\/product_cat?post=3596"},{"taxonomy":"product_tag","embeddable":true,"href":"https:\/\/www.toursbahia.com.br\/de\/wp-json\/wp\/v2\/product_tag?post=3596"}],"curies":[{"name":"wp","href":"https:\/\/api.w.org\/{rel}","templated":true}]}}