{"id":3599,"date":"2019-01-21T13:32:03","date_gmt":"2019-01-21T15:32:03","guid":{"rendered":"https:\/\/www.toursbahia.com.br\/\/produto\/unkategorisiert\/ilha-de-itaparica-a-arte-da-vida-local-passeio\/"},"modified":"2025-05-31T00:05:12","modified_gmt":"2025-05-31T03:05:12","slug":"insel-itaparica-die-kunst-des-lokalen-lebens-ausfluge","status":"publish","type":"product","link":"https:\/\/www.toursbahia.com.br\/de\/loja\/ausfluge\/insel-itaparica-die-kunst-des-lokalen-lebens-ausfluge\/","title":{"rendered":"Insel Itaparica: die kunst des lokalen lebens &#8211; Ausfl\u00fcge"},"content":{"rendered":"","protected":false},"excerpt":{"rendered":"<p>Das Szenario dieser Tour ist die Hauptinsel der Allerheiligenbucht mit seiner Geschichte, Kultur und Bev\u00f6lkerung. Wir werden das Meeresleben der Insel Itaparica im Rahmen der Gemeinschaft erleben, erkunden die Mangroven und werden gemeinsam mit den Marisqueiras (Meeresfr\u00fcchte-J\u00e4gerinnen) einen sch\u00f6nen und abwechslungreichen Tag inmitten lokaler Flora und Fauna geniessen.<\/p>\n<p>Vom Hotel werden wir zun\u00e4chst zum Hafen Terminal von Salvador gebracht, wo uns bereits der lokale Reiseleiter der Insel erwartet. Gemeinsam nehmen wir ein Boot nach Mar Grande und von dort ein Auto weiter zur Vila do Mocamba und der Vereinigung der Marisqueiras, wo wir mit leckerem Kokosnusswasser und getrockneten Fr\u00fcchten begr\u00fcsst werden.<\/p>\n<p>Nach diesem kurzen Kennenlernen, gehen wir knapp 10 Minuten zu Fuss bis zum Eingang der Mangroven, wo unsere Erkundungstour durch ein reiches und exotisches \u00d6kosystem beginnt. Die gemeinsamen Aktivit\u00e4ten mit den Marisqueiras innerhalb der Mangroven sind eine Mischung aus Lernen und Entspannen, Muscheln sammeln, Fischen und Integration mit der lokalen Bev\u00f6lkerung. Anschliessend halten wir zur Mittagspause bei der Vereinigung der Marisqueiras und k\u00f6nnen bei einem typischen Gericht unsere selbst gefangenen und frischen Meeresfr\u00fcchte geniessen. Zum Nachtisch besuchen wir eine Schokoladenfabrik, wo wir die handwerklich erstellten Produkte aus der eigenen Bio-Kakao Plantage verkosten k\u00f6nnen.<\/p>\n<p>Den Nachmittag beginnen wir mit einem kleinen Stadtrundgang durchs historische Zentrum und entlang der Promendade des Ortes Itaparica. Danach vergn\u00fcgen wir uns mit ein paar nautischen Aktivit\u00e4ten (SEGELN, SUP, SCHWIMMEN, RUDERN) beim Sozialprojekt SOMAR. Dieses unterst\u00fctzt Kinder und Jugendliche der Gemeinschaft und hat so schon den ein oder anderen Athleten hervor gebracht, der die Insel bei Wettk\u00e4mpfen repr\u00e4sentiert.<\/p>\n<p>Mit dem Boot kehren wir am sp\u00e4ten Nachmittag nach Salvador zur\u00fcck.<\/p>\n","protected":false},"featured_media":2416,"comment_status":"open","ping_status":"closed","template":"","meta":[],"product_cat":[835,836,884,869],"product_tag":[],"yoast_head":"<!-- This site is optimized with the Yoast SEO plugin v19.3 - https:\/\/yoast.com\/wordpress\/plugins\/seo\/ -->\n<title>Insel Itaparica: die kunst des lokalen lebens - Ausfl\u00fcge - Tours Bahia<\/title>\n<meta name=\"robots\" content=\"index, follow, max-snippet:-1, max-image-preview:large, max-video-preview:-1\" \/>\n<link rel=\"canonical\" href=\"https:\/\/www.toursbahia.com.br\/de\/loja\/ausfluge\/insel-itaparica-die-kunst-des-lokalen-lebens-ausfluge\/\" \/>\n<meta property=\"og:locale\" content=\"de_DE\" \/>\n<meta property=\"og:type\" content=\"article\" \/>\n<meta property=\"og:title\" content=\"Insel Itaparica: die kunst des lokalen lebens - Ausfl\u00fcge - Tours Bahia\" \/>\n<meta property=\"og:description\" content=\"Das Szenario dieser Tour ist die Hauptinsel der Allerheiligenbucht mit seiner Geschichte, Kultur und Bev\u00f6lkerung. Wir werden das Meeresleben der Insel Itaparica im Rahmen der Gemeinschaft erleben, erkunden die Mangroven und werden gemeinsam mit den Marisqueiras (Meeresfr\u00fcchte-J\u00e4gerinnen) einen sch\u00f6nen und abwechslungreichen Tag inmitten lokaler Flora und Fauna geniessen.  Vom Hotel werden wir zun\u00e4chst zum Hafen Terminal von Salvador gebracht, wo uns bereits der lokale Reiseleiter der Insel erwartet. Gemeinsam nehmen wir ein Boot nach Mar Grande und von dort ein Auto weiter zur Vila do Mocamba und der Vereinigung der Marisqueiras, wo wir mit leckerem Kokosnusswasser und getrockneten Fr\u00fcchten begr\u00fcsst werden.  Nach diesem kurzen Kennenlernen, gehen wir knapp 10 Minuten zu Fuss bis zum Eingang der Mangroven, wo unsere Erkundungstour durch ein reiches und exotisches \u00d6kosystem beginnt. Die gemeinsamen Aktivit\u00e4ten mit den Marisqueiras innerhalb der Mangroven sind eine Mischung aus Lernen und Entspannen, Muscheln sammeln, Fischen und Integration mit der lokalen Bev\u00f6lkerung. Anschliessend halten wir zur Mittagspause bei der Vereinigung der Marisqueiras und k\u00f6nnen bei einem typischen Gericht unsere selbst gefangenen und frischen Meeresfr\u00fcchte geniessen. Zum Nachtisch besuchen wir eine Schokoladenfabrik, wo wir die handwerklich erstellten Produkte aus der eigenen Bio-Kakao Plantage verkosten k\u00f6nnen.  Den Nachmittag beginnen wir mit einem kleinen Stadtrundgang durchs historische Zentrum und entlang der Promendade des Ortes Itaparica. Danach vergn\u00fcgen wir uns mit ein paar nautischen Aktivit\u00e4ten (SEGELN, SUP, SCHWIMMEN, RUDERN) beim Sozialprojekt SOMAR. Dieses unterst\u00fctzt Kinder und Jugendliche der Gemeinschaft und hat so schon den ein oder anderen Athleten hervor gebracht, der die Insel bei Wettk\u00e4mpfen repr\u00e4sentiert.  Mit dem Boot kehren wir am sp\u00e4ten Nachmittag nach Salvador zur\u00fcck.\" \/>\n<meta property=\"og:url\" content=\"https:\/\/www.toursbahia.com.br\/de\/loja\/ausfluge\/insel-itaparica-die-kunst-des-lokalen-lebens-ausfluge\/\" \/>\n<meta property=\"og:site_name\" content=\"Tours Bahia\" \/>\n<meta property=\"article:publisher\" content=\"https:\/\/www.facebook.com\/toursbahiainternational\" \/>\n<meta property=\"article:modified_time\" content=\"2025-05-31T03:05:12+00:00\" \/>\n<meta property=\"og:image\" content=\"https:\/\/www.toursbahia.com.br\/wp-content\/uploads\/2018\/12\/Ilha-dos-Frades-e-Itaparica-Foto-05.jpg\" \/>\n\t<meta property=\"og:image:width\" content=\"900\" \/>\n\t<meta property=\"og:image:height\" content=\"550\" \/>\n\t<meta property=\"og:image:type\" content=\"image\/jpeg\" \/>\n<meta name=\"twitter:card\" content=\"summary_large_image\" \/>\n<script type=\"application\/ld+json\" class=\"yoast-schema-graph\">{\"@context\":\"https:\/\/schema.org\",\"@graph\":[{\"@type\":\"WebSite\",\"@id\":\"https:\/\/www.toursbahia.com.br\/#website\",\"url\":\"https:\/\/www.toursbahia.com.br\/\",\"name\":\"Tours Bahia\",\"description\":\"\",\"potentialAction\":[{\"@type\":\"SearchAction\",\"target\":{\"@type\":\"EntryPoint\",\"urlTemplate\":\"https:\/\/www.toursbahia.com.br\/?s={search_term_string}\"},\"query-input\":\"required name=search_term_string\"}],\"inLanguage\":\"de-DE\"},{\"@type\":\"ImageObject\",\"inLanguage\":\"de-DE\",\"@id\":\"https:\/\/www.toursbahia.com.br\/de\/loja\/ausfluge\/insel-itaparica-die-kunst-des-lokalen-lebens-ausfluge\/#primaryimage\",\"url\":\"https:\/\/www.toursbahia.com.br\/wp-content\/uploads\/2018\/12\/Ilha-dos-Frades-e-Itaparica-Foto-05.jpg\",\"contentUrl\":\"https:\/\/www.toursbahia.com.br\/wp-content\/uploads\/2018\/12\/Ilha-dos-Frades-e-Itaparica-Foto-05.jpg\",\"width\":900,\"height\":550},{\"@type\":\"WebPage\",\"@id\":\"https:\/\/www.toursbahia.com.br\/de\/loja\/ausfluge\/insel-itaparica-die-kunst-des-lokalen-lebens-ausfluge\/\",\"url\":\"https:\/\/www.toursbahia.com.br\/de\/loja\/ausfluge\/insel-itaparica-die-kunst-des-lokalen-lebens-ausfluge\/\",\"name\":\"Insel Itaparica: die kunst des lokalen lebens - Ausfl\u00fcge - Tours Bahia\",\"isPartOf\":{\"@id\":\"https:\/\/www.toursbahia.com.br\/#website\"},\"primaryImageOfPage\":{\"@id\":\"https:\/\/www.toursbahia.com.br\/de\/loja\/ausfluge\/insel-itaparica-die-kunst-des-lokalen-lebens-ausfluge\/#primaryimage\"},\"datePublished\":\"2019-01-21T15:32:03+00:00\",\"dateModified\":\"2025-05-31T03:05:12+00:00\",\"breadcrumb\":{\"@id\":\"https:\/\/www.toursbahia.com.br\/de\/loja\/ausfluge\/insel-itaparica-die-kunst-des-lokalen-lebens-ausfluge\/#breadcrumb\"},\"inLanguage\":\"de-DE\",\"potentialAction\":[{\"@type\":\"ReadAction\",\"target\":[\"https:\/\/www.toursbahia.com.br\/de\/loja\/ausfluge\/insel-itaparica-die-kunst-des-lokalen-lebens-ausfluge\/\"]}]},{\"@type\":\"BreadcrumbList\",\"@id\":\"https:\/\/www.toursbahia.com.br\/de\/loja\/ausfluge\/insel-itaparica-die-kunst-des-lokalen-lebens-ausfluge\/#breadcrumb\",\"itemListElement\":[{\"@type\":\"ListItem\",\"position\":1,\"name\":\"In\u00edcio\",\"item\":\"https:\/\/www.toursbahia.com.br\/de\/\"},{\"@type\":\"ListItem\",\"position\":2,\"name\":\"Store\",\"item\":\"https:\/\/www.toursbahia.com.br\/de\/store-tours-bahia-internacional\/\"},{\"@type\":\"ListItem\",\"position\":3,\"name\":\"Insel Itaparica: die kunst des lokalen lebens &#8211; Ausfl\u00fcge\"}]}]}<\/script>\n<!-- \/ Yoast SEO plugin. -->","yoast_head_json":{"title":"Insel Itaparica: die kunst des lokalen lebens - Ausfl\u00fcge - Tours Bahia","robots":{"index":"index","follow":"follow","max-snippet":"max-snippet:-1","max-image-preview":"max-image-preview:large","max-video-preview":"max-video-preview:-1"},"canonical":"https:\/\/www.toursbahia.com.br\/de\/loja\/ausfluge\/insel-itaparica-die-kunst-des-lokalen-lebens-ausfluge\/","og_locale":"de_DE","og_type":"article","og_title":"Insel Itaparica: die kunst des lokalen lebens - Ausfl\u00fcge - Tours Bahia","og_description":"Das Szenario dieser Tour ist die Hauptinsel der Allerheiligenbucht mit seiner Geschichte, Kultur und Bev\u00f6lkerung. Wir werden das Meeresleben der Insel Itaparica im Rahmen der Gemeinschaft erleben, erkunden die Mangroven und werden gemeinsam mit den Marisqueiras (Meeresfr\u00fcchte-J\u00e4gerinnen) einen sch\u00f6nen und abwechslungreichen Tag inmitten lokaler Flora und Fauna geniessen.  Vom Hotel werden wir zun\u00e4chst zum Hafen Terminal von Salvador gebracht, wo uns bereits der lokale Reiseleiter der Insel erwartet. Gemeinsam nehmen wir ein Boot nach Mar Grande und von dort ein Auto weiter zur Vila do Mocamba und der Vereinigung der Marisqueiras, wo wir mit leckerem Kokosnusswasser und getrockneten Fr\u00fcchten begr\u00fcsst werden.  Nach diesem kurzen Kennenlernen, gehen wir knapp 10 Minuten zu Fuss bis zum Eingang der Mangroven, wo unsere Erkundungstour durch ein reiches und exotisches \u00d6kosystem beginnt. Die gemeinsamen Aktivit\u00e4ten mit den Marisqueiras innerhalb der Mangroven sind eine Mischung aus Lernen und Entspannen, Muscheln sammeln, Fischen und Integration mit der lokalen Bev\u00f6lkerung. Anschliessend halten wir zur Mittagspause bei der Vereinigung der Marisqueiras und k\u00f6nnen bei einem typischen Gericht unsere selbst gefangenen und frischen Meeresfr\u00fcchte geniessen. Zum Nachtisch besuchen wir eine Schokoladenfabrik, wo wir die handwerklich erstellten Produkte aus der eigenen Bio-Kakao Plantage verkosten k\u00f6nnen.  Den Nachmittag beginnen wir mit einem kleinen Stadtrundgang durchs historische Zentrum und entlang der Promendade des Ortes Itaparica. Danach vergn\u00fcgen wir uns mit ein paar nautischen Aktivit\u00e4ten (SEGELN, SUP, SCHWIMMEN, RUDERN) beim Sozialprojekt SOMAR. Dieses unterst\u00fctzt Kinder und Jugendliche der Gemeinschaft und hat so schon den ein oder anderen Athleten hervor gebracht, der die Insel bei Wettk\u00e4mpfen repr\u00e4sentiert.  Mit dem Boot kehren wir am sp\u00e4ten Nachmittag nach Salvador zur\u00fcck.","og_url":"https:\/\/www.toursbahia.com.br\/de\/loja\/ausfluge\/insel-itaparica-die-kunst-des-lokalen-lebens-ausfluge\/","og_site_name":"Tours Bahia","article_publisher":"https:\/\/www.facebook.com\/toursbahiainternational","article_modified_time":"2025-05-31T03:05:12+00:00","og_image":[{"width":900,"height":550,"url":"https:\/\/www.toursbahia.com.br\/wp-content\/uploads\/2018\/12\/Ilha-dos-Frades-e-Itaparica-Foto-05.jpg","type":"image\/jpeg"}],"twitter_card":"summary_large_image","schema":{"@context":"https:\/\/schema.org","@graph":[{"@type":"WebSite","@id":"https:\/\/www.toursbahia.com.br\/#website","url":"https:\/\/www.toursbahia.com.br\/","name":"Tours Bahia","description":"","potentialAction":[{"@type":"SearchAction","target":{"@type":"EntryPoint","urlTemplate":"https:\/\/www.toursbahia.com.br\/?s={search_term_string}"},"query-input":"required name=search_term_string"}],"inLanguage":"de-DE"},{"@type":"ImageObject","inLanguage":"de-DE","@id":"https:\/\/www.toursbahia.com.br\/de\/loja\/ausfluge\/insel-itaparica-die-kunst-des-lokalen-lebens-ausfluge\/#primaryimage","url":"https:\/\/www.toursbahia.com.br\/wp-content\/uploads\/2018\/12\/Ilha-dos-Frades-e-Itaparica-Foto-05.jpg","contentUrl":"https:\/\/www.toursbahia.com.br\/wp-content\/uploads\/2018\/12\/Ilha-dos-Frades-e-Itaparica-Foto-05.jpg","width":900,"height":550},{"@type":"WebPage","@id":"https:\/\/www.toursbahia.com.br\/de\/loja\/ausfluge\/insel-itaparica-die-kunst-des-lokalen-lebens-ausfluge\/","url":"https:\/\/www.toursbahia.com.br\/de\/loja\/ausfluge\/insel-itaparica-die-kunst-des-lokalen-lebens-ausfluge\/","name":"Insel Itaparica: die kunst des lokalen lebens - Ausfl\u00fcge - Tours Bahia","isPartOf":{"@id":"https:\/\/www.toursbahia.com.br\/#website"},"primaryImageOfPage":{"@id":"https:\/\/www.toursbahia.com.br\/de\/loja\/ausfluge\/insel-itaparica-die-kunst-des-lokalen-lebens-ausfluge\/#primaryimage"},"datePublished":"2019-01-21T15:32:03+00:00","dateModified":"2025-05-31T03:05:12+00:00","breadcrumb":{"@id":"https:\/\/www.toursbahia.com.br\/de\/loja\/ausfluge\/insel-itaparica-die-kunst-des-lokalen-lebens-ausfluge\/#breadcrumb"},"inLanguage":"de-DE","potentialAction":[{"@type":"ReadAction","target":["https:\/\/www.toursbahia.com.br\/de\/loja\/ausfluge\/insel-itaparica-die-kunst-des-lokalen-lebens-ausfluge\/"]}]},{"@type":"BreadcrumbList","@id":"https:\/\/www.toursbahia.com.br\/de\/loja\/ausfluge\/insel-itaparica-die-kunst-des-lokalen-lebens-ausfluge\/#breadcrumb","itemListElement":[{"@type":"ListItem","position":1,"name":"In\u00edcio","item":"https:\/\/www.toursbahia.com.br\/de\/"},{"@type":"ListItem","position":2,"name":"Store","item":"https:\/\/www.toursbahia.com.br\/de\/store-tours-bahia-internacional\/"},{"@type":"ListItem","position":3,"name":"Insel Itaparica: die kunst des lokalen lebens &#8211; Ausfl\u00fcge"}]}]}},"_links":{"self":[{"href":"https:\/\/www.toursbahia.com.br\/de\/wp-json\/wp\/v2\/product\/3599"}],"collection":[{"href":"https:\/\/www.toursbahia.com.br\/de\/wp-json\/wp\/v2\/product"}],"about":[{"href":"https:\/\/www.toursbahia.com.br\/de\/wp-json\/wp\/v2\/types\/product"}],"replies":[{"embeddable":true,"href":"https:\/\/www.toursbahia.com.br\/de\/wp-json\/wp\/v2\/comments?post=3599"}],"wp:featuredmedia":[{"embeddable":true,"href":"https:\/\/www.toursbahia.com.br\/de\/wp-json\/wp\/v2\/media\/2416"}],"wp:attachment":[{"href":"https:\/\/www.toursbahia.com.br\/de\/wp-json\/wp\/v2\/media?parent=3599"}],"wp:term":[{"taxonomy":"product_cat","embeddable":true,"href":"https:\/\/www.toursbahia.com.br\/de\/wp-json\/wp\/v2\/product_cat?post=3599"},{"taxonomy":"product_tag","embeddable":true,"href":"https:\/\/www.toursbahia.com.br\/de\/wp-json\/wp\/v2\/product_tag?post=3599"}],"curies":[{"name":"wp","href":"https:\/\/api.w.org\/{rel}","templated":true}]}}