{"id":3602,"date":"2019-01-21T13:30:04","date_gmt":"2019-01-21T15:30:04","guid":{"rendered":"https:\/\/www.toursbahia.com.br\/\/produto\/unkategorisiert\/cooking-class-comunidade-do-uruguai-passeio\/"},"modified":"2025-06-03T11:32:26","modified_gmt":"2025-06-03T14:32:26","slug":"kochkurs-gemeinschaft-von-uruguai-ausfluge","status":"publish","type":"product","link":"https:\/\/www.toursbahia.com.br\/de\/loja\/ausfluge\/kochkurs-gemeinschaft-von-uruguai-ausfluge\/","title":{"rendered":"Kochkurs \u2013 Gemeinschaft von Uruguai &#8211; Ausfl\u00fcge"},"content":{"rendered":"","protected":false},"excerpt":{"rendered":"<p>Dieser Ausflug ist sehr spezifisch und dynamisch und findet in einer traditionellen Gemeinschaft von Salvador zusammen mit dem Verband der K\u00f6che &amp; Konditoren (ADOCCI) statt. Gegr\u00fcndet wurde dieser Verband von Frauen aus der eigenen Gemeinschaft, die gerne kochen und Freude daran haben, die Kochkunst den Liebhabern der guten K\u00fcche beizubringen.<\/p>\n<p>Diese Gemeinschaft befindet sich im Stadtteil Uruguai, das mit dem Auto ca. 30 Minuten vom Zentrum entfernt ist. Bei der Ankunft erhalten wir eine kleine Einf\u00fchrung in vorhanden Sozialprojekte der Gemeinschaft. Anschliessend gehen wir zu Fuss zum lokalen Markt, um die Zutaten f\u00fcr den Kochkurs zu besorgen.<\/p>\n<p>Zur\u00fcck zum Gemeinschaftshaus, beginnen die Damen mit dem Kochkurs und zeigen uns, wie wir eine Moqueca Mista (Fisch- und Krabbeneintopf) und einen typischen Nachtisch zubereiten. Am Ende werden wir das Vergn\u00fcgen haben, ein leckeres Mittagessen zu geniessen, bei dessen Zubereitung wir mitgeholfen haben. Dieser Moment eignet sich auch hervorragend f\u00fcr ein Gespr\u00e4ch und Erfahrungsaustausch mit den Damen und dem lokalen Reiseleiter (der viel \u00fcber die Realit\u00e4t in der Gemeinschaft erz\u00e4hlen kann).<\/p>\n","protected":false},"featured_media":3173,"comment_status":"open","ping_status":"closed","template":"","meta":[],"product_cat":[835,836,881,869],"product_tag":[],"yoast_head":"<!-- This site is optimized with the Yoast SEO plugin v19.3 - https:\/\/yoast.com\/wordpress\/plugins\/seo\/ -->\n<title>Kochkurs \u2013 Gemeinschaft von Uruguai - Ausfl\u00fcge - Tours Bahia<\/title>\n<meta name=\"robots\" content=\"index, follow, max-snippet:-1, max-image-preview:large, max-video-preview:-1\" \/>\n<link rel=\"canonical\" href=\"https:\/\/www.toursbahia.com.br\/de\/loja\/ausfluge\/kochkurs-gemeinschaft-von-uruguai-ausfluge\/\" \/>\n<meta property=\"og:locale\" content=\"de_DE\" \/>\n<meta property=\"og:type\" content=\"article\" \/>\n<meta property=\"og:title\" content=\"Kochkurs \u2013 Gemeinschaft von Uruguai - Ausfl\u00fcge - Tours Bahia\" \/>\n<meta property=\"og:description\" content=\"Dieser Ausflug ist sehr spezifisch und dynamisch und findet in einer traditionellen Gemeinschaft von Salvador zusammen mit dem Verband der K\u00f6che &amp; Konditoren (ADOCCI) statt. Gegr\u00fcndet wurde dieser Verband von Frauen aus der eigenen Gemeinschaft, die gerne kochen und Freude daran haben, die Kochkunst den Liebhabern der guten K\u00fcche beizubringen.  Diese Gemeinschaft befindet sich im Stadtteil Uruguai, das mit dem Auto ca. 30 Minuten vom Zentrum entfernt ist. Bei der Ankunft erhalten wir eine kleine Einf\u00fchrung in vorhanden Sozialprojekte der Gemeinschaft. Anschliessend gehen wir zu Fuss zum lokalen Markt, um die Zutaten f\u00fcr den Kochkurs zu besorgen.  Zur\u00fcck zum Gemeinschaftshaus, beginnen die Damen mit dem Kochkurs und zeigen uns, wie wir eine Moqueca Mista (Fisch- und Krabbeneintopf) und einen typischen Nachtisch zubereiten. Am Ende werden wir das Vergn\u00fcgen haben, ein leckeres Mittagessen zu geniessen, bei dessen Zubereitung wir mitgeholfen haben. Dieser Moment eignet sich auch hervorragend f\u00fcr ein Gespr\u00e4ch und Erfahrungsaustausch mit den Damen und dem lokalen Reiseleiter (der viel \u00fcber die Realit\u00e4t in der Gemeinschaft erz\u00e4hlen kann).\" \/>\n<meta property=\"og:url\" content=\"https:\/\/www.toursbahia.com.br\/de\/loja\/ausfluge\/kochkurs-gemeinschaft-von-uruguai-ausfluge\/\" \/>\n<meta property=\"og:site_name\" content=\"Tours Bahia\" \/>\n<meta property=\"article:publisher\" content=\"https:\/\/www.facebook.com\/toursbahiainternational\" \/>\n<meta property=\"article:modified_time\" content=\"2025-06-03T14:32:26+00:00\" \/>\n<meta property=\"og:image\" content=\"https:\/\/www.toursbahia.com.br\/wp-content\/uploads\/2018\/12\/Cooking-Class-\u2013-Comunidade-do-Uruguai-Foto-01.jpg\" \/>\n\t<meta property=\"og:image:width\" content=\"900\" \/>\n\t<meta property=\"og:image:height\" content=\"550\" \/>\n\t<meta property=\"og:image:type\" content=\"image\/jpeg\" \/>\n<meta name=\"twitter:card\" content=\"summary_large_image\" \/>\n<script type=\"application\/ld+json\" class=\"yoast-schema-graph\">{\"@context\":\"https:\/\/schema.org\",\"@graph\":[{\"@type\":\"WebSite\",\"@id\":\"https:\/\/www.toursbahia.com.br\/#website\",\"url\":\"https:\/\/www.toursbahia.com.br\/\",\"name\":\"Tours Bahia\",\"description\":\"\",\"potentialAction\":[{\"@type\":\"SearchAction\",\"target\":{\"@type\":\"EntryPoint\",\"urlTemplate\":\"https:\/\/www.toursbahia.com.br\/?s={search_term_string}\"},\"query-input\":\"required name=search_term_string\"}],\"inLanguage\":\"de-DE\"},{\"@type\":\"ImageObject\",\"inLanguage\":\"de-DE\",\"@id\":\"https:\/\/www.toursbahia.com.br\/de\/loja\/ausfluge\/kochkurs-gemeinschaft-von-uruguai-ausfluge\/#primaryimage\",\"url\":\"https:\/\/www.toursbahia.com.br\/wp-content\/uploads\/2018\/12\/Cooking-Class-\u2013-Comunidade-do-Uruguai-Foto-01.jpg\",\"contentUrl\":\"https:\/\/www.toursbahia.com.br\/wp-content\/uploads\/2018\/12\/Cooking-Class-\u2013-Comunidade-do-Uruguai-Foto-01.jpg\",\"width\":900,\"height\":550},{\"@type\":\"WebPage\",\"@id\":\"https:\/\/www.toursbahia.com.br\/de\/loja\/ausfluge\/kochkurs-gemeinschaft-von-uruguai-ausfluge\/\",\"url\":\"https:\/\/www.toursbahia.com.br\/de\/loja\/ausfluge\/kochkurs-gemeinschaft-von-uruguai-ausfluge\/\",\"name\":\"Kochkurs \u2013 Gemeinschaft von Uruguai - Ausfl\u00fcge - Tours Bahia\",\"isPartOf\":{\"@id\":\"https:\/\/www.toursbahia.com.br\/#website\"},\"primaryImageOfPage\":{\"@id\":\"https:\/\/www.toursbahia.com.br\/de\/loja\/ausfluge\/kochkurs-gemeinschaft-von-uruguai-ausfluge\/#primaryimage\"},\"datePublished\":\"2019-01-21T15:30:04+00:00\",\"dateModified\":\"2025-06-03T14:32:26+00:00\",\"breadcrumb\":{\"@id\":\"https:\/\/www.toursbahia.com.br\/de\/loja\/ausfluge\/kochkurs-gemeinschaft-von-uruguai-ausfluge\/#breadcrumb\"},\"inLanguage\":\"de-DE\",\"potentialAction\":[{\"@type\":\"ReadAction\",\"target\":[\"https:\/\/www.toursbahia.com.br\/de\/loja\/ausfluge\/kochkurs-gemeinschaft-von-uruguai-ausfluge\/\"]}]},{\"@type\":\"BreadcrumbList\",\"@id\":\"https:\/\/www.toursbahia.com.br\/de\/loja\/ausfluge\/kochkurs-gemeinschaft-von-uruguai-ausfluge\/#breadcrumb\",\"itemListElement\":[{\"@type\":\"ListItem\",\"position\":1,\"name\":\"In\u00edcio\",\"item\":\"https:\/\/www.toursbahia.com.br\/de\/\"},{\"@type\":\"ListItem\",\"position\":2,\"name\":\"Store\",\"item\":\"https:\/\/www.toursbahia.com.br\/de\/store-tours-bahia-internacional\/\"},{\"@type\":\"ListItem\",\"position\":3,\"name\":\"Kochkurs \u2013 Gemeinschaft von Uruguai &#8211; Ausfl\u00fcge\"}]}]}<\/script>\n<!-- \/ Yoast SEO plugin. -->","yoast_head_json":{"title":"Kochkurs \u2013 Gemeinschaft von Uruguai - Ausfl\u00fcge - Tours Bahia","robots":{"index":"index","follow":"follow","max-snippet":"max-snippet:-1","max-image-preview":"max-image-preview:large","max-video-preview":"max-video-preview:-1"},"canonical":"https:\/\/www.toursbahia.com.br\/de\/loja\/ausfluge\/kochkurs-gemeinschaft-von-uruguai-ausfluge\/","og_locale":"de_DE","og_type":"article","og_title":"Kochkurs \u2013 Gemeinschaft von Uruguai - Ausfl\u00fcge - Tours Bahia","og_description":"Dieser Ausflug ist sehr spezifisch und dynamisch und findet in einer traditionellen Gemeinschaft von Salvador zusammen mit dem Verband der K\u00f6che &amp; Konditoren (ADOCCI) statt. Gegr\u00fcndet wurde dieser Verband von Frauen aus der eigenen Gemeinschaft, die gerne kochen und Freude daran haben, die Kochkunst den Liebhabern der guten K\u00fcche beizubringen.  Diese Gemeinschaft befindet sich im Stadtteil Uruguai, das mit dem Auto ca. 30 Minuten vom Zentrum entfernt ist. Bei der Ankunft erhalten wir eine kleine Einf\u00fchrung in vorhanden Sozialprojekte der Gemeinschaft. Anschliessend gehen wir zu Fuss zum lokalen Markt, um die Zutaten f\u00fcr den Kochkurs zu besorgen.  Zur\u00fcck zum Gemeinschaftshaus, beginnen die Damen mit dem Kochkurs und zeigen uns, wie wir eine Moqueca Mista (Fisch- und Krabbeneintopf) und einen typischen Nachtisch zubereiten. Am Ende werden wir das Vergn\u00fcgen haben, ein leckeres Mittagessen zu geniessen, bei dessen Zubereitung wir mitgeholfen haben. Dieser Moment eignet sich auch hervorragend f\u00fcr ein Gespr\u00e4ch und Erfahrungsaustausch mit den Damen und dem lokalen Reiseleiter (der viel \u00fcber die Realit\u00e4t in der Gemeinschaft erz\u00e4hlen kann).","og_url":"https:\/\/www.toursbahia.com.br\/de\/loja\/ausfluge\/kochkurs-gemeinschaft-von-uruguai-ausfluge\/","og_site_name":"Tours Bahia","article_publisher":"https:\/\/www.facebook.com\/toursbahiainternational","article_modified_time":"2025-06-03T14:32:26+00:00","og_image":[{"width":900,"height":550,"url":"https:\/\/www.toursbahia.com.br\/wp-content\/uploads\/2018\/12\/Cooking-Class-\u2013-Comunidade-do-Uruguai-Foto-01.jpg","type":"image\/jpeg"}],"twitter_card":"summary_large_image","schema":{"@context":"https:\/\/schema.org","@graph":[{"@type":"WebSite","@id":"https:\/\/www.toursbahia.com.br\/#website","url":"https:\/\/www.toursbahia.com.br\/","name":"Tours Bahia","description":"","potentialAction":[{"@type":"SearchAction","target":{"@type":"EntryPoint","urlTemplate":"https:\/\/www.toursbahia.com.br\/?s={search_term_string}"},"query-input":"required name=search_term_string"}],"inLanguage":"de-DE"},{"@type":"ImageObject","inLanguage":"de-DE","@id":"https:\/\/www.toursbahia.com.br\/de\/loja\/ausfluge\/kochkurs-gemeinschaft-von-uruguai-ausfluge\/#primaryimage","url":"https:\/\/www.toursbahia.com.br\/wp-content\/uploads\/2018\/12\/Cooking-Class-\u2013-Comunidade-do-Uruguai-Foto-01.jpg","contentUrl":"https:\/\/www.toursbahia.com.br\/wp-content\/uploads\/2018\/12\/Cooking-Class-\u2013-Comunidade-do-Uruguai-Foto-01.jpg","width":900,"height":550},{"@type":"WebPage","@id":"https:\/\/www.toursbahia.com.br\/de\/loja\/ausfluge\/kochkurs-gemeinschaft-von-uruguai-ausfluge\/","url":"https:\/\/www.toursbahia.com.br\/de\/loja\/ausfluge\/kochkurs-gemeinschaft-von-uruguai-ausfluge\/","name":"Kochkurs \u2013 Gemeinschaft von Uruguai - Ausfl\u00fcge - Tours Bahia","isPartOf":{"@id":"https:\/\/www.toursbahia.com.br\/#website"},"primaryImageOfPage":{"@id":"https:\/\/www.toursbahia.com.br\/de\/loja\/ausfluge\/kochkurs-gemeinschaft-von-uruguai-ausfluge\/#primaryimage"},"datePublished":"2019-01-21T15:30:04+00:00","dateModified":"2025-06-03T14:32:26+00:00","breadcrumb":{"@id":"https:\/\/www.toursbahia.com.br\/de\/loja\/ausfluge\/kochkurs-gemeinschaft-von-uruguai-ausfluge\/#breadcrumb"},"inLanguage":"de-DE","potentialAction":[{"@type":"ReadAction","target":["https:\/\/www.toursbahia.com.br\/de\/loja\/ausfluge\/kochkurs-gemeinschaft-von-uruguai-ausfluge\/"]}]},{"@type":"BreadcrumbList","@id":"https:\/\/www.toursbahia.com.br\/de\/loja\/ausfluge\/kochkurs-gemeinschaft-von-uruguai-ausfluge\/#breadcrumb","itemListElement":[{"@type":"ListItem","position":1,"name":"In\u00edcio","item":"https:\/\/www.toursbahia.com.br\/de\/"},{"@type":"ListItem","position":2,"name":"Store","item":"https:\/\/www.toursbahia.com.br\/de\/store-tours-bahia-internacional\/"},{"@type":"ListItem","position":3,"name":"Kochkurs \u2013 Gemeinschaft von Uruguai &#8211; Ausfl\u00fcge"}]}]}},"_links":{"self":[{"href":"https:\/\/www.toursbahia.com.br\/de\/wp-json\/wp\/v2\/product\/3602"}],"collection":[{"href":"https:\/\/www.toursbahia.com.br\/de\/wp-json\/wp\/v2\/product"}],"about":[{"href":"https:\/\/www.toursbahia.com.br\/de\/wp-json\/wp\/v2\/types\/product"}],"replies":[{"embeddable":true,"href":"https:\/\/www.toursbahia.com.br\/de\/wp-json\/wp\/v2\/comments?post=3602"}],"wp:featuredmedia":[{"embeddable":true,"href":"https:\/\/www.toursbahia.com.br\/de\/wp-json\/wp\/v2\/media\/3173"}],"wp:attachment":[{"href":"https:\/\/www.toursbahia.com.br\/de\/wp-json\/wp\/v2\/media?parent=3602"}],"wp:term":[{"taxonomy":"product_cat","embeddable":true,"href":"https:\/\/www.toursbahia.com.br\/de\/wp-json\/wp\/v2\/product_cat?post=3602"},{"taxonomy":"product_tag","embeddable":true,"href":"https:\/\/www.toursbahia.com.br\/de\/wp-json\/wp\/v2\/product_tag?post=3602"}],"curies":[{"name":"wp","href":"https:\/\/api.w.org\/{rel}","templated":true}]}}