{"id":3660,"date":"2019-01-21T13:23:15","date_gmt":"2019-01-21T15:23:15","guid":{"rendered":"https:\/\/www.toursbahia.com.br\/\/produto\/unkategorisiert\/salvador-arte-e-sabor-passeio\/"},"modified":"2025-06-03T22:42:55","modified_gmt":"2025-06-04T01:42:55","slug":"salvador-kunst-und-geschmack-ausfluge","status":"publish","type":"product","link":"https:\/\/www.toursbahia.com.br\/de\/loja\/ausfluge\/salvador-kunst-und-geschmack-ausfluge\/","title":{"rendered":"Salvador: Kunst und Geschmack &#8211; Ausfl\u00fcge"},"content":{"rendered":"","protected":false},"excerpt":{"rendered":"<p>Dieser Ausflug f\u00fchrt zu den Stadtvierteln Barra und Rio Vermelho und besucht dabei die Festungen Santa Maria und S\u00e3o Diogo, sowie das Gedenkhaus von Jorge Amado und den Markt von Rio Vermelho mit dem Spitznamen Ceasinha.<\/p>\n<p>Am Strand des Porto da Barra befinden sich die Festungen Santa Maria und S\u00e3o Diogo, die in der Vergagenheit dazu dienten, die Allerheiligenbucht zu besch\u00fctzen und heute Kulturr\u00e4ume beherbergen, in denen interaktive Exponate des franco-brasilianischen Foto- und Etnografen Pierre Verger und dem argentinischen K\u00fcnstler Caryb\u00e9 ausgestellt sind.<\/p>\n<p>Nach dem Besuch dieser beiden Festungen setzen wir unseren Ausflug zum Viertel Rio Vermelho fort, dem wohl boehmischten Stadtteil von Salvador. Hier besuchen wir das Gedenkhaus von Rio Vermelho, in dem einst die Schriftsteller Jorge Amado und Z\u00e9lia Gattai wohnten. Dabei werden wir feststellen, dass diese R\u00e4ume nicht nur auf die Geschichte der Autoren beschr\u00e4nkt ist, sondern auch auf die Charakteren, Kost\u00fcmen und Zeichen eingeht, die durch den Schriftsteller der Welt vorgestellt wurden und dadurch dazu beigetragen haben, eine Identit\u00e4t von Bahia zu schmieden. Anschliessend besuchen wir noch den Markt von Rio Vermelho (Ceasinha), einem Schaufenster f\u00fcr Handwerkskunst aus Bahia und regionaler Gastronomie. Wer m\u00f6chte kann hier etwas einkaufen, lokale Fr\u00fcchte probieren oder ein typischen Mittagessen geniessen.<\/p>\n","protected":false},"featured_media":3661,"comment_status":"open","ping_status":"closed","template":"","meta":[],"product_cat":[835,836,869,887],"product_tag":[],"yoast_head":"<!-- This site is optimized with the Yoast SEO plugin v19.3 - https:\/\/yoast.com\/wordpress\/plugins\/seo\/ -->\n<title>Salvador: Kunst und Geschmack - Ausfl\u00fcge - Tours Bahia<\/title>\n<meta name=\"robots\" content=\"index, follow, max-snippet:-1, max-image-preview:large, max-video-preview:-1\" \/>\n<link rel=\"canonical\" href=\"https:\/\/www.toursbahia.com.br\/de\/loja\/ausfluge\/salvador-kunst-und-geschmack-ausfluge\/\" \/>\n<meta property=\"og:locale\" content=\"de_DE\" \/>\n<meta property=\"og:type\" content=\"article\" \/>\n<meta property=\"og:title\" content=\"Salvador: Kunst und Geschmack - Ausfl\u00fcge - Tours Bahia\" \/>\n<meta property=\"og:description\" content=\"Dieser Ausflug f\u00fchrt zu den Stadtvierteln Barra und Rio Vermelho und besucht dabei die Festungen Santa Maria und S\u00e3o Diogo, sowie das Gedenkhaus von Jorge Amado und den Markt von Rio Vermelho mit dem Spitznamen Ceasinha.  Am Strand des Porto da Barra befinden sich die Festungen Santa Maria und S\u00e3o Diogo, die in der Vergagenheit dazu dienten, die Allerheiligenbucht zu besch\u00fctzen und heute Kulturr\u00e4ume beherbergen, in denen interaktive Exponate des franco-brasilianischen Foto- und Etnografen Pierre Verger und dem argentinischen K\u00fcnstler Caryb\u00e9 ausgestellt sind.  Nach dem Besuch dieser beiden Festungen setzen wir unseren Ausflug zum Viertel Rio Vermelho fort, dem wohl boehmischten Stadtteil von Salvador. Hier besuchen wir das Gedenkhaus von Rio Vermelho, in dem einst die Schriftsteller Jorge Amado und Z\u00e9lia Gattai wohnten. Dabei werden wir feststellen, dass diese R\u00e4ume nicht nur auf die Geschichte der Autoren beschr\u00e4nkt ist, sondern auch auf die Charakteren, Kost\u00fcmen und Zeichen eingeht, die durch den Schriftsteller der Welt vorgestellt wurden und dadurch dazu beigetragen haben, eine Identit\u00e4t von Bahia zu schmieden. Anschliessend besuchen wir noch den Markt von Rio Vermelho (Ceasinha), einem Schaufenster f\u00fcr Handwerkskunst aus Bahia und regionaler Gastronomie. Wer m\u00f6chte kann hier etwas einkaufen, lokale Fr\u00fcchte probieren oder ein typischen Mittagessen geniessen.\" \/>\n<meta property=\"og:url\" content=\"https:\/\/www.toursbahia.com.br\/de\/loja\/ausfluge\/salvador-kunst-und-geschmack-ausfluge\/\" \/>\n<meta property=\"og:site_name\" content=\"Tours Bahia\" \/>\n<meta property=\"article:publisher\" content=\"https:\/\/www.facebook.com\/toursbahiainternational\" \/>\n<meta property=\"article:modified_time\" content=\"2025-06-04T01:42:55+00:00\" \/>\n<meta property=\"og:image\" content=\"https:\/\/www.toursbahia.com.br\/wp-content\/uploads\/2018\/12\/Salvador-Arte-e-Sabor-Foto-04.jpg\" \/>\n\t<meta property=\"og:image:width\" content=\"900\" \/>\n\t<meta property=\"og:image:height\" content=\"550\" \/>\n\t<meta property=\"og:image:type\" content=\"image\/jpeg\" \/>\n<meta name=\"twitter:card\" content=\"summary_large_image\" \/>\n<script type=\"application\/ld+json\" class=\"yoast-schema-graph\">{\"@context\":\"https:\/\/schema.org\",\"@graph\":[{\"@type\":\"WebSite\",\"@id\":\"https:\/\/www.toursbahia.com.br\/#website\",\"url\":\"https:\/\/www.toursbahia.com.br\/\",\"name\":\"Tours Bahia\",\"description\":\"\",\"potentialAction\":[{\"@type\":\"SearchAction\",\"target\":{\"@type\":\"EntryPoint\",\"urlTemplate\":\"https:\/\/www.toursbahia.com.br\/?s={search_term_string}\"},\"query-input\":\"required name=search_term_string\"}],\"inLanguage\":\"de-DE\"},{\"@type\":\"ImageObject\",\"inLanguage\":\"de-DE\",\"@id\":\"https:\/\/www.toursbahia.com.br\/de\/loja\/ausfluge\/salvador-kunst-und-geschmack-ausfluge\/#primaryimage\",\"url\":\"https:\/\/www.toursbahia.com.br\/wp-content\/uploads\/2018\/12\/Salvador-Arte-e-Sabor-Foto-04.jpg\",\"contentUrl\":\"https:\/\/www.toursbahia.com.br\/wp-content\/uploads\/2018\/12\/Salvador-Arte-e-Sabor-Foto-04.jpg\",\"width\":900,\"height\":550},{\"@type\":\"WebPage\",\"@id\":\"https:\/\/www.toursbahia.com.br\/de\/loja\/ausfluge\/salvador-kunst-und-geschmack-ausfluge\/\",\"url\":\"https:\/\/www.toursbahia.com.br\/de\/loja\/ausfluge\/salvador-kunst-und-geschmack-ausfluge\/\",\"name\":\"Salvador: Kunst und Geschmack - Ausfl\u00fcge - Tours Bahia\",\"isPartOf\":{\"@id\":\"https:\/\/www.toursbahia.com.br\/#website\"},\"primaryImageOfPage\":{\"@id\":\"https:\/\/www.toursbahia.com.br\/de\/loja\/ausfluge\/salvador-kunst-und-geschmack-ausfluge\/#primaryimage\"},\"datePublished\":\"2019-01-21T15:23:15+00:00\",\"dateModified\":\"2025-06-04T01:42:55+00:00\",\"breadcrumb\":{\"@id\":\"https:\/\/www.toursbahia.com.br\/de\/loja\/ausfluge\/salvador-kunst-und-geschmack-ausfluge\/#breadcrumb\"},\"inLanguage\":\"de-DE\",\"potentialAction\":[{\"@type\":\"ReadAction\",\"target\":[\"https:\/\/www.toursbahia.com.br\/de\/loja\/ausfluge\/salvador-kunst-und-geschmack-ausfluge\/\"]}]},{\"@type\":\"BreadcrumbList\",\"@id\":\"https:\/\/www.toursbahia.com.br\/de\/loja\/ausfluge\/salvador-kunst-und-geschmack-ausfluge\/#breadcrumb\",\"itemListElement\":[{\"@type\":\"ListItem\",\"position\":1,\"name\":\"In\u00edcio\",\"item\":\"https:\/\/www.toursbahia.com.br\/de\/\"},{\"@type\":\"ListItem\",\"position\":2,\"name\":\"Store\",\"item\":\"https:\/\/www.toursbahia.com.br\/de\/store-tours-bahia-internacional\/\"},{\"@type\":\"ListItem\",\"position\":3,\"name\":\"Salvador: Kunst und Geschmack &#8211; Ausfl\u00fcge\"}]}]}<\/script>\n<!-- \/ Yoast SEO plugin. -->","yoast_head_json":{"title":"Salvador: Kunst und Geschmack - Ausfl\u00fcge - Tours Bahia","robots":{"index":"index","follow":"follow","max-snippet":"max-snippet:-1","max-image-preview":"max-image-preview:large","max-video-preview":"max-video-preview:-1"},"canonical":"https:\/\/www.toursbahia.com.br\/de\/loja\/ausfluge\/salvador-kunst-und-geschmack-ausfluge\/","og_locale":"de_DE","og_type":"article","og_title":"Salvador: Kunst und Geschmack - Ausfl\u00fcge - Tours Bahia","og_description":"Dieser Ausflug f\u00fchrt zu den Stadtvierteln Barra und Rio Vermelho und besucht dabei die Festungen Santa Maria und S\u00e3o Diogo, sowie das Gedenkhaus von Jorge Amado und den Markt von Rio Vermelho mit dem Spitznamen Ceasinha.  Am Strand des Porto da Barra befinden sich die Festungen Santa Maria und S\u00e3o Diogo, die in der Vergagenheit dazu dienten, die Allerheiligenbucht zu besch\u00fctzen und heute Kulturr\u00e4ume beherbergen, in denen interaktive Exponate des franco-brasilianischen Foto- und Etnografen Pierre Verger und dem argentinischen K\u00fcnstler Caryb\u00e9 ausgestellt sind.  Nach dem Besuch dieser beiden Festungen setzen wir unseren Ausflug zum Viertel Rio Vermelho fort, dem wohl boehmischten Stadtteil von Salvador. Hier besuchen wir das Gedenkhaus von Rio Vermelho, in dem einst die Schriftsteller Jorge Amado und Z\u00e9lia Gattai wohnten. Dabei werden wir feststellen, dass diese R\u00e4ume nicht nur auf die Geschichte der Autoren beschr\u00e4nkt ist, sondern auch auf die Charakteren, Kost\u00fcmen und Zeichen eingeht, die durch den Schriftsteller der Welt vorgestellt wurden und dadurch dazu beigetragen haben, eine Identit\u00e4t von Bahia zu schmieden. Anschliessend besuchen wir noch den Markt von Rio Vermelho (Ceasinha), einem Schaufenster f\u00fcr Handwerkskunst aus Bahia und regionaler Gastronomie. Wer m\u00f6chte kann hier etwas einkaufen, lokale Fr\u00fcchte probieren oder ein typischen Mittagessen geniessen.","og_url":"https:\/\/www.toursbahia.com.br\/de\/loja\/ausfluge\/salvador-kunst-und-geschmack-ausfluge\/","og_site_name":"Tours Bahia","article_publisher":"https:\/\/www.facebook.com\/toursbahiainternational","article_modified_time":"2025-06-04T01:42:55+00:00","og_image":[{"width":900,"height":550,"url":"https:\/\/www.toursbahia.com.br\/wp-content\/uploads\/2018\/12\/Salvador-Arte-e-Sabor-Foto-04.jpg","type":"image\/jpeg"}],"twitter_card":"summary_large_image","schema":{"@context":"https:\/\/schema.org","@graph":[{"@type":"WebSite","@id":"https:\/\/www.toursbahia.com.br\/#website","url":"https:\/\/www.toursbahia.com.br\/","name":"Tours Bahia","description":"","potentialAction":[{"@type":"SearchAction","target":{"@type":"EntryPoint","urlTemplate":"https:\/\/www.toursbahia.com.br\/?s={search_term_string}"},"query-input":"required name=search_term_string"}],"inLanguage":"de-DE"},{"@type":"ImageObject","inLanguage":"de-DE","@id":"https:\/\/www.toursbahia.com.br\/de\/loja\/ausfluge\/salvador-kunst-und-geschmack-ausfluge\/#primaryimage","url":"https:\/\/www.toursbahia.com.br\/wp-content\/uploads\/2018\/12\/Salvador-Arte-e-Sabor-Foto-04.jpg","contentUrl":"https:\/\/www.toursbahia.com.br\/wp-content\/uploads\/2018\/12\/Salvador-Arte-e-Sabor-Foto-04.jpg","width":900,"height":550},{"@type":"WebPage","@id":"https:\/\/www.toursbahia.com.br\/de\/loja\/ausfluge\/salvador-kunst-und-geschmack-ausfluge\/","url":"https:\/\/www.toursbahia.com.br\/de\/loja\/ausfluge\/salvador-kunst-und-geschmack-ausfluge\/","name":"Salvador: Kunst und Geschmack - Ausfl\u00fcge - Tours Bahia","isPartOf":{"@id":"https:\/\/www.toursbahia.com.br\/#website"},"primaryImageOfPage":{"@id":"https:\/\/www.toursbahia.com.br\/de\/loja\/ausfluge\/salvador-kunst-und-geschmack-ausfluge\/#primaryimage"},"datePublished":"2019-01-21T15:23:15+00:00","dateModified":"2025-06-04T01:42:55+00:00","breadcrumb":{"@id":"https:\/\/www.toursbahia.com.br\/de\/loja\/ausfluge\/salvador-kunst-und-geschmack-ausfluge\/#breadcrumb"},"inLanguage":"de-DE","potentialAction":[{"@type":"ReadAction","target":["https:\/\/www.toursbahia.com.br\/de\/loja\/ausfluge\/salvador-kunst-und-geschmack-ausfluge\/"]}]},{"@type":"BreadcrumbList","@id":"https:\/\/www.toursbahia.com.br\/de\/loja\/ausfluge\/salvador-kunst-und-geschmack-ausfluge\/#breadcrumb","itemListElement":[{"@type":"ListItem","position":1,"name":"In\u00edcio","item":"https:\/\/www.toursbahia.com.br\/de\/"},{"@type":"ListItem","position":2,"name":"Store","item":"https:\/\/www.toursbahia.com.br\/de\/store-tours-bahia-internacional\/"},{"@type":"ListItem","position":3,"name":"Salvador: Kunst und Geschmack &#8211; Ausfl\u00fcge"}]}]}},"_links":{"self":[{"href":"https:\/\/www.toursbahia.com.br\/de\/wp-json\/wp\/v2\/product\/3660"}],"collection":[{"href":"https:\/\/www.toursbahia.com.br\/de\/wp-json\/wp\/v2\/product"}],"about":[{"href":"https:\/\/www.toursbahia.com.br\/de\/wp-json\/wp\/v2\/types\/product"}],"replies":[{"embeddable":true,"href":"https:\/\/www.toursbahia.com.br\/de\/wp-json\/wp\/v2\/comments?post=3660"}],"wp:featuredmedia":[{"embeddable":true,"href":"https:\/\/www.toursbahia.com.br\/de\/wp-json\/wp\/v2\/media\/3661"}],"wp:attachment":[{"href":"https:\/\/www.toursbahia.com.br\/de\/wp-json\/wp\/v2\/media?parent=3660"}],"wp:term":[{"taxonomy":"product_cat","embeddable":true,"href":"https:\/\/www.toursbahia.com.br\/de\/wp-json\/wp\/v2\/product_cat?post=3660"},{"taxonomy":"product_tag","embeddable":true,"href":"https:\/\/www.toursbahia.com.br\/de\/wp-json\/wp\/v2\/product_tag?post=3660"}],"curies":[{"name":"wp","href":"https:\/\/api.w.org\/{rel}","templated":true}]}}