{"id":3665,"date":"2019-01-21T13:27:54","date_gmt":"2019-01-21T15:27:54","guid":{"rendered":"https:\/\/www.toursbahia.com.br\/\/produto\/unkategorisiert\/canoa-havaiana-passeio\/"},"modified":"2025-05-30T07:13:29","modified_gmt":"2025-05-30T10:13:29","slug":"kanu-ausflug-ausfluge","status":"publish","type":"product","link":"https:\/\/www.toursbahia.com.br\/de\/loja\/ausfluge\/kanu-ausflug-ausfluge\/","title":{"rendered":"Kanu Ausflug &#8211; Ausfl\u00fcge"},"content":{"rendered":"","protected":false},"excerpt":{"rendered":"<p>Auf diesem Ausflug lernen wir einen Teil der K\u00fcste Salvadors von Bord einer tausendj\u00e4hrigen Kanuart kennen. Wir paddeln mit einem f\u00fcr Hawaii typischen Auslegerkanu entlang der K\u00fcste des Corredor da Vit\u00f3ria, vorbei an imposanten Geb\u00e4uden, Wohnungen vieler bahianischen K\u00fcnstler und dem charmanten Viertel Vila da Gamboa, geschichtlicher Schauplatz von schwarzen Sklaven, Ureinwohnern und ehemaligen Fischern. Wir sehen auch die Ruinen der Festung S\u00e3o Paulo da Gamboa bevor wir die Gew\u00e4sser vor dem Museum f\u00fcr moderne Kunst erreichen. Hier legen wir eine Badepause ein, ehe wir zur\u00fcck zum Ausgangspunkt am Porto da Barra paddeln.<\/p>\n","protected":false},"featured_media":3187,"comment_status":"open","ping_status":"closed","template":"","meta":[],"product_cat":[835,836,880,869],"product_tag":[],"yoast_head":"<!-- This site is optimized with the Yoast SEO plugin v19.3 - https:\/\/yoast.com\/wordpress\/plugins\/seo\/ -->\n<title>Kanu Ausflug - Ausfl\u00fcge - Tours Bahia<\/title>\n<meta name=\"robots\" content=\"index, follow, max-snippet:-1, max-image-preview:large, max-video-preview:-1\" \/>\n<link rel=\"canonical\" href=\"https:\/\/www.toursbahia.com.br\/de\/loja\/ausfluge\/kanu-ausflug-ausfluge\/\" \/>\n<meta property=\"og:locale\" content=\"de_DE\" \/>\n<meta property=\"og:type\" content=\"article\" \/>\n<meta property=\"og:title\" content=\"Kanu Ausflug - Ausfl\u00fcge - Tours Bahia\" \/>\n<meta property=\"og:description\" content=\"Auf diesem Ausflug lernen wir einen Teil der K\u00fcste Salvadors von Bord einer tausendj\u00e4hrigen Kanuart kennen. Wir paddeln mit einem f\u00fcr Hawaii typischen Auslegerkanu entlang der K\u00fcste des Corredor da Vit\u00f3ria, vorbei an imposanten Geb\u00e4uden, Wohnungen vieler bahianischen K\u00fcnstler und dem charmanten Viertel Vila da Gamboa, geschichtlicher Schauplatz von schwarzen Sklaven, Ureinwohnern und ehemaligen Fischern. Wir sehen auch die Ruinen der Festung S\u00e3o Paulo da Gamboa bevor wir die Gew\u00e4sser vor dem Museum f\u00fcr moderne Kunst erreichen. Hier legen wir eine Badepause ein, ehe wir zur\u00fcck zum Ausgangspunkt am Porto da Barra paddeln.\" \/>\n<meta property=\"og:url\" content=\"https:\/\/www.toursbahia.com.br\/de\/loja\/ausfluge\/kanu-ausflug-ausfluge\/\" \/>\n<meta property=\"og:site_name\" content=\"Tours Bahia\" \/>\n<meta property=\"article:publisher\" content=\"https:\/\/www.facebook.com\/toursbahiainternational\" \/>\n<meta property=\"article:modified_time\" content=\"2025-05-30T10:13:29+00:00\" \/>\n<meta property=\"og:image\" content=\"https:\/\/www.toursbahia.com.br\/wp-content\/uploads\/2018\/12\/Canoa-Havaiana-Foto-03.jpg\" \/>\n\t<meta property=\"og:image:width\" content=\"900\" \/>\n\t<meta property=\"og:image:height\" content=\"550\" \/>\n\t<meta property=\"og:image:type\" content=\"image\/jpeg\" \/>\n<meta name=\"twitter:card\" content=\"summary_large_image\" \/>\n<script type=\"application\/ld+json\" class=\"yoast-schema-graph\">{\"@context\":\"https:\/\/schema.org\",\"@graph\":[{\"@type\":\"WebSite\",\"@id\":\"https:\/\/www.toursbahia.com.br\/#website\",\"url\":\"https:\/\/www.toursbahia.com.br\/\",\"name\":\"Tours Bahia\",\"description\":\"\",\"potentialAction\":[{\"@type\":\"SearchAction\",\"target\":{\"@type\":\"EntryPoint\",\"urlTemplate\":\"https:\/\/www.toursbahia.com.br\/?s={search_term_string}\"},\"query-input\":\"required name=search_term_string\"}],\"inLanguage\":\"de-DE\"},{\"@type\":\"ImageObject\",\"inLanguage\":\"de-DE\",\"@id\":\"https:\/\/www.toursbahia.com.br\/de\/loja\/ausfluge\/kanu-ausflug-ausfluge\/#primaryimage\",\"url\":\"https:\/\/www.toursbahia.com.br\/wp-content\/uploads\/2018\/12\/Canoa-Havaiana-Foto-03.jpg\",\"contentUrl\":\"https:\/\/www.toursbahia.com.br\/wp-content\/uploads\/2018\/12\/Canoa-Havaiana-Foto-03.jpg\",\"width\":900,\"height\":550},{\"@type\":\"WebPage\",\"@id\":\"https:\/\/www.toursbahia.com.br\/de\/loja\/ausfluge\/kanu-ausflug-ausfluge\/\",\"url\":\"https:\/\/www.toursbahia.com.br\/de\/loja\/ausfluge\/kanu-ausflug-ausfluge\/\",\"name\":\"Kanu Ausflug - Ausfl\u00fcge - Tours Bahia\",\"isPartOf\":{\"@id\":\"https:\/\/www.toursbahia.com.br\/#website\"},\"primaryImageOfPage\":{\"@id\":\"https:\/\/www.toursbahia.com.br\/de\/loja\/ausfluge\/kanu-ausflug-ausfluge\/#primaryimage\"},\"datePublished\":\"2019-01-21T15:27:54+00:00\",\"dateModified\":\"2025-05-30T10:13:29+00:00\",\"breadcrumb\":{\"@id\":\"https:\/\/www.toursbahia.com.br\/de\/loja\/ausfluge\/kanu-ausflug-ausfluge\/#breadcrumb\"},\"inLanguage\":\"de-DE\",\"potentialAction\":[{\"@type\":\"ReadAction\",\"target\":[\"https:\/\/www.toursbahia.com.br\/de\/loja\/ausfluge\/kanu-ausflug-ausfluge\/\"]}]},{\"@type\":\"BreadcrumbList\",\"@id\":\"https:\/\/www.toursbahia.com.br\/de\/loja\/ausfluge\/kanu-ausflug-ausfluge\/#breadcrumb\",\"itemListElement\":[{\"@type\":\"ListItem\",\"position\":1,\"name\":\"In\u00edcio\",\"item\":\"https:\/\/www.toursbahia.com.br\/de\/\"},{\"@type\":\"ListItem\",\"position\":2,\"name\":\"Store\",\"item\":\"https:\/\/www.toursbahia.com.br\/de\/store-tours-bahia-internacional\/\"},{\"@type\":\"ListItem\",\"position\":3,\"name\":\"Kanu Ausflug &#8211; Ausfl\u00fcge\"}]}]}<\/script>\n<!-- \/ Yoast SEO plugin. -->","yoast_head_json":{"title":"Kanu Ausflug - Ausfl\u00fcge - Tours Bahia","robots":{"index":"index","follow":"follow","max-snippet":"max-snippet:-1","max-image-preview":"max-image-preview:large","max-video-preview":"max-video-preview:-1"},"canonical":"https:\/\/www.toursbahia.com.br\/de\/loja\/ausfluge\/kanu-ausflug-ausfluge\/","og_locale":"de_DE","og_type":"article","og_title":"Kanu Ausflug - Ausfl\u00fcge - Tours Bahia","og_description":"Auf diesem Ausflug lernen wir einen Teil der K\u00fcste Salvadors von Bord einer tausendj\u00e4hrigen Kanuart kennen. Wir paddeln mit einem f\u00fcr Hawaii typischen Auslegerkanu entlang der K\u00fcste des Corredor da Vit\u00f3ria, vorbei an imposanten Geb\u00e4uden, Wohnungen vieler bahianischen K\u00fcnstler und dem charmanten Viertel Vila da Gamboa, geschichtlicher Schauplatz von schwarzen Sklaven, Ureinwohnern und ehemaligen Fischern. Wir sehen auch die Ruinen der Festung S\u00e3o Paulo da Gamboa bevor wir die Gew\u00e4sser vor dem Museum f\u00fcr moderne Kunst erreichen. Hier legen wir eine Badepause ein, ehe wir zur\u00fcck zum Ausgangspunkt am Porto da Barra paddeln.","og_url":"https:\/\/www.toursbahia.com.br\/de\/loja\/ausfluge\/kanu-ausflug-ausfluge\/","og_site_name":"Tours Bahia","article_publisher":"https:\/\/www.facebook.com\/toursbahiainternational","article_modified_time":"2025-05-30T10:13:29+00:00","og_image":[{"width":900,"height":550,"url":"https:\/\/www.toursbahia.com.br\/wp-content\/uploads\/2018\/12\/Canoa-Havaiana-Foto-03.jpg","type":"image\/jpeg"}],"twitter_card":"summary_large_image","schema":{"@context":"https:\/\/schema.org","@graph":[{"@type":"WebSite","@id":"https:\/\/www.toursbahia.com.br\/#website","url":"https:\/\/www.toursbahia.com.br\/","name":"Tours Bahia","description":"","potentialAction":[{"@type":"SearchAction","target":{"@type":"EntryPoint","urlTemplate":"https:\/\/www.toursbahia.com.br\/?s={search_term_string}"},"query-input":"required name=search_term_string"}],"inLanguage":"de-DE"},{"@type":"ImageObject","inLanguage":"de-DE","@id":"https:\/\/www.toursbahia.com.br\/de\/loja\/ausfluge\/kanu-ausflug-ausfluge\/#primaryimage","url":"https:\/\/www.toursbahia.com.br\/wp-content\/uploads\/2018\/12\/Canoa-Havaiana-Foto-03.jpg","contentUrl":"https:\/\/www.toursbahia.com.br\/wp-content\/uploads\/2018\/12\/Canoa-Havaiana-Foto-03.jpg","width":900,"height":550},{"@type":"WebPage","@id":"https:\/\/www.toursbahia.com.br\/de\/loja\/ausfluge\/kanu-ausflug-ausfluge\/","url":"https:\/\/www.toursbahia.com.br\/de\/loja\/ausfluge\/kanu-ausflug-ausfluge\/","name":"Kanu Ausflug - Ausfl\u00fcge - Tours Bahia","isPartOf":{"@id":"https:\/\/www.toursbahia.com.br\/#website"},"primaryImageOfPage":{"@id":"https:\/\/www.toursbahia.com.br\/de\/loja\/ausfluge\/kanu-ausflug-ausfluge\/#primaryimage"},"datePublished":"2019-01-21T15:27:54+00:00","dateModified":"2025-05-30T10:13:29+00:00","breadcrumb":{"@id":"https:\/\/www.toursbahia.com.br\/de\/loja\/ausfluge\/kanu-ausflug-ausfluge\/#breadcrumb"},"inLanguage":"de-DE","potentialAction":[{"@type":"ReadAction","target":["https:\/\/www.toursbahia.com.br\/de\/loja\/ausfluge\/kanu-ausflug-ausfluge\/"]}]},{"@type":"BreadcrumbList","@id":"https:\/\/www.toursbahia.com.br\/de\/loja\/ausfluge\/kanu-ausflug-ausfluge\/#breadcrumb","itemListElement":[{"@type":"ListItem","position":1,"name":"In\u00edcio","item":"https:\/\/www.toursbahia.com.br\/de\/"},{"@type":"ListItem","position":2,"name":"Store","item":"https:\/\/www.toursbahia.com.br\/de\/store-tours-bahia-internacional\/"},{"@type":"ListItem","position":3,"name":"Kanu Ausflug &#8211; Ausfl\u00fcge"}]}]}},"_links":{"self":[{"href":"https:\/\/www.toursbahia.com.br\/de\/wp-json\/wp\/v2\/product\/3665"}],"collection":[{"href":"https:\/\/www.toursbahia.com.br\/de\/wp-json\/wp\/v2\/product"}],"about":[{"href":"https:\/\/www.toursbahia.com.br\/de\/wp-json\/wp\/v2\/types\/product"}],"replies":[{"embeddable":true,"href":"https:\/\/www.toursbahia.com.br\/de\/wp-json\/wp\/v2\/comments?post=3665"}],"wp:featuredmedia":[{"embeddable":true,"href":"https:\/\/www.toursbahia.com.br\/de\/wp-json\/wp\/v2\/media\/3187"}],"wp:attachment":[{"href":"https:\/\/www.toursbahia.com.br\/de\/wp-json\/wp\/v2\/media?parent=3665"}],"wp:term":[{"taxonomy":"product_cat","embeddable":true,"href":"https:\/\/www.toursbahia.com.br\/de\/wp-json\/wp\/v2\/product_cat?post=3665"},{"taxonomy":"product_tag","embeddable":true,"href":"https:\/\/www.toursbahia.com.br\/de\/wp-json\/wp\/v2\/product_tag?post=3665"}],"curies":[{"name":"wp","href":"https:\/\/api.w.org\/{rel}","templated":true}]}}